{"id":1125,"date":"2020-11-13T14:03:21","date_gmt":"2020-11-13T13:03:21","guid":{"rendered":"https:\/\/schoenborner.com\/Websiteab2020\/?page_id=1125"},"modified":"2025-07-31T11:07:42","modified_gmt":"2025-07-31T09:07:42","slug":"videos","status":"publish","type":"page","link":"https:\/\/schoenborner.com\/en\/videos\/","title":{"rendered":"Videos"},"content":{"rendered":"<section class=\"wpb-content-wrapper\"><p>[vc_row][vc_column][vc_column_text][\/vc_column_text][\/vc_column][\/vc_row][vc_row][vc_column width=&#8221;1\/2&#8243;][vc_column_text]<\/p>\n<h1>Aufbau und Monatge einer EBG<\/h1>\n<p>[\/vc_column_text][vc_column_text]Aufbau und Montage einer teleskopierbaren Einbaugarnitur[\/vc_column_text][vc_video link=&#8221;https:\/\/youtu.be\/7HCOBQEsJF4&#8243;][\/vc_column][vc_column width=&#8221;1\/2&#8243;][vc_column_text]<\/p>\n<h1>Sch\u00f6nborner Winkel-EBG<\/h1>\n<p>[\/vc_column_text][vc_column_text]Vorteile der Sch\u00f6nborner Winkel-Einbaugarnitur<\/p>\n<p>[\/vc_column_text][vc_video link=&#8221;https:\/\/youtu.be\/twB65UxoDPc&#8221;][\/vc_column][\/vc_row][vc_row][vc_column width=&#8221;1\/2&#8243;][vc_column_text]<\/p>\n<h1>Bet\u00e4tigungsschl\u00fcssel<\/h1>\n<p>[\/vc_column_text][vc_column_text]Bet\u00e4tigungsschl\u00fcssel f\u00fcr Armaturen[\/vc_column_text][vc_video link=&#8221;https:\/\/youtu.be\/Z7kMEobI0PI&#8221;][\/vc_column][vc_column width=&#8221;1\/2&#8243;][vc_column_text]<\/p>\n<h1>Mineralstoffcompound SBC 50<\/h1>\n<p>[\/vc_column_text][vc_column_text]Sch\u00f6nborner Mineralstoffcompound SBC 50[\/vc_column_text][vc_video link=&#8221;https:\/\/youtube.com\/watch?v=7QenAxbtY-g&amp;feature=shares&#8221;][\/vc_column][\/vc_row][vc_row][vc_column width=&#8221;1\/2&#8243;][vc_column_text]<\/p>\n<h1>Erdeinbau<\/h1>\n<p>[\/vc_column_text][vc_column_text]Sch\u00f6nborner Einbaugarnituren mit Absperrklappen[\/vc_column_text][vc_video link=&#8221;https:\/\/youtube.com\/watch?v=D6HhUJfGrdU&amp;feature=shares&#8221;][\/vc_column][vc_column width=&#8221;1\/2&#8243;][vc_column_text]<\/p>\n<h1>Torsionspr\u00fcfung<\/h1>\n<p>[\/vc_column_text][vc_column_text]Torsionspr\u00fcfung am Gest\u00e4nge f\u00fcr Hausanschlussarmaturen[\/vc_column_text][vc_video link=&#8221;https:\/\/youtu.be\/Y_0d1cV5shM&#8221;][\/vc_column][\/vc_row][vc_row][vc_column width=&#8221;1\/2&#8243;][vc_column_text]<\/p>\n<h1>Schachteinbau<\/h1>\n<p>[\/vc_column_text][vc_column_text]Vierkantschoner[\/vc_column_text][vc_video link=&#8221;https:\/\/youtube.com\/watch?v=XWUeR3f7FBo&amp;feature=shares&#8221;][\/vc_column][vc_column width=&#8221;1\/2&#8243;][vc_empty_space height=&#8221;70px&#8221;][vc_column_text]R\u00e4derzeigerwerk[\/vc_column_text][vc_video link=&#8221;https:\/\/youtu.be\/XGGdUcWagqo&#8221;][\/vc_column][\/vc_row][vc_row][vc_column width=&#8221;1\/2&#8243;][vc_column_text]Lagermodul[\/vc_column_text][vc_video link=&#8221;https:\/\/youtube.com\/watch?v=1kRLf6doLr8&amp;feature=shares&#8221;][\/vc_column][vc_column width=&#8221;1\/2&#8243;][vc_column_text]Drehdurchf\u00fchrung[\/vc_column_text][vc_video link=&#8221;https:\/\/youtube.com\/watch?v=r4bSatyDeNg&amp;feature=shares&#8221;][\/vc_column][\/vc_row][vc_row][vc_column width=&#8221;1\/2&#8243;][vc_column_text]Wandhalterung light[\/vc_column_text][vc_video link=&#8221;https:\/\/youtube.com\/watch?v=34ef4nii3vw&amp;feature=shares&#8221;][\/vc_column][vc_column width=&#8221;1\/2&#8243;][vc_column_text]Wandhalterung Medium[\/vc_column_text][vc_video link=&#8221;https:\/\/youtube.com\/watch?v=Yw&#8211;QKf3-fw&amp;feature=shares&#8221;][\/vc_column][\/vc_row][vc_row][vc_column width=&#8221;1\/2&#8243;][vc_column_text]Deckenhalterung[\/vc_column_text][vc_video link=&#8221;https:\/\/youtube.com\/watch?v=UQM7UBWlTDk&amp;feature=shares&#8221;][\/vc_column][vc_column width=&#8221;1\/2&#8243;][vc_column_text]Wandkonsole[\/vc_column_text][vc_video link=&#8221;https:\/\/youtube.com\/watch?v=1gNgLDa4jfs&amp;feature=shares&#8221;][\/vc_column][\/vc_row][vc_row][vc_column width=&#8221;1\/2&#8243;][vc_column_text]S\u00e4ulenst\u00e4nder auskragend[\/vc_column_text][vc_video link=&#8221;https:\/\/youtube.com\/watch?v=yQ6v-1Y2oos&amp;feature=shares&#8221;][\/vc_column][vc_column width=&#8221;1\/2&#8243;][vc_column_text]S\u00e4ulenst\u00e4nder zentral[\/vc_column_text][vc_video link=&#8221;https:\/\/youtube.com\/watch?v=fIazYw68Axk&amp;feature=shares&#8221;][\/vc_column][\/vc_row][vc_row][vc_column width=&#8221;1\/2&#8243;][vc_column_text]Spindelverl\u00e4ngerung starr[\/vc_column_text][vc_video link=&#8221;https:\/\/youtube.com\/watch?v=wFPxouHE0yU&amp;feature=shares&#8221;][\/vc_column][vc_column width=&#8221;1\/2&#8243;][vc_column_text]Spindelverl\u00e4ngerung verstellbar[\/vc_column_text][vc_video link=&#8221;https:\/\/youtube.com\/watch?v=0lt8lIuZSj0&amp;feature=shares&#8221;][\/vc_column][\/vc_row][vc_row][vc_column width=&#8221;1\/2&#8243;][vc_column_text]Spindelverl\u00e4ngerung teleskopierbar[\/vc_column_text][vc_video link=&#8221;https:\/\/youtube.com\/watch?v=zFY_IIk9_u8&amp;feature=shares&#8221;][\/vc_column][vc_column width=&#8221;1\/2&#8243;][vc_column_text]Spindelverl\u00e4ngerung abgewinkelt[\/vc_column_text][vc_video link=&#8221;https:\/\/youtube.com\/watch?v=bY4-dXQ9CGM&amp;feature=shares&#8221;][\/vc_column][\/vc_row][vc_row][vc_column width=&#8221;1\/2&#8243;][vc_column_text]Kuppelmuffe[\/vc_column_text][vc_video link=&#8221;https:\/\/youtube.com\/watch?v=qZTVGdCE4k4&amp;feature=shares&#8221;][\/vc_column][vc_column width=&#8221;1\/2&#8243;][\/vc_column][\/vc_row][vc_row][vc_column width=&#8221;1\/2&#8243;][vc_column_text]<\/p>\n<h1>Konfigurator<\/h1>\n<p>[\/vc_column_text][vc_column_text]Trailer[\/vc_column_text][vc_video link=&#8221;https:\/\/youtube.com\/watch?v=eNGA10wuQ4o&amp;feature=shares&#8221;][\/vc_column][vc_column width=&#8221;1\/2&#8243;][vc_empty_space height=&#8221;70px&#8221;][vc_column_text]Tutorial[\/vc_column_text][vc_video link=&#8221;https:\/\/youtube.com\/watch?v=Oa8il-Y-IS8&amp;feature=shares&#8221;][\/vc_column][\/vc_row][vc_row][vc_column width=&#8221;1\/2&#8243;][vc_column_text]<\/p>\n<h1>syntral \u2013 Synergetischer Transferraum Lausitz<\/h1>\n<p>[\/vc_column_text][vc_column_text]Die T!Raum-Initiative[\/vc_column_text][vc_video link=&#8221;https:\/\/youtu.be\/-JBsjx_37Kw&#8221;][\/vc_column][vc_column width=&#8221;1\/2&#8243;][\/vc_column][\/vc_row][vc_row][vc_column][vc_column_text][\/vc_column_text][\/vc_column][\/vc_row][vc_row gap=&#8221;20&#8243; content_placement=&#8221;top&#8221; css=&#8221;.vc_custom_1637001044248{margin-bottom: -100px !important;padding-top: 10px !important;padding-right: 30px !important;padding-bottom: 10px !important;padding-left: 30px !important;background-color: #f2f2f2 !important;border-radius: 3px !important;}&#8221; el_class=&#8221;schatten&#8221;][vc_column width=&#8221;1\/5&#8243;][vc_icon icon_fontawesome=&#8221;far fa-envelope-open&#8221; color=&#8221;custom&#8221; size=&#8221;xl&#8221; align=&#8221;center&#8221; custom_color=&#8221;#9ea7d8&#8243; el_class=&#8221;icon&#8221;][\/vc_column][vc_column width=&#8221;2\/5&#8243;][vc_column_text el_class=&#8221;text&#8221;]<\/p>\n<h2><strong>Sch\u00f6nborner &#8211; Newsletter<\/strong><\/h2>\n<p>Immer gut informiert auf dem neuesten Stand: Erfahren Sie als erster von innovativen Produkten und exklusiven Aktionen. Melden Sie sich zu unserem Newsletter an![\/vc_column_text][\/vc_column][vc_column width=&#8221;2\/5&#8243;]\n<div class=\"wpcf7 no-js\" id=\"wpcf7-f3198-o1\" lang=\"de-DE\" dir=\"ltr\">\n<div class=\"screen-reader-response\"><p role=\"status\" aria-live=\"polite\" aria-atomic=\"true\"><\/p> <ul><\/ul><\/div>\n<form action=\"\/en\/wp-json\/wp\/v2\/pages\/1125#wpcf7-f3198-o1\" method=\"post\" class=\"wpcf7-form init\" aria-label=\"Kontaktformular\" novalidate=\"novalidate\" data-status=\"init\">\n<div style=\"display: none;\">\n<input type=\"hidden\" name=\"_wpcf7\" value=\"3198\" \/>\n<input type=\"hidden\" name=\"_wpcf7_version\" value=\"5.7.4\" \/>\n<input type=\"hidden\" name=\"_wpcf7_locale\" value=\"de_DE\" \/>\n<input type=\"hidden\" name=\"_wpcf7_unit_tag\" value=\"wpcf7-f3198-o1\" \/>\n<input type=\"hidden\" name=\"_wpcf7_container_post\" value=\"0\" \/>\n<input type=\"hidden\" name=\"_wpcf7_posted_data_hash\" value=\"\" \/>\n<\/div>\n<p><label>E-Mail Adresse:<br \/>\n<span class=\"wpcf7-form-control-wrap\" data-name=\"your-email\"><input size=\"40\" class=\"wpcf7-form-control wpcf7-text wpcf7-email wpcf7-validates-as-required wpcf7-validates-as-email\" aria-required=\"true\" aria-invalid=\"false\" value=\"\" type=\"email\" name=\"your-email\" \/><\/span> <\/label>\n<\/p>\n<p><input class=\"wpcf7-form-control has-spinner wpcf7-submit\" id=\"button1\" type=\"submit\" value=\"Senden\" \/>\n<\/p><div class=\"wpcf7-response-output\" aria-hidden=\"true\"><\/div>\n<\/form>\n<\/div>\n[\/vc_column][\/vc_row]<\/p>\n<\/section>","protected":false},"excerpt":{"rendered":"<p>[vc_row][vc_column][vc_column_text][\/vc_column_text][\/vc_column][\/vc_row][vc_row][vc_column width=&#8221;1\/2&#8243;][vc_column_text] Aufbau und Monatge einer EBG [\/vc_column_text][vc_column_text]Aufbau und Montage einer teleskopierbaren Einbaugarnitur[\/vc_column_text][vc_video link=&#8221;https:\/\/youtu.be\/7HCOBQEsJF4&#8243;][\/vc_column][vc_column width=&#8221;1\/2&#8243;][vc_column_text] Sch\u00f6nborner Winkel-EBG [\/vc_column_text][vc_column_text]Vorteile der Sch\u00f6nborner Winkel-Einbaugarnitur [\/vc_column_text][vc_video link=&#8221;https:\/\/youtu.be\/twB65UxoDPc&#8221;][\/vc_column][\/vc_row][vc_row][vc_column width=&#8221;1\/2&#8243;][vc_column_text] Bet\u00e4tigungsschl\u00fcssel [\/vc_column_text][vc_column_text]Bet\u00e4tigungsschl\u00fcssel f\u00fcr Armaturen[\/vc_column_text][vc_video link=&#8221;https:\/\/youtu.be\/Z7kMEobI0PI&#8221;][\/vc_column][vc_column width=&#8221;1\/2&#8243;][vc_column_text]&#8230;<\/p>\n","protected":false},"author":4,"featured_media":0,"parent":0,"menu_order":0,"comment_status":"closed","ping_status":"closed","template":"","meta":{"_themeisle_gutenberg_block_has_review":false},"yoast_head":"<!-- This site is optimized with the Yoast SEO plugin v21.0 - https:\/\/yoast.com\/wordpress\/plugins\/seo\/ -->\n<title>Videos - Sch\u00f6nborner Armaturen GmbH<\/title>\n<meta name=\"robots\" content=\"index, follow, max-snippet:-1, max-image-preview:large, max-video-preview:-1\" \/>\n<link rel=\"canonical\" href=\"https:\/\/schoenborner.com\/videos\/\" \/>\n<meta property=\"og:locale\" content=\"en_US\" \/>\n<meta property=\"og:type\" content=\"article\" \/>\n<meta property=\"og:title\" content=\"Videos - Sch\u00f6nborner Armaturen GmbH\" \/>\n<meta property=\"og:description\" content=\"[vc_row][vc_column][vc_column_text][\/vc_column_text][\/vc_column][\/vc_row][vc_row][vc_column width=&#8221;1\/2&#8243;][vc_column_text] Aufbau und Monatge einer EBG [\/vc_column_text][vc_column_text]Aufbau und Montage einer teleskopierbaren Einbaugarnitur[\/vc_column_text][vc_video link=&#8221;https:\/\/youtu.be\/7HCOBQEsJF4&#8243;][\/vc_column][vc_column width=&#8221;1\/2&#8243;][vc_column_text] Sch\u00f6nborner Winkel-EBG [\/vc_column_text][vc_column_text]Vorteile der Sch\u00f6nborner Winkel-Einbaugarnitur [\/vc_column_text][vc_video link=&#8221;https:\/\/youtu.be\/twB65UxoDPc&#8221;][\/vc_column][\/vc_row][vc_row][vc_column width=&#8221;1\/2&#8243;][vc_column_text] Bet\u00e4tigungsschl\u00fcssel [\/vc_column_text][vc_column_text]Bet\u00e4tigungsschl\u00fcssel f\u00fcr Armaturen[\/vc_column_text][vc_video link=&#8221;https:\/\/youtu.be\/Z7kMEobI0PI&#8221;][\/vc_column][vc_column width=&#8221;1\/2&#8243;][vc_column_text]...\" \/>\n<meta property=\"og:url\" content=\"https:\/\/schoenborner.com\/videos\/\" \/>\n<meta property=\"og:site_name\" content=\"Sch\u00f6nborner Armaturen GmbH\" \/>\n<meta property=\"article:modified_time\" content=\"2025-07-31T09:07:42+00:00\" \/>\n<meta name=\"twitter:card\" content=\"summary_large_image\" \/>\n<meta name=\"twitter:label1\" content=\"Est. reading time\" \/>\n\t<meta name=\"twitter:data1\" content=\"1 minute\" \/>\n<script type=\"application\/ld+json\" class=\"yoast-schema-graph\">{\"@context\":\"https:\/\/schema.org\",\"@graph\":[{\"@type\":\"WebPage\",\"@id\":\"https:\/\/schoenborner.com\/videos\/\",\"url\":\"https:\/\/schoenborner.com\/videos\/\",\"name\":\"Videos - Sch\u00f6nborner Armaturen GmbH\",\"isPartOf\":{\"@id\":\"https:\/\/schoenborner.com\/#website\"},\"datePublished\":\"2020-11-13T13:03:21+00:00\",\"dateModified\":\"2025-07-31T09:07:42+00:00\",\"breadcrumb\":{\"@id\":\"https:\/\/schoenborner.com\/videos\/#breadcrumb\"},\"inLanguage\":\"en-US\",\"potentialAction\":[{\"@type\":\"ReadAction\",\"target\":[\"https:\/\/schoenborner.com\/videos\/\"]}]},{\"@type\":\"BreadcrumbList\",\"@id\":\"https:\/\/schoenborner.com\/videos\/#breadcrumb\",\"itemListElement\":[{\"@type\":\"ListItem\",\"position\":1,\"name\":\"Startseite\",\"item\":\"https:\/\/schoenborner.com\/\"},{\"@type\":\"ListItem\",\"position\":2,\"name\":\"Videos\"}]},{\"@type\":\"WebSite\",\"@id\":\"https:\/\/schoenborner.com\/#website\",\"url\":\"https:\/\/schoenborner.com\/\",\"name\":\"Sch\u00f6nborner Armaturen GmbH\",\"description\":\"Hersteller von Armaturenzubeh\u00f6r f\u00fcr die kommunale Gas-, Wasser- und Abwasserwirtschaft.\",\"potentialAction\":[{\"@type\":\"SearchAction\",\"target\":{\"@type\":\"EntryPoint\",\"urlTemplate\":\"https:\/\/schoenborner.com\/?s={search_term_string}\"},\"query-input\":\"required name=search_term_string\"}],\"inLanguage\":\"en-US\"}]}<\/script>\n<!-- \/ Yoast SEO plugin. -->","yoast_head_json":{"title":"Videos - Sch\u00f6nborner Armaturen GmbH","robots":{"index":"index","follow":"follow","max-snippet":"max-snippet:-1","max-image-preview":"max-image-preview:large","max-video-preview":"max-video-preview:-1"},"canonical":"https:\/\/schoenborner.com\/videos\/","og_locale":"en_US","og_type":"article","og_title":"Videos - Sch\u00f6nborner Armaturen GmbH","og_description":"[vc_row][vc_column][vc_column_text][\/vc_column_text][\/vc_column][\/vc_row][vc_row][vc_column width=&#8221;1\/2&#8243;][vc_column_text] Aufbau und Monatge einer EBG [\/vc_column_text][vc_column_text]Aufbau und Montage einer teleskopierbaren Einbaugarnitur[\/vc_column_text][vc_video link=&#8221;https:\/\/youtu.be\/7HCOBQEsJF4&#8243;][\/vc_column][vc_column width=&#8221;1\/2&#8243;][vc_column_text] Sch\u00f6nborner Winkel-EBG [\/vc_column_text][vc_column_text]Vorteile der Sch\u00f6nborner Winkel-Einbaugarnitur [\/vc_column_text][vc_video link=&#8221;https:\/\/youtu.be\/twB65UxoDPc&#8221;][\/vc_column][\/vc_row][vc_row][vc_column width=&#8221;1\/2&#8243;][vc_column_text] Bet\u00e4tigungsschl\u00fcssel [\/vc_column_text][vc_column_text]Bet\u00e4tigungsschl\u00fcssel f\u00fcr Armaturen[\/vc_column_text][vc_video link=&#8221;https:\/\/youtu.be\/Z7kMEobI0PI&#8221;][\/vc_column][vc_column width=&#8221;1\/2&#8243;][vc_column_text]...","og_url":"https:\/\/schoenborner.com\/videos\/","og_site_name":"Sch\u00f6nborner Armaturen GmbH","article_modified_time":"2025-07-31T09:07:42+00:00","twitter_card":"summary_large_image","twitter_misc":{"Est. reading time":"1 minute"},"schema":{"@context":"https:\/\/schema.org","@graph":[{"@type":"WebPage","@id":"https:\/\/schoenborner.com\/videos\/","url":"https:\/\/schoenborner.com\/videos\/","name":"Videos - Sch\u00f6nborner Armaturen GmbH","isPartOf":{"@id":"https:\/\/schoenborner.com\/#website"},"datePublished":"2020-11-13T13:03:21+00:00","dateModified":"2025-07-31T09:07:42+00:00","breadcrumb":{"@id":"https:\/\/schoenborner.com\/videos\/#breadcrumb"},"inLanguage":"en-US","potentialAction":[{"@type":"ReadAction","target":["https:\/\/schoenborner.com\/videos\/"]}]},{"@type":"BreadcrumbList","@id":"https:\/\/schoenborner.com\/videos\/#breadcrumb","itemListElement":[{"@type":"ListItem","position":1,"name":"Startseite","item":"https:\/\/schoenborner.com\/"},{"@type":"ListItem","position":2,"name":"Videos"}]},{"@type":"WebSite","@id":"https:\/\/schoenborner.com\/#website","url":"https:\/\/schoenborner.com\/","name":"Sch\u00f6nborner Armaturen GmbH","description":"Hersteller von Armaturenzubeh\u00f6r f\u00fcr die kommunale Gas-, Wasser- und Abwasserwirtschaft.","potentialAction":[{"@type":"SearchAction","target":{"@type":"EntryPoint","urlTemplate":"https:\/\/schoenborner.com\/?s={search_term_string}"},"query-input":"required name=search_term_string"}],"inLanguage":"en-US"}]}},"_links":{"self":[{"href":"https:\/\/schoenborner.com\/en\/wp-json\/wp\/v2\/pages\/1125"}],"collection":[{"href":"https:\/\/schoenborner.com\/en\/wp-json\/wp\/v2\/pages"}],"about":[{"href":"https:\/\/schoenborner.com\/en\/wp-json\/wp\/v2\/types\/page"}],"author":[{"embeddable":true,"href":"https:\/\/schoenborner.com\/en\/wp-json\/wp\/v2\/users\/4"}],"replies":[{"embeddable":true,"href":"https:\/\/schoenborner.com\/en\/wp-json\/wp\/v2\/comments?post=1125"}],"version-history":[{"count":44,"href":"https:\/\/schoenborner.com\/en\/wp-json\/wp\/v2\/pages\/1125\/revisions"}],"predecessor-version":[{"id":9176,"href":"https:\/\/schoenborner.com\/en\/wp-json\/wp\/v2\/pages\/1125\/revisions\/9176"}],"wp:attachment":[{"href":"https:\/\/schoenborner.com\/en\/wp-json\/wp\/v2\/media?parent=1125"}],"curies":[{"name":"wp","href":"https:\/\/api.w.org\/{rel}","templated":true}]}}