{"id":1173,"date":"2020-11-18T07:54:32","date_gmt":"2020-11-18T06:54:32","guid":{"rendered":"https:\/\/schoenborner.com\/Websiteab2020\/?page_id=1173"},"modified":"2026-04-15T15:28:58","modified_gmt":"2026-04-15T13:28:58","slug":"mitgliedschaften-forschungsnetzwerke","status":"publish","type":"page","link":"https:\/\/schoenborner.com\/en\/mitgliedschaften-forschungsnetzwerke\/","title":{"rendered":"Memberships\/ Research Networks"},"content":{"rendered":"<section class=\"wpb-content-wrapper\"><p>[vc_row][vc_column][vc_column_text][\/vc_column_text][\/vc_column][\/vc_row][vc_row][vc_column][vc_column_text]<strong>Collaboration in the DVGW project group \u201cNeobiota in the water supply\u201d <\/strong><\/p>\n<p>The DVGW project group on neobiotics deals with the establishment and effects of invasive species (neobiota) on drinking water supplies. The occurrence of neobiota in surface water and groundwater and the assessment of potential threats to water supply systems. Adaptation strategies and recommendations for action are developed. Sch\u00f6nborner Armaturen GmbH supports the DVGW project group. The contact person for this is Dr. Bj\u00f6rn Schulz (Head of R&amp;D).<\/p>\n<p>[\/vc_column_text][\/vc_column][\/vc_row][vc_row][vc_column][vc_empty_space][\/vc_column][\/vc_row][vc_row][vc_column width=&#8221;1\/2&#8243;][vc_column_text]<\/p>\n<p style=\"text-align: center;\"><strong>Sch\u00f6nborner Armaturen GmbH &#8211; Strong member, strong partner!<\/strong><\/p>\n<p>[\/vc_column_text][\/vc_column][vc_column width=&#8221;1\/2&#8243;][vc_column_text]<strong>Research networks &#8211; from enthusiasm to innovation!<\/strong>[\/vc_column_text][\/vc_column][\/vc_row][vc_row css=&#8221;.vc_custom_1611579358169{padding-right: 10px !important;padding-bottom: 20px !important;background-color: #f1f1f1 !important;border-radius: 10px !important;}&#8221;][vc_column width=&#8221;1\/4&#8243; css=&#8221;.vc_custom_1611577047453{margin-top: 30px !important;margin-left: 10px !important;padding-left: 10px !important;background-color: #ffffff !important;border-radius: 4px !important;}&#8221;][vc_column_text]DIHK &#8211; Deutsche Industrie und Handelskammer[\/vc_column_text][vc_empty_space height=&#8221;90px&#8221;][vc_column_text]IHK, Ausschuss IT und Innovation[\/vc_column_text][vc_empty_space height=&#8221;100px&#8221;][vc_column_text]<\/p>\n<p>ZIM-Kooperationsnetzwerk &#8220;ReSoNet&#8221;<\/p>\n<p>[\/vc_column_text][vc_empty_space height=&#8221;60px&#8221;][vc_column_text]Zukunftsnetzwerk biobasierte Polymere &#8220;BioFoN&#8221;[\/vc_column_text][vc_empty_space height=&#8221;70px&#8221;][vc_column_text]Composites United e.V.[\/vc_column_text][vc_empty_space height=&#8221;70px&#8221;][vc_column_text]Verein zur F\u00f6rderung des IWW Rheinisch-Westf\u00e4lisches Institut f\u00fcr Wasserforschung e.V.[\/vc_column_text][vc_empty_space height=&#8221;30px&#8221;][vc_column_text]DIN e.V.<\/p>\n<p>DIN Normungsausschuss Wasserwesen[\/vc_column_text][vc_empty_space height=&#8221;39px&#8221;][vc_column_text]Industrieclub Potsdam[\/vc_column_text][vc_empty_space height=&#8221;39px&#8221;][\/vc_column][vc_column width=&#8221;1\/4&#8243; css=&#8221;.vc_custom_1611579607971{margin-top: 30px !important;margin-right: 10px !important;background-color: #ffffff !important;}&#8221;][vc_single_image image=&#8221;1177&#8243; img_size=&#8221;medium&#8221;][vc_empty_space height=&#8221;10px&#8221;][vc_single_image image=&#8221;1176&#8243; img_size=&#8221;medium&#8221;][vc_single_image image=&#8221;1178&#8243; img_size=&#8221;medium&#8221;][vc_single_image image=&#8221;1180&#8243; img_size=&#8221;medium&#8221;][vc_empty_space height=&#8221;10px&#8221;][vc_single_image image=&#8221;1024&#8243; img_size=&#8221;medium&#8221; onclick=&#8221;custom_link&#8221; link=&#8221;https:\/\/schoenborner.com\/wp-content\/uploads\/2022\/03\/Klimaneutralitaet-durch-innovativen-Leichtbau.pdf&#8221;][vc_empty_space height=&#8221;10px&#8221;][vc_single_image image=&#8221;1724&#8243; img_size=&#8221;medium&#8221;][vc_single_image image=&#8221;4375&#8243; img_size=&#8221;medium&#8221; css=&#8221;.vc_custom_1731939726061{margin-bottom: px !important;}&#8221;][vc_single_image image=&#8221;8483&#8243; img_size=&#8221;medium&#8221; css=&#8221;.vc_custom_1738834526114{margin-bottom: px !important;}&#8221;][\/vc_column][vc_column width=&#8221;1\/4&#8243; css=&#8221;.vc_custom_1611577097106{margin-top: 30px !important;margin-left: 5px !important;border-right-width: 5px !important;background-color: #ffffff !important;}&#8221;][vc_column_text]DVGW|TZW Technologiezentrum Wasser[\/vc_column_text][vc_empty_space height=&#8221;80px&#8221;][vc_column_text]<\/p>\n<p>Brandenburgische Technische Universit\u00e4t Cottbus &#8211; Senftenberg<\/p>\n<p>[\/vc_column_text][vc_empty_space height=&#8221;80px&#8221;][vc_column_text]Technische Universit\u00e4t Chemnitz[\/vc_column_text][vc_empty_space height=&#8221;100px&#8221;][vc_column_text]Frauenhofer Institut[\/vc_column_text][vc_empty_space height=&#8221;605px&#8221;][\/vc_column][vc_column width=&#8221;1\/4&#8243; css=&#8221;.vc_custom_1611577119353{margin-top: 30px !important;background-color: #ffffff !important;}&#8221;][vc_single_image image=&#8221;1188&#8243; img_size=&#8221;medium&#8221;][vc_empty_space height=&#8221;80px&#8221;][vc_single_image image=&#8221;1187&#8243; img_size=&#8221;medium&#8221;][vc_empty_space height=&#8221;80px&#8221;][vc_single_image image=&#8221;1185&#8243;][vc_single_image image=&#8221;1181&#8243; img_size=&#8221;medium&#8221;][vc_empty_space height=&#8221;540px&#8221;][\/vc_column][\/vc_row][vc_row][vc_column][vc_column_text][\/vc_column_text][\/vc_column][\/vc_row][vc_row gap=&#8221;20&#8243; content_placement=&#8221;top&#8221; css=&#8221;.vc_custom_1637001044248{margin-bottom: -100px !important;padding-top: 10px !important;padding-right: 30px !important;padding-bottom: 10px !important;padding-left: 30px !important;background-color: #f2f2f2 !important;border-radius: 3px !important;}&#8221; el_class=&#8221;schatten&#8221;][vc_column width=&#8221;1\/5&#8243;][vc_icon icon_fontawesome=&#8221;far fa-envelope-open&#8221; color=&#8221;custom&#8221; size=&#8221;xl&#8221; align=&#8221;center&#8221; custom_color=&#8221;#9ea7d8&#8243; el_class=&#8221;icon&#8221;][\/vc_column][vc_column width=&#8221;2\/5&#8243;][vc_column_text el_class=&#8221;text&#8221;]<\/p>\n<h2><strong>Sch\u00f6nborner &#8211; Newsletter<\/strong><\/h2>\n<p>Immer gut informiert auf dem neuesten Stand: Erfahren Sie als erster von innovativen Produkten und exklusiven Aktionen. Melden Sie sich zu unserem Newsletter an![\/vc_column_text][\/vc_column][vc_column width=&#8221;2\/5&#8243;]\n<div class=\"wpcf7 no-js\" id=\"wpcf7-f3198-o1\" lang=\"de-DE\" dir=\"ltr\">\n<div class=\"screen-reader-response\"><p role=\"status\" aria-live=\"polite\" aria-atomic=\"true\"><\/p> <ul><\/ul><\/div>\n<form action=\"\/en\/wp-json\/wp\/v2\/pages\/1173#wpcf7-f3198-o1\" method=\"post\" class=\"wpcf7-form init\" aria-label=\"Kontaktformular\" novalidate=\"novalidate\" data-status=\"init\">\n<div style=\"display: none;\">\n<input type=\"hidden\" name=\"_wpcf7\" value=\"3198\" \/>\n<input type=\"hidden\" name=\"_wpcf7_version\" value=\"5.7.4\" \/>\n<input type=\"hidden\" name=\"_wpcf7_locale\" value=\"de_DE\" \/>\n<input type=\"hidden\" name=\"_wpcf7_unit_tag\" value=\"wpcf7-f3198-o1\" \/>\n<input type=\"hidden\" name=\"_wpcf7_container_post\" value=\"0\" \/>\n<input type=\"hidden\" name=\"_wpcf7_posted_data_hash\" value=\"\" \/>\n<\/div>\n<p><label>E-Mail Adresse:<br \/>\n<span class=\"wpcf7-form-control-wrap\" data-name=\"your-email\"><input size=\"40\" class=\"wpcf7-form-control wpcf7-text wpcf7-email wpcf7-validates-as-required wpcf7-validates-as-email\" aria-required=\"true\" aria-invalid=\"false\" value=\"\" type=\"email\" name=\"your-email\" \/><\/span> <\/label>\n<\/p>\n<p><input class=\"wpcf7-form-control has-spinner wpcf7-submit\" id=\"button1\" type=\"submit\" value=\"Senden\" \/>\n<\/p><div class=\"wpcf7-response-output\" aria-hidden=\"true\"><\/div>\n<\/form>\n<\/div>\n[\/vc_column][\/vc_row]<\/p>\n<\/section>","protected":false},"excerpt":{"rendered":"<p>[vc_row][vc_column][vc_column_text][\/vc_column_text][\/vc_column][\/vc_row][vc_row][vc_column][vc_column_text]Collaboration in the DVGW project group \u201cNeobiota in the water supply\u201d The DVGW project group on neobiotics deals with the establishment and effects of invasive species (neobiota) on drinking water&#8230;<\/p>\n","protected":false},"author":4,"featured_media":0,"parent":0,"menu_order":0,"comment_status":"closed","ping_status":"closed","template":"","meta":{"_themeisle_gutenberg_block_has_review":false},"yoast_head":"<!-- This site is optimized with the Yoast SEO plugin v21.0 - https:\/\/yoast.com\/wordpress\/plugins\/seo\/ -->\n<title>Memberships\/ Research Networks - Sch\u00f6nborner Armaturen GmbH<\/title>\n<meta name=\"robots\" content=\"index, follow, max-snippet:-1, max-image-preview:large, max-video-preview:-1\" \/>\n<link rel=\"canonical\" href=\"https:\/\/schoenborner.com\/mitgliedschaften-forschungsnetzwerke\/\" \/>\n<meta property=\"og:locale\" content=\"en_US\" \/>\n<meta property=\"og:type\" content=\"article\" \/>\n<meta property=\"og:title\" content=\"[:de]Mitgliedschaften\/ Forschungsnetzwerke[:en]Memberships\/ Research Networks[:] - Sch\u00f6nborner Armaturen GmbH\" \/>\n<meta property=\"og:description\" content=\"[vc_row][vc_column][vc_column_text][\/vc_column_text][\/vc_column][\/vc_row][vc_row][vc_column][vc_column_text]Collaboration in the DVGW project group \u201cNeobiota in the water supply\u201d The DVGW project group on neobiotics deals with the establishment and effects of invasive species (neobiota) on drinking water...\" \/>\n<meta property=\"og:url\" content=\"https:\/\/schoenborner.com\/mitgliedschaften-forschungsnetzwerke\/\" \/>\n<meta property=\"og:site_name\" content=\"Sch\u00f6nborner Armaturen GmbH\" \/>\n<meta property=\"article:modified_time\" content=\"2026-04-15T13:28:58+00:00\" \/>\n<meta name=\"twitter:card\" content=\"summary_large_image\" \/>\n<meta name=\"twitter:label1\" content=\"Est. reading time\" \/>\n\t<meta name=\"twitter:data1\" content=\"3 minutes\" \/>\n<script type=\"application\/ld+json\" class=\"yoast-schema-graph\">{\"@context\":\"https:\/\/schema.org\",\"@graph\":[{\"@type\":\"WebPage\",\"@id\":\"https:\/\/schoenborner.com\/mitgliedschaften-forschungsnetzwerke\/\",\"url\":\"https:\/\/schoenborner.com\/mitgliedschaften-forschungsnetzwerke\/\",\"name\":\"[:de]Mitgliedschaften\/ Forschungsnetzwerke[:en]Memberships\/ Research Networks[:] - Sch\u00f6nborner Armaturen GmbH\",\"isPartOf\":{\"@id\":\"https:\/\/schoenborner.com\/#website\"},\"datePublished\":\"2020-11-18T06:54:32+00:00\",\"dateModified\":\"2026-04-15T13:28:58+00:00\",\"breadcrumb\":{\"@id\":\"https:\/\/schoenborner.com\/mitgliedschaften-forschungsnetzwerke\/#breadcrumb\"},\"inLanguage\":\"en-US\",\"potentialAction\":[{\"@type\":\"ReadAction\",\"target\":[\"https:\/\/schoenborner.com\/mitgliedschaften-forschungsnetzwerke\/\"]}]},{\"@type\":\"BreadcrumbList\",\"@id\":\"https:\/\/schoenborner.com\/mitgliedschaften-forschungsnetzwerke\/#breadcrumb\",\"itemListElement\":[{\"@type\":\"ListItem\",\"position\":1,\"name\":\"Startseite\",\"item\":\"https:\/\/schoenborner.com\/\"},{\"@type\":\"ListItem\",\"position\":2,\"name\":\"Mitgliedschaften\/ Forschungsnetzwerke\"}]},{\"@type\":\"WebSite\",\"@id\":\"https:\/\/schoenborner.com\/#website\",\"url\":\"https:\/\/schoenborner.com\/\",\"name\":\"Sch\u00f6nborner Armaturen GmbH\",\"description\":\"Hersteller von Armaturenzubeh\u00f6r f\u00fcr die kommunale Gas-, Wasser- und Abwasserwirtschaft.\",\"potentialAction\":[{\"@type\":\"SearchAction\",\"target\":{\"@type\":\"EntryPoint\",\"urlTemplate\":\"https:\/\/schoenborner.com\/?s={search_term_string}\"},\"query-input\":\"required name=search_term_string\"}],\"inLanguage\":\"en-US\"}]}<\/script>\n<!-- \/ Yoast SEO plugin. -->","yoast_head_json":{"title":"[:de]Mitgliedschaften\/ Forschungsnetzwerke[:en]Memberships\/ Research Networks[:] - Sch\u00f6nborner Armaturen GmbH","robots":{"index":"index","follow":"follow","max-snippet":"max-snippet:-1","max-image-preview":"max-image-preview:large","max-video-preview":"max-video-preview:-1"},"canonical":"https:\/\/schoenborner.com\/mitgliedschaften-forschungsnetzwerke\/","og_locale":"en_US","og_type":"article","og_title":"[:de]Mitgliedschaften\/ Forschungsnetzwerke[:en]Memberships\/ Research Networks[:] - Sch\u00f6nborner Armaturen GmbH","og_description":"[vc_row][vc_column][vc_column_text][\/vc_column_text][\/vc_column][\/vc_row][vc_row][vc_column][vc_column_text]Collaboration in the DVGW project group \u201cNeobiota in the water supply\u201d The DVGW project group on neobiotics deals with the establishment and effects of invasive species (neobiota) on drinking water...","og_url":"https:\/\/schoenborner.com\/mitgliedschaften-forschungsnetzwerke\/","og_site_name":"Sch\u00f6nborner Armaturen GmbH","article_modified_time":"2026-04-15T13:28:58+00:00","twitter_card":"summary_large_image","twitter_misc":{"Est. reading time":"3 minutes"},"schema":{"@context":"https:\/\/schema.org","@graph":[{"@type":"WebPage","@id":"https:\/\/schoenborner.com\/mitgliedschaften-forschungsnetzwerke\/","url":"https:\/\/schoenborner.com\/mitgliedschaften-forschungsnetzwerke\/","name":"[:de]Mitgliedschaften\/ Forschungsnetzwerke[:en]Memberships\/ Research Networks[:] - Sch\u00f6nborner Armaturen GmbH","isPartOf":{"@id":"https:\/\/schoenborner.com\/#website"},"datePublished":"2020-11-18T06:54:32+00:00","dateModified":"2026-04-15T13:28:58+00:00","breadcrumb":{"@id":"https:\/\/schoenborner.com\/mitgliedschaften-forschungsnetzwerke\/#breadcrumb"},"inLanguage":"en-US","potentialAction":[{"@type":"ReadAction","target":["https:\/\/schoenborner.com\/mitgliedschaften-forschungsnetzwerke\/"]}]},{"@type":"BreadcrumbList","@id":"https:\/\/schoenborner.com\/mitgliedschaften-forschungsnetzwerke\/#breadcrumb","itemListElement":[{"@type":"ListItem","position":1,"name":"Startseite","item":"https:\/\/schoenborner.com\/"},{"@type":"ListItem","position":2,"name":"Mitgliedschaften\/ Forschungsnetzwerke"}]},{"@type":"WebSite","@id":"https:\/\/schoenborner.com\/#website","url":"https:\/\/schoenborner.com\/","name":"Sch\u00f6nborner Armaturen GmbH","description":"Hersteller von Armaturenzubeh\u00f6r f\u00fcr die kommunale Gas-, Wasser- und Abwasserwirtschaft.","potentialAction":[{"@type":"SearchAction","target":{"@type":"EntryPoint","urlTemplate":"https:\/\/schoenborner.com\/?s={search_term_string}"},"query-input":"required name=search_term_string"}],"inLanguage":"en-US"}]}},"_links":{"self":[{"href":"https:\/\/schoenborner.com\/en\/wp-json\/wp\/v2\/pages\/1173"}],"collection":[{"href":"https:\/\/schoenborner.com\/en\/wp-json\/wp\/v2\/pages"}],"about":[{"href":"https:\/\/schoenborner.com\/en\/wp-json\/wp\/v2\/types\/page"}],"author":[{"embeddable":true,"href":"https:\/\/schoenborner.com\/en\/wp-json\/wp\/v2\/users\/4"}],"replies":[{"embeddable":true,"href":"https:\/\/schoenborner.com\/en\/wp-json\/wp\/v2\/comments?post=1173"}],"version-history":[{"count":194,"href":"https:\/\/schoenborner.com\/en\/wp-json\/wp\/v2\/pages\/1173\/revisions"}],"predecessor-version":[{"id":8485,"href":"https:\/\/schoenborner.com\/en\/wp-json\/wp\/v2\/pages\/1173\/revisions\/8485"}],"wp:attachment":[{"href":"https:\/\/schoenborner.com\/en\/wp-json\/wp\/v2\/media?parent=1173"}],"curies":[{"name":"wp","href":"https:\/\/api.w.org\/{rel}","templated":true}]}}