{"id":1411,"date":"2020-12-08T07:51:45","date_gmt":"2020-12-08T06:51:45","guid":{"rendered":"https:\/\/schoenborner.com\/Websiteab2020\/?page_id=1411"},"modified":"2023-03-13T10:11:42","modified_gmt":"2023-03-13T09:11:42","slug":"produkte-leistungen-old","status":"publish","type":"page","link":"https:\/\/schoenborner.com\/en\/produkte-leistungen-old\/","title":{"rendered":"Products\/Services"},"content":{"rendered":"<section class=\"wpb-content-wrapper\"><p>[vc_row][vc_column][vc_column_text][\/vc_column_text][\/vc_column][\/vc_row][vc_row css=&#8221;.vc_custom_1607416520171{margin-top: 20px !important;margin-right: 10px !important;margin-left: 10px !important;border-top-width: 2px !important;border-right-width: 10px !important;border-bottom-width: 2px !important;border-left-width: 10px !important;padding-top: 30px !important;padding-right: 2px !important;padding-bottom: 2px !important;padding-left: 2px !important;background-color: #f1f1f1 !important;border-radius: 20px !important;}&#8221;][vc_column width=&#8221;1\/3&#8243; css=&#8221;.vc_custom_1607417144883{margin-top: -25px !important;margin-left: 5px !important;padding-left: 5px !important;background-color: #ffffff !important;border-radius: 20px !important;}&#8221;][vc_column_text]<\/p>\n<h2 class=\"av-special-heading-tag\" style=\"text-align: center;\"><a href=\"http:\/\/schoenborner-armaturen.de\/produkte-und-leistungen\/gestaengemanufaktur\/\"><strong>GEST\u00c4NGEMANUFAKTUR<\/strong><\/a><\/h2>\n<p>[\/vc_column_text][vc_empty_space height=&#8221;30px&#8221; css=&#8221;.vc_custom_1662536159392{padding-right: 5px !important;padding-left: 5px !important;}&#8221;][vc_column_text css=&#8221;.vc_custom_1607425931366{padding-bottom: 30px !important;}&#8221;]<\/p>\n<h3 style=\"text-align: justify;\">Hauptkennzeichen unserer Produktion ist die Fertigungstiefe. Die ben\u00f6tigten Kunst-stoffbauteile extrudieren und spritzen wir in unserem Haus. Unsere NC-Hochleistungs-Kaltkreiss\u00e4ge trennt das Stangenmaterial f\u00fcr die Spindelverl\u00e4ngerungen millimetergenau. Komplexe Bauteile werden in der CNC-Abteilung gedreht und gefr\u00e4st. Anschlie\u00dfend f\u00fcgen unsere Fachkr\u00e4fte die Einzelteile zusam-men und montieren die Baugruppen vor.<\/h3>\n<p>[\/vc_column_text][vc_single_image image=&#8221;1414&#8243; img_size=&#8221;large&#8221;][\/vc_column][vc_column width=&#8221;1\/3&#8243; css=&#8221;.vc_custom_1607417157806{margin-top: -25px !important;padding-left: -10px !important;background-color: #ffffff !important;border-radius: 20px !important;}&#8221;][vc_column_text]<\/p>\n<h2 class=\"av-special-heading-tag\" style=\"text-align: center;\"><a href=\"http:\/\/schoenborner-armaturen.de\/produkte-und-leistungen\/cnc-bearbeitung\/\"><strong>CNC-BEARBEITUNG<\/strong><\/a><\/h2>\n<p>[\/vc_column_text][vc_empty_space height=&#8221;30px&#8221;][vc_column_text]<\/p>\n<h3 style=\"text-align: justify;\">Um Bohrungen in Vierkantschonern und Kuppelmuffen nach Kundenwunsch einzu-bringen, wurde die erste Fr\u00e4smaschine inklusive Automatisierungssystem erwor-ben. Heute sind wir um Einiges weiter. Aus der kleinen Abteilung wuchs eine tragende S\u00e4ule der Sch\u00f6nborner Armaturen GmbH. So bearbeiten wir als Lohnfertiger Prototypen und Kleinserien f\u00fcr verschiedene Branchen und stellen Spritzgusswerkzeuge f\u00fcr unsere Kunststoff-Fertigung her.<\/h3>\n<p>[\/vc_column_text][vc_empty_space height=&#8221;8px&#8221;][vc_single_image image=&#8221;1413&#8243; img_size=&#8221;large&#8221;][\/vc_column][vc_column width=&#8221;1\/3&#8243; css=&#8221;.vc_custom_1607421286503{margin-top: -25px !important;margin-left: -5px !important;border-right-width: 0px !important;padding-right: -10px !important;background-color: #ffffff !important;border-radius: 20px !important;}&#8221;][vc_column_text]<\/p>\n<h2 class=\"av-special-heading-tag\" style=\"text-align: center;\"><a href=\"https:\/\/schoenborner.com\/kunststoffbe-und-verarbeitung-2\/\"><strong>KUNSTSTOFFVERARBEITUNG<\/strong><\/a><\/h2>\n<p>[\/vc_column_text][vc_empty_space height=&#8221;30px&#8221;][vc_column_text]<\/p>\n<h3 style=\"text-align: justify;\">Unser Eigenbedarf an Schutzrohren betr\u00e4gt circa 800km pro Jahr. Das ist l\u00e4nger als die Strecke von Hamburg nach M\u00fcnchen. Aus diesem Grund investierten wir 2008 in unsere erste Kunststoffmaschine, einen Extruder. Mittlerweile sind zwei Spritzgie\u00dfmaschinen hinzugekommen. Auf diesen fertigen wir die Einzelteile f\u00fcr unsere Einbaugarnituren. Hiermit stehen wir als Lohnfertiger inklusive Werkzeugbau zur Verf\u00fcgung.<\/h3>\n<p>[\/vc_column_text][vc_empty_space height=&#8221;30px&#8221;][vc_single_image image=&#8221;5275&#8243; img_size=&#8221;large&#8221; onclick=&#8221;custom_link&#8221; css=&#8221;.vc_custom_1665995952809{margin-bottom: 30px !important;}&#8221; link=&#8221;https:\/\/schoenborner.com\/kunststoffbe-und-verarbeitung-2\/&#8221;][\/vc_column][\/vc_row][vc_row][vc_column][vc_column_text]<\/p>\n<h1 style=\"text-align: left;\">Verwendete Materialien und Herstellungsverfahren<\/h1>\n<p>[\/vc_column_text][vc_column_text]<\/p>\n<h2 style=\"text-align: left;\"><span style=\"color: #024f9c;\"><strong>Kunststoffverarbeitung &#8211; Pr\u00e4zision aus einem Guss<\/strong><\/span><\/h2>\n<p>[\/vc_column_text][vc_column_text]<\/p>\n<h3 style=\"text-align: justify;\">F\u00fcr die Versorgung von Privathaushalten und \u00f6ffentlichen Einrichtungen mit Wasser und Gas sowie die Ableitung von Abwasser werden sichere und pr\u00e4zise schlie\u00dfende Verbindungen ben\u00f6tigt. \u00dcber viele Jahrzehnte hinweg soll die Bet\u00e4tigung der Armaturen ohne jegliche Funktionseinschr\u00e4nkungen gew\u00e4hrleistet sein. Um dieser Funktionssicherheit gerecht zu werden, ent-wickeln und fertigen wir speziell darauf ausgerichtete Schutzrohrsysteme. Die Kunststoffextrusion zur Rohrherstellung wie auch die Spritzgussfertigung zur Erzeugung von Abdeckkappen, Rundglocken, Adaptern usw. bilden hierzu die Grundlage. Aus Standardkunststoffen, aber auch speziell entwickelten Kunststoffen entstehen Pr\u00e4zisionsteile mit hoher Formge-bungsvielfalt und Flexibilit\u00e4t.<\/h3>\n<p>[\/vc_column_text][\/vc_column][\/vc_row][vc_row][vc_column width=&#8221;1\/2&#8243;][vc_column_text]<\/p>\n<h3 style=\"text-align: justify;\">F\u00fcr die Versorgung von Privathaushalten und \u00f6ffentlichen Einrichtungen mit Wasser und Gas sowie die Ableitung von Abwasser werden sichere und pr\u00e4zise schlie\u00dfende Verbindungen ben\u00f6tigt. \u00dcber viele Jahrzehnte hinweg soll die Bet\u00e4tigung der Armaturen ohne jegliche Funktionseinschr\u00e4nkungen gew\u00e4hrleistet sein. Um dieser Funktionssicherheit gerecht zu werden, ent-wickeln und fertigen wir speziell darauf ausgerichtete Schutzrohrsysteme. Die Kunststoffextrusion zur Rohrherstellung wie auch die Spritzguss-fertigung zur Erzeugung von Abdeckkappen, Rundglocken, Adaptern usw. bilden hierzu die Grundlage. Aus Standardkunststoffen, aber auch speziell entwickelten Kunststoffen entstehen Pr\u00e4zisionsteile mit hoher Formge-bungsvielfalt und Flexibilit\u00e4t.<\/h3>\n<p>[\/vc_column_text][\/vc_column][vc_column width=&#8221;1\/2&#8243;][vc_column_text css=&#8221;.vc_custom_1607421863130{margin-top: 10px !important;margin-left: 20px !important;border-top-width: 2px !important;border-right-width: 10px !important;border-bottom-width: 2px !important;border-left-width: 10px !important;padding-top: 10px !important;padding-right: 2px !important;padding-bottom: 10px !important;padding-left: 10px !important;background-color: #ffffff !important;border-left-color: #004793 !important;border-left-style: solid !important;border-right-color: #004793 !important;border-right-style: solid !important;border-top-color: #004793 !important;border-top-style: solid !important;border-bottom-color: #004793 !important;border-bottom-style: solid !important;border-radius: 35px !important;}&#8221;]<\/p>\n<h2 style=\"text-align: center;\"><span style=\"color: #737373;\"><strong>IHRE VORTEILE<\/strong><\/span><\/h2>\n<ul>\n<li>hohe Formgebungsvielfalt u. -genauigkeit<\/li>\n<li>kurze Fertigungszeiten<\/li>\n<li>geringe Bauteilkosten<\/li>\n<li>geringes Gewicht<\/li>\n<li>w\u00e4rme- u. schallabsorbierend sowie elektrisch trennend<\/li>\n<li>witterungs- u. chemikalienbest\u00e4ndig<\/li>\n<li>keine Nachbearbeitung<\/li>\n<li>gute Farbgebung auch ohne Lackierung<\/li>\n<\/ul>\n<p>[\/vc_column_text][\/vc_column][\/vc_row][vc_row][vc_column width=&#8221;3\/4&#8243;][vc_column_text]<\/p>\n<h3 style=\"text-align: justify;\">Die notwendigen Arbeitsschritte, die zum gew\u00fcnschten Bauteil f\u00fchren, sind dabei schnell ausgef\u00fchrt. Mit einem Spritzgie\u00dfwerkzeug wird der auf Schmelztemperatur erw\u00e4rmte Kunststoff unter hohem Druck in den Hohlraum eines Formwerkzeuges gespritzt. Um das ben\u00f6tigte Ma\u00df des Werkzeuges dauerhaft einzuhalten, wird das Material anschlie\u00dfend unter niedrigem Druck soweit nachgepresst, bis der Kunststoff verdichtet ist. Im Anschluss erkaltet er und das Werkst\u00fcck wird automatisiert dem Werkzeug entnommen. Im Vergleich zu anderen Materialien wie Glas oder Metall erm\u00f6glicht der Kunststoff Massenbauteile im optimierten Kostenrahmen.<\/h3>\n<p>[\/vc_column_text][\/vc_column][vc_column width=&#8221;1\/4&#8243;][vc_single_image image=&#8221;1422&#8243; img_size=&#8221;full&#8221;][\/vc_column][\/vc_row][vc_row][vc_column width=&#8221;1\/4&#8243;][vc_single_image image=&#8221;5273&#8243; img_size=&#8221;large&#8221;][\/vc_column][vc_column width=&#8221;3\/4&#8243;][vc_column_text]<\/p>\n<h3 style=\"text-align: justify;\">Dabei ist trotzdem eine hochwertige Qualit\u00e4t und enorme Widerstands-f\u00e4higkeit des Produktes garantiert. Detailreiche Bauteile k\u00f6nnen in kurzer Zeit in hohen St\u00fcckzahlen produziert werden. Eine manuelle Nachbearbeitung ist m\u00f6glich, jedoch nicht zwingend erforderlich. Aufgrund der zahlreichen Vorteile von Kunststoff verwenden auch wir bei unseren Produkten die unterschiedlichsten Thermoplaste, sowie Talkum bzw. glas- oder naturfaserverst\u00e4rkte Materialien. Dabei bedienen wir uns bei Verfahren wie dem Extrudieren und dem Spritzgie\u00dfen. So realisieren wir z.B. mit einem Schlie\u00dfkraftbereich von 500-1.500kN je nach Werkst\u00fcck Teilegewichte von 4-200g im Spritzgussverfahren und extrudieren Rohre im Durchmesserbereich bis ca. 70mm.<\/h3>\n<p>[\/vc_column_text][\/vc_column][\/vc_row][vc_row][vc_column][vc_column_text]<\/p>\n<h2 style=\"text-align: left;\"><span style=\"color: #024f9c;\"><strong>Edelstahl Rostfrei &#8211; Qualit\u00e4t aus Europa<br \/>\n<\/strong><\/span><\/h2>\n<p>[\/vc_column_text][\/vc_column][\/vc_row][vc_row][vc_column width=&#8221;1\/2&#8243;][vc_column_text]<\/p>\n<h3 style=\"text-align: justify;\">Rostfreier Edelstahl, das wohl heutzutage am h\u00e4ufigsten verwendete Produktionsmaterial f\u00fcr Bereiche, in denen Feuchtigkeit eine entscheidende Rolle spielt.<\/h3>\n<h3 style=\"text-align: justify;\">Aus den heute bekannten 120 verschiedenen Edelstahlsorten ist der am h\u00e4ufigsten eingesetzte nichtrostende Stahl die Werkstoff nummer 1.4301. Ein hoher Anteil von 17,3-19,3% Chrom, welcher im austenitischen oder ferritischen Mischkristall gel\u00f6st sein muss, wehrt dabei jegliche aggressive Substanzen wie N\u00e4sse, Frost oder UV-Strahlen und sogar S\u00e4uren ab.<\/h3>\n<p>[\/vc_column_text][\/vc_column][vc_column width=&#8221;1\/2&#8243;][vc_column_text css=&#8221;.vc_custom_1607421880172{margin-top: 10px !important;margin-left: 20px !important;border-top-width: 2px !important;border-right-width: 10px !important;border-bottom-width: 2px !important;border-left-width: 10px !important;padding-top: 10px !important;padding-right: 2px !important;padding-bottom: 10px !important;padding-left: 10px !important;border-left-color: #004793 !important;border-left-style: solid !important;border-right-color: #004793 !important;border-right-style: solid !important;border-top-color: #004793 !important;border-top-style: solid !important;border-bottom-color: #004793 !important;border-bottom-style: solid !important;border-radius: 35px !important;}&#8221;]<\/p>\n<h2 style=\"text-align: center;\"><span style=\"color: #737373;\"><strong>IHRE VORTEILE<\/strong><\/span><\/h2>\n<ul>\n<li>hohe Korrosions- und Temperaturbest\u00e4ndigkeit<\/li>\n<li>gute W\u00e4rmeleitf\u00e4higkeit und dauerhafte Dichtheit<\/li>\n<li>hochwertige Qualit\u00e4t<\/li>\n<li>optimale hygienische Bedingungen<\/li>\n<li>hohe Festigkeit und Belastbarkeit<\/li>\n<li>leichte Verarbeitung und hohe Werkstoffelastizit\u00e4t<\/li>\n<li>lange Produktlebensdauer und geringe Folgekosten<\/li>\n<li>geringer Wartungsaufwand<\/li>\n<li>best\u00e4ndig gegen\u00fcber Frost, UV-Strahlen, S\u00e4uren und N\u00e4sse<\/li>\n<\/ul>\n<p>[\/vc_column_text][\/vc_column][\/vc_row][vc_row][vc_column][vc_column_text]<\/p>\n<h3 style=\"text-align: justify;\">Dabei wird je nach Anwendungsbereich V2A- oder V4A-Edelstahl eingesetzt. Der V2A-Edelstahl ist dabei der im Alltag vorkommende Edelstahl z.B. f\u00fcr Fahrzeuge oder Armaturen, wohingegen der V4A-Edelstahl mit rund 2% mehr Molybd\u00e4n noch widerstandsf\u00e4higer gegen Korrosion ist und somit h\u00e4ufig in Schwimmb\u00e4dern, Seewassern oder der chemischen Industrie verwendet wird. Zudem k\u00f6nnen auch Temperaturen bis zu 300 Grad Celsius die Qualit\u00e4t des Edelstahls 1.4301 nicht negativ beeinflussen.<\/h3>\n<h3 style=\"text-align: justify;\">Das Sprichwort \u201eHart wie Stahl\u201c trifft folglich soweit zu, dass eine Sch\u00e4digung des Edelstahls durch \u00e4u\u00dfere Einfl\u00fcsse so gut wie unm\u00f6glich ist. Die Steigerung der Korrosionsbest\u00e4ndigkeit kann dabei nicht nur durch das Zuf\u00fcgen von Molybd\u00e4n, sondern auch durch eine Erg\u00e4nzung mit Nickel und anderen Legierungsmitteln erzielt werden.<\/h3>\n<p>[\/vc_column_text][\/vc_column][\/vc_row][vc_row][vc_column][vc_column_text]<\/p>\n<h2 style=\"text-align: left;\"><span style=\"color: #024f9c;\"><strong>Zinklamellensysteme &#8211; Mehr als nur Korrosionsschutz<br \/>\n<\/strong><\/span><\/h2>\n<p>[\/vc_column_text][\/vc_column][\/vc_row][vc_row][vc_column width=&#8221;1\/2&#8243;][vc_column_text]<\/p>\n<h3 style=\"text-align: justify;\">Zinklamellenbeschichtungen bestehen meistens aus einer Kombination von Zink- und Aluminiumlamellen, welche durch eine anorganische Matrix miteinander verbunden sind. Ihre Anwendung finden Sie h\u00e4ufig da, wo Korrosionsschutz einen bedeutenden Stellenwert hat. So \u00fcberzeugt die Zinklamelle besonders bei der Arbeit mit Massenkleinteilen wie Schrauben oder Federbandschellen aufgrund ihrer enorm geringen Schichtdicke und einer dennoch hohen Belastbarkeit.<\/h3>\n<p>[\/vc_column_text][\/vc_column][vc_column width=&#8221;1\/2&#8243;][vc_column_text css=&#8221;.vc_custom_1607421891667{margin-top: 10px !important;margin-left: 20px !important;border-top-width: 2px !important;border-right-width: 10px !important;border-bottom-width: 2px !important;border-left-width: 10px !important;padding-top: 10px !important;padding-right: 2px !important;padding-bottom: 10px !important;padding-left: 10px !important;border-left-color: #004793 !important;border-left-style: solid !important;border-right-color: #004793 !important;border-right-style: solid !important;border-top-color: #004793 !important;border-top-style: solid !important;border-bottom-color: #004793 !important;border-bottom-style: solid !important;border-radius: 35px !important;}&#8221;]<\/p>\n<h2 style=\"text-align: center;\"><span style=\"color: #737373;\"><strong>IHRE VORTEILE<\/strong><\/span><\/h2>\n<ul>\n<li>hohe Belastbarkeit<\/li>\n<li>hauchd\u00fcnne Schichtdicke<\/li>\n<li>hohe Passgenauigkeit<\/li>\n<li>keine wasserstoffinduzierte Spannungsrisskorrosion<\/li>\n<\/ul>\n<p>[\/vc_column_text][\/vc_column][\/vc_row][vc_row][vc_column width=&#8221;1\/4&#8243;][vc_single_image image=&#8221;1445&#8243; img_size=&#8221;large&#8221;][\/vc_column][vc_column width=&#8221;3\/4&#8243;][vc_empty_space height=&#8221;25 px&#8221;][vc_column_text]<\/p>\n<h3 style=\"text-align: justify;\">Mit gerade einmal 8-12\u03bcm ist die Zinklamelle im Vergleich zu herk\u00f6mmlichen Korrosionsschutz-Systemen wie Pulverlacken oder Feuerverzinkungen deutlich d\u00fcnner &#8211; sogar d\u00fcnner als ein menschliches Haar. Trotzdem gew\u00e4hrleistet sie eine Schutzwirkung von bis zu 1.000 Stunden gegen Grundmetallkorrosion im neutralen Salzspr\u00fchnebeltest nach DIN EN ISO 9227. Folglich ist die Zinklamellenbeschichtung vor allem f\u00fcr Produkte, die eine hohe Widerstandsf\u00e4higkeit und Passgenauigkeit ben\u00f6tigen, bestens geeignet.<\/h3>\n<p>[\/vc_column_text][\/vc_column][\/vc_row][vc_row][vc_column width=&#8221;3\/4&#8243;][vc_empty_space height=&#8221;10 px&#8221;][vc_column_text]<\/p>\n<h3 style=\"text-align: justify;\">Wenn Sie mehr zu Zinklamellenbeschichtungen erfahren m\u00f6chten, besuchen Sie die Website von D\u00f6rken MKS. Dort finden Sie alles Wissenswerte zu Beschichtungsl\u00f6sungen: <a href=\"http:\/\/www.doerken-mks.de\">www.doerken-mks.de<\/a><\/h3>\n<p>[\/vc_column_text][\/vc_column][vc_column width=&#8221;1\/4&#8243;][vc_single_image image=&#8221;1448&#8243; img_size=&#8221;full&#8221;][\/vc_column][\/vc_row][vc_row][vc_column][vc_column_text][\/vc_column_text][\/vc_column][\/vc_row][vc_row gap=&#8221;20&#8243; content_placement=&#8221;top&#8221; css=&#8221;.vc_custom_1637001044248{margin-bottom: -100px !important;padding-top: 10px !important;padding-right: 30px !important;padding-bottom: 10px !important;padding-left: 30px !important;background-color: #f2f2f2 !important;border-radius: 3px !important;}&#8221; el_class=&#8221;schatten&#8221;][vc_column width=&#8221;1\/5&#8243;][vc_icon icon_fontawesome=&#8221;far fa-envelope-open&#8221; color=&#8221;custom&#8221; size=&#8221;xl&#8221; align=&#8221;center&#8221; custom_color=&#8221;#9ea7d8&#8243; el_class=&#8221;icon&#8221;][\/vc_column][vc_column width=&#8221;2\/5&#8243;][vc_column_text el_class=&#8221;text&#8221;]<\/p>\n<h2><strong>Sch\u00f6nborner &#8211; Newsletter<\/strong><\/h2>\n<p>Immer gut informiert auf dem neuesten Stand: Erfahren Sie als erster von innovativen Produkten und exklusiven Aktionen. Melden Sie sich zu unserem Newsletter an![\/vc_column_text][\/vc_column][vc_column width=&#8221;2\/5&#8243;]\n<div class=\"wpcf7 no-js\" id=\"wpcf7-f3198-o1\" lang=\"de-DE\" dir=\"ltr\">\n<div class=\"screen-reader-response\"><p role=\"status\" aria-live=\"polite\" aria-atomic=\"true\"><\/p> <ul><\/ul><\/div>\n<form action=\"\/en\/wp-json\/wp\/v2\/pages\/1411#wpcf7-f3198-o1\" method=\"post\" class=\"wpcf7-form init\" aria-label=\"Kontaktformular\" novalidate=\"novalidate\" data-status=\"init\">\n<div style=\"display: none;\">\n<input type=\"hidden\" name=\"_wpcf7\" value=\"3198\" \/>\n<input type=\"hidden\" name=\"_wpcf7_version\" value=\"5.7.4\" \/>\n<input type=\"hidden\" name=\"_wpcf7_locale\" value=\"de_DE\" \/>\n<input type=\"hidden\" name=\"_wpcf7_unit_tag\" value=\"wpcf7-f3198-o1\" \/>\n<input type=\"hidden\" name=\"_wpcf7_container_post\" value=\"0\" \/>\n<input type=\"hidden\" name=\"_wpcf7_posted_data_hash\" value=\"\" \/>\n<\/div>\n<p><label>E-Mail Adresse:<br \/>\n<span class=\"wpcf7-form-control-wrap\" data-name=\"your-email\"><input size=\"40\" class=\"wpcf7-form-control wpcf7-text wpcf7-email wpcf7-validates-as-required wpcf7-validates-as-email\" aria-required=\"true\" aria-invalid=\"false\" value=\"\" type=\"email\" name=\"your-email\" \/><\/span> <\/label>\n<\/p>\n<p><input class=\"wpcf7-form-control has-spinner wpcf7-submit\" id=\"button1\" type=\"submit\" value=\"Senden\" \/>\n<\/p><div class=\"wpcf7-response-output\" aria-hidden=\"true\"><\/div>\n<\/form>\n<\/div>\n[\/vc_column][\/vc_row]<\/p>\n<\/section>","protected":false},"excerpt":{"rendered":"<p>[vc_row][vc_column][vc_column_text][\/vc_column_text][\/vc_column][\/vc_row][vc_row css=&#8221;.vc_custom_1607416520171{margin-top: 20px !important;margin-right: 10px !important;margin-left: 10px !important;border-top-width: 2px !important;border-right-width: 10px !important;border-bottom-width: 2px !important;border-left-width: 10px !important;padding-top: 30px !important;padding-right: 2px !important;padding-bottom: 2px !important;padding-left: 2px !important;background-color: #f1f1f1 !important;border-radius: 20px !important;}&#8221;][vc_column width=&#8221;1\/3&#8243; css=&#8221;.vc_custom_1607417144883{margin-top:&#8230;<\/p>\n","protected":false},"author":4,"featured_media":0,"parent":0,"menu_order":0,"comment_status":"closed","ping_status":"closed","template":"","meta":{"_themeisle_gutenberg_block_has_review":false},"yoast_head":"<!-- This site is optimized with the Yoast SEO plugin v21.0 - https:\/\/yoast.com\/wordpress\/plugins\/seo\/ -->\n<title>Products\/Services - Sch\u00f6nborner Armaturen GmbH<\/title>\n<meta name=\"robots\" content=\"index, follow, max-snippet:-1, max-image-preview:large, max-video-preview:-1\" \/>\n<link rel=\"canonical\" href=\"https:\/\/schoenborner.com\/produkte-leistungen-old\/\" \/>\n<meta property=\"og:locale\" content=\"en_US\" \/>\n<meta property=\"og:type\" content=\"article\" \/>\n<meta property=\"og:title\" content=\"[:de]Produkte\/Leistungen[:en]Products\/Services[:] - Sch\u00f6nborner Armaturen GmbH\" \/>\n<meta property=\"og:description\" content=\"[vc_row][vc_column][vc_column_text][\/vc_column_text][\/vc_column][\/vc_row][vc_row css=&#8221;.vc_custom_1607416520171{margin-top: 20px !important;margin-right: 10px !important;margin-left: 10px !important;border-top-width: 2px !important;border-right-width: 10px !important;border-bottom-width: 2px !important;border-left-width: 10px !important;padding-top: 30px !important;padding-right: 2px !important;padding-bottom: 2px !important;padding-left: 2px !important;background-color: #f1f1f1 !important;border-radius: 20px !important;}&#8221;][vc_column width=&#8221;1\/3&#8243; css=&#8221;.vc_custom_1607417144883{margin-top:...\" \/>\n<meta property=\"og:url\" content=\"https:\/\/schoenborner.com\/produkte-leistungen-old\/\" \/>\n<meta property=\"og:site_name\" content=\"Sch\u00f6nborner Armaturen GmbH\" \/>\n<meta property=\"article:modified_time\" content=\"2023-03-13T09:11:42+00:00\" \/>\n<meta name=\"twitter:card\" content=\"summary_large_image\" \/>\n<meta name=\"twitter:label1\" content=\"Est. reading time\" \/>\n\t<meta name=\"twitter:data1\" content=\"9 minutes\" \/>\n<script type=\"application\/ld+json\" class=\"yoast-schema-graph\">{\"@context\":\"https:\/\/schema.org\",\"@graph\":[{\"@type\":\"WebPage\",\"@id\":\"https:\/\/schoenborner.com\/produkte-leistungen-old\/\",\"url\":\"https:\/\/schoenborner.com\/produkte-leistungen-old\/\",\"name\":\"[:de]Produkte\/Leistungen[:en]Products\/Services[:] - Sch\u00f6nborner Armaturen GmbH\",\"isPartOf\":{\"@id\":\"https:\/\/schoenborner.com\/#website\"},\"datePublished\":\"2020-12-08T06:51:45+00:00\",\"dateModified\":\"2023-03-13T09:11:42+00:00\",\"breadcrumb\":{\"@id\":\"https:\/\/schoenborner.com\/produkte-leistungen-old\/#breadcrumb\"},\"inLanguage\":\"en-US\",\"potentialAction\":[{\"@type\":\"ReadAction\",\"target\":[\"https:\/\/schoenborner.com\/produkte-leistungen-old\/\"]}]},{\"@type\":\"BreadcrumbList\",\"@id\":\"https:\/\/schoenborner.com\/produkte-leistungen-old\/#breadcrumb\",\"itemListElement\":[{\"@type\":\"ListItem\",\"position\":1,\"name\":\"Startseite\",\"item\":\"https:\/\/schoenborner.com\/\"},{\"@type\":\"ListItem\",\"position\":2,\"name\":\"[:de]Produkte\/Leistungen[:en]Products\/Services[:]\"}]},{\"@type\":\"WebSite\",\"@id\":\"https:\/\/schoenborner.com\/#website\",\"url\":\"https:\/\/schoenborner.com\/\",\"name\":\"Sch\u00f6nborner Armaturen GmbH\",\"description\":\"Hersteller von Armaturenzubeh\u00f6r f\u00fcr die kommunale Gas-, Wasser- und Abwasserwirtschaft.\",\"potentialAction\":[{\"@type\":\"SearchAction\",\"target\":{\"@type\":\"EntryPoint\",\"urlTemplate\":\"https:\/\/schoenborner.com\/?s={search_term_string}\"},\"query-input\":\"required name=search_term_string\"}],\"inLanguage\":\"en-US\"}]}<\/script>\n<!-- \/ Yoast SEO plugin. -->","yoast_head_json":{"title":"[:de]Produkte\/Leistungen[:en]Products\/Services[:] - Sch\u00f6nborner Armaturen GmbH","robots":{"index":"index","follow":"follow","max-snippet":"max-snippet:-1","max-image-preview":"max-image-preview:large","max-video-preview":"max-video-preview:-1"},"canonical":"https:\/\/schoenborner.com\/produkte-leistungen-old\/","og_locale":"en_US","og_type":"article","og_title":"[:de]Produkte\/Leistungen[:en]Products\/Services[:] - Sch\u00f6nborner Armaturen GmbH","og_description":"[vc_row][vc_column][vc_column_text][\/vc_column_text][\/vc_column][\/vc_row][vc_row css=&#8221;.vc_custom_1607416520171{margin-top: 20px !important;margin-right: 10px !important;margin-left: 10px !important;border-top-width: 2px !important;border-right-width: 10px !important;border-bottom-width: 2px !important;border-left-width: 10px !important;padding-top: 30px !important;padding-right: 2px !important;padding-bottom: 2px !important;padding-left: 2px !important;background-color: #f1f1f1 !important;border-radius: 20px !important;}&#8221;][vc_column width=&#8221;1\/3&#8243; css=&#8221;.vc_custom_1607417144883{margin-top:...","og_url":"https:\/\/schoenborner.com\/produkte-leistungen-old\/","og_site_name":"Sch\u00f6nborner Armaturen GmbH","article_modified_time":"2023-03-13T09:11:42+00:00","twitter_card":"summary_large_image","twitter_misc":{"Est. reading time":"9 minutes"},"schema":{"@context":"https:\/\/schema.org","@graph":[{"@type":"WebPage","@id":"https:\/\/schoenborner.com\/produkte-leistungen-old\/","url":"https:\/\/schoenborner.com\/produkte-leistungen-old\/","name":"[:de]Produkte\/Leistungen[:en]Products\/Services[:] - Sch\u00f6nborner Armaturen GmbH","isPartOf":{"@id":"https:\/\/schoenborner.com\/#website"},"datePublished":"2020-12-08T06:51:45+00:00","dateModified":"2023-03-13T09:11:42+00:00","breadcrumb":{"@id":"https:\/\/schoenborner.com\/produkte-leistungen-old\/#breadcrumb"},"inLanguage":"en-US","potentialAction":[{"@type":"ReadAction","target":["https:\/\/schoenborner.com\/produkte-leistungen-old\/"]}]},{"@type":"BreadcrumbList","@id":"https:\/\/schoenborner.com\/produkte-leistungen-old\/#breadcrumb","itemListElement":[{"@type":"ListItem","position":1,"name":"Startseite","item":"https:\/\/schoenborner.com\/"},{"@type":"ListItem","position":2,"name":"[:de]Produkte\/Leistungen[:en]Products\/Services[:]"}]},{"@type":"WebSite","@id":"https:\/\/schoenborner.com\/#website","url":"https:\/\/schoenborner.com\/","name":"Sch\u00f6nborner Armaturen GmbH","description":"Hersteller von Armaturenzubeh\u00f6r f\u00fcr die kommunale Gas-, Wasser- und Abwasserwirtschaft.","potentialAction":[{"@type":"SearchAction","target":{"@type":"EntryPoint","urlTemplate":"https:\/\/schoenborner.com\/?s={search_term_string}"},"query-input":"required name=search_term_string"}],"inLanguage":"en-US"}]}},"_links":{"self":[{"href":"https:\/\/schoenborner.com\/en\/wp-json\/wp\/v2\/pages\/1411"}],"collection":[{"href":"https:\/\/schoenborner.com\/en\/wp-json\/wp\/v2\/pages"}],"about":[{"href":"https:\/\/schoenborner.com\/en\/wp-json\/wp\/v2\/types\/page"}],"author":[{"embeddable":true,"href":"https:\/\/schoenborner.com\/en\/wp-json\/wp\/v2\/users\/4"}],"replies":[{"embeddable":true,"href":"https:\/\/schoenborner.com\/en\/wp-json\/wp\/v2\/comments?post=1411"}],"version-history":[{"count":83,"href":"https:\/\/schoenborner.com\/en\/wp-json\/wp\/v2\/pages\/1411\/revisions"}],"predecessor-version":[{"id":5277,"href":"https:\/\/schoenborner.com\/en\/wp-json\/wp\/v2\/pages\/1411\/revisions\/5277"}],"wp:attachment":[{"href":"https:\/\/schoenborner.com\/en\/wp-json\/wp\/v2\/media?parent=1411"}],"curies":[{"name":"wp","href":"https:\/\/api.w.org\/{rel}","templated":true}]}}