{"id":1469,"date":"2020-12-08T11:25:28","date_gmt":"2020-12-08T10:25:28","guid":{"rendered":"https:\/\/schoenborner.com\/Websiteab2020\/?page_id=1469"},"modified":"2022-10-25T15:32:25","modified_gmt":"2022-10-25T13:32:25","slug":"impressum","status":"publish","type":"page","link":"https:\/\/schoenborner.com\/en\/impressum\/","title":{"rendered":"Imprint"},"content":{"rendered":"<section class=\"wpb-content-wrapper\"><p>[vc_row][vc_column][vc_column_text][\/vc_column_text][\/vc_column][\/vc_row][vc_row][vc_column][vc_column_text]<\/p>\n<section class=\"av_textblock_section\">\n<div class=\"avia_textblock \" itemprop=\"text\">\n<p><span style=\"color: #00348d;\"><strong>Sch\u00f6nborner Armaturen GmbH<\/strong><\/span><\/p>\n<p>Finsterwalder Chaussee 17a<br \/>\n03253 Doberlug-Kirchhain OT Hennersdorf<\/p>\n<p>phone: (03 53 22) 1380 0<br \/>\nfax: (03 53 22) 1380 19<\/p>\n<p><span style=\"color: #000000;\"> Email: info(at)schoenborner.com<\/span><\/p>\n<p>&nbsp;<\/p>\n<\/div>\n<\/section>\n<p><strong><span style=\"color: #00348d;\">Management:<\/span><br \/>\n<\/strong>Thomas Ebert<\/p>\n<section class=\"av_textblock_section\">\n<div class=\"avia_textblock \" itemprop=\"text\">\n<p><span style=\"color: #00348d;\"><strong>Register entry:<\/strong><\/span><br \/>\nRegister Court: Cottbus Local Court<br \/>\nRegistration number: HRB 2487<\/p>\n<p><strong><span style=\"color: #00348d;\">VAT ID<\/span>: <\/strong><br \/>\nDE 163821314<\/p>\n<p><span style=\"color: #00348d;\"><strong>Image rights:<\/strong><\/span><br \/>\nLars Re\u00dfler<br \/>\nRico Hofmann<br \/>\nHeike Drasdo<\/p>\n<p><span style=\"color: #00348d;\"><strong>Design &amp; technical implementation:<\/strong><\/span><br \/>\n<span style=\"color: #000000;\"><a style=\"color: #000000;\" href=\"https:\/\/medienagentur-dresden.net\">zedrab-design GbR<\/a><\/span><\/p>\n<h2 class=\"av-special-heading-tag\">LEGAL NOTES<\/h2>\n<\/div>\n<section class=\"av_textblock_section\">\n<div class=\"avia_textblock \" itemprop=\"text\">\n<p><span style=\"color: #00348d;\"><strong>\u00a7 1 Limitation of liability<\/strong><\/span><br \/>\nThe contents of this website are created with the greatest possible care. However, the provider accepts no responsibility for the accuracy, completeness and up-to-dateness of the content provided. The use of the contents of the website is at the user&#8217;s own risk. Contributions identified by name reflect the opinion of the respective author and not always the opinion of the provider. The mere use of the provider&#8217;s website does not constitute any contractual relationship between the user and the provider.<\/p>\n<p><span style=\"color: #00348d;\"><strong>\u00a7 2 External links<\/strong><\/span><br \/>\nThis website contains links to third-party websites (&#8220;external links&#8221;). These websites are subject to the liability of the respective operators. When the external links were first created, the provider checked the external content for any legal violations. At that time, no legal violations were apparent. The provider has no influence on the current and future design and content of the linked pages. The inclusion of external links does not imply that the provider adopts the content behind the reference or link as its own. It is not reasonable for the provider to constantly monitor the external links without concrete indications of legal violations. However, if legal violations become known, such external links will be deleted immediately.<\/p>\n<p><span style=\"color: #00348d;\"><strong>\u00a7 3 Copyrights and ancillary copyrights<\/strong><\/span><br \/>\nThe content published on this website is subject to German copyright and ancillary copyright law. Any use not permitted by German copyright and ancillary copyright law requires the prior written consent of the provider or the respective rights holder. This applies in particular to the copying, editing, translation, storage, processing or reproduction of content in databases or other electronic media and systems. Third-party content and rights are marked as such. The unauthorised reproduction or transmission of individual contents or complete pages is not permitted and is punishable by law. Only the production of copies and downloads for personal, private and non-commercial use is permitted.<\/p>\n<p>The display of this website in external frames is only permitted with written permission.<\/p>\n<p><span style=\"color: #00348d;\"><strong>\u00a7 4 Special Terms of Use<\/strong><\/span><br \/>\nInsofar as special conditions for individual uses of this website deviate from the aforementioned paragraphs, this will be expressly indicated at the appropriate place. In this case, the special terms of use shall apply in the respective individual case.<\/p>\n<\/div>\n<\/section>\n<\/section>\n<p>[\/vc_column_text][\/vc_column][\/vc_row][vc_row][vc_column][vc_column_text][\/vc_column_text][\/vc_column][\/vc_row][vc_row gap=&#8221;20&#8243; content_placement=&#8221;top&#8221; css=&#8221;.vc_custom_1637001044248{margin-bottom: -100px !important;padding-top: 10px !important;padding-right: 30px !important;padding-bottom: 10px !important;padding-left: 30px !important;background-color: #f2f2f2 !important;border-radius: 3px !important;}&#8221; el_class=&#8221;schatten&#8221;][vc_column width=&#8221;1\/5&#8243;][vc_icon icon_fontawesome=&#8221;far fa-envelope-open&#8221; color=&#8221;custom&#8221; size=&#8221;xl&#8221; align=&#8221;center&#8221; custom_color=&#8221;#9ea7d8&#8243; el_class=&#8221;icon&#8221;][\/vc_column][vc_column width=&#8221;2\/5&#8243;][vc_column_text el_class=&#8221;text&#8221;]<\/p>\n<h2><strong>Sch\u00f6nborner &#8211; Newsletter<\/strong><\/h2>\n<p>Immer gut informiert auf dem neuesten Stand: Erfahren Sie als erster von innovativen Produkten und exklusiven Aktionen. Melden Sie sich zu unserem Newsletter an![\/vc_column_text][\/vc_column][vc_column width=&#8221;2\/5&#8243;]\n<div class=\"wpcf7 no-js\" id=\"wpcf7-f3198-o1\" lang=\"de-DE\" dir=\"ltr\">\n<div class=\"screen-reader-response\"><p role=\"status\" aria-live=\"polite\" aria-atomic=\"true\"><\/p> <ul><\/ul><\/div>\n<form action=\"\/en\/wp-json\/wp\/v2\/pages\/1469#wpcf7-f3198-o1\" method=\"post\" class=\"wpcf7-form init\" aria-label=\"Kontaktformular\" novalidate=\"novalidate\" data-status=\"init\">\n<div style=\"display: none;\">\n<input type=\"hidden\" name=\"_wpcf7\" value=\"3198\" \/>\n<input type=\"hidden\" name=\"_wpcf7_version\" value=\"5.7.4\" \/>\n<input type=\"hidden\" name=\"_wpcf7_locale\" value=\"de_DE\" \/>\n<input type=\"hidden\" name=\"_wpcf7_unit_tag\" value=\"wpcf7-f3198-o1\" \/>\n<input type=\"hidden\" name=\"_wpcf7_container_post\" value=\"0\" \/>\n<input type=\"hidden\" name=\"_wpcf7_posted_data_hash\" value=\"\" \/>\n<\/div>\n<p><label>E-Mail Adresse:<br \/>\n<span class=\"wpcf7-form-control-wrap\" data-name=\"your-email\"><input size=\"40\" class=\"wpcf7-form-control wpcf7-text wpcf7-email wpcf7-validates-as-required wpcf7-validates-as-email\" aria-required=\"true\" aria-invalid=\"false\" value=\"\" type=\"email\" name=\"your-email\" \/><\/span> <\/label>\n<\/p>\n<p><input class=\"wpcf7-form-control has-spinner wpcf7-submit\" id=\"button1\" type=\"submit\" value=\"Senden\" \/>\n<\/p><div class=\"wpcf7-response-output\" aria-hidden=\"true\"><\/div>\n<\/form>\n<\/div>\n[\/vc_column][\/vc_row]<\/p>\n<\/section>","protected":false},"excerpt":{"rendered":"<p>[vc_row][vc_column][vc_column_text][\/vc_column_text][\/vc_column][\/vc_row][vc_row][vc_column][vc_column_text] Sch\u00f6nborner Armaturen GmbH Finsterwalder Chaussee 17a 03253 Doberlug-Kirchhain OT Hennersdorf phone: (03 53 22) 1380 0 fax: (03 53 22) 1380 19 Email: info(at)schoenborner.com &nbsp; Management: Thomas Ebert Register&#8230;<\/p>\n","protected":false},"author":4,"featured_media":0,"parent":0,"menu_order":0,"comment_status":"closed","ping_status":"closed","template":"","meta":{"_themeisle_gutenberg_block_has_review":false},"yoast_head":"<!-- This site is optimized with the Yoast SEO plugin v21.0 - https:\/\/yoast.com\/wordpress\/plugins\/seo\/ -->\n<title>Imprint - Sch\u00f6nborner Armaturen GmbH<\/title>\n<meta name=\"robots\" content=\"index, follow, max-snippet:-1, max-image-preview:large, max-video-preview:-1\" \/>\n<link rel=\"canonical\" href=\"https:\/\/schoenborner.com\/impressum\/\" \/>\n<meta property=\"og:locale\" content=\"en_US\" \/>\n<meta property=\"og:type\" content=\"article\" \/>\n<meta property=\"og:title\" content=\"[:de]Impressum[:en]Imprint[:] - Sch\u00f6nborner Armaturen GmbH\" \/>\n<meta property=\"og:description\" content=\"[vc_row][vc_column][vc_column_text][\/vc_column_text][\/vc_column][\/vc_row][vc_row][vc_column][vc_column_text] Sch\u00f6nborner Armaturen GmbH Finsterwalder Chaussee 17a 03253 Doberlug-Kirchhain OT Hennersdorf phone: (03 53 22) 1380 0 fax: (03 53 22) 1380 19 Email: info(at)schoenborner.com &nbsp; Management: Thomas Ebert Register...\" \/>\n<meta property=\"og:url\" content=\"https:\/\/schoenborner.com\/impressum\/\" \/>\n<meta property=\"og:site_name\" content=\"Sch\u00f6nborner Armaturen GmbH\" \/>\n<meta property=\"article:modified_time\" content=\"2022-10-25T13:32:25+00:00\" \/>\n<meta name=\"twitter:card\" content=\"summary_large_image\" \/>\n<meta name=\"twitter:label1\" content=\"Est. reading time\" \/>\n\t<meta name=\"twitter:data1\" content=\"5 minutes\" \/>\n<script type=\"application\/ld+json\" class=\"yoast-schema-graph\">{\"@context\":\"https:\/\/schema.org\",\"@graph\":[{\"@type\":\"WebPage\",\"@id\":\"https:\/\/schoenborner.com\/impressum\/\",\"url\":\"https:\/\/schoenborner.com\/impressum\/\",\"name\":\"[:de]Impressum[:en]Imprint[:] - Sch\u00f6nborner Armaturen GmbH\",\"isPartOf\":{\"@id\":\"https:\/\/schoenborner.com\/#website\"},\"datePublished\":\"2020-12-08T10:25:28+00:00\",\"dateModified\":\"2022-10-25T13:32:25+00:00\",\"breadcrumb\":{\"@id\":\"https:\/\/schoenborner.com\/impressum\/#breadcrumb\"},\"inLanguage\":\"en-US\",\"potentialAction\":[{\"@type\":\"ReadAction\",\"target\":[\"https:\/\/schoenborner.com\/impressum\/\"]}]},{\"@type\":\"BreadcrumbList\",\"@id\":\"https:\/\/schoenborner.com\/impressum\/#breadcrumb\",\"itemListElement\":[{\"@type\":\"ListItem\",\"position\":1,\"name\":\"Startseite\",\"item\":\"https:\/\/schoenborner.com\/\"},{\"@type\":\"ListItem\",\"position\":2,\"name\":\"Impressum\"}]},{\"@type\":\"WebSite\",\"@id\":\"https:\/\/schoenborner.com\/#website\",\"url\":\"https:\/\/schoenborner.com\/\",\"name\":\"Sch\u00f6nborner Armaturen GmbH\",\"description\":\"Hersteller von Armaturenzubeh\u00f6r f\u00fcr die kommunale Gas-, Wasser- und Abwasserwirtschaft.\",\"potentialAction\":[{\"@type\":\"SearchAction\",\"target\":{\"@type\":\"EntryPoint\",\"urlTemplate\":\"https:\/\/schoenborner.com\/?s={search_term_string}\"},\"query-input\":\"required name=search_term_string\"}],\"inLanguage\":\"en-US\"}]}<\/script>\n<!-- \/ Yoast SEO plugin. -->","yoast_head_json":{"title":"[:de]Impressum[:en]Imprint[:] - Sch\u00f6nborner Armaturen GmbH","robots":{"index":"index","follow":"follow","max-snippet":"max-snippet:-1","max-image-preview":"max-image-preview:large","max-video-preview":"max-video-preview:-1"},"canonical":"https:\/\/schoenborner.com\/impressum\/","og_locale":"en_US","og_type":"article","og_title":"[:de]Impressum[:en]Imprint[:] - Sch\u00f6nborner Armaturen GmbH","og_description":"[vc_row][vc_column][vc_column_text][\/vc_column_text][\/vc_column][\/vc_row][vc_row][vc_column][vc_column_text] Sch\u00f6nborner Armaturen GmbH Finsterwalder Chaussee 17a 03253 Doberlug-Kirchhain OT Hennersdorf phone: (03 53 22) 1380 0 fax: (03 53 22) 1380 19 Email: info(at)schoenborner.com &nbsp; Management: Thomas Ebert Register...","og_url":"https:\/\/schoenborner.com\/impressum\/","og_site_name":"Sch\u00f6nborner Armaturen GmbH","article_modified_time":"2022-10-25T13:32:25+00:00","twitter_card":"summary_large_image","twitter_misc":{"Est. reading time":"5 minutes"},"schema":{"@context":"https:\/\/schema.org","@graph":[{"@type":"WebPage","@id":"https:\/\/schoenborner.com\/impressum\/","url":"https:\/\/schoenborner.com\/impressum\/","name":"[:de]Impressum[:en]Imprint[:] - Sch\u00f6nborner Armaturen GmbH","isPartOf":{"@id":"https:\/\/schoenborner.com\/#website"},"datePublished":"2020-12-08T10:25:28+00:00","dateModified":"2022-10-25T13:32:25+00:00","breadcrumb":{"@id":"https:\/\/schoenborner.com\/impressum\/#breadcrumb"},"inLanguage":"en-US","potentialAction":[{"@type":"ReadAction","target":["https:\/\/schoenborner.com\/impressum\/"]}]},{"@type":"BreadcrumbList","@id":"https:\/\/schoenborner.com\/impressum\/#breadcrumb","itemListElement":[{"@type":"ListItem","position":1,"name":"Startseite","item":"https:\/\/schoenborner.com\/"},{"@type":"ListItem","position":2,"name":"Impressum"}]},{"@type":"WebSite","@id":"https:\/\/schoenborner.com\/#website","url":"https:\/\/schoenborner.com\/","name":"Sch\u00f6nborner Armaturen GmbH","description":"Hersteller von Armaturenzubeh\u00f6r f\u00fcr die kommunale Gas-, Wasser- und Abwasserwirtschaft.","potentialAction":[{"@type":"SearchAction","target":{"@type":"EntryPoint","urlTemplate":"https:\/\/schoenborner.com\/?s={search_term_string}"},"query-input":"required name=search_term_string"}],"inLanguage":"en-US"}]}},"_links":{"self":[{"href":"https:\/\/schoenborner.com\/en\/wp-json\/wp\/v2\/pages\/1469"}],"collection":[{"href":"https:\/\/schoenborner.com\/en\/wp-json\/wp\/v2\/pages"}],"about":[{"href":"https:\/\/schoenborner.com\/en\/wp-json\/wp\/v2\/types\/page"}],"author":[{"embeddable":true,"href":"https:\/\/schoenborner.com\/en\/wp-json\/wp\/v2\/users\/4"}],"replies":[{"embeddable":true,"href":"https:\/\/schoenborner.com\/en\/wp-json\/wp\/v2\/comments?post=1469"}],"version-history":[{"count":6,"href":"https:\/\/schoenborner.com\/en\/wp-json\/wp\/v2\/pages\/1469\/revisions"}],"predecessor-version":[{"id":5368,"href":"https:\/\/schoenborner.com\/en\/wp-json\/wp\/v2\/pages\/1469\/revisions\/5368"}],"wp:attachment":[{"href":"https:\/\/schoenborner.com\/en\/wp-json\/wp\/v2\/media?parent=1469"}],"curies":[{"name":"wp","href":"https:\/\/api.w.org\/{rel}","templated":true}]}}