{"id":1471,"date":"2020-12-08T11:59:37","date_gmt":"2020-12-08T10:59:37","guid":{"rendered":"https:\/\/schoenborner.com\/Websiteab2020\/?page_id=1471"},"modified":"2021-11-15T19:49:36","modified_gmt":"2021-11-15T18:49:36","slug":"datenschutzerklaerung-2","status":"publish","type":"page","link":"https:\/\/schoenborner.com\/en\/datenschutzerklaerung-2\/","title":{"rendered":"Privacy policy"},"content":{"rendered":"<section class=\"wpb-content-wrapper\"><p>[vc_row][vc_column][vc_column_text][\/vc_column_text][\/vc_column][\/vc_row][vc_row][vc_column][vc_column_text]<span style=\"color: #00348d;\"><strong>Data Protection<\/strong><\/span><\/p>\n<p>In the following we would like to inform you about our privacy policy. Here you will find information about the collection and use of personal data when using our website. We comply with the data protection laws applicable in Germany. You can access this declaration at any time on our website.<\/p>\n<p>We expressly point out that data transmission on the Internet (e.g. communication by e-mail) is subject to security gaps and cannot be completely protected against access by third parties.<\/p>\n<p>The use of the contact data in our imprint for commercial advertising is expressly not desired unless we have given our prior written consent or a business relationship already exists. The provider and all persons named on this website hereby object to any commercial use and disclosure of their data.<\/p>\n<p><span style=\"color: #00348d;\"><strong>Personel data<\/strong><\/span><br \/>\nYou can visit our website without providing personal data. Insofar as personal data (such as name, address or e-mail address) is collected on our pages, this is done on a voluntary basis as far as possible. This data will not be passed on to third parties without your express consent. If a contractual relationship is to be established between you and us, or its content is to be developed or changed, or if you send us an enquiry, we collect and use personal data from you insofar as this is necessary for these purposes (inventory data). We collect, process and use personal data to the extent necessary to enable you to use the website (usage data). All personal data is only stored for as long as is necessary for the stated purpose (processing your enquiry or handling a contract). Retention periods under tax and commercial law are taken into account. By order of the competent authorities, we may provide information about this data (inventory data) in individual cases, insofar as this is necessary for the purposes of criminal prosecution, to avert danger, to fulfil the statutory tasks of the constitution protection authorities or the Military Counter-Intelligence Service or to enforce intellectual property rights.<br \/>\n<strong><span style=\"color: #00348d;\">Access data\/ Server log files<\/span><br \/>\n<\/strong>The provider (or its web space provider) collects data about each access to the offer (so-called server log files). The access data includes:<\/p>\n<p>Name of the website accessed, file, date and time of access, amount of data transferred, notification of successful access, browser type and version, the user&#8217;s operating system, referrer URL (the previously visited page), IP address and the requesting provider.<\/p>\n<p>The provider uses the log data only for statistical evaluations for the purpose of the operation, security and optimisation of the offer. However, the provider reserves the right to check the log data retrospectively if there is a justified suspicion of unlawful use due to concrete indications.<\/p>\n<p><span style=\"color: #00348d;\"><strong>Handling personal data<\/strong><\/span><br \/>\nPersonal data is information that can be used to identify a person, i.e. information that can be traced back to a person. This includes the name, email address or telephone number. But also data about preferences, hobbies, memberships or which websites were viewed by someone count as personal data.<\/p>\n<p>Personal data is only collected, used and passed on by the provider if this is permitted by law or if the users consent to the data collection.<\/p>\n<p><span style=\"color: #00348d;\"><strong>Contact<\/strong><\/span><br \/>\nWhen contacting the provider (for example via contact form or e-mail), the user&#8217;s details are stored for the purpose of processing the enquiry and in the event that follow-up questions arise.<\/p>\n<p><span style=\"color: #00348d;\"><strong>Integration of third-party services and content<\/strong><\/span><br \/>\nIt may happen that third-party content, such as videos from YouTube, maps from Google Maps, RSS feeds or graphics from other websites, are integrated within this online offer. This always assumes that the providers of this content (hereinafter referred to as &#8220;third-party providers&#8221;) are aware of the IP address of the user. Without the IP address, they could not send the content to the browser of the respective user. The IP address is therefore necessary for the presentation of this content. We endeavour to only use content whose respective providers only use the IP address to deliver the content. However, we have no influence if the third-party providers store the IP address, e.g. for statistical purposes. Insofar as this is known to us, we inform the users about this.<\/p>\n<p><span style=\"color: #00348d;\"><strong>Cookies<\/strong><\/span><br \/>\nCookies are small files that make it possible to store specific, device-related information on the user&#8217;s access device (PC, smartphone or similar). On the one hand, they serve the user-friendliness of websites and thus the users (e.g. storage of login data). On the other hand, they serve to collect statistical data on website use and to be able to analyse this data for the purpose of improving the offer. Users can influence the use of cookies. Most browsers have an option to restrict or completely prevent the storage of cookies. However, it is pointed out that the use and in particular the user comfort will be limited without cookies.<\/p>\n<p>You can manage many online ad cookies from companies via the US site <a href=\"http:\/\/www.aboutads.info\/choices\/\">http:\/\/www.aboutads.info\/choices\/<\/a> or the EU site <a href=\"http:\/\/www.youronlinechoices.com\/uk\/your-ad-choices\/\">http:\/\/www.youronlinechoices.com\/uk\/your-ad-choices\/ <\/a>.<\/p>\n<p><span style=\"color: #00348d;\"><strong>Analysis services<\/strong><\/span><br \/>\nOur website uses Piwik, a so-called web analysis service. Piwik uses &#8220;cookies&#8221;, which are text files placed on your computer, to help the website analyse how users use the site. For this purpose, the usage information generated by the cookie (including your shortened IP address) is transmitted to our server and stored for usage analysis purposes, which serves to optimise the website on our part. Your IP address is immediately anonymised during this process, so that you as a user remain anonymous to us. The information generated by the cookie about your use of this website is not passed on to third parties. You may refuse the use of cookies by selecting the appropriate settings on your browser, however please note that if you do this you may not be able to use the full functionality of this website.<\/p>\n<p>If you do not agree to the storage and evaluation of this data from your visit, you can object to the storage and use of this data at any time by clicking on the following link. In this case, a so-called opt-out cookie will be placed in your browser, which means that Piwik will not collect any session data. <strong>Attention<\/strong>: If you delete your cookies, this will result in the opt-out cookie also being deleted and you may have to reactivate it.<\/p>\n<p><span style=\"color: #00348d;\"><strong>Revocation, amendments, corrections and updates<\/strong><\/span><br \/>\nThe user has the right, upon request and free of charge, to receive information about the personal data stored about him\/her. In addition, the user has the right to correct incorrect data, block and delete his or her personal data, insofar as this does not conflict with any legal obligation to retain data.<\/p>\n<p><span style=\"color: #00348d;\"><strong>Right to information<\/strong><\/span><br \/>\nYou have the right at any time to enquire free of charge and without delay about the data collected about you. You have the right to revoke your consent to the use of your personal data at any time with effect for the future. Please use the <span style=\"color: #000000;\"><a style=\"color: #000000;\" href=\"http:\/\/schoenborner-armaturen.de\/kontakt\/kontaktaufnahme-mit-datenschutz\">Contact form<\/a>,<\/span> to let us know your questions and suggestions.[\/vc_column_text][\/vc_column][\/vc_row][vc_row][vc_column][vc_column_text][\/vc_column_text][\/vc_column][\/vc_row][vc_row gap=&#8221;20&#8243; content_placement=&#8221;top&#8221; css=&#8221;.vc_custom_1637001044248{margin-bottom: -100px !important;padding-top: 10px !important;padding-right: 30px !important;padding-bottom: 10px !important;padding-left: 30px !important;background-color: #f2f2f2 !important;border-radius: 3px !important;}&#8221; el_class=&#8221;schatten&#8221;][vc_column width=&#8221;1\/5&#8243;][vc_icon icon_fontawesome=&#8221;far fa-envelope-open&#8221; color=&#8221;custom&#8221; size=&#8221;xl&#8221; align=&#8221;center&#8221; custom_color=&#8221;#9ea7d8&#8243; el_class=&#8221;icon&#8221;][\/vc_column][vc_column width=&#8221;2\/5&#8243;][vc_column_text el_class=&#8221;text&#8221;]<\/p>\n<h2><strong>Sch\u00f6nborner &#8211; Newsletter<\/strong><\/h2>\n<p>Immer gut informiert auf dem neuesten Stand: Erfahren Sie als erster von innovativen Produkten und exklusiven Aktionen. Melden Sie sich zu unserem Newsletter an![\/vc_column_text][\/vc_column][vc_column width=&#8221;2\/5&#8243;]\n<div class=\"wpcf7 no-js\" id=\"wpcf7-f3198-o1\" lang=\"de-DE\" dir=\"ltr\">\n<div class=\"screen-reader-response\"><p role=\"status\" aria-live=\"polite\" aria-atomic=\"true\"><\/p> <ul><\/ul><\/div>\n<form action=\"\/en\/wp-json\/wp\/v2\/pages\/1471#wpcf7-f3198-o1\" method=\"post\" class=\"wpcf7-form init\" aria-label=\"Kontaktformular\" novalidate=\"novalidate\" data-status=\"init\">\n<div style=\"display: none;\">\n<input type=\"hidden\" name=\"_wpcf7\" value=\"3198\" \/>\n<input type=\"hidden\" name=\"_wpcf7_version\" value=\"5.7.4\" \/>\n<input type=\"hidden\" name=\"_wpcf7_locale\" value=\"de_DE\" \/>\n<input type=\"hidden\" name=\"_wpcf7_unit_tag\" value=\"wpcf7-f3198-o1\" \/>\n<input type=\"hidden\" name=\"_wpcf7_container_post\" value=\"0\" \/>\n<input type=\"hidden\" name=\"_wpcf7_posted_data_hash\" value=\"\" \/>\n<\/div>\n<p><label>E-Mail Adresse:<br \/>\n<span class=\"wpcf7-form-control-wrap\" data-name=\"your-email\"><input size=\"40\" class=\"wpcf7-form-control wpcf7-text wpcf7-email wpcf7-validates-as-required wpcf7-validates-as-email\" aria-required=\"true\" aria-invalid=\"false\" value=\"\" type=\"email\" name=\"your-email\" \/><\/span> <\/label>\n<\/p>\n<p><input class=\"wpcf7-form-control has-spinner wpcf7-submit\" id=\"button1\" type=\"submit\" value=\"Senden\" \/>\n<\/p><div class=\"wpcf7-response-output\" aria-hidden=\"true\"><\/div>\n<\/form>\n<\/div>\n[\/vc_column][\/vc_row]<\/p>\n<\/section>","protected":false},"excerpt":{"rendered":"<p>[vc_row][vc_column][vc_column_text][\/vc_column_text][\/vc_column][\/vc_row][vc_row][vc_column][vc_column_text]Data Protection In the following we would like to inform you about our privacy policy. Here you will find information about the collection and use of personal data when using&#8230;<\/p>\n","protected":false},"author":4,"featured_media":0,"parent":0,"menu_order":0,"comment_status":"closed","ping_status":"closed","template":"","meta":{"_themeisle_gutenberg_block_has_review":false},"yoast_head":"<!-- This site is optimized with the Yoast SEO plugin v21.0 - https:\/\/yoast.com\/wordpress\/plugins\/seo\/ -->\n<title>Privacy policy - Sch\u00f6nborner Armaturen GmbH<\/title>\n<meta name=\"robots\" content=\"index, follow, max-snippet:-1, max-image-preview:large, max-video-preview:-1\" \/>\n<link rel=\"canonical\" href=\"https:\/\/schoenborner.com\/datenschutzerklaerung-2\/\" \/>\n<meta property=\"og:locale\" content=\"en_US\" \/>\n<meta property=\"og:type\" content=\"article\" \/>\n<meta property=\"og:title\" content=\"[:de]Datenschutzerkl\u00e4rung[:en]Privacy policy[:] - Sch\u00f6nborner Armaturen GmbH\" \/>\n<meta property=\"og:description\" content=\"[vc_row][vc_column][vc_column_text][\/vc_column_text][\/vc_column][\/vc_row][vc_row][vc_column][vc_column_text]Data Protection In the following we would like to inform you about our privacy policy. Here you will find information about the collection and use of personal data when using...\" \/>\n<meta property=\"og:url\" content=\"https:\/\/schoenborner.com\/datenschutzerklaerung-2\/\" \/>\n<meta property=\"og:site_name\" content=\"Sch\u00f6nborner Armaturen GmbH\" \/>\n<meta property=\"article:modified_time\" content=\"2021-11-15T18:49:36+00:00\" \/>\n<meta name=\"twitter:card\" content=\"summary_large_image\" \/>\n<meta name=\"twitter:label1\" content=\"Est. reading time\" \/>\n\t<meta name=\"twitter:data1\" content=\"13 minutes\" \/>\n<script type=\"application\/ld+json\" class=\"yoast-schema-graph\">{\"@context\":\"https:\/\/schema.org\",\"@graph\":[{\"@type\":\"WebPage\",\"@id\":\"https:\/\/schoenborner.com\/datenschutzerklaerung-2\/\",\"url\":\"https:\/\/schoenborner.com\/datenschutzerklaerung-2\/\",\"name\":\"[:de]Datenschutzerkl\u00e4rung[:en]Privacy policy[:] - Sch\u00f6nborner Armaturen GmbH\",\"isPartOf\":{\"@id\":\"https:\/\/schoenborner.com\/#website\"},\"datePublished\":\"2020-12-08T10:59:37+00:00\",\"dateModified\":\"2021-11-15T18:49:36+00:00\",\"breadcrumb\":{\"@id\":\"https:\/\/schoenborner.com\/datenschutzerklaerung-2\/#breadcrumb\"},\"inLanguage\":\"en-US\",\"potentialAction\":[{\"@type\":\"ReadAction\",\"target\":[\"https:\/\/schoenborner.com\/datenschutzerklaerung-2\/\"]}]},{\"@type\":\"BreadcrumbList\",\"@id\":\"https:\/\/schoenborner.com\/datenschutzerklaerung-2\/#breadcrumb\",\"itemListElement\":[{\"@type\":\"ListItem\",\"position\":1,\"name\":\"Startseite\",\"item\":\"https:\/\/schoenborner.com\/\"},{\"@type\":\"ListItem\",\"position\":2,\"name\":\"Datenschutzerkl\u00e4rung\"}]},{\"@type\":\"WebSite\",\"@id\":\"https:\/\/schoenborner.com\/#website\",\"url\":\"https:\/\/schoenborner.com\/\",\"name\":\"Sch\u00f6nborner Armaturen GmbH\",\"description\":\"Hersteller von Armaturenzubeh\u00f6r f\u00fcr die kommunale Gas-, Wasser- und Abwasserwirtschaft.\",\"potentialAction\":[{\"@type\":\"SearchAction\",\"target\":{\"@type\":\"EntryPoint\",\"urlTemplate\":\"https:\/\/schoenborner.com\/?s={search_term_string}\"},\"query-input\":\"required name=search_term_string\"}],\"inLanguage\":\"en-US\"}]}<\/script>\n<!-- \/ Yoast SEO plugin. -->","yoast_head_json":{"title":"[:de]Datenschutzerkl\u00e4rung[:en]Privacy policy[:] - Sch\u00f6nborner Armaturen GmbH","robots":{"index":"index","follow":"follow","max-snippet":"max-snippet:-1","max-image-preview":"max-image-preview:large","max-video-preview":"max-video-preview:-1"},"canonical":"https:\/\/schoenborner.com\/datenschutzerklaerung-2\/","og_locale":"en_US","og_type":"article","og_title":"[:de]Datenschutzerkl\u00e4rung[:en]Privacy policy[:] - Sch\u00f6nborner Armaturen GmbH","og_description":"[vc_row][vc_column][vc_column_text][\/vc_column_text][\/vc_column][\/vc_row][vc_row][vc_column][vc_column_text]Data Protection In the following we would like to inform you about our privacy policy. Here you will find information about the collection and use of personal data when using...","og_url":"https:\/\/schoenborner.com\/datenschutzerklaerung-2\/","og_site_name":"Sch\u00f6nborner Armaturen GmbH","article_modified_time":"2021-11-15T18:49:36+00:00","twitter_card":"summary_large_image","twitter_misc":{"Est. reading time":"13 minutes"},"schema":{"@context":"https:\/\/schema.org","@graph":[{"@type":"WebPage","@id":"https:\/\/schoenborner.com\/datenschutzerklaerung-2\/","url":"https:\/\/schoenborner.com\/datenschutzerklaerung-2\/","name":"[:de]Datenschutzerkl\u00e4rung[:en]Privacy policy[:] - Sch\u00f6nborner Armaturen GmbH","isPartOf":{"@id":"https:\/\/schoenborner.com\/#website"},"datePublished":"2020-12-08T10:59:37+00:00","dateModified":"2021-11-15T18:49:36+00:00","breadcrumb":{"@id":"https:\/\/schoenborner.com\/datenschutzerklaerung-2\/#breadcrumb"},"inLanguage":"en-US","potentialAction":[{"@type":"ReadAction","target":["https:\/\/schoenborner.com\/datenschutzerklaerung-2\/"]}]},{"@type":"BreadcrumbList","@id":"https:\/\/schoenborner.com\/datenschutzerklaerung-2\/#breadcrumb","itemListElement":[{"@type":"ListItem","position":1,"name":"Startseite","item":"https:\/\/schoenborner.com\/"},{"@type":"ListItem","position":2,"name":"Datenschutzerkl\u00e4rung"}]},{"@type":"WebSite","@id":"https:\/\/schoenborner.com\/#website","url":"https:\/\/schoenborner.com\/","name":"Sch\u00f6nborner Armaturen GmbH","description":"Hersteller von Armaturenzubeh\u00f6r f\u00fcr die kommunale Gas-, Wasser- und Abwasserwirtschaft.","potentialAction":[{"@type":"SearchAction","target":{"@type":"EntryPoint","urlTemplate":"https:\/\/schoenborner.com\/?s={search_term_string}"},"query-input":"required name=search_term_string"}],"inLanguage":"en-US"}]}},"_links":{"self":[{"href":"https:\/\/schoenborner.com\/en\/wp-json\/wp\/v2\/pages\/1471"}],"collection":[{"href":"https:\/\/schoenborner.com\/en\/wp-json\/wp\/v2\/pages"}],"about":[{"href":"https:\/\/schoenborner.com\/en\/wp-json\/wp\/v2\/types\/page"}],"author":[{"embeddable":true,"href":"https:\/\/schoenborner.com\/en\/wp-json\/wp\/v2\/users\/4"}],"replies":[{"embeddable":true,"href":"https:\/\/schoenborner.com\/en\/wp-json\/wp\/v2\/comments?post=1471"}],"version-history":[{"count":5,"href":"https:\/\/schoenborner.com\/en\/wp-json\/wp\/v2\/pages\/1471\/revisions"}],"predecessor-version":[{"id":3326,"href":"https:\/\/schoenborner.com\/en\/wp-json\/wp\/v2\/pages\/1471\/revisions\/3326"}],"wp:attachment":[{"href":"https:\/\/schoenborner.com\/en\/wp-json\/wp\/v2\/media?parent=1471"}],"curies":[{"name":"wp","href":"https:\/\/api.w.org\/{rel}","templated":true}]}}