{"id":15,"date":"2020-10-07T15:00:47","date_gmt":"2020-10-07T13:00:47","guid":{"rendered":"https:\/\/schoenborner.com\/Websiteab2020\/?page_id=15"},"modified":"2026-04-29T14:27:55","modified_gmt":"2026-04-29T12:27:55","slug":"home","status":"publish","type":"page","link":"https:\/\/schoenborner.com\/en\/","title":{"rendered":"https:\/\/schoenborner.com\/"},"content":{"rendered":"<section class=\"wpb-content-wrapper\"><p>[vc_row][vc_column][vc_column_text css=&#8221;.vc_custom_1678804832743{margin-top: -50px !important;}&#8221;][\/vc_column_text][\/vc_column][\/vc_row][vc_row equal_height=&#8221;yes&#8221;][vc_column][vc_images_carousel images=&#8221;9281,9203,9204&#8243; img_size=&#8221;full&#8221; onclick=&#8221;custom_link&#8221; custom_links_target=&#8221;_blank&#8221; autoplay=&#8221;yes&#8221; wrap=&#8221;yes&#8221; custom_links=&#8221;#E-8_aHR0cHMlM0ElMkYlMkZzY2hvZW5ib3JuZXIuY29tJTJGd3AtY29udGVudCUyRnVwbG9hZHMlMkYyMDI1JTJGMDclMkZQcm9kdWt0ZGF0ZW5ibGF0dC1TZWl0ZS0xLVByb2R1a3RiZXNjaHJlaWJ1bmctV2lua2VsZ2V0cmllYmUtRWluYmF1c2V0LTIwMjUtMDctMTQucGRmJTJDaHR0cHMlM0ElMkYlMkZzY2hvZW5ib3JuZXIuY29tJTJGV2Vic2l0ZWFiMjAyMCUyRnVudGVybmVobWVuJTJGJTJDaHR0cHMlM0ElMkYlMkZzY2hvZW5ib3JuZXIuY29tJTJGV2Vic2l0ZWFiMjAyMCUyRmVpbmJhdWdhcm5pdHVyZW4lMkY=&#8221;][\/vc_column][\/vc_row][vc_row css=&#8221;.vc_custom_1532591264138{border-radius: 5px !important;}&#8221;][vc_column css=&#8221;.vc_custom_1753955739721{padding-right: 10px !important;padding-left: 10px !important;background-color: #024f9c !important;border-radius: 5px !important;}&#8221;][vc_column_text css_animation=&#8221;appear&#8221;]<\/p>\n<h1 style=\"text-align: center;\"><span style=\"color: #ffffff;\"><a style=\"color: #ffffff;\" href=\"https:\/\/schoenborner.com\/produkte-leistungen\/\"><strong>Products and Services<\/strong><\/a><\/span><\/h1>\n<p>[\/vc_column_text][\/vc_column][\/vc_row][vc_row][vc_column width=&#8221;2\/3&#8243;][vc_raw_html]JTNDYSUyMGhyZWYlM0QlMjJodHRwcyUzQSUyRiUyRmV4aGliaXRvcnMuaWZhdC5kZSUyRmNvbXBhbnklMkYxNDc0ODk2JTIyJTIwdGFyZ2V0JTNEJTIyX2JsYW5rJTIyJTNFJTNDaW1nJTIwc3JjJTNEJTIyaHR0cHMlM0ElMkYlMkZwYmFubmVyLWF3cy5uZm0tbWVkaWFzaG9wLmRlJTJGaW1nJTJGYmFubmVycyUyRjA4YjkwYjFlODBhZGYyYmVfMjA3Nl9DMl8xMDFfZW4uanBnJTIyJTIwYm9yZGVyJTNEJTIyMCUyMiUyMHdpZHRoJTNEJTIyNzI4JTIyJTIwaGVpZ2h0JTNEJTIyOTAlMjIlMjAlMkYlM0UlM0MlMkZhJTNF[\/vc_raw_html][\/vc_column][vc_column width=&#8221;1\/3&#8243;][vc_column_text]<\/p>\n<h5><strong><span style=\"color: #024f9c;\">Get firsthand information about our latest developments and discover our exciting solutions for the future. We look forward to speaking with you in person!<\/span><\/strong><\/h5>\n<p>[\/vc_column_text][\/vc_column][\/vc_row][vc_row css=&#8221;.vc_custom_1532591264138{border-radius: 5px !important;}&#8221;][vc_column css=&#8221;.vc_custom_1580390828774{padding-right: 10px !important;padding-left: 10px !important;background-color: #024f9c !important;border-radius: 5px !important;}&#8221;][vc_column_text css_animation=&#8221;appear&#8221;]<\/p>\n<h1 style=\"text-align: center;\"><a href=\"https:\/\/schoenborner.com\/Websiteab2020\/neuigkeiten\/\"><strong><span style=\"color: #ffffff;\">NEWS<\/span><\/strong><\/a><\/h1>\n<p>[\/vc_column_text][\/vc_column][\/vc_row][vc_row][vc_column][vc_empty_space height=&#8221;5&#8243;][\/vc_column][\/vc_row][vc_row content_placement=&#8221;top&#8221; css=&#8221;.vc_custom_1742207622974{background-color: #cccccc !important;border-radius: 5px !important;}&#8221;][vc_column width=&#8221;1\/2&#8243;][vc_column_text css=&#8221;.vc_custom_1745492391931{margin-left: 10px !important;}&#8221;]<\/p>\n<h2><strong>The Sch\u00f6nborner Winkel &#8211; EBG<\/strong><\/h2>\n<p>The elbow extension spindle from Sch\u00f6nborner Armaturen GmbH offers many advantages, which are described here in Viedo.[\/vc_column_text][\/vc_column][vc_column width=&#8221;1\/2&#8243;][vc_video link=&#8221;https:\/\/youtu.be\/twB65UxoDPc&#8221; align=&#8221;center&#8221;][\/vc_column][\/vc_row][vc_row][vc_column][vc_empty_space height=&#8221;5&#8243;][\/vc_column][\/vc_row][vc_row content_placement=&#8221;top&#8221; css=&#8221;.vc_custom_1742207622974{background-color: #cccccc !important;border-radius: 5px !important;}&#8221;][vc_column width=&#8221;1\/2&#8243;][vc_column_text css=&#8221;.vc_custom_1753960904902{margin-left: 10px !important;}&#8221;]<\/p>\n<h2><strong>Sch\u00f6nborner Mineral Compound SBC 50<\/strong><\/h2>\n<p>Backfill Compound (SBC 50) is a free-flowing, self-compacting mortar system for the technically correct installation of recessed fittings.[\/vc_column_text][\/vc_column][vc_column width=&#8221;1\/2&#8243;][vc_video link=&#8221;https:\/\/youtube.com\/watch?v=7QenAxbtY-g&amp;feature=shares&#8221; align=&#8221;center&#8221;][\/vc_column][\/vc_row][vc_row][vc_column][vc_empty_space height=&#8221;5&#8243;][\/vc_column][\/vc_row][vc_row content_placement=&#8221;top&#8221; css=&#8221;.vc_custom_1602144219717{background-color: #cccccc !important;border-radius: 5px !important;}&#8221;][vc_column width=&#8221;1\/2&#8243;][vc_column_text css=&#8221;.vc_custom_1745492764861{margin-left: 10px !important;}&#8221;]<\/p>\n<h2><strong>Assembly and installation of a telescopic extension spindle<\/strong><\/h2>\n<p>The video clearly shows the assembly and installation of a SCHOENBORNER telescopic extension spindle with brake and pull-out safety system.[\/vc_column_text][\/vc_column][vc_column width=&#8221;1\/2&#8243;][vc_video link=&#8221;https:\/\/youtu.be\/7HCOBQEsJF4&#8243; align=&#8221;center&#8221;][\/vc_column][\/vc_row][vc_row][vc_column][vc_empty_space height=&#8221;5&#8243;][\/vc_column][\/vc_row][vc_row content_placement=&#8221;top&#8221; css=&#8221;.vc_custom_1602144219717{background-color: #cccccc !important;border-radius: 5px !important;}&#8221;][vc_column width=&#8221;1\/2&#8243;][vc_column_text css=&#8221;.vc_custom_1675857640188{margin-left: 10px !important;}&#8221;]<\/p>\n<h2><strong>Flexible systems for many mounting stations<\/strong><\/h2>\n<p>[\/vc_column_text][vc_column_text css_animation=&#8221;appear&#8221; css=&#8221;.vc_custom_1675344470657{margin-top: 10px !important;margin-left: 10px !important;}&#8221;]Since Arctic temperatures prevail in parts of Scandinavia, water pipes with large pipe cover are laid. For this purpose, installation sets in special lengths are used. However, they cause high costs during storage and transport.<\/p>\n<p>For us, the task arose: How can we optimize both transport and storage for our customer? As the video shows, the addition of extensions to our standard installation set is an economical replacement for such special length products.[\/vc_column_text][\/vc_column][vc_column width=&#8221;1\/2&#8243;][vc_video link=&#8221;https:\/\/youtu.be\/lTGthFNdVy8&#8243; css=&#8221;.vc_custom_1729596638570{padding-top: 40px !important;}&#8221;][\/vc_column][\/vc_row][vc_row][vc_column][vc_cta h2=&#8221;&#8221; txt_align=&#8221;center&#8221; style=&#8221;custom&#8221; add_button=&#8221;bottom&#8221; btn_title=&#8221;Hier W\u00f6rter nachschlagen&#8221; btn_style=&#8221;classic&#8221; btn_color=&#8221;inverse&#8221; btn_align=&#8221;center&#8221; btn_button_block=&#8221;true&#8221; btn_add_icon=&#8221;true&#8221; btn_custom_onclick=&#8221;true&#8221; btn_link=&#8221;url:https%3A%2F%2Fschoenborner.com%2Fwiki%2F|||&#8221; custom_background=&#8221;#cccccc&#8221; css=&#8221;.vc_custom_1613397857895{background-color: #cccccc !important;}&#8221;]<a href=\"https:\/\/schoenborner.com\/wiki\/\"><img decoding=\"async\" loading=\"lazy\" class=\"aligncenter wp-image-1985 size-medium\" src=\"https:\/\/schoenborner.com\/wp-content\/uploads\/2021\/02\/Woerterbuch-1-500x600-1-250x300.png\" alt=\"\" width=\"250\" height=\"300\" srcset=\"https:\/\/schoenborner.com\/wp-content\/uploads\/2021\/02\/Woerterbuch-1-500x600-1-250x300.png 250w, https:\/\/schoenborner.com\/wp-content\/uploads\/2021\/02\/Woerterbuch-1-500x600-1.png 500w\" sizes=\"(max-width: 250px) 100vw, 250px\" \/><\/a>[\/vc_cta][\/vc_column][\/vc_row][vc_row][vc_column][vc_column_text][\/vc_column_text][\/vc_column][\/vc_row][vc_row gap=&#8221;20&#8243; content_placement=&#8221;top&#8221; css=&#8221;.vc_custom_1675856918633{margin-bottom: -100px !important;padding-top: 10px !important;padding-right: 30px !important;padding-bottom: 10px !important;padding-left: 30px !important;border-radius: 3px !important;}&#8221; el_class=&#8221;schatten bgnl-mmm&#8221;][vc_column width=&#8221;1\/5&#8243;][vc_icon icon_fontawesome=&#8221;far fa-envelope-open&#8221; color=&#8221;custom&#8221; size=&#8221;xl&#8221; align=&#8221;center&#8221; custom_color=&#8221;#004a99&#8243; el_class=&#8221;icon&#8221;][\/vc_column][vc_column width=&#8221;2\/5&#8243;][vc_column_text el_class=&#8221;text&#8221;]<\/p>\n<h2><strong>Sch\u00f6nborner &#8211; Newsletter<\/strong><\/h2>\n<p>Always well informed and up to date: Be the first to know about innovative products and exclusive promotions. Sign up for our newsletter![\/vc_column_text][\/vc_column][vc_column width=&#8221;2\/5&#8243;]\n<div class=\"wpcf7 no-js\" id=\"wpcf7-f5814-o2\" lang=\"de-DE\" dir=\"ltr\">\n<div class=\"screen-reader-response\"><p role=\"status\" aria-live=\"polite\" aria-atomic=\"true\"><\/p> <ul><\/ul><\/div>\n<form action=\"\/en\/wp-json\/wp\/v2\/pages\/15#wpcf7-f5814-o2\" method=\"post\" class=\"wpcf7-form init\" aria-label=\"Kontaktformular\" novalidate=\"novalidate\" data-status=\"init\">\n<div style=\"display: none;\">\n<input type=\"hidden\" name=\"_wpcf7\" value=\"5814\" \/>\n<input type=\"hidden\" name=\"_wpcf7_version\" value=\"5.7.4\" \/>\n<input type=\"hidden\" name=\"_wpcf7_locale\" value=\"de_DE\" \/>\n<input type=\"hidden\" name=\"_wpcf7_unit_tag\" value=\"wpcf7-f5814-o2\" \/>\n<input type=\"hidden\" name=\"_wpcf7_container_post\" value=\"0\" \/>\n<input type=\"hidden\" name=\"_wpcf7_posted_data_hash\" value=\"\" \/>\n<\/div>\n<p><label>E-mail address:<br \/>\n<span class=\"wpcf7-form-control-wrap\" data-name=\"your-email\"><input size=\"40\" class=\"wpcf7-form-control wpcf7-text wpcf7-email wpcf7-validates-as-required wpcf7-validates-as-email\" aria-required=\"true\" aria-invalid=\"false\" value=\"\" type=\"email\" name=\"your-email\" \/><\/span> <\/label>\n<\/p>\n<p><input class=\"wpcf7-form-control has-spinner wpcf7-submit\" id=\"button1\" type=\"submit\" value=\"Send\" \/>\n<\/p><div class=\"wpcf7-response-output\" aria-hidden=\"true\"><\/div>\n<\/form>\n<\/div>\n[\/vc_column][\/vc_row][vc_row][vc_column][\/vc_column][\/vc_row]<\/p>\n<\/section>","protected":false},"excerpt":{"rendered":"<p>[vc_row][vc_column][vc_column_text css=&#8221;.vc_custom_1678804832743{margin-top: -50px !important;}&#8221;][\/vc_column_text][\/vc_column][\/vc_row][vc_row equal_height=&#8221;yes&#8221;][vc_column][vc_images_carousel images=&#8221;9281,9203,9204&#8243; img_size=&#8221;full&#8221; onclick=&#8221;custom_link&#8221; custom_links_target=&#8221;_blank&#8221; autoplay=&#8221;yes&#8221; wrap=&#8221;yes&#8221; custom_links=&#8221;#E-8_aHR0cHMlM0ElMkYlMkZzY2hvZW5ib3JuZXIuY29tJTJGd3AtY29udGVudCUyRnVwbG9hZHMlMkYyMDI1JTJGMDclMkZQcm9kdWt0ZGF0ZW5ibGF0dC1TZWl0ZS0xLVByb2R1a3RiZXNjaHJlaWJ1bmctV2lua2VsZ2V0cmllYmUtRWluYmF1c2V0LTIwMjUtMDctMTQucGRmJTJDaHR0cHMlM0ElMkYlMkZzY2hvZW5ib3JuZXIuY29tJTJGV2Vic2l0ZWFiMjAyMCUyRnVudGVybmVobWVuJTJGJTJDaHR0cHMlM0ElMkYlMkZzY2hvZW5ib3JuZXIuY29tJTJGV2Vic2l0ZWFiMjAyMCUyRmVpbmJhdWdhcm5pdHVyZW4lMkY=&#8221;][\/vc_column][\/vc_row][vc_row css=&#8221;.vc_custom_1532591264138{border-radius: 5px !important;}&#8221;][vc_column css=&#8221;.vc_custom_1753955739721{padding-right: 10px !important;padding-left: 10px !important;background-color: #024f9c !important;border-radius: 5px !important;}&#8221;][vc_column_text css_animation=&#8221;appear&#8221;] Products and Services [\/vc_column_text][\/vc_column][\/vc_row][vc_row][vc_column width=&#8221;2\/3&#8243;][vc_raw_html]JTNDYSUyMGhyZWYlM0QlMjJodHRwcyUzQSUyRiUyRmV4aGliaXRvcnMuaWZhdC5kZSUyRmNvbXBhbnklMkYxNDc0ODk2JTIyJTIwdGFyZ2V0JTNEJTIyX2JsYW5rJTIyJTNFJTNDaW1nJTIwc3JjJTNEJTIyaHR0cHMlM0ElMkYlMkZwYmFubmVyLWF3cy5uZm0tbWVkaWFzaG9wLmRlJTJGaW1nJTJGYmFubmVycyUyRjA4YjkwYjFlODBhZGYyYmVfMjA3Nl9DMl8xMDFfZW4uanBnJTIyJTIwYm9yZGVyJTNEJTIyMCUyMiUyMHdpZHRoJTNEJTIyNzI4JTIyJTIwaGVpZ2h0JTNEJTIyOTAlMjIlMjAlMkYlM0UlM0MlMkZhJTNF[\/vc_raw_html][\/vc_column][vc_column&#8230;<\/p>\n","protected":false},"author":4,"featured_media":1242,"parent":0,"menu_order":0,"comment_status":"closed","ping_status":"closed","template":"","meta":{"_themeisle_gutenberg_block_has_review":false},"yoast_head":"<!-- This site is optimized with the Yoast SEO plugin v21.0 - https:\/\/yoast.com\/wordpress\/plugins\/seo\/ -->\n<title>https:\/\/schoenborner.com\/ - Sch\u00f6nborner Armaturen GmbH<\/title>\n<meta name=\"robots\" content=\"index, follow, max-snippet:-1, max-image-preview:large, max-video-preview:-1\" \/>\n<link rel=\"canonical\" href=\"https:\/\/schoenborner.com\/\" \/>\n<meta property=\"og:locale\" content=\"en_US\" \/>\n<meta property=\"og:type\" content=\"article\" \/>\n<meta property=\"og:title\" content=\"https:\/\/schoenborner.com\/ - Sch\u00f6nborner Armaturen GmbH\" \/>\n<meta property=\"og:description\" content=\"[vc_row][vc_column][vc_column_text css=&#8221;.vc_custom_1678804832743{margin-top: -50px !important;}&#8221;][\/vc_column_text][\/vc_column][\/vc_row][vc_row equal_height=&#8221;yes&#8221;][vc_column][vc_images_carousel images=&#8221;9281,9203,9204&#8243; img_size=&#8221;full&#8221; onclick=&#8221;custom_link&#8221; custom_links_target=&#8221;_blank&#8221; autoplay=&#8221;yes&#8221; wrap=&#8221;yes&#8221; custom_links=&#8221;#E-8_aHR0cHMlM0ElMkYlMkZzY2hvZW5ib3JuZXIuY29tJTJGd3AtY29udGVudCUyRnVwbG9hZHMlMkYyMDI1JTJGMDclMkZQcm9kdWt0ZGF0ZW5ibGF0dC1TZWl0ZS0xLVByb2R1a3RiZXNjaHJlaWJ1bmctV2lua2VsZ2V0cmllYmUtRWluYmF1c2V0LTIwMjUtMDctMTQucGRmJTJDaHR0cHMlM0ElMkYlMkZzY2hvZW5ib3JuZXIuY29tJTJGV2Vic2l0ZWFiMjAyMCUyRnVudGVybmVobWVuJTJGJTJDaHR0cHMlM0ElMkYlMkZzY2hvZW5ib3JuZXIuY29tJTJGV2Vic2l0ZWFiMjAyMCUyRmVpbmJhdWdhcm5pdHVyZW4lMkY=&#8221;][\/vc_column][\/vc_row][vc_row css=&#8221;.vc_custom_1532591264138{border-radius: 5px !important;}&#8221;][vc_column css=&#8221;.vc_custom_1753955739721{padding-right: 10px !important;padding-left: 10px !important;background-color: #024f9c !important;border-radius: 5px !important;}&#8221;][vc_column_text css_animation=&#8221;appear&#8221;] Products and Services [\/vc_column_text][\/vc_column][\/vc_row][vc_row][vc_column width=&#8221;2\/3&#8243;][vc_raw_html]JTNDYSUyMGhyZWYlM0QlMjJodHRwcyUzQSUyRiUyRmV4aGliaXRvcnMuaWZhdC5kZSUyRmNvbXBhbnklMkYxNDc0ODk2JTIyJTIwdGFyZ2V0JTNEJTIyX2JsYW5rJTIyJTNFJTNDaW1nJTIwc3JjJTNEJTIyaHR0cHMlM0ElMkYlMkZwYmFubmVyLWF3cy5uZm0tbWVkaWFzaG9wLmRlJTJGaW1nJTJGYmFubmVycyUyRjA4YjkwYjFlODBhZGYyYmVfMjA3Nl9DMl8xMDFfZW4uanBnJTIyJTIwYm9yZGVyJTNEJTIyMCUyMiUyMHdpZHRoJTNEJTIyNzI4JTIyJTIwaGVpZ2h0JTNEJTIyOTAlMjIlMjAlMkYlM0UlM0MlMkZhJTNF[\/vc_raw_html][\/vc_column][vc_column...\" \/>\n<meta property=\"og:url\" content=\"https:\/\/schoenborner.com\/\" \/>\n<meta property=\"og:site_name\" content=\"Sch\u00f6nborner Armaturen GmbH\" \/>\n<meta property=\"article:modified_time\" content=\"2026-04-29T12:27:55+00:00\" \/>\n<meta property=\"og:image\" content=\"https:\/\/schoenborner.com\/wp-content\/uploads\/2020\/11\/Woerterbuch-1-500x600-1.png\" \/>\n\t<meta property=\"og:image:width\" content=\"500\" \/>\n\t<meta property=\"og:image:height\" content=\"600\" \/>\n\t<meta property=\"og:image:type\" content=\"image\/png\" \/>\n<meta name=\"twitter:card\" content=\"summary_large_image\" \/>\n<meta name=\"twitter:label1\" content=\"Est. reading time\" \/>\n\t<meta name=\"twitter:data1\" content=\"5 minutes\" \/>\n<script type=\"application\/ld+json\" class=\"yoast-schema-graph\">{\"@context\":\"https:\/\/schema.org\",\"@graph\":[{\"@type\":\"WebPage\",\"@id\":\"https:\/\/schoenborner.com\/\",\"url\":\"https:\/\/schoenborner.com\/\",\"name\":\"https:\/\/schoenborner.com\/ - Sch\u00f6nborner Armaturen GmbH\",\"isPartOf\":{\"@id\":\"https:\/\/schoenborner.com\/#website\"},\"datePublished\":\"2020-10-07T13:00:47+00:00\",\"dateModified\":\"2026-04-29T12:27:55+00:00\",\"breadcrumb\":{\"@id\":\"https:\/\/schoenborner.com\/#breadcrumb\"},\"inLanguage\":\"en-US\",\"potentialAction\":[{\"@type\":\"ReadAction\",\"target\":[\"https:\/\/schoenborner.com\/\"]}]},{\"@type\":\"BreadcrumbList\",\"@id\":\"https:\/\/schoenborner.com\/#breadcrumb\",\"itemListElement\":[{\"@type\":\"ListItem\",\"position\":1,\"name\":\"Startseite\",\"item\":\"https:\/\/schoenborner.com\/\"},{\"@type\":\"ListItem\",\"position\":2,\"name\":\"https:\/\/schoenborner.com\/\"}]},{\"@type\":\"WebSite\",\"@id\":\"https:\/\/schoenborner.com\/#website\",\"url\":\"https:\/\/schoenborner.com\/\",\"name\":\"Sch\u00f6nborner Armaturen GmbH\",\"description\":\"Hersteller von Armaturenzubeh\u00f6r f\u00fcr die kommunale Gas-, Wasser- und Abwasserwirtschaft.\",\"potentialAction\":[{\"@type\":\"SearchAction\",\"target\":{\"@type\":\"EntryPoint\",\"urlTemplate\":\"https:\/\/schoenborner.com\/?s={search_term_string}\"},\"query-input\":\"required name=search_term_string\"}],\"inLanguage\":\"en-US\"}]}<\/script>\n<!-- \/ Yoast SEO plugin. -->","yoast_head_json":{"title":"https:\/\/schoenborner.com\/ - Sch\u00f6nborner Armaturen GmbH","robots":{"index":"index","follow":"follow","max-snippet":"max-snippet:-1","max-image-preview":"max-image-preview:large","max-video-preview":"max-video-preview:-1"},"canonical":"https:\/\/schoenborner.com\/","og_locale":"en_US","og_type":"article","og_title":"https:\/\/schoenborner.com\/ - Sch\u00f6nborner Armaturen GmbH","og_description":"[vc_row][vc_column][vc_column_text css=&#8221;.vc_custom_1678804832743{margin-top: -50px !important;}&#8221;][\/vc_column_text][\/vc_column][\/vc_row][vc_row equal_height=&#8221;yes&#8221;][vc_column][vc_images_carousel images=&#8221;9281,9203,9204&#8243; img_size=&#8221;full&#8221; onclick=&#8221;custom_link&#8221; custom_links_target=&#8221;_blank&#8221; autoplay=&#8221;yes&#8221; wrap=&#8221;yes&#8221; custom_links=&#8221;#E-8_aHR0cHMlM0ElMkYlMkZzY2hvZW5ib3JuZXIuY29tJTJGd3AtY29udGVudCUyRnVwbG9hZHMlMkYyMDI1JTJGMDclMkZQcm9kdWt0ZGF0ZW5ibGF0dC1TZWl0ZS0xLVByb2R1a3RiZXNjaHJlaWJ1bmctV2lua2VsZ2V0cmllYmUtRWluYmF1c2V0LTIwMjUtMDctMTQucGRmJTJDaHR0cHMlM0ElMkYlMkZzY2hvZW5ib3JuZXIuY29tJTJGV2Vic2l0ZWFiMjAyMCUyRnVudGVybmVobWVuJTJGJTJDaHR0cHMlM0ElMkYlMkZzY2hvZW5ib3JuZXIuY29tJTJGV2Vic2l0ZWFiMjAyMCUyRmVpbmJhdWdhcm5pdHVyZW4lMkY=&#8221;][\/vc_column][\/vc_row][vc_row css=&#8221;.vc_custom_1532591264138{border-radius: 5px !important;}&#8221;][vc_column css=&#8221;.vc_custom_1753955739721{padding-right: 10px !important;padding-left: 10px !important;background-color: #024f9c !important;border-radius: 5px !important;}&#8221;][vc_column_text css_animation=&#8221;appear&#8221;] Products and Services [\/vc_column_text][\/vc_column][\/vc_row][vc_row][vc_column width=&#8221;2\/3&#8243;][vc_raw_html]JTNDYSUyMGhyZWYlM0QlMjJodHRwcyUzQSUyRiUyRmV4aGliaXRvcnMuaWZhdC5kZSUyRmNvbXBhbnklMkYxNDc0ODk2JTIyJTIwdGFyZ2V0JTNEJTIyX2JsYW5rJTIyJTNFJTNDaW1nJTIwc3JjJTNEJTIyaHR0cHMlM0ElMkYlMkZwYmFubmVyLWF3cy5uZm0tbWVkaWFzaG9wLmRlJTJGaW1nJTJGYmFubmVycyUyRjA4YjkwYjFlODBhZGYyYmVfMjA3Nl9DMl8xMDFfZW4uanBnJTIyJTIwYm9yZGVyJTNEJTIyMCUyMiUyMHdpZHRoJTNEJTIyNzI4JTIyJTIwaGVpZ2h0JTNEJTIyOTAlMjIlMjAlMkYlM0UlM0MlMkZhJTNF[\/vc_raw_html][\/vc_column][vc_column...","og_url":"https:\/\/schoenborner.com\/","og_site_name":"Sch\u00f6nborner Armaturen GmbH","article_modified_time":"2026-04-29T12:27:55+00:00","og_image":[{"width":500,"height":600,"url":"https:\/\/schoenborner.com\/wp-content\/uploads\/2020\/11\/Woerterbuch-1-500x600-1.png","type":"image\/png"}],"twitter_card":"summary_large_image","twitter_misc":{"Est. reading time":"5 minutes"},"schema":{"@context":"https:\/\/schema.org","@graph":[{"@type":"WebPage","@id":"https:\/\/schoenborner.com\/","url":"https:\/\/schoenborner.com\/","name":"https:\/\/schoenborner.com\/ - Sch\u00f6nborner Armaturen GmbH","isPartOf":{"@id":"https:\/\/schoenborner.com\/#website"},"datePublished":"2020-10-07T13:00:47+00:00","dateModified":"2026-04-29T12:27:55+00:00","breadcrumb":{"@id":"https:\/\/schoenborner.com\/#breadcrumb"},"inLanguage":"en-US","potentialAction":[{"@type":"ReadAction","target":["https:\/\/schoenborner.com\/"]}]},{"@type":"BreadcrumbList","@id":"https:\/\/schoenborner.com\/#breadcrumb","itemListElement":[{"@type":"ListItem","position":1,"name":"Startseite","item":"https:\/\/schoenborner.com\/"},{"@type":"ListItem","position":2,"name":"https:\/\/schoenborner.com\/"}]},{"@type":"WebSite","@id":"https:\/\/schoenborner.com\/#website","url":"https:\/\/schoenborner.com\/","name":"Sch\u00f6nborner Armaturen GmbH","description":"Hersteller von Armaturenzubeh\u00f6r f\u00fcr die kommunale Gas-, Wasser- und Abwasserwirtschaft.","potentialAction":[{"@type":"SearchAction","target":{"@type":"EntryPoint","urlTemplate":"https:\/\/schoenborner.com\/?s={search_term_string}"},"query-input":"required name=search_term_string"}],"inLanguage":"en-US"}]}},"_links":{"self":[{"href":"https:\/\/schoenborner.com\/en\/wp-json\/wp\/v2\/pages\/15"}],"collection":[{"href":"https:\/\/schoenborner.com\/en\/wp-json\/wp\/v2\/pages"}],"about":[{"href":"https:\/\/schoenborner.com\/en\/wp-json\/wp\/v2\/types\/page"}],"author":[{"embeddable":true,"href":"https:\/\/schoenborner.com\/en\/wp-json\/wp\/v2\/users\/4"}],"replies":[{"embeddable":true,"href":"https:\/\/schoenborner.com\/en\/wp-json\/wp\/v2\/comments?post=15"}],"version-history":[{"count":453,"href":"https:\/\/schoenborner.com\/en\/wp-json\/wp\/v2\/pages\/15\/revisions"}],"predecessor-version":[{"id":9418,"href":"https:\/\/schoenborner.com\/en\/wp-json\/wp\/v2\/pages\/15\/revisions\/9418"}],"wp:featuredmedia":[{"embeddable":true,"href":"https:\/\/schoenborner.com\/en\/wp-json\/wp\/v2\/media\/1242"}],"wp:attachment":[{"href":"https:\/\/schoenborner.com\/en\/wp-json\/wp\/v2\/media?parent=15"}],"curies":[{"name":"wp","href":"https:\/\/api.w.org\/{rel}","templated":true}]}}