{"id":3026,"date":"2021-10-28T15:07:52","date_gmt":"2021-10-28T13:07:52","guid":{"rendered":"https:\/\/schoenborner.com\/?page_id=3026"},"modified":"2023-01-23T11:48:59","modified_gmt":"2023-01-23T10:48:59","slug":"labor-und-prueftechnik","status":"publish","type":"page","link":"https:\/\/schoenborner.com\/en\/labor-und-prueftechnik\/","title":{"rendered":"testing technology"},"content":{"rendered":"<section class=\"wpb-content-wrapper\"><p>[vc_row][vc_column][vc_column_text][\/vc_column_text][\/vc_column][\/vc_row][vc_row][vc_column][vc_empty_space height=&#8221;20px&#8221;][vc_column_text]<\/p>\n<h2><span style=\"color: #004a99;\"><strong>IMAGE-GUIDED 3D COORDINATE MEASURING MACHINE<br \/>\n<\/strong><\/span><\/h2>\n<p>[\/vc_column_text][\/vc_column][\/vc_row][vc_row][vc_column width=&#8221;1\/2&#8243; css=&#8221;.vc_custom_1639554717244{margin-top: 20px !important;margin-left: 7px !important;background-color: #cccccc !important;border-radius: 10px !important;}&#8221;][vc_single_image image=&#8221;3069&#8243; img_size=&#8221;400&#215;550&#8243; onclick=&#8221;link_image&#8221; css=&#8221;.vc_custom_1639555007662{margin-top: -5px !important;padding-right: 0px !important;padding-left: 20px !important;}&#8221;][\/vc_column][vc_column width=&#8221;1\/2&#8243; css=&#8221;.vc_custom_1641458807620{margin-top: 20px !important;margin-left: -7px !important;padding-bottom: 88px !important;background-color: #cccccc !important;border-radius: 10px !important;}&#8221;][vc_column_text css=&#8221;.vc_custom_1641456467840{margin-top: 30px !important;padding-right: 30px !important;padding-bottom: 51px !important;padding-left: 0px !important;background-color: #cccccc !important;border-radius: 10px !important;}&#8221;]<strong>KEYENCE XM-T1000<\/strong><\/p>\n<p>Image-guided 3D coordinate measuring device<\/p>\n<p>15-inch LCD monitor<\/p>\n<p>No air-conditioned measuring room required (operating environment: 10 to 35\u00b0C, 20 to 80 % humidity)<\/p>\n<p>Intuitive operation thanks to integrated compact camera<\/p>\n<p>Measuring range 300 mm x 250 mm x 150 mm<\/p>\n<p>Measurement deviation \u00b18\u03bcm<\/p>\n<p>Maximum weight load 25 kg[\/vc_column_text][\/vc_column][\/vc_row][vc_row][vc_column][vc_column_text][\/vc_column_text][vc_empty_space height=&#8221;20px&#8221;][vc_column_text]<\/p>\n<h2><span style=\"color: #004a99;\"><strong>LEAK DETECTION<\/strong><\/span><\/h2>\n<p>[\/vc_column_text][\/vc_column][\/vc_row][vc_row][vc_column width=&#8221;1\/2&#8243; css=&#8221;.vc_custom_1635339697808{margin-top: 20px !important;margin-left: 7px !important;background-color: #cccccc !important;border-radius: 10px !important;}&#8221;][vc_single_image image=&#8221;3070&#8243; img_size=&#8221;400&#215;550&#8243; onclick=&#8221;link_image&#8221; css=&#8221;.vc_custom_1639555420270{margin-top: -5px !important;padding-right: 0px !important;padding-left: 20px !important;}&#8221;][\/vc_column][vc_column width=&#8221;1\/2&#8243; css=&#8221;.vc_custom_1635339903933{margin-top: 20px !important;margin-left: -7px !important;padding-bottom: 58px !important;background-color: #cccccc !important;border-radius: 10px !important;}&#8221;][vc_column_text css=&#8221;.vc_custom_1641456684610{margin-top: 30px !important;padding-right: 30px !important;padding-bottom: 247px !important;padding-left: 0px !important;background-color: #cccccc !important;border-radius: 10px !important;}&#8221;]<strong>Leak detection test bench<\/strong><\/p>\n<p>Development together with BTU Cottbus<\/p>\n<p>Re-enacting leakage noises<\/p>\n<p>Leak detection with sensors from vonRoll Hydro<\/p>\n<p>Modern evaluation software[\/vc_column_text][\/vc_column][\/vc_row][vc_row][vc_column][vc_column_text][\/vc_column_text][vc_empty_space height=&#8221;20px&#8221;][vc_column_text]<\/p>\n<h2><span style=\"color: #004a99;\"><strong>SAUTER &#8211; MOTORIZED VERTICAL TEST BENCH FOR TENSILE AND COMPRESSION MEASUREMENT<br \/>\n<\/strong><\/span><\/h2>\n<p>[\/vc_column_text][\/vc_column][\/vc_row][vc_row][vc_column width=&#8221;1\/2&#8243; css=&#8221;.vc_custom_1635339697808{margin-top: 20px !important;margin-left: 7px !important;background-color: #cccccc !important;border-radius: 10px !important;}&#8221;][vc_single_image image=&#8221;3071&#8243; img_size=&#8221;400&#215;550&#8243; onclick=&#8221;link_image&#8221; css=&#8221;.vc_custom_1639555466956{margin-top: -5px !important;padding-right: 0px !important;padding-left: 20px !important;}&#8221;][\/vc_column][vc_column width=&#8221;1\/2&#8243; css=&#8221;.vc_custom_1635339903933{margin-top: 20px !important;margin-left: -7px !important;padding-bottom: 58px !important;background-color: #cccccc !important;border-radius: 10px !important;}&#8221;][vc_column_text css=&#8221;.vc_custom_1641459012447{margin-top: 30px !important;padding-right: 30px !important;padding-bottom: 213px !important;padding-left: 0px !important;background-color: #cccccc !important;border-radius: 10px !important;}&#8221;]<strong>Zug Test Bench Sauter Electric Test Stand<\/strong><\/p>\n<p>Sauter AFH -Fast software for evaluation<\/p>\n<p>3 transducers with a measuring range of 1N-10kN<\/p>\n<p>Sample length from 50 mm \u2013 900 mm<\/p>\n<p>2 measurement modes (force-displacement and force-time)[\/vc_column_text][\/vc_column][\/vc_row][vc_row][vc_column][vc_column_text][\/vc_column_text][vc_empty_space height=&#8221;20px&#8221;][vc_column_text]<\/p>\n<h2><span style=\"color: #004a99;\"><strong>DIAMETER AND WALL THICKNESS TESTING IN PIPE PRODUCTION<br \/>\n<\/strong><\/span><\/h2>\n<p>[\/vc_column_text][\/vc_column][\/vc_row][vc_row][vc_column width=&#8221;1\/2&#8243; css=&#8221;.vc_custom_1635339697808{margin-top: 20px !important;margin-left: 7px !important;background-color: #cccccc !important;border-radius: 10px !important;}&#8221;][vc_single_image image=&#8221;3143&#8243; img_size=&#8221;400&#215;550&#8243; onclick=&#8221;link_image&#8221; css=&#8221;.vc_custom_1641460837047{margin-top: -5px !important;padding-right: 0px !important;padding-left: 20px !important;}&#8221;][\/vc_column][vc_column width=&#8221;1\/2&#8243; css=&#8221;.vc_custom_1639466561433{margin-top: 20px !important;margin-left: -7px !important;padding-bottom: 25px !important;background-color: #cccccc !important;border-radius: 10px !important;}&#8221;][vc_column_text css=&#8221;.vc_custom_1641459177875{margin-top: 30px !important;padding-right: 30px !important;padding-bottom: 334px !important;padding-left: 0px !important;background-color: #cccccc !important;border-radius: 10px !important;}&#8221;]<strong>Digital Dial Gauges<\/strong><\/p>\n<p>Production-accompanying testing of our extruded pipes<\/p>\n<p>Length, outer diameter and wall thickness are determined and documented using digital dial gauges[\/vc_column_text][\/vc_column][\/vc_row][vc_row][vc_column][vc_column_text][\/vc_column_text][vc_empty_space height=&#8221;20px&#8221;][vc_column_text]<\/p>\n<h2><span style=\"color: #004a99;\"><strong>TORSION TEST<br \/>\n<\/strong><\/span><\/h2>\n<p>[\/vc_column_text][\/vc_column][\/vc_row][vc_row][vc_column width=&#8221;1\/2&#8243; css=&#8221;.vc_custom_1639559755774{margin-top: 20px !important;margin-left: 7px !important;padding-bottom: 20px !important;background-color: #cccccc !important;border-radius: 10px !important;}&#8221;][vc_video link=&#8221;https:\/\/player.vimeo.com\/video\/656615273&#8243; css=&#8221;.vc_custom_1639555609336{margin-left: 20px !important;}&#8221;][\/vc_column][vc_column width=&#8221;1\/2&#8243; css=&#8221;.vc_custom_1641459445886{margin-top: 20px !important;margin-left: -4px !important;padding-left: 20px !important;background-color: #ccccccc !important;border-radius: 10px !important;}&#8221;][vc_column_text css=&#8221;.vc_custom_1641459415190{margin-top: 30px !important;padding-right: 30px !important;padding-bottom: 80px !important;padding-left: 0px !important;background-color: #cccccc !important;border-radius: 10px !important;}&#8221;]<strong>TORSION TEST ON THE BOOM FOR HOUSE CONNECTION FITTINGS<\/strong><\/p>\n<p>It shows how the boom components behave when applying the strength torque of 140 Nm.<\/p>\n<p>No damage or permanent deformation shall be visible after a holding time of one minute.[\/vc_column_text][\/vc_column][\/vc_row][vc_column][\/vc_column][vc_row][vc_column][vc_column_text][\/vc_column_text][\/vc_column][\/vc_row][vc_row gap=&#8221;20&#8243; content_placement=&#8221;top&#8221; css=&#8221;.vc_custom_1637001044248{margin-bottom: -100px !important;padding-top: 10px !important;padding-right: 30px !important;padding-bottom: 10px !important;padding-left: 30px !important;background-color: #f2f2f2 !important;border-radius: 3px !important;}&#8221; el_class=&#8221;schatten&#8221;][vc_column width=&#8221;1\/5&#8243;][vc_icon icon_fontawesome=&#8221;far fa-envelope-open&#8221; color=&#8221;custom&#8221; size=&#8221;xl&#8221; align=&#8221;center&#8221; custom_color=&#8221;#9ea7d8&#8243; el_class=&#8221;icon&#8221;][\/vc_column][vc_column width=&#8221;2\/5&#8243;][vc_column_text el_class=&#8221;text&#8221;]<\/p>\n<h2><strong>Sch\u00f6nborner &#8211; Newsletter<\/strong><\/h2>\n<p>Immer gut informiert auf dem neuesten Stand: Erfahren Sie als erster von innovativen Produkten und exklusiven Aktionen. Melden Sie sich zu unserem Newsletter an![\/vc_column_text][\/vc_column][vc_column width=&#8221;2\/5&#8243;]\n<div class=\"wpcf7 no-js\" id=\"wpcf7-f3198-o1\" lang=\"de-DE\" dir=\"ltr\">\n<div class=\"screen-reader-response\"><p role=\"status\" aria-live=\"polite\" aria-atomic=\"true\"><\/p> <ul><\/ul><\/div>\n<form action=\"\/en\/wp-json\/wp\/v2\/pages\/3026#wpcf7-f3198-o1\" method=\"post\" class=\"wpcf7-form init\" aria-label=\"Kontaktformular\" novalidate=\"novalidate\" data-status=\"init\">\n<div style=\"display: none;\">\n<input type=\"hidden\" name=\"_wpcf7\" value=\"3198\" \/>\n<input type=\"hidden\" name=\"_wpcf7_version\" value=\"5.7.4\" \/>\n<input type=\"hidden\" name=\"_wpcf7_locale\" value=\"de_DE\" \/>\n<input type=\"hidden\" name=\"_wpcf7_unit_tag\" value=\"wpcf7-f3198-o1\" \/>\n<input type=\"hidden\" name=\"_wpcf7_container_post\" value=\"0\" \/>\n<input type=\"hidden\" name=\"_wpcf7_posted_data_hash\" value=\"\" \/>\n<\/div>\n<p><label>E-Mail Adresse:<br \/>\n<span class=\"wpcf7-form-control-wrap\" data-name=\"your-email\"><input size=\"40\" class=\"wpcf7-form-control wpcf7-text wpcf7-email wpcf7-validates-as-required wpcf7-validates-as-email\" aria-required=\"true\" aria-invalid=\"false\" value=\"\" type=\"email\" name=\"your-email\" \/><\/span> <\/label>\n<\/p>\n<p><input class=\"wpcf7-form-control has-spinner wpcf7-submit\" id=\"button1\" type=\"submit\" value=\"Senden\" \/>\n<\/p><div class=\"wpcf7-response-output\" aria-hidden=\"true\"><\/div>\n<\/form>\n<\/div>\n[\/vc_column][\/vc_row][vc_column][\/vc_column]<\/p>\n<\/section>","protected":false},"excerpt":{"rendered":"<p>[vc_row][vc_column][vc_column_text][\/vc_column_text][\/vc_column][\/vc_row][vc_row][vc_column][vc_empty_space height=&#8221;20px&#8221;][vc_column_text] IMAGE-GUIDED 3D COORDINATE MEASURING MACHINE [\/vc_column_text][\/vc_column][\/vc_row][vc_row][vc_column width=&#8221;1\/2&#8243; css=&#8221;.vc_custom_1639554717244{margin-top: 20px !important;margin-left: 7px !important;background-color: #cccccc !important;border-radius: 10px !important;}&#8221;][vc_single_image image=&#8221;3069&#8243; img_size=&#8221;400&#215;550&#8243; onclick=&#8221;link_image&#8221; css=&#8221;.vc_custom_1639555007662{margin-top: -5px !important;padding-right: 0px !important;padding-left: 20px !important;}&#8221;][\/vc_column][vc_column width=&#8221;1\/2&#8243; css=&#8221;.vc_custom_1641458807620{margin-top:&#8230;<\/p>\n","protected":false},"author":4,"featured_media":0,"parent":0,"menu_order":0,"comment_status":"closed","ping_status":"closed","template":"","meta":{"_themeisle_gutenberg_block_has_review":false},"yoast_head":"<!-- This site is optimized with the Yoast SEO plugin v21.0 - https:\/\/yoast.com\/wordpress\/plugins\/seo\/ -->\n<title>testing technology  - Sch\u00f6nborner Armaturen GmbH<\/title>\n<meta name=\"robots\" content=\"index, follow, max-snippet:-1, max-image-preview:large, max-video-preview:-1\" \/>\n<link rel=\"canonical\" href=\"https:\/\/schoenborner.com\/labor-und-prueftechnik\/\" \/>\n<meta property=\"og:locale\" content=\"en_US\" \/>\n<meta property=\"og:type\" content=\"article\" \/>\n<meta property=\"og:title\" content=\"[:de]Pr\u00fcftechnik [:en]testing technology [:] - Sch\u00f6nborner Armaturen GmbH\" \/>\n<meta property=\"og:description\" content=\"[vc_row][vc_column][vc_column_text][\/vc_column_text][\/vc_column][\/vc_row][vc_row][vc_column][vc_empty_space height=&#8221;20px&#8221;][vc_column_text] IMAGE-GUIDED 3D COORDINATE MEASURING MACHINE [\/vc_column_text][\/vc_column][\/vc_row][vc_row][vc_column width=&#8221;1\/2&#8243; css=&#8221;.vc_custom_1639554717244{margin-top: 20px !important;margin-left: 7px !important;background-color: #cccccc !important;border-radius: 10px !important;}&#8221;][vc_single_image image=&#8221;3069&#8243; img_size=&#8221;400&#215;550&#8243; onclick=&#8221;link_image&#8221; css=&#8221;.vc_custom_1639555007662{margin-top: -5px !important;padding-right: 0px !important;padding-left: 20px !important;}&#8221;][\/vc_column][vc_column width=&#8221;1\/2&#8243; css=&#8221;.vc_custom_1641458807620{margin-top:...\" \/>\n<meta property=\"og:url\" content=\"https:\/\/schoenborner.com\/labor-und-prueftechnik\/\" \/>\n<meta property=\"og:site_name\" content=\"Sch\u00f6nborner Armaturen GmbH\" \/>\n<meta property=\"article:modified_time\" content=\"2023-01-23T10:48:59+00:00\" \/>\n<meta name=\"twitter:card\" content=\"summary_large_image\" \/>\n<meta name=\"twitter:label1\" content=\"Est. reading time\" \/>\n\t<meta name=\"twitter:data1\" content=\"5 minutes\" \/>\n<script type=\"application\/ld+json\" class=\"yoast-schema-graph\">{\"@context\":\"https:\/\/schema.org\",\"@graph\":[{\"@type\":\"WebPage\",\"@id\":\"https:\/\/schoenborner.com\/labor-und-prueftechnik\/\",\"url\":\"https:\/\/schoenborner.com\/labor-und-prueftechnik\/\",\"name\":\"[:de]Pr\u00fcftechnik [:en]testing technology [:] - Sch\u00f6nborner Armaturen GmbH\",\"isPartOf\":{\"@id\":\"https:\/\/schoenborner.com\/#website\"},\"datePublished\":\"2021-10-28T13:07:52+00:00\",\"dateModified\":\"2023-01-23T10:48:59+00:00\",\"breadcrumb\":{\"@id\":\"https:\/\/schoenborner.com\/labor-und-prueftechnik\/#breadcrumb\"},\"inLanguage\":\"en-US\",\"potentialAction\":[{\"@type\":\"ReadAction\",\"target\":[\"https:\/\/schoenborner.com\/labor-und-prueftechnik\/\"]}]},{\"@type\":\"BreadcrumbList\",\"@id\":\"https:\/\/schoenborner.com\/labor-und-prueftechnik\/#breadcrumb\",\"itemListElement\":[{\"@type\":\"ListItem\",\"position\":1,\"name\":\"Startseite\",\"item\":\"https:\/\/schoenborner.com\/\"},{\"@type\":\"ListItem\",\"position\":2,\"name\":\"Pr\u00fcftechnik\"}]},{\"@type\":\"WebSite\",\"@id\":\"https:\/\/schoenborner.com\/#website\",\"url\":\"https:\/\/schoenborner.com\/\",\"name\":\"Sch\u00f6nborner Armaturen GmbH\",\"description\":\"Hersteller von Armaturenzubeh\u00f6r f\u00fcr die kommunale Gas-, Wasser- und Abwasserwirtschaft.\",\"potentialAction\":[{\"@type\":\"SearchAction\",\"target\":{\"@type\":\"EntryPoint\",\"urlTemplate\":\"https:\/\/schoenborner.com\/?s={search_term_string}\"},\"query-input\":\"required name=search_term_string\"}],\"inLanguage\":\"en-US\"}]}<\/script>\n<!-- \/ Yoast SEO plugin. -->","yoast_head_json":{"title":"[:de]Pr\u00fcftechnik [:en]testing technology [:] - Sch\u00f6nborner Armaturen GmbH","robots":{"index":"index","follow":"follow","max-snippet":"max-snippet:-1","max-image-preview":"max-image-preview:large","max-video-preview":"max-video-preview:-1"},"canonical":"https:\/\/schoenborner.com\/labor-und-prueftechnik\/","og_locale":"en_US","og_type":"article","og_title":"[:de]Pr\u00fcftechnik [:en]testing technology [:] - Sch\u00f6nborner Armaturen GmbH","og_description":"[vc_row][vc_column][vc_column_text][\/vc_column_text][\/vc_column][\/vc_row][vc_row][vc_column][vc_empty_space height=&#8221;20px&#8221;][vc_column_text] IMAGE-GUIDED 3D COORDINATE MEASURING MACHINE [\/vc_column_text][\/vc_column][\/vc_row][vc_row][vc_column width=&#8221;1\/2&#8243; css=&#8221;.vc_custom_1639554717244{margin-top: 20px !important;margin-left: 7px !important;background-color: #cccccc !important;border-radius: 10px !important;}&#8221;][vc_single_image image=&#8221;3069&#8243; img_size=&#8221;400&#215;550&#8243; onclick=&#8221;link_image&#8221; css=&#8221;.vc_custom_1639555007662{margin-top: -5px !important;padding-right: 0px !important;padding-left: 20px !important;}&#8221;][\/vc_column][vc_column width=&#8221;1\/2&#8243; css=&#8221;.vc_custom_1641458807620{margin-top:...","og_url":"https:\/\/schoenborner.com\/labor-und-prueftechnik\/","og_site_name":"Sch\u00f6nborner Armaturen GmbH","article_modified_time":"2023-01-23T10:48:59+00:00","twitter_card":"summary_large_image","twitter_misc":{"Est. reading time":"5 minutes"},"schema":{"@context":"https:\/\/schema.org","@graph":[{"@type":"WebPage","@id":"https:\/\/schoenborner.com\/labor-und-prueftechnik\/","url":"https:\/\/schoenborner.com\/labor-und-prueftechnik\/","name":"[:de]Pr\u00fcftechnik [:en]testing technology [:] - Sch\u00f6nborner Armaturen GmbH","isPartOf":{"@id":"https:\/\/schoenborner.com\/#website"},"datePublished":"2021-10-28T13:07:52+00:00","dateModified":"2023-01-23T10:48:59+00:00","breadcrumb":{"@id":"https:\/\/schoenborner.com\/labor-und-prueftechnik\/#breadcrumb"},"inLanguage":"en-US","potentialAction":[{"@type":"ReadAction","target":["https:\/\/schoenborner.com\/labor-und-prueftechnik\/"]}]},{"@type":"BreadcrumbList","@id":"https:\/\/schoenborner.com\/labor-und-prueftechnik\/#breadcrumb","itemListElement":[{"@type":"ListItem","position":1,"name":"Startseite","item":"https:\/\/schoenborner.com\/"},{"@type":"ListItem","position":2,"name":"Pr\u00fcftechnik"}]},{"@type":"WebSite","@id":"https:\/\/schoenborner.com\/#website","url":"https:\/\/schoenborner.com\/","name":"Sch\u00f6nborner Armaturen GmbH","description":"Hersteller von Armaturenzubeh\u00f6r f\u00fcr die kommunale Gas-, Wasser- und Abwasserwirtschaft.","potentialAction":[{"@type":"SearchAction","target":{"@type":"EntryPoint","urlTemplate":"https:\/\/schoenborner.com\/?s={search_term_string}"},"query-input":"required name=search_term_string"}],"inLanguage":"en-US"}]}},"_links":{"self":[{"href":"https:\/\/schoenborner.com\/en\/wp-json\/wp\/v2\/pages\/3026"}],"collection":[{"href":"https:\/\/schoenborner.com\/en\/wp-json\/wp\/v2\/pages"}],"about":[{"href":"https:\/\/schoenborner.com\/en\/wp-json\/wp\/v2\/types\/page"}],"author":[{"embeddable":true,"href":"https:\/\/schoenborner.com\/en\/wp-json\/wp\/v2\/users\/4"}],"replies":[{"embeddable":true,"href":"https:\/\/schoenborner.com\/en\/wp-json\/wp\/v2\/comments?post=3026"}],"version-history":[{"count":134,"href":"https:\/\/schoenborner.com\/en\/wp-json\/wp\/v2\/pages\/3026\/revisions"}],"predecessor-version":[{"id":5569,"href":"https:\/\/schoenborner.com\/en\/wp-json\/wp\/v2\/pages\/3026\/revisions\/5569"}],"wp:attachment":[{"href":"https:\/\/schoenborner.com\/en\/wp-json\/wp\/v2\/media?parent=3026"}],"curies":[{"name":"wp","href":"https:\/\/api.w.org\/{rel}","templated":true}]}}