{"id":3162,"date":"2021-11-10T08:56:14","date_gmt":"2021-11-10T07:56:14","guid":{"rendered":"https:\/\/schoenborner.com\/?page_id=3162"},"modified":"2021-11-16T14:33:08","modified_gmt":"2021-11-16T13:33:08","slug":"extrusion","status":"publish","type":"page","link":"https:\/\/schoenborner.com\/en\/extrusion\/","title":{"rendered":"Extrusion"},"content":{"rendered":"<section class=\"wpb-content-wrapper\"><p>[vc_row][vc_column][vc_column_text][\/vc_column_text][\/vc_column][\/vc_row][vc_row][vc_column width=&#8221;1\/2&#8243; css=&#8221;.vc_custom_1604039694382{margin-left: 8px !important;padding-left: 10px !important;background-color: #c1c1c1 !important;border-radius: 10px !important;}&#8221;][vc_images_carousel images=&#8221;631,632,630&#8243; img_size=&#8221;full&#8221; wrap=&#8221;yes&#8221; css=&#8221;.vc_custom_1604039533337{padding-left: 10px !important;}&#8221;][\/vc_column][vc_column width=&#8221;1\/2&#8243; css=&#8221;.vc_custom_1604039681585{margin-left: -5px !important;padding-bottom: 151px !important;background-color: #c1c1c1 !important;border-radius: 10px !important;}&#8221;][vc_column_text css=&#8221;.vc_custom_1636972272900{padding-left: 40px !important;}&#8221;]<\/p>\n<h3>Noris ESE 50 extruder line belt extractor GRAEWE<\/h3>\n<ul>\n<li>50 mm Schneckendurchmesser<\/li>\n<li>1.400 mm Schneckl\u00e4nge<\/li>\n<li>60kg\/h Leistung<\/li>\n<li>0,8-8m\/min Abzugsgeschwindigkeit<\/li>\n<\/ul>\n<ul>\n<li>Materialien: alle g\u00e4ngigen Thermoplaste<\/li>\n<li>maximale Querschnitte: \u00d870x2mm<\/li>\n<\/ul>\n<p>[\/vc_column_text][\/vc_column][\/vc_row][vc_row][vc_column][vc_column_text][\/vc_column_text][\/vc_column][\/vc_row][vc_row gap=&#8221;20&#8243; content_placement=&#8221;top&#8221; css=&#8221;.vc_custom_1637001044248{margin-bottom: -100px !important;padding-top: 10px !important;padding-right: 30px !important;padding-bottom: 10px !important;padding-left: 30px !important;background-color: #f2f2f2 !important;border-radius: 3px !important;}&#8221; el_class=&#8221;schatten&#8221;][vc_column width=&#8221;1\/5&#8243;][vc_icon icon_fontawesome=&#8221;far fa-envelope-open&#8221; color=&#8221;custom&#8221; size=&#8221;xl&#8221; align=&#8221;center&#8221; custom_color=&#8221;#9ea7d8&#8243; el_class=&#8221;icon&#8221;][\/vc_column][vc_column width=&#8221;2\/5&#8243;][vc_column_text el_class=&#8221;text&#8221;]<\/p>\n<h2><strong>Sch\u00f6nborner &#8211; Newsletter<\/strong><\/h2>\n<p>Immer gut informiert auf dem neuesten Stand: Erfahren Sie als erster von innovativen Produkten und exklusiven Aktionen. Melden Sie sich zu unserem Newsletter an![\/vc_column_text][\/vc_column][vc_column width=&#8221;2\/5&#8243;]\n<div class=\"wpcf7 no-js\" id=\"wpcf7-f3198-o1\" lang=\"de-DE\" dir=\"ltr\">\n<div class=\"screen-reader-response\"><p role=\"status\" aria-live=\"polite\" aria-atomic=\"true\"><\/p> <ul><\/ul><\/div>\n<form action=\"\/en\/wp-json\/wp\/v2\/pages\/3162#wpcf7-f3198-o1\" method=\"post\" class=\"wpcf7-form init\" aria-label=\"Kontaktformular\" novalidate=\"novalidate\" data-status=\"init\">\n<div style=\"display: none;\">\n<input type=\"hidden\" name=\"_wpcf7\" value=\"3198\" \/>\n<input type=\"hidden\" name=\"_wpcf7_version\" value=\"5.7.4\" \/>\n<input type=\"hidden\" name=\"_wpcf7_locale\" value=\"de_DE\" \/>\n<input type=\"hidden\" name=\"_wpcf7_unit_tag\" value=\"wpcf7-f3198-o1\" \/>\n<input type=\"hidden\" name=\"_wpcf7_container_post\" value=\"0\" \/>\n<input type=\"hidden\" name=\"_wpcf7_posted_data_hash\" value=\"\" \/>\n<\/div>\n<p><label>E-Mail Adresse:<br \/>\n<span class=\"wpcf7-form-control-wrap\" data-name=\"your-email\"><input size=\"40\" class=\"wpcf7-form-control wpcf7-text wpcf7-email wpcf7-validates-as-required wpcf7-validates-as-email\" aria-required=\"true\" aria-invalid=\"false\" value=\"\" type=\"email\" name=\"your-email\" \/><\/span> <\/label>\n<\/p>\n<p><input class=\"wpcf7-form-control has-spinner wpcf7-submit\" id=\"button1\" type=\"submit\" value=\"Senden\" \/>\n<\/p><div class=\"wpcf7-response-output\" aria-hidden=\"true\"><\/div>\n<\/form>\n<\/div>\n[\/vc_column][\/vc_row]<\/p>\n<\/section>","protected":false},"excerpt":{"rendered":"<p>[vc_row][vc_column][vc_column_text][\/vc_column_text][\/vc_column][\/vc_row][vc_row][vc_column width=&#8221;1\/2&#8243; css=&#8221;.vc_custom_1604039694382{margin-left: 8px !important;padding-left: 10px !important;background-color: #c1c1c1 !important;border-radius: 10px !important;}&#8221;][vc_images_carousel images=&#8221;631,632,630&#8243; img_size=&#8221;full&#8221; wrap=&#8221;yes&#8221; css=&#8221;.vc_custom_1604039533337{padding-left: 10px !important;}&#8221;][\/vc_column][vc_column width=&#8221;1\/2&#8243; css=&#8221;.vc_custom_1604039681585{margin-left: -5px !important;padding-bottom: 151px !important;background-color: #c1c1c1 !important;border-radius: 10px !important;}&#8221;][vc_column_text css=&#8221;.vc_custom_1636972272900{padding-left: 40px !important;}&#8221;]&#8230;<\/p>\n","protected":false},"author":4,"featured_media":0,"parent":0,"menu_order":0,"comment_status":"closed","ping_status":"closed","template":"","meta":{"_themeisle_gutenberg_block_has_review":false},"yoast_head":"<!-- This site is optimized with the Yoast SEO plugin v21.0 - https:\/\/yoast.com\/wordpress\/plugins\/seo\/ -->\n<title>Extrusion - Sch\u00f6nborner Armaturen GmbH<\/title>\n<meta name=\"robots\" content=\"index, follow, max-snippet:-1, max-image-preview:large, max-video-preview:-1\" \/>\n<link rel=\"canonical\" href=\"https:\/\/schoenborner.com\/extrusion\/\" \/>\n<meta property=\"og:locale\" content=\"en_US\" \/>\n<meta property=\"og:type\" content=\"article\" \/>\n<meta property=\"og:title\" content=\"[:de]Extrusion[:en]Extrusion[:] - Sch\u00f6nborner Armaturen GmbH\" \/>\n<meta property=\"og:description\" content=\"[vc_row][vc_column][vc_column_text][\/vc_column_text][\/vc_column][\/vc_row][vc_row][vc_column width=&#8221;1\/2&#8243; css=&#8221;.vc_custom_1604039694382{margin-left: 8px !important;padding-left: 10px !important;background-color: #c1c1c1 !important;border-radius: 10px !important;}&#8221;][vc_images_carousel images=&#8221;631,632,630&#8243; img_size=&#8221;full&#8221; wrap=&#8221;yes&#8221; css=&#8221;.vc_custom_1604039533337{padding-left: 10px !important;}&#8221;][\/vc_column][vc_column width=&#8221;1\/2&#8243; css=&#8221;.vc_custom_1604039681585{margin-left: -5px !important;padding-bottom: 151px !important;background-color: #c1c1c1 !important;border-radius: 10px !important;}&#8221;][vc_column_text css=&#8221;.vc_custom_1636972272900{padding-left: 40px !important;}&#8221;]...\" \/>\n<meta property=\"og:url\" content=\"https:\/\/schoenborner.com\/extrusion\/\" \/>\n<meta property=\"og:site_name\" content=\"Sch\u00f6nborner Armaturen GmbH\" \/>\n<meta property=\"article:modified_time\" content=\"2021-11-16T13:33:08+00:00\" \/>\n<meta name=\"twitter:card\" content=\"summary_large_image\" \/>\n<meta name=\"twitter:label1\" content=\"Est. reading time\" \/>\n\t<meta name=\"twitter:data1\" content=\"2 minutes\" \/>\n<script type=\"application\/ld+json\" class=\"yoast-schema-graph\">{\"@context\":\"https:\/\/schema.org\",\"@graph\":[{\"@type\":\"WebPage\",\"@id\":\"https:\/\/schoenborner.com\/extrusion\/\",\"url\":\"https:\/\/schoenborner.com\/extrusion\/\",\"name\":\"[:de]Extrusion[:en]Extrusion[:] - Sch\u00f6nborner Armaturen GmbH\",\"isPartOf\":{\"@id\":\"https:\/\/schoenborner.com\/#website\"},\"datePublished\":\"2021-11-10T07:56:14+00:00\",\"dateModified\":\"2021-11-16T13:33:08+00:00\",\"breadcrumb\":{\"@id\":\"https:\/\/schoenborner.com\/extrusion\/#breadcrumb\"},\"inLanguage\":\"en-US\",\"potentialAction\":[{\"@type\":\"ReadAction\",\"target\":[\"https:\/\/schoenborner.com\/extrusion\/\"]}]},{\"@type\":\"BreadcrumbList\",\"@id\":\"https:\/\/schoenborner.com\/extrusion\/#breadcrumb\",\"itemListElement\":[{\"@type\":\"ListItem\",\"position\":1,\"name\":\"Startseite\",\"item\":\"https:\/\/schoenborner.com\/\"},{\"@type\":\"ListItem\",\"position\":2,\"name\":\"Extrusion\"}]},{\"@type\":\"WebSite\",\"@id\":\"https:\/\/schoenborner.com\/#website\",\"url\":\"https:\/\/schoenborner.com\/\",\"name\":\"Sch\u00f6nborner Armaturen GmbH\",\"description\":\"Hersteller von Armaturenzubeh\u00f6r f\u00fcr die kommunale Gas-, Wasser- und Abwasserwirtschaft.\",\"potentialAction\":[{\"@type\":\"SearchAction\",\"target\":{\"@type\":\"EntryPoint\",\"urlTemplate\":\"https:\/\/schoenborner.com\/?s={search_term_string}\"},\"query-input\":\"required name=search_term_string\"}],\"inLanguage\":\"en-US\"}]}<\/script>\n<!-- \/ Yoast SEO plugin. -->","yoast_head_json":{"title":"[:de]Extrusion[:en]Extrusion[:] - Sch\u00f6nborner Armaturen GmbH","robots":{"index":"index","follow":"follow","max-snippet":"max-snippet:-1","max-image-preview":"max-image-preview:large","max-video-preview":"max-video-preview:-1"},"canonical":"https:\/\/schoenborner.com\/extrusion\/","og_locale":"en_US","og_type":"article","og_title":"[:de]Extrusion[:en]Extrusion[:] - Sch\u00f6nborner Armaturen GmbH","og_description":"[vc_row][vc_column][vc_column_text][\/vc_column_text][\/vc_column][\/vc_row][vc_row][vc_column width=&#8221;1\/2&#8243; css=&#8221;.vc_custom_1604039694382{margin-left: 8px !important;padding-left: 10px !important;background-color: #c1c1c1 !important;border-radius: 10px !important;}&#8221;][vc_images_carousel images=&#8221;631,632,630&#8243; img_size=&#8221;full&#8221; wrap=&#8221;yes&#8221; css=&#8221;.vc_custom_1604039533337{padding-left: 10px !important;}&#8221;][\/vc_column][vc_column width=&#8221;1\/2&#8243; css=&#8221;.vc_custom_1604039681585{margin-left: -5px !important;padding-bottom: 151px !important;background-color: #c1c1c1 !important;border-radius: 10px !important;}&#8221;][vc_column_text css=&#8221;.vc_custom_1636972272900{padding-left: 40px !important;}&#8221;]...","og_url":"https:\/\/schoenborner.com\/extrusion\/","og_site_name":"Sch\u00f6nborner Armaturen GmbH","article_modified_time":"2021-11-16T13:33:08+00:00","twitter_card":"summary_large_image","twitter_misc":{"Est. reading time":"2 minutes"},"schema":{"@context":"https:\/\/schema.org","@graph":[{"@type":"WebPage","@id":"https:\/\/schoenborner.com\/extrusion\/","url":"https:\/\/schoenborner.com\/extrusion\/","name":"[:de]Extrusion[:en]Extrusion[:] - Sch\u00f6nborner Armaturen GmbH","isPartOf":{"@id":"https:\/\/schoenborner.com\/#website"},"datePublished":"2021-11-10T07:56:14+00:00","dateModified":"2021-11-16T13:33:08+00:00","breadcrumb":{"@id":"https:\/\/schoenborner.com\/extrusion\/#breadcrumb"},"inLanguage":"en-US","potentialAction":[{"@type":"ReadAction","target":["https:\/\/schoenborner.com\/extrusion\/"]}]},{"@type":"BreadcrumbList","@id":"https:\/\/schoenborner.com\/extrusion\/#breadcrumb","itemListElement":[{"@type":"ListItem","position":1,"name":"Startseite","item":"https:\/\/schoenborner.com\/"},{"@type":"ListItem","position":2,"name":"Extrusion"}]},{"@type":"WebSite","@id":"https:\/\/schoenborner.com\/#website","url":"https:\/\/schoenborner.com\/","name":"Sch\u00f6nborner Armaturen GmbH","description":"Hersteller von Armaturenzubeh\u00f6r f\u00fcr die kommunale Gas-, Wasser- und Abwasserwirtschaft.","potentialAction":[{"@type":"SearchAction","target":{"@type":"EntryPoint","urlTemplate":"https:\/\/schoenborner.com\/?s={search_term_string}"},"query-input":"required name=search_term_string"}],"inLanguage":"en-US"}]}},"_links":{"self":[{"href":"https:\/\/schoenborner.com\/en\/wp-json\/wp\/v2\/pages\/3162"}],"collection":[{"href":"https:\/\/schoenborner.com\/en\/wp-json\/wp\/v2\/pages"}],"about":[{"href":"https:\/\/schoenborner.com\/en\/wp-json\/wp\/v2\/types\/page"}],"author":[{"embeddable":true,"href":"https:\/\/schoenborner.com\/en\/wp-json\/wp\/v2\/users\/4"}],"replies":[{"embeddable":true,"href":"https:\/\/schoenborner.com\/en\/wp-json\/wp\/v2\/comments?post=3162"}],"version-history":[{"count":13,"href":"https:\/\/schoenborner.com\/en\/wp-json\/wp\/v2\/pages\/3162\/revisions"}],"predecessor-version":[{"id":5125,"href":"https:\/\/schoenborner.com\/en\/wp-json\/wp\/v2\/pages\/3162\/revisions\/5125"}],"wp:attachment":[{"href":"https:\/\/schoenborner.com\/en\/wp-json\/wp\/v2\/media?parent=3162"}],"curies":[{"name":"wp","href":"https:\/\/api.w.org\/{rel}","templated":true}]}}