{"id":3169,"date":"2021-11-10T08:59:22","date_gmt":"2021-11-10T07:59:22","guid":{"rendered":"https:\/\/schoenborner.com\/?page_id=3169"},"modified":"2021-11-15T19:49:51","modified_gmt":"2021-11-15T18:49:51","slug":"additive-fertigung","status":"publish","type":"page","link":"https:\/\/schoenborner.com\/en\/additive-fertigung\/","title":{"rendered":"Additive Manufacturing"},"content":{"rendered":"<section class=\"wpb-content-wrapper\"><p>[vc_row][vc_column][vc_column_text][\/vc_column_text][\/vc_column][\/vc_row][vc_row][vc_column width=&#8221;1\/2&#8243; css=&#8221;.vc_custom_1604039694382{margin-left: 8px !important;padding-left: 10px !important;background-color: #c1c1c1 !important;border-radius: 10px !important;}&#8221;][vc_single_image image=&#8221;3149&#8243; img_size=&#8221;full&#8221; onclick=&#8221;link_image&#8221; css=&#8221;.vc_custom_1636381496930{padding-left: 10px !important;}&#8221;][\/vc_column][vc_column width=&#8221;1\/2&#8243; css=&#8221;.vc_custom_1636381787160{margin-left: -5px !important;padding-bottom: 165px !important;background-color: #c1c1c1 !important;border-radius: 10px !important;}&#8221;][vc_column_text css=&#8221;.vc_custom_1636972002671{padding-left: 40px !important;}&#8221;]<\/p>\n<h3>FDM &#8211; 3D &#8211; PRINTER<\/h3>\n<div id=\"ts-body\">\n<div class=\"css-52 ts-pivot-container\">\n<div id=\"ContentContainer\">\n<div>\n<div>\n<div role=\"tabpanel\" aria-labelledby=\"Pivot2-Tab0\">\n<div class=\"ts-lookup-pivot\">\n<div class=\"ts-pivot-lookup-component\" id=\"Lookup\">\n<div class=\"ms-Grid ts-grid\">\n<div class=\"ms-Grid-row\">\n<div class=\"ts-textfield-container \" lang=\"en\">\n<div class=\"ts-alignment-view-container\">\n<div class=\"ts-alignment-view ms-font-m ts-alignment-view-tgt ts-ltr-left-zero\" id=\"ts-alignment-view-idtgt\" aria-hidden=\"false\" tabindex=\"0\">\n<div role=\"label\" tabindex=\"0\"><span id=\"tgtAlignment_0\" class=\"ts-alignment-element\" data-is-focusable=\"true\">In<\/span> <span id=\"tgtAlignment_1\" class=\"ts-alignment-element\" data-is-focusable=\"true\">the<\/span> <span id=\"tgtAlignment_2\" class=\"ts-alignment-element\" data-is-focusable=\"true\">development<\/span> <span id=\"tgtAlignment_3\" class=\"ts-alignment-element\" data-is-focusable=\"true\">of<\/span> <span id=\"tgtAlignment_4\" class=\"ts-alignment-element\" data-is-focusable=\"true\">new<\/span> <span id=\"tgtAlignment_5\" class=\"ts-alignment-element\" data-is-focusable=\"true\">components,<\/span> <span id=\"tgtAlignment_6\" class=\"ts-alignment-element\" data-is-focusable=\"true\">thanks<\/span> <span id=\"tgtAlignment_7\" class=\"ts-alignment-element\" data-is-focusable=\"true\">to<\/span> <span id=\"tgtAlignment_8\" class=\"ts-alignment-element\" data-is-focusable=\"true\">additive<\/span> <span id=\"tgtAlignment_9\" class=\"ts-alignment-element\" data-is-focusable=\"true\">manufacturing,<\/span> <span id=\"tgtAlignment_10\" class=\"ts-alignment-element\" data-is-focusable=\"true\">concepts<\/span> <span id=\"tgtAlignment_11\" class=\"ts-alignment-element\" data-is-focusable=\"true\">and<\/span> <span id=\"tgtAlignment_12\" class=\"ts-alignment-element\" data-is-focusable=\"true\">functions<\/span> <span id=\"tgtAlignment_13\" class=\"ts-alignment-element\" data-is-focusable=\"true\">can<\/span> be <span id=\"tgtAlignment_14\" class=\"ts-alignment-element\" data-is-focusable=\"true\">quickly<\/span> <span id=\"tgtAlignment_15\" class=\"ts-alignment-element\" data-is-focusable=\"true\">tested<\/span> <span id=\"tgtAlignment_16\" class=\"ts-alignment-element\" data-is-focusable=\"true\">on<\/span> <span id=\"tgtAlignment_17\" class=\"ts-alignment-element\" data-is-focusable=\"true\">the<\/span> <span id=\"tgtAlignment_18\" class=\"ts-alignment-element\" data-is-focusable=\"true\">real<\/span> <span id=\"tgtAlignment_19\" class=\"ts-alignment-element\" data-is-focusable=\"true\">object<\/span> <span id=\"tgtAlignment_20\" class=\"ts-alignment-element\" data-is-focusable=\"true\">at<\/span> <span id=\"tgtAlignment_21\" class=\"ts-alignment-element\" data-is-focusable=\"true\">low<\/span> <span id=\"tgtAlignment_22\" class=\"ts-alignment-element\" data-is-focusable=\"true\">cost,<\/span> <span id=\"tgtAlignment_23\" class=\"ts-alignment-element\" data-is-focusable=\"true\">errors<\/span> <span id=\"tgtAlignment_24\" class=\"ts-alignment-element\" data-is-focusable=\"true\">and<\/span> <span id=\"tgtAlignment_25\" class=\"ts-alignment-element\" data-is-focusable=\"true\">other<\/span> <span id=\"tgtAlignment_26\" class=\"ts-alignment-element\" data-is-focusable=\"true\">problems<\/span> <span id=\"tgtAlignment_27\" class=\"ts-alignment-element\" data-is-focusable=\"true\">can<\/span> <span id=\"tgtAlignment_28\" class=\"ts-alignment-element\" data-is-focusable=\"true\">be<\/span> <span id=\"tgtAlignment_29\" class=\"ts-alignment-element\" data-is-focusable=\"true\">detected<\/span> <span id=\"tgtAlignment_30\" class=\"ts-alignment-element\" data-is-focusable=\"true\">and<\/span> <span id=\"tgtAlignment_31\" class=\"ts-alignment-element\" data-is-focusable=\"true\">corrected<\/span> <span id=\"tgtAlignment_32\" class=\"ts-alignment-element\" data-is-focusable=\"true\">immediately.<\/span> <span id=\"tgtAlignment_33\" class=\"ts-alignment-element\" data-is-focusable=\"true\">This<\/span> <span id=\"tgtAlignment_34\" class=\"ts-alignment-element\" data-is-focusable=\"true\">saves<\/span> <span id=\"tgtAlignment_35\" class=\"ts-alignment-element\" data-is-focusable=\"true\">time<\/span> <span id=\"tgtAlignment_36\" class=\"ts-alignment-element\" data-is-focusable=\"true\">and<\/span> <span id=\"tgtAlignment_37\" class=\"ts-alignment-element\" data-is-focusable=\"true\">money<\/span> <span id=\"tgtAlignment_38\" class=\"ts-alignment-element\" data-is-focusable=\"true\">and<\/span> <span id=\"tgtAlignment_39\" class=\"ts-alignment-element\" data-is-focusable=\"true\">ensures<\/span> <span id=\"tgtAlignment_40\" class=\"ts-alignment-element\" data-is-focusable=\"true\">real<\/span> <span id=\"tgtAlignment_41\" class=\"ts-alignment-element\" data-is-focusable=\"true\">competitive<\/span> <span id=\"tgtAlignment_42\" class=\"ts-alignment-element\" data-is-focusable=\"true\">advantages.<\/span> <span id=\"tgtAlignment_43\" class=\"ts-alignment-element\" data-is-focusable=\"true\">We<\/span> <span id=\"tgtAlignment_44\" class=\"ts-alignment-element\" data-is-focusable=\"true\">also<\/span> <span id=\"tgtAlignment_45\" class=\"ts-alignment-element\" data-is-focusable=\"true\">offer<\/span> <span id=\"tgtAlignment_46\" class=\"ts-alignment-element\" data-is-focusable=\"true\">the<\/span> <span id=\"tgtAlignment_47\" class=\"ts-alignment-element\" data-is-focusable=\"true\">possibility<\/span> <span id=\"tgtAlignment_48\" class=\"ts-alignment-element\" data-is-focusable=\"true\">of<\/span> <span id=\"tgtAlignment_49\" class=\"ts-alignment-element\" data-is-focusable=\"true\">additively<\/span> <span id=\"tgtAlignment_50\" class=\"ts-alignment-element\" data-is-focusable=\"true\">manufacturing<\/span> <span id=\"tgtAlignment_51\" class=\"ts-alignment-element\" data-is-focusable=\"true\">small<\/span> <span id=\"tgtAlignment_52\" class=\"ts-alignment-element\" data-is-focusable=\"true\">series<\/span> <span id=\"tgtAlignment_53\" class=\"ts-alignment-element\" data-is-focusable=\"true\">and<\/span> <span id=\"tgtAlignment_54\" class=\"ts-alignment-element\" data-is-focusable=\"true\">thus<\/span> <span id=\"tgtAlignment_55\" class=\"ts-alignment-element\" data-is-focusable=\"true\">implementing<\/span> <span id=\"tgtAlignment_56\" class=\"ts-alignment-element\" data-is-focusable=\"true\">orders<\/span> <span id=\"tgtAlignment_57\" class=\"ts-alignment-element\" data-is-focusable=\"true\">for<\/span> <span id=\"tgtAlignment_58\" class=\"ts-alignment-element\" data-is-focusable=\"true\">which<\/span> <span id=\"tgtAlignment_59\" class=\"ts-alignment-element\" data-is-focusable=\"true\">tool<\/span> <span id=\"tgtAlignment_60\" class=\"ts-alignment-element\" data-is-focusable=\"true\">production<\/span> <span id=\"tgtAlignment_61\" class=\"ts-alignment-element\" data-is-focusable=\"true\">would<\/span> <span id=\"tgtAlignment_62\" class=\"ts-alignment-element\" data-is-focusable=\"true\">not<\/span> <span id=\"tgtAlignment_63\" class=\"ts-alignment-element\" data-is-focusable=\"true\">be<\/span> <span id=\"tgtAlignment_64\" class=\"ts-alignment-element\" data-is-focusable=\"true\">profitable.<\/span> <span id=\"tgtAlignment_65\" class=\"ts-alignment-element\" data-is-focusable=\"true\">However,<\/span> <span id=\"tgtAlignment_66\" class=\"ts-alignment-element\" data-is-focusable=\"true\">such<\/span> <span id=\"tgtAlignment_67\" class=\"ts-alignment-element\" data-is-focusable=\"true\">small<\/span> <span id=\"tgtAlignment_68\" class=\"ts-alignment-element\" data-is-focusable=\"true\">series<\/span> <span id=\"tgtAlignment_69\" class=\"ts-alignment-element\" data-is-focusable=\"true\">also<\/span> <span id=\"tgtAlignment_70\" class=\"ts-alignment-element\" data-is-focusable=\"true\">serve<\/span> <span id=\"tgtAlignment_71\" class=\"ts-alignment-element\" data-is-focusable=\"true\">us<\/span> <span id=\"tgtAlignment_72\" class=\"ts-alignment-element\" data-is-focusable=\"true\">to<\/span> <span id=\"tgtAlignment_73\" class=\"ts-alignment-element\" data-is-focusable=\"true\">record<\/span> <span id=\"tgtAlignment_74\" class=\"ts-alignment-element\" data-is-focusable=\"true\">the<\/span> <span id=\"tgtAlignment_75\" class=\"ts-alignment-element\" data-is-focusable=\"true\">acceptance<\/span> <span id=\"tgtAlignment_76\" class=\"ts-alignment-element\" data-is-focusable=\"true\">of<\/span> <span id=\"tgtAlignment_77\" class=\"ts-alignment-element\" data-is-focusable=\"true\">a<\/span> <span id=\"tgtAlignment_78\" class=\"ts-alignment-element\" data-is-focusable=\"true\">product<\/span> <span id=\"tgtAlignment_79\" class=\"ts-alignment-element\" data-is-focusable=\"true\">on<\/span> <span id=\"tgtAlignment_80\" class=\"ts-alignment-element\" data-is-focusable=\"true\">the<\/span> <span id=\"tgtAlignment_81\" class=\"ts-alignment-element\" data-is-focusable=\"true\">market<\/span> <span id=\"tgtAlignment_82\" class=\"ts-alignment-element\" data-is-focusable=\"true\">and<\/span> <span id=\"tgtAlignment_83\" class=\"ts-alignment-element\" data-is-focusable=\"true\">then<\/span> <span id=\"tgtAlignment_84\" class=\"ts-alignment-element\" data-is-focusable=\"true\">make<\/span> <span id=\"tgtAlignment_85\" class=\"ts-alignment-element\" data-is-focusable=\"true\">the<\/span> <span id=\"tgtAlignment_86\" class=\"ts-alignment-element\" data-is-focusable=\"true\">decision<\/span> <span id=\"tgtAlignment_87\" class=\"ts-alignment-element\" data-is-focusable=\"true\">to<\/span> <span id=\"tgtAlignment_88\" class=\"ts-alignment-element\" data-is-focusable=\"true\">make<\/span> <span id=\"tgtAlignment_89\" class=\"ts-alignment-element\" data-is-focusable=\"true\">further<\/span> <span id=\"tgtAlignment_90\" class=\"ts-alignment-element\" data-is-focusable=\"true\">investments.<\/span> <span id=\"tgtAlignment_91\" class=\"ts-alignment-element\" data-is-focusable=\"true\">Thus,<\/span> <span id=\"tgtAlignment_92\" class=\"ts-alignment-element\" data-is-focusable=\"true\">unnecessary<\/span> <span id=\"tgtAlignment_93\" class=\"ts-alignment-element\" data-is-focusable=\"true\">investment<\/span> <span id=\"tgtAlignment_94\" class=\"ts-alignment-element\" data-is-focusable=\"true\">costs<\/span> <span id=\"tgtAlignment_95\" class=\"ts-alignment-element\" data-is-focusable=\"true\">can<\/span> <span id=\"tgtAlignment_96\" class=\"ts-alignment-element\" data-is-focusable=\"true\">be<\/span> <span id=\"tgtAlignment_97\" class=\"ts-alignment-element\" data-is-focusable=\"true\">avoided.<\/span> <span id=\"tgtAlignment_98\" class=\"ts-alignment-element\" data-is-focusable=\"true\">An<\/span> <span id=\"tgtAlignment_99\" class=\"ts-alignment-element\" data-is-focusable=\"true\">advantage<\/span> <span id=\"tgtAlignment_100\" class=\"ts-alignment-element\" data-is-focusable=\"true\">of<\/span> <span id=\"tgtAlignment_101\" class=\"ts-alignment-element\" data-is-focusable=\"true\">additive<\/span> <span id=\"tgtAlignment_102\" class=\"ts-alignment-element\" data-is-focusable=\"true\">manufacturing<\/span> that <span id=\"tgtAlignment_103\" class=\"ts-alignment-element\" data-is-focusable=\"true\">should<\/span> <span id=\"tgtAlignment_104\" class=\"ts-alignment-element\" data-is-focusable=\"true\">not<\/span> <span id=\"tgtAlignment_105\" class=\"ts-alignment-element\" data-is-focusable=\"true\">be<\/span> underestimated <span id=\"tgtAlignment_106\" class=\"ts-alignment-element\" data-is-focusable=\"true\">is<\/span> <span id=\"tgtAlignment_107\" class=\"ts-alignment-element\" data-is-focusable=\"true\">the<\/span> <span id=\"tgtAlignment_108\" class=\"ts-alignment-element\" data-is-focusable=\"true\">production<\/span> <span id=\"tgtAlignment_109\" class=\"ts-alignment-element\" data-is-focusable=\"true\">of<\/span> <span id=\"tgtAlignment_110\" class=\"ts-alignment-element\" data-is-focusable=\"true\">operating<\/span> <span id=\"tgtAlignment_111\" class=\"ts-alignment-element\" data-is-focusable=\"true\">resources<\/span> <span id=\"tgtAlignment_112\" class=\"ts-alignment-element\" data-is-focusable=\"true\">such<\/span> <span id=\"tgtAlignment_113\" class=\"ts-alignment-element\" data-is-focusable=\"true\">as<\/span> <span id=\"tgtAlignment_114\" class=\"ts-alignment-element\" data-is-focusable=\"true\">tool<\/span> <span id=\"tgtAlignment_115\" class=\"ts-alignment-element\" data-is-focusable=\"true\">holders<\/span> <span id=\"tgtAlignment_116\" class=\"ts-alignment-element\" data-is-focusable=\"true\">or<\/span> <span id=\"tgtAlignment_117\" class=\"ts-alignment-element\" data-is-focusable=\"true\">robot<\/span> <span id=\"tgtAlignment_118\" class=\"ts-alignment-element\" data-is-focusable=\"true\">grippers.<\/span> <span id=\"tgtAlignment_119\" class=\"ts-alignment-element\" data-is-focusable=\"true\">These<\/span> <span id=\"tgtAlignment_120\" class=\"ts-alignment-element\" data-is-focusable=\"true\">can<\/span> <span id=\"tgtAlignment_121\" class=\"ts-alignment-element\" data-is-focusable=\"true\">replace<\/span> <span id=\"tgtAlignment_122\" class=\"ts-alignment-element\" data-is-focusable=\"true\">original<\/span> <span id=\"tgtAlignment_123\" class=\"ts-alignment-element\" data-is-focusable=\"true\">parts<\/span> <span id=\"tgtAlignment_124\" class=\"ts-alignment-element\" data-is-focusable=\"true\">temporarily<\/span> <span id=\"tgtAlignment_125\" class=\"ts-alignment-element\" data-is-focusable=\"true\">or<\/span> <span id=\"tgtAlignment_126\" class=\"ts-alignment-element\" data-is-focusable=\"true\">permanently.<\/span><\/div>\n<\/div>\n<\/div>\n<\/div>\n<\/div>\n<\/div>\n<\/div>\n<\/div>\n<\/div>\n<\/div>\n<\/div>\n<\/div>\n<\/div>\n<\/div>\n<p>[\/vc_column_text][\/vc_column][\/vc_row][vc_row][vc_column][vc_column_text][\/vc_column_text][\/vc_column][\/vc_row][vc_row gap=&#8221;20&#8243; content_placement=&#8221;top&#8221; css=&#8221;.vc_custom_1637001044248{margin-bottom: -100px !important;padding-top: 10px !important;padding-right: 30px !important;padding-bottom: 10px !important;padding-left: 30px !important;background-color: #f2f2f2 !important;border-radius: 3px !important;}&#8221; el_class=&#8221;schatten&#8221;][vc_column width=&#8221;1\/5&#8243;][vc_icon icon_fontawesome=&#8221;far fa-envelope-open&#8221; color=&#8221;custom&#8221; size=&#8221;xl&#8221; align=&#8221;center&#8221; custom_color=&#8221;#9ea7d8&#8243; el_class=&#8221;icon&#8221;][\/vc_column][vc_column width=&#8221;2\/5&#8243;][vc_column_text el_class=&#8221;text&#8221;]<\/p>\n<h2><strong>Sch\u00f6nborner &#8211; Newsletter<\/strong><\/h2>\n<p>Immer gut informiert auf dem neuesten Stand: Erfahren Sie als erster von innovativen Produkten und exklusiven Aktionen. Melden Sie sich zu unserem Newsletter an![\/vc_column_text][\/vc_column][vc_column width=&#8221;2\/5&#8243;]\n<div class=\"wpcf7 no-js\" id=\"wpcf7-f3198-o1\" lang=\"de-DE\" dir=\"ltr\">\n<div class=\"screen-reader-response\"><p role=\"status\" aria-live=\"polite\" aria-atomic=\"true\"><\/p> <ul><\/ul><\/div>\n<form action=\"\/en\/wp-json\/wp\/v2\/pages\/3169#wpcf7-f3198-o1\" method=\"post\" class=\"wpcf7-form init\" aria-label=\"Kontaktformular\" novalidate=\"novalidate\" data-status=\"init\">\n<div style=\"display: none;\">\n<input type=\"hidden\" name=\"_wpcf7\" value=\"3198\" \/>\n<input type=\"hidden\" name=\"_wpcf7_version\" value=\"5.7.4\" \/>\n<input type=\"hidden\" name=\"_wpcf7_locale\" value=\"de_DE\" \/>\n<input type=\"hidden\" name=\"_wpcf7_unit_tag\" value=\"wpcf7-f3198-o1\" \/>\n<input type=\"hidden\" name=\"_wpcf7_container_post\" value=\"0\" \/>\n<input type=\"hidden\" name=\"_wpcf7_posted_data_hash\" value=\"\" \/>\n<\/div>\n<p><label>E-Mail Adresse:<br \/>\n<span class=\"wpcf7-form-control-wrap\" data-name=\"your-email\"><input size=\"40\" class=\"wpcf7-form-control wpcf7-text wpcf7-email wpcf7-validates-as-required wpcf7-validates-as-email\" aria-required=\"true\" aria-invalid=\"false\" value=\"\" type=\"email\" name=\"your-email\" \/><\/span> <\/label>\n<\/p>\n<p><input class=\"wpcf7-form-control has-spinner wpcf7-submit\" id=\"button1\" type=\"submit\" value=\"Senden\" \/>\n<\/p><div class=\"wpcf7-response-output\" aria-hidden=\"true\"><\/div>\n<\/form>\n<\/div>\n[\/vc_column][\/vc_row]<\/p>\n<\/section>","protected":false},"excerpt":{"rendered":"<p>[vc_row][vc_column][vc_column_text][\/vc_column_text][\/vc_column][\/vc_row][vc_row][vc_column width=&#8221;1\/2&#8243; css=&#8221;.vc_custom_1604039694382{margin-left: 8px !important;padding-left: 10px !important;background-color: #c1c1c1 !important;border-radius: 10px !important;}&#8221;][vc_single_image image=&#8221;3149&#8243; img_size=&#8221;full&#8221; onclick=&#8221;link_image&#8221; css=&#8221;.vc_custom_1636381496930{padding-left: 10px !important;}&#8221;][\/vc_column][vc_column width=&#8221;1\/2&#8243; css=&#8221;.vc_custom_1636381787160{margin-left: -5px !important;padding-bottom: 165px !important;background-color: #c1c1c1 !important;border-radius: 10px !important;}&#8221;][vc_column_text css=&#8221;.vc_custom_1636972002671{padding-left: 40px !important;}&#8221;]&#8230;<\/p>\n","protected":false},"author":4,"featured_media":0,"parent":0,"menu_order":0,"comment_status":"closed","ping_status":"closed","template":"","meta":{"_themeisle_gutenberg_block_has_review":false},"yoast_head":"<!-- This site is optimized with the Yoast SEO plugin v21.0 - https:\/\/yoast.com\/wordpress\/plugins\/seo\/ -->\n<title>Additive Manufacturing - Sch\u00f6nborner Armaturen GmbH<\/title>\n<meta name=\"robots\" content=\"index, follow, max-snippet:-1, max-image-preview:large, max-video-preview:-1\" \/>\n<link rel=\"canonical\" href=\"https:\/\/schoenborner.com\/en\/additive-fertigung\/\" \/>\n<meta property=\"og:locale\" content=\"en_US\" \/>\n<meta property=\"og:type\" content=\"article\" \/>\n<meta property=\"og:title\" content=\"[:de]Additive Fertigung[:en]Additive Manufacturing[:] - Sch\u00f6nborner Armaturen GmbH\" \/>\n<meta property=\"og:description\" content=\"[vc_row][vc_column][vc_column_text][\/vc_column_text][\/vc_column][\/vc_row][vc_row][vc_column width=&#8221;1\/2&#8243; css=&#8221;.vc_custom_1604039694382{margin-left: 8px !important;padding-left: 10px !important;background-color: #c1c1c1 !important;border-radius: 10px !important;}&#8221;][vc_single_image image=&#8221;3149&#8243; img_size=&#8221;full&#8221; onclick=&#8221;link_image&#8221; css=&#8221;.vc_custom_1636381496930{padding-left: 10px !important;}&#8221;][\/vc_column][vc_column width=&#8221;1\/2&#8243; css=&#8221;.vc_custom_1636381787160{margin-left: -5px !important;padding-bottom: 165px !important;background-color: #c1c1c1 !important;border-radius: 10px !important;}&#8221;][vc_column_text css=&#8221;.vc_custom_1636972002671{padding-left: 40px !important;}&#8221;]...\" \/>\n<meta property=\"og:url\" content=\"https:\/\/schoenborner.com\/en\/additive-fertigung\/\" \/>\n<meta property=\"og:site_name\" content=\"Sch\u00f6nborner Armaturen GmbH\" \/>\n<meta property=\"article:modified_time\" content=\"2021-11-15T18:49:51+00:00\" \/>\n<meta name=\"twitter:card\" content=\"summary_large_image\" \/>\n<meta name=\"twitter:label1\" content=\"Est. reading time\" \/>\n\t<meta name=\"twitter:data1\" content=\"3 minutes\" \/>\n<script type=\"application\/ld+json\" class=\"yoast-schema-graph\">{\"@context\":\"https:\/\/schema.org\",\"@graph\":[{\"@type\":\"WebPage\",\"@id\":\"https:\/\/schoenborner.com\/en\/additive-fertigung\/\",\"url\":\"https:\/\/schoenborner.com\/en\/additive-fertigung\/\",\"name\":\"[:de]Additive Fertigung[:en]Additive Manufacturing[:] - Sch\u00f6nborner Armaturen GmbH\",\"isPartOf\":{\"@id\":\"https:\/\/schoenborner.com\/#website\"},\"datePublished\":\"2021-11-10T07:59:22+00:00\",\"dateModified\":\"2021-11-15T18:49:51+00:00\",\"breadcrumb\":{\"@id\":\"https:\/\/schoenborner.com\/en\/additive-fertigung\/#breadcrumb\"},\"inLanguage\":\"en-US\",\"potentialAction\":[{\"@type\":\"ReadAction\",\"target\":[\"https:\/\/schoenborner.com\/en\/additive-fertigung\/\"]}]},{\"@type\":\"BreadcrumbList\",\"@id\":\"https:\/\/schoenborner.com\/en\/additive-fertigung\/#breadcrumb\",\"itemListElement\":[{\"@type\":\"ListItem\",\"position\":1,\"name\":\"Startseite\",\"item\":\"https:\/\/schoenborner.com\/\"},{\"@type\":\"ListItem\",\"position\":2,\"name\":\"Additive Manufacturing\"}]},{\"@type\":\"WebSite\",\"@id\":\"https:\/\/schoenborner.com\/#website\",\"url\":\"https:\/\/schoenborner.com\/\",\"name\":\"Sch\u00f6nborner Armaturen GmbH\",\"description\":\"Hersteller von Armaturenzubeh\u00f6r f\u00fcr die kommunale Gas-, Wasser- und Abwasserwirtschaft.\",\"potentialAction\":[{\"@type\":\"SearchAction\",\"target\":{\"@type\":\"EntryPoint\",\"urlTemplate\":\"https:\/\/schoenborner.com\/?s={search_term_string}\"},\"query-input\":\"required name=search_term_string\"}],\"inLanguage\":\"en-US\"}]}<\/script>\n<!-- \/ Yoast SEO plugin. -->","yoast_head_json":{"title":"[:de]Additive Fertigung[:en]Additive Manufacturing[:] - Sch\u00f6nborner Armaturen GmbH","robots":{"index":"index","follow":"follow","max-snippet":"max-snippet:-1","max-image-preview":"max-image-preview:large","max-video-preview":"max-video-preview:-1"},"canonical":"https:\/\/schoenborner.com\/en\/additive-fertigung\/","og_locale":"en_US","og_type":"article","og_title":"[:de]Additive Fertigung[:en]Additive Manufacturing[:] - Sch\u00f6nborner Armaturen GmbH","og_description":"[vc_row][vc_column][vc_column_text][\/vc_column_text][\/vc_column][\/vc_row][vc_row][vc_column width=&#8221;1\/2&#8243; css=&#8221;.vc_custom_1604039694382{margin-left: 8px !important;padding-left: 10px !important;background-color: #c1c1c1 !important;border-radius: 10px !important;}&#8221;][vc_single_image image=&#8221;3149&#8243; img_size=&#8221;full&#8221; onclick=&#8221;link_image&#8221; css=&#8221;.vc_custom_1636381496930{padding-left: 10px !important;}&#8221;][\/vc_column][vc_column width=&#8221;1\/2&#8243; css=&#8221;.vc_custom_1636381787160{margin-left: -5px !important;padding-bottom: 165px !important;background-color: #c1c1c1 !important;border-radius: 10px !important;}&#8221;][vc_column_text css=&#8221;.vc_custom_1636972002671{padding-left: 40px !important;}&#8221;]...","og_url":"https:\/\/schoenborner.com\/en\/additive-fertigung\/","og_site_name":"Sch\u00f6nborner Armaturen GmbH","article_modified_time":"2021-11-15T18:49:51+00:00","twitter_card":"summary_large_image","twitter_misc":{"Est. reading time":"3 minutes"},"schema":{"@context":"https:\/\/schema.org","@graph":[{"@type":"WebPage","@id":"https:\/\/schoenborner.com\/en\/additive-fertigung\/","url":"https:\/\/schoenborner.com\/en\/additive-fertigung\/","name":"[:de]Additive Fertigung[:en]Additive Manufacturing[:] - Sch\u00f6nborner Armaturen GmbH","isPartOf":{"@id":"https:\/\/schoenborner.com\/#website"},"datePublished":"2021-11-10T07:59:22+00:00","dateModified":"2021-11-15T18:49:51+00:00","breadcrumb":{"@id":"https:\/\/schoenborner.com\/en\/additive-fertigung\/#breadcrumb"},"inLanguage":"en-US","potentialAction":[{"@type":"ReadAction","target":["https:\/\/schoenborner.com\/en\/additive-fertigung\/"]}]},{"@type":"BreadcrumbList","@id":"https:\/\/schoenborner.com\/en\/additive-fertigung\/#breadcrumb","itemListElement":[{"@type":"ListItem","position":1,"name":"Startseite","item":"https:\/\/schoenborner.com\/"},{"@type":"ListItem","position":2,"name":"Additive Manufacturing"}]},{"@type":"WebSite","@id":"https:\/\/schoenborner.com\/#website","url":"https:\/\/schoenborner.com\/","name":"Sch\u00f6nborner Armaturen GmbH","description":"Hersteller von Armaturenzubeh\u00f6r f\u00fcr die kommunale Gas-, Wasser- und Abwasserwirtschaft.","potentialAction":[{"@type":"SearchAction","target":{"@type":"EntryPoint","urlTemplate":"https:\/\/schoenborner.com\/?s={search_term_string}"},"query-input":"required name=search_term_string"}],"inLanguage":"en-US"}]}},"_links":{"self":[{"href":"https:\/\/schoenborner.com\/en\/wp-json\/wp\/v2\/pages\/3169"}],"collection":[{"href":"https:\/\/schoenborner.com\/en\/wp-json\/wp\/v2\/pages"}],"about":[{"href":"https:\/\/schoenborner.com\/en\/wp-json\/wp\/v2\/types\/page"}],"author":[{"embeddable":true,"href":"https:\/\/schoenborner.com\/en\/wp-json\/wp\/v2\/users\/4"}],"replies":[{"embeddable":true,"href":"https:\/\/schoenborner.com\/en\/wp-json\/wp\/v2\/comments?post=3169"}],"version-history":[{"count":11,"href":"https:\/\/schoenborner.com\/en\/wp-json\/wp\/v2\/pages\/3169\/revisions"}],"predecessor-version":[{"id":3330,"href":"https:\/\/schoenborner.com\/en\/wp-json\/wp\/v2\/pages\/3169\/revisions\/3330"}],"wp:attachment":[{"href":"https:\/\/schoenborner.com\/en\/wp-json\/wp\/v2\/media?parent=3169"}],"curies":[{"name":"wp","href":"https:\/\/api.w.org\/{rel}","templated":true}]}}