{"id":3471,"date":"2021-12-07T11:00:02","date_gmt":"2021-12-07T10:00:02","guid":{"rendered":"https:\/\/schoenborner.com\/?page_id=3471"},"modified":"2025-11-25T11:32:25","modified_gmt":"2025-11-25T10:32:25","slug":"kuppelmuffensets","status":"publish","type":"page","link":"https:\/\/schoenborner.com\/en\/kuppelmuffensets\/","title":{"rendered":"Kuppelmuffensystem"},"content":{"rendered":"<section class=\"wpb-content-wrapper\"><p>[vc_row][vc_column][vc_custom_heading text=&#8221;Kupplungssystem f\u00fcr Einbaugarnituren&#8221; font_container=&#8221;tag:h1|text_align:center&#8221; use_theme_fonts=&#8221;yes&#8221; css=&#8221;.vc_custom_1678702766743{margin-top: 0px !important;margin-right: 20px !important;margin-left: 20px !important;border-top-width: 10px !important;border-right-width: 10px !important;border-bottom-width: 0px !important;border-left-width: 10px !important;padding-top: 20px !important;padding-right: 10px !important;padding-bottom: 20px !important;padding-left: 10px !important;background-color: #cccccc !important;background-position: center !important;background-repeat: no-repeat !important;background-size: cover !important;border-radius: 10px !important;}&#8221;][vc_empty_space height=&#8221;60&#8243;][\/vc_column][\/vc_row][vc_row][vc_column width=&#8221;1\/3&#8243;][vc_custom_heading text=&#8221;Duktiles Gusseisen GGG-40&#8243; font_container=&#8221;tag:h3|text_align:center&#8221; use_theme_fonts=&#8221;yes&#8221; css=&#8221;.vc_custom_1678716710284{margin-bottom: 40px !important;}&#8221;][vc_single_image image=&#8221;4961&#8243; img_size=&#8221;300&#215;300&#8243; css=&#8221;.vc_custom_1678453507642{margin-right: 20px !important;margin-left: 20px !important;border-top-width: 10px !important;border-right-width: 10px !important;border-bottom-width: 10px !important;border-left-width: 10px !important;padding-left: 20px !important;border-left-color: #cccccc !important;border-left-style: solid !important;border-right-color: #cccccc !important;border-right-style: solid !important;border-top-color: #cccccc !important;border-top-style: solid !important;border-bottom-color: #cccccc !important;border-bottom-style: solid !important;border-radius: 10px !important;}&#8221;][\/vc_column][vc_column width=&#8221;1\/3&#8243;][vc_custom_heading text=&#8221;Edelstahl Gusseisen 1.4301&#8243; font_container=&#8221;tag:h3|text_align:center&#8221; use_theme_fonts=&#8221;yes&#8221; css=&#8221;.vc_custom_1678716715723{margin-bottom: 40px !important;}&#8221;][vc_single_image image=&#8221;4963&#8243; img_size=&#8221;300&#215;300&#8243; css=&#8221;.vc_custom_1678453515521{margin-right: 20px !important;margin-left: 20px !important;border-top-width: 10px !important;border-right-width: 10px !important;border-bottom-width: 10px !important;border-left-width: 10px !important;padding-left: 20px !important;border-left-color: #cccccc !important;border-left-style: solid !important;border-right-color: #cccccc !important;border-right-style: solid !important;border-top-color: #cccccc !important;border-top-style: solid !important;border-bottom-color: #cccccc !important;border-bottom-style: solid !important;border-radius: 10px !important;}&#8221;][\/vc_column][vc_column width=&#8221;1\/3&#8243;][vc_custom_heading text=&#8221;Hybrid Zink-Kunststoff&#8221; font_container=&#8221;tag:h3|text_align:center&#8221; use_theme_fonts=&#8221;yes&#8221; css=&#8221;.vc_custom_1678716722387{margin-bottom: 40px !important;}&#8221;][vc_single_image image=&#8221;4962&#8243; img_size=&#8221;300&#215;300&#8243; css=&#8221;.vc_custom_1678716727028{margin-right: 20px !important;margin-left: 20px !important;border-top-width: 10px !important;border-right-width: 10px !important;border-bottom-width: 10px !important;border-left-width: 10px !important;padding-left: 20px !important;border-left-color: #cccccc !important;border-left-style: solid !important;border-right-color: #cccccc !important;border-right-style: solid !important;border-top-color: #cccccc !important;border-top-style: solid !important;border-bottom-color: #cccccc !important;border-bottom-style: solid !important;border-radius: 10px !important;}&#8221;][\/vc_column][\/vc_row][vc_row][vc_column width=&#8221;1\/3&#8243;][vc_tta_accordion color=&#8221;white&#8221; active_section=&#8221;0&#8243; collapsible_all=&#8221;true&#8221; css=&#8221;.vc_custom_1678453554792{margin-top: -20px !important;margin-right: 20px !important;margin-left: 20px !important;border-top-width: 10px !important;border-right-width: 10px !important;border-bottom-width: 10px !important;border-left-width: 10px !important;border-left-color: #cccccc !important;border-left-style: solid !important;border-right-color: #cccccc !important;border-right-style: solid !important;border-top-color: #cccccc !important;border-top-style: solid !important;border-bottom-color: #cccccc !important;border-bottom-style: solid !important;border-radius: 10px !important;}&#8221;][vc_tta_section title=&#8221;Hausanschlussarmaturen&#8221; tab_id=&#8221;1603800809309-85f7e879-fe4d&#8221;][vc_column_text]<\/p>\n<h4><a href=\"https:\/\/schoenborner.com\/wp-content\/uploads\/2025\/11\/Produktdatenblatt-4VKM12K25Z.5GG.VMS3_.pdf\">Datenblatt Kupplungssatz VK25 HAA, 12mm, VSM3<\/a><\/h4>\n<p>[\/vc_column_text][\/vc_tta_section][vc_tta_section title=&#8221;Netzarmaturen&#8221; tab_id=&#8221;1603800809276-085364f2-3b4a&#8221;][vc_column_text]<\/p>\n<h4><a href=\"https:\/\/schoenborner.com\/wp-content\/uploads\/2025\/11\/Produktdatenblatt-4VKM14K25Z.5GG.VMS3_.pdf\">Datenblatt Kupplungssatz VK25 DN 40\/50, 14mm, VMS3<\/a><\/h4>\n<p>[\/vc_column_text][vc_column_text]<\/p>\n<h4><a href=\"https:\/\/schoenborner.com\/wp-content\/uploads\/2025\/11\/Produktdatenblatt-4VKM17K25Z.5GG.VMS3_.pdf\">Datenblatt Kupplungssatz VK25DN 65\/80, 17mm, VMS3<\/a><\/h4>\n<p>[\/vc_column_text][vc_column_text]<\/p>\n<h4><a href=\"https:\/\/schoenborner.com\/wp-content\/uploads\/2025\/11\/Produktdatenblatt-4VKM19K25Z.5GG.VMS3_.pdf\">Datenblatt Kupplungssatz VK25 DN 100\/150, 19mm, VMS3<\/a><\/h4>\n<p>[\/vc_column_text][vc_column_text]<\/p>\n<h4><a href=\"https:\/\/schoenborner.com\/wp-content\/uploads\/2025\/11\/Produktdatenblatt-4VKM24K30Z.5GG.VMS3_.pdf\">Datenblatt Kupplungssatz VK30 DN 175\/200, 24mm, VMS3<\/a><\/h4>\n<p>[\/vc_column_text][vc_column_text]<\/p>\n<h4><a href=\"https:\/\/schoenborner.com\/wp-content\/uploads\/2025\/11\/Produktdatenblatt-4VKM27K30Z.5GG.VMS3_.pdf\">Datenblatt Kupplungssatz VK30 DN 250\/350, 27mm, VMS3<\/a><\/h4>\n<p>[\/vc_column_text][vc_column_text]<\/p>\n<h4><a href=\"https:\/\/schoenborner.com\/wp-content\/uploads\/2025\/11\/Produktdatenblatt-4VKM32K30Z.5GG.VMS1_.pdf\">Datenblatt Kupplungssatz VK30 DN 400\/600, 32mm, VMS3<\/a><\/h4>\n<p>[\/vc_column_text][vc_column_text]<\/p>\n<h4><a href=\"https:\/\/schoenborner.com\/wp-content\/uploads\/2025\/11\/Produktdatenblatt-4VKM32K50Z.ZNB_.pdf\">Datenblatt Kupplungssatz VK50 DN 400\/600, 32mm, VMS3<\/a><\/h4>\n<p>[\/vc_column_text][vc_column_text]<\/p>\n<h4><a href=\"https:\/\/schoenborner.com\/wp-content\/uploads\/2025\/11\/Produktdatenblatt-4VKM36K50Z.ZNB_.pdf\">Datenblatt Kupplungssatz VK50 DN 400\/600, 36mm, VMS3<\/a><\/h4>\n<p>[\/vc_column_text][\/vc_tta_section][\/vc_tta_accordion][\/vc_column][vc_column width=&#8221;1\/3&#8243;][vc_tta_accordion color=&#8221;white&#8221; active_section=&#8221;0&#8243; collapsible_all=&#8221;true&#8221; css=&#8221;.vc_custom_1678453563240{margin-top: -20px !important;margin-right: 20px !important;margin-left: 20px !important;border-top-width: 10px !important;border-right-width: 10px !important;border-bottom-width: 10px !important;border-left-width: 10px !important;border-left-color: #cccccc !important;border-left-style: solid !important;border-right-color: #cccccc !important;border-right-style: solid !important;border-top-color: #cccccc !important;border-top-style: solid !important;border-bottom-color: #cccccc !important;border-bottom-style: solid !important;border-radius: 10px !important;}&#8221;][vc_tta_section title=&#8221;Hausanschlussarmaturen&#8221; tab_id=&#8221;1603800848158-e7501258-59ca&#8221;][vc_column_text]<\/p>\n<h4><a href=\"https:\/\/schoenborner.com\/wp-content\/uploads\/2025\/10\/Produktdatenblatt-4VKM12K25Z.5A2.VMS3_.pdf\">Datenblatt Kupplungssatz VK25 HAA, 12mm, VSM3<\/a><\/h4>\n<p>[\/vc_column_text][\/vc_tta_section][vc_tta_section title=&#8221;Netzarmaturen&#8221; tab_id=&#8221;1603800848188-2fbf4ff2-c1d1&#8243;][vc_column_text]<\/p>\n<h4><a href=\"https:\/\/schoenborner.com\/wp-content\/uploads\/2025\/10\/Produktdatenblatt-4VKM14K25Z.5A2.VMS3_.pdf\">Datenblatt Kupplungssatz VK25 DN 40\/50, 14mm, VMS3<\/a><\/h4>\n<p>[\/vc_column_text][vc_column_text]<\/p>\n<h4><a href=\"https:\/\/schoenborner.com\/wp-content\/uploads\/2025\/10\/Produktdatenblatt-4VKM17K25Z.5A2.VMS3_.pdf\">Datenblatt Kupplungssatz VK25DN 65\/80, 17mm, VMS3<\/a><\/h4>\n<p>[\/vc_column_text][vc_column_text]<\/p>\n<h4><a href=\"https:\/\/schoenborner.com\/wp-content\/uploads\/2025\/10\/Produktdatenblatt-4VKM19K25Z.5A2.VMS1_.pdf\">Datenblatt Kupplungssatz VK25 DN 100\/150, 19mm, VMS1<\/a><\/h4>\n<p>[\/vc_column_text][vc_column_text]<\/p>\n<h4><a href=\"https:\/\/schoenborner.com\/wp-content\/uploads\/2025\/10\/Produktdatenblatt-4VKM19K25Z.5A2.VMS3_.pdf\">Datenblatt Kupplungssatz VK25 DN 100\/150, 19mm, VMS3<\/a><\/h4>\n<p>[\/vc_column_text][vc_column_text]<\/p>\n<h4><a href=\"https:\/\/schoenborner.com\/wp-content\/uploads\/2025\/10\/Produktdatenblatt-4VKM24K30Z.5A2.VMS3_.pdf\">Datenblatt Kupplungssatz VK30 DN 175\/200, 24mm, VMS3<\/a><\/h4>\n<p>[\/vc_column_text][vc_column_text]<\/p>\n<h4><a href=\"https:\/\/schoenborner.com\/wp-content\/uploads\/2025\/10\/Produktdatenblatt-4VKM27K30Z.5A2.VMS3_.pdf\">Datenblatt Kupplungssatz VK30 DN 250\/350, 27mm, VMS3<\/a><\/h4>\n<p>[\/vc_column_text][\/vc_tta_section][\/vc_tta_accordion][\/vc_column][vc_column width=&#8221;1\/3&#8243;][vc_tta_accordion color=&#8221;white&#8221; active_section=&#8221;0&#8243; collapsible_all=&#8221;true&#8221; css=&#8221;.vc_custom_1678453573777{margin-top: -20px !important;margin-right: 20px !important;margin-left: 20px !important;border-top-width: 10px !important;border-right-width: 10px !important;border-bottom-width: 10px !important;border-left-width: 10px !important;border-left-color: #cccccc !important;border-left-style: solid !important;border-right-color: #cccccc !important;border-right-style: solid !important;border-top-color: #cccccc !important;border-top-style: solid !important;border-bottom-color: #cccccc !important;border-bottom-style: solid !important;border-radius: 10px !important;}&#8221;][vc_tta_section title=&#8221;Hausanschlussarmaturen&#8221; tab_id=&#8221;1603800871340-334803e0-b8eb&#8221;][vc_column_text]<\/p>\n<h4><a href=\"https:\/\/schoenborner.com\/wp-content\/uploads\/2025\/09\/Produktdatenblatt-4VKM12K20ZHY.VMS1_.pdf\">Dantenblatt Kupplungssatz VK20 HAA, 12mm, VSM1<\/a><\/h4>\n<p>[\/vc_column_text][vc_column_text]<\/p>\n<h4><a href=\"https:\/\/schoenborner.com\/wp-content\/uploads\/2025\/09\/Produktdatenblatt-4VKM12K20ZHY.VMS2_.pdf\">Datenblatt Kupplungssatz VK20 HAA, 12mm, VSM2<\/a><\/h4>\n<p>[\/vc_column_text][vc_column_text]<\/p>\n<h4><a href=\"https:\/\/schoenborner.com\/wp-content\/uploads\/2025\/09\/Produktdatenblatt-4VKM12K20ZHY.VMS3_.pdf\">Datenblatt Kupplungssatz VK20 HAA, 12mm, VSM3<\/a><\/h4>\n<p>[\/vc_column_text][\/vc_tta_section][vc_tta_section title=&#8221;Netzarmaturen&#8221; tab_id=&#8221;1603800871361-d27dbc81-85d7&#8243;][vc_column_text]<\/p>\n<h4><a href=\"https:\/\/schoenborner.com\/wp-content\/uploads\/2025\/09\/Produktdatenblatt-4VKM14K25ZHY.VMS1_.pdf\">Datenblatt Kupplungssatz VK25, DN 40\/50, 14mm, VMS1<\/a><\/h4>\n<p>[\/vc_column_text][vc_column_text]<\/p>\n<h4><a href=\"https:\/\/schoenborner.com\/wp-content\/uploads\/2025\/09\/Produktdatenblatt-4VKM14K25ZHY.VMS2_.pdf\">Datenblatt Kupplungssatz VK25, DN 40\/50, 14mm, VMS2<\/a><\/h4>\n<p>[\/vc_column_text][vc_column_text]<\/p>\n<h4><a href=\"https:\/\/schoenborner.com\/wp-content\/uploads\/2025\/09\/Produktdatenblatt-4VKM14K25ZHY.VMS3_.pdf\">Datenblatt Kupplungssatz VK25, DN 40\/50, 14mm, VMS3<\/a><\/h4>\n<p>[\/vc_column_text][vc_column_text]<\/p>\n<h4><a href=\"https:\/\/schoenborner.com\/wp-content\/uploads\/2025\/09\/Produktdatenblatt-4VKM17K25ZHY.VMS1_.pdf\">Datenblatt Kupplungssatz VK25, DN 65\/80, 17mm, VMS1<\/a><\/h4>\n<p>[\/vc_column_text][vc_column_text]<\/p>\n<h4><a href=\"https:\/\/schoenborner.com\/wp-content\/uploads\/2025\/09\/Produktdatenblatt-4VKM17K25ZHY.VMS2_.pdf\">Datenblatt Kupplungssatz VK25, DN 65\/80, 17mm, VMS2<\/a><\/h4>\n<p>[\/vc_column_text][vc_column_text]<\/p>\n<h4><a href=\"https:\/\/schoenborner.com\/wp-content\/uploads\/2025\/09\/Produktdatenblatt-4VKM17K25ZHY.VMS3_.pdf\">Datenblatt Kupplungssatz VK25, DN 65\/80, 17mm, VMS3<\/a><\/h4>\n<p>[\/vc_column_text][vc_column_text]<\/p>\n<h4><a href=\"https:\/\/schoenborner.com\/wp-content\/uploads\/2025\/09\/Produktdatenblatt-4VKM19K25ZHY.VMS1_.pdf\">Datenblatt Kupplungssatz VK25, DN 100\/150, 19mm, VMS1<\/a><\/h4>\n<p>[\/vc_column_text][vc_column_text]<\/p>\n<h4><a href=\"https:\/\/schoenborner.com\/wp-content\/uploads\/2025\/09\/Produktdatenblatt-4VKM19K25ZHY.VMS2_.pdf\">Datenblatt Kupplungssatz VK25, DN 100\/150, 19mm, VMS2<\/a><\/h4>\n<p>[\/vc_column_text][vc_column_text]<\/p>\n<h4><a href=\"https:\/\/schoenborner.com\/wp-content\/uploads\/2025\/09\/Produktdatenblatt-4VKM19K25ZHY.VMS3_.pdf\">Datenblatt Kupplungssatz VK25, DN 100\/150, 19mm, VMS3<\/a><\/h4>\n<p>[\/vc_column_text][vc_column_text]<\/p>\n<h4><a href=\"https:\/\/schoenborner.com\/wp-content\/uploads\/2025\/09\/Produktdatenblatt-4VKM24K30ZHY.VMS1_.pdf\">Datenblatt Kupplungssatz VK30, DN 200, 24mm, VMS1<\/a><\/h4>\n<p>[\/vc_column_text][vc_column_text]<\/p>\n<h4><a href=\"https:\/\/schoenborner.com\/wp-content\/uploads\/2025\/09\/Produktdatenblatt-4VKM24K30ZHY.VMS3_.pdf\">Datenblatt Kupplungssatz VK30, DN 200, 24mm, VMS3<\/a><\/h4>\n<p>[\/vc_column_text][vc_column_text]<\/p>\n<h4><a href=\"https:\/\/schoenborner.com\/wp-content\/uploads\/2025\/09\/Produktdatenblatt-4VKM27K30ZHY.VMS1_.pdf\">Datenblatt Kupplungssatz VK30, DN 250\/350, 27mm, VMS1<\/a><\/h4>\n<p>[\/vc_column_text][vc_column_text]<\/p>\n<h4><a href=\"https:\/\/schoenborner.com\/wp-content\/uploads\/2025\/09\/Produktdatenblatt-4VKM27K30ZHY.VMS3_.pdf\">Datenblatt Kupplungssatz VK30, DN 250\/350, 27mm, VMS3<\/a><\/h4>\n<p>[\/vc_column_text][\/vc_tta_section][\/vc_tta_accordion][\/vc_column][\/vc_row][vc_row][vc_column][vc_empty_space][\/vc_column][\/vc_row][vc_row][vc_column][vc_column_text]<a href=\"https:\/\/schoenborner.com\/wp-content\/uploads\/2023\/09\/Verbindungsmittel_Uebersicht..pdf\"><strong>Eine \u00dcbersicht \u00fcber unsere Verbindungselementen finden Sie &#8220;hier&#8221;.<\/strong><\/a>[\/vc_column_text][\/vc_column][\/vc_row][vc_row][vc_column][vc_column_text]<strong>Information Salzspr\u00fchtest Kuppelmuffen<br \/>\n<\/strong><\/p>\n<p>In einem Test der <a href=\"https:\/\/www.tu-chemnitz.de\/index.html\">TU Chemnitz<\/a> wurden die klassischen und die Hybridkuppelmuffen bis zu 1.000 Stunden mit einer Salzl\u00f6sung in einer Kammer bespr\u00fcht. Hier k\u00f6nnen Sie die einzelnen Dokumente\/Artikel zu dieser Thematik einsehen:<\/p>\n<ul>\n<li><a href=\"https:\/\/schoenborner.com\/Websiteab2020\/wp-content\/uploads\/2021\/02\/2009.03.01_3R_Freigabe.pdf\">Hybridkupplungselement<\/a><\/li>\n<li><a href=\"https:\/\/schoenborner.com\/Websiteab2020\/wp-content\/uploads\/2021\/02\/TU-Salzspruehtest-Gus-und-Hybridkuppelmuffe-1000-Std.pdf\">Bewertung Salzspr\u00fchtest<\/a><\/li>\n<\/ul>\n<p>[\/vc_column_text][\/vc_column][\/vc_row][vc_row][vc_column][vc_empty_space][\/vc_column][\/vc_row][vc_row][vc_column][\/vc_column][\/vc_row][vc_row][vc_column][vc_empty_space][\/vc_column][\/vc_row][vc_row gap=&#8221;20&#8243; content_placement=&#8221;top&#8221; css=&#8221;.vc_custom_1637001044248{margin-bottom: -100px !important;padding-top: 10px !important;padding-right: 30px !important;padding-bottom: 10px !important;padding-left: 30px !important;background-color: #f2f2f2 !important;border-radius: 3px !important;}&#8221; el_class=&#8221;schatten&#8221;][vc_column width=&#8221;1\/5&#8243;][vc_icon icon_fontawesome=&#8221;far fa-envelope-open&#8221; color=&#8221;custom&#8221; size=&#8221;xl&#8221; align=&#8221;center&#8221; custom_color=&#8221;#9ea7d8&#8243; el_class=&#8221;icon&#8221;][\/vc_column][vc_column width=&#8221;2\/5&#8243;][vc_column_text el_class=&#8221;text&#8221;]<\/p>\n<h2><strong>Sch\u00f6nborner &#8211; Newsletter<\/strong><\/h2>\n<p>Immer gut informiert auf dem neuesten Stand: Erfahren Sie als erster von innovativen Produkten und exklusiven Aktionen. Melden Sie sich zu unserem Newsletter an![\/vc_column_text][\/vc_column][vc_column width=&#8221;2\/5&#8243;]\n<div class=\"wpcf7 no-js\" id=\"wpcf7-f3198-o1\" lang=\"de-DE\" dir=\"ltr\">\n<div class=\"screen-reader-response\"><p role=\"status\" aria-live=\"polite\" aria-atomic=\"true\"><\/p> <ul><\/ul><\/div>\n<form action=\"\/en\/wp-json\/wp\/v2\/pages\/3471#wpcf7-f3198-o1\" method=\"post\" class=\"wpcf7-form init\" aria-label=\"Kontaktformular\" novalidate=\"novalidate\" data-status=\"init\">\n<div style=\"display: none;\">\n<input type=\"hidden\" name=\"_wpcf7\" value=\"3198\" \/>\n<input type=\"hidden\" name=\"_wpcf7_version\" value=\"5.7.4\" \/>\n<input type=\"hidden\" name=\"_wpcf7_locale\" value=\"de_DE\" \/>\n<input type=\"hidden\" name=\"_wpcf7_unit_tag\" value=\"wpcf7-f3198-o1\" \/>\n<input type=\"hidden\" name=\"_wpcf7_container_post\" value=\"0\" \/>\n<input type=\"hidden\" name=\"_wpcf7_posted_data_hash\" value=\"\" \/>\n<\/div>\n<p><label>E-Mail Adresse:<br \/>\n<span class=\"wpcf7-form-control-wrap\" data-name=\"your-email\"><input size=\"40\" class=\"wpcf7-form-control wpcf7-text wpcf7-email wpcf7-validates-as-required wpcf7-validates-as-email\" aria-required=\"true\" aria-invalid=\"false\" value=\"\" type=\"email\" name=\"your-email\" \/><\/span> <\/label>\n<\/p>\n<p><input class=\"wpcf7-form-control has-spinner wpcf7-submit\" id=\"button1\" type=\"submit\" value=\"Senden\" \/>\n<\/p><div class=\"wpcf7-response-output\" aria-hidden=\"true\"><\/div>\n<\/form>\n<\/div>\n[\/vc_column][\/vc_row]<\/p>\n<\/section>","protected":false},"excerpt":{"rendered":"<p>[vc_row][vc_column][vc_custom_heading text=&#8221;Kupplungssystem f\u00fcr Einbaugarnituren&#8221; font_container=&#8221;tag:h1|text_align:center&#8221; use_theme_fonts=&#8221;yes&#8221; css=&#8221;.vc_custom_1678702766743{margin-top: 0px !important;margin-right: 20px !important;margin-left: 20px !important;border-top-width: 10px !important;border-right-width: 10px !important;border-bottom-width: 0px !important;border-left-width: 10px !important;padding-top: 20px !important;padding-right: 10px !important;padding-bottom: 20px !important;padding-left: 10px !important;background-color: #cccccc&#8230;<\/p>\n","protected":false},"author":4,"featured_media":0,"parent":0,"menu_order":0,"comment_status":"closed","ping_status":"closed","template":"","meta":{"_themeisle_gutenberg_block_has_review":false},"yoast_head":"<!-- This site is optimized with the Yoast SEO plugin v21.0 - https:\/\/yoast.com\/wordpress\/plugins\/seo\/ -->\n<title>Kuppelmuffensystem - Sch\u00f6nborner Armaturen GmbH<\/title>\n<meta name=\"robots\" content=\"index, follow, max-snippet:-1, max-image-preview:large, max-video-preview:-1\" \/>\n<link rel=\"canonical\" href=\"https:\/\/schoenborner.com\/kuppelmuffensets\/\" \/>\n<meta property=\"og:locale\" content=\"en_US\" \/>\n<meta property=\"og:type\" content=\"article\" \/>\n<meta property=\"og:title\" content=\"Kuppelmuffensystem - Sch\u00f6nborner Armaturen GmbH\" \/>\n<meta property=\"og:description\" content=\"[vc_row][vc_column][vc_custom_heading text=&#8221;Kupplungssystem f\u00fcr Einbaugarnituren&#8221; font_container=&#8221;tag:h1|text_align:center&#8221; use_theme_fonts=&#8221;yes&#8221; css=&#8221;.vc_custom_1678702766743{margin-top: 0px !important;margin-right: 20px !important;margin-left: 20px !important;border-top-width: 10px !important;border-right-width: 10px !important;border-bottom-width: 0px !important;border-left-width: 10px !important;padding-top: 20px !important;padding-right: 10px !important;padding-bottom: 20px !important;padding-left: 10px !important;background-color: #cccccc...\" \/>\n<meta property=\"og:url\" content=\"https:\/\/schoenborner.com\/kuppelmuffensets\/\" \/>\n<meta property=\"og:site_name\" content=\"Sch\u00f6nborner Armaturen GmbH\" \/>\n<meta property=\"article:modified_time\" content=\"2025-11-25T10:32:25+00:00\" \/>\n<meta name=\"twitter:card\" content=\"summary_large_image\" \/>\n<meta name=\"twitter:label1\" content=\"Est. reading time\" \/>\n\t<meta name=\"twitter:data1\" content=\"4 minutes\" \/>\n<script type=\"application\/ld+json\" class=\"yoast-schema-graph\">{\"@context\":\"https:\/\/schema.org\",\"@graph\":[{\"@type\":\"WebPage\",\"@id\":\"https:\/\/schoenborner.com\/kuppelmuffensets\/\",\"url\":\"https:\/\/schoenborner.com\/kuppelmuffensets\/\",\"name\":\"Kuppelmuffensystem - Sch\u00f6nborner Armaturen GmbH\",\"isPartOf\":{\"@id\":\"https:\/\/schoenborner.com\/#website\"},\"datePublished\":\"2021-12-07T10:00:02+00:00\",\"dateModified\":\"2025-11-25T10:32:25+00:00\",\"breadcrumb\":{\"@id\":\"https:\/\/schoenborner.com\/kuppelmuffensets\/#breadcrumb\"},\"inLanguage\":\"en-US\",\"potentialAction\":[{\"@type\":\"ReadAction\",\"target\":[\"https:\/\/schoenborner.com\/kuppelmuffensets\/\"]}]},{\"@type\":\"BreadcrumbList\",\"@id\":\"https:\/\/schoenborner.com\/kuppelmuffensets\/#breadcrumb\",\"itemListElement\":[{\"@type\":\"ListItem\",\"position\":1,\"name\":\"Startseite\",\"item\":\"https:\/\/schoenborner.com\/\"},{\"@type\":\"ListItem\",\"position\":2,\"name\":\"Kuppelmuffensystem\"}]},{\"@type\":\"WebSite\",\"@id\":\"https:\/\/schoenborner.com\/#website\",\"url\":\"https:\/\/schoenborner.com\/\",\"name\":\"Sch\u00f6nborner Armaturen GmbH\",\"description\":\"Hersteller von Armaturenzubeh\u00f6r f\u00fcr die kommunale Gas-, Wasser- und Abwasserwirtschaft.\",\"potentialAction\":[{\"@type\":\"SearchAction\",\"target\":{\"@type\":\"EntryPoint\",\"urlTemplate\":\"https:\/\/schoenborner.com\/?s={search_term_string}\"},\"query-input\":\"required name=search_term_string\"}],\"inLanguage\":\"en-US\"}]}<\/script>\n<!-- \/ Yoast SEO plugin. -->","yoast_head_json":{"title":"Kuppelmuffensystem - Sch\u00f6nborner Armaturen GmbH","robots":{"index":"index","follow":"follow","max-snippet":"max-snippet:-1","max-image-preview":"max-image-preview:large","max-video-preview":"max-video-preview:-1"},"canonical":"https:\/\/schoenborner.com\/kuppelmuffensets\/","og_locale":"en_US","og_type":"article","og_title":"Kuppelmuffensystem - Sch\u00f6nborner Armaturen GmbH","og_description":"[vc_row][vc_column][vc_custom_heading text=&#8221;Kupplungssystem f\u00fcr Einbaugarnituren&#8221; font_container=&#8221;tag:h1|text_align:center&#8221; use_theme_fonts=&#8221;yes&#8221; css=&#8221;.vc_custom_1678702766743{margin-top: 0px !important;margin-right: 20px !important;margin-left: 20px !important;border-top-width: 10px !important;border-right-width: 10px !important;border-bottom-width: 0px !important;border-left-width: 10px !important;padding-top: 20px !important;padding-right: 10px !important;padding-bottom: 20px !important;padding-left: 10px !important;background-color: #cccccc...","og_url":"https:\/\/schoenborner.com\/kuppelmuffensets\/","og_site_name":"Sch\u00f6nborner Armaturen GmbH","article_modified_time":"2025-11-25T10:32:25+00:00","twitter_card":"summary_large_image","twitter_misc":{"Est. reading time":"4 minutes"},"schema":{"@context":"https:\/\/schema.org","@graph":[{"@type":"WebPage","@id":"https:\/\/schoenborner.com\/kuppelmuffensets\/","url":"https:\/\/schoenborner.com\/kuppelmuffensets\/","name":"Kuppelmuffensystem - Sch\u00f6nborner Armaturen GmbH","isPartOf":{"@id":"https:\/\/schoenborner.com\/#website"},"datePublished":"2021-12-07T10:00:02+00:00","dateModified":"2025-11-25T10:32:25+00:00","breadcrumb":{"@id":"https:\/\/schoenborner.com\/kuppelmuffensets\/#breadcrumb"},"inLanguage":"en-US","potentialAction":[{"@type":"ReadAction","target":["https:\/\/schoenborner.com\/kuppelmuffensets\/"]}]},{"@type":"BreadcrumbList","@id":"https:\/\/schoenborner.com\/kuppelmuffensets\/#breadcrumb","itemListElement":[{"@type":"ListItem","position":1,"name":"Startseite","item":"https:\/\/schoenborner.com\/"},{"@type":"ListItem","position":2,"name":"Kuppelmuffensystem"}]},{"@type":"WebSite","@id":"https:\/\/schoenborner.com\/#website","url":"https:\/\/schoenborner.com\/","name":"Sch\u00f6nborner Armaturen GmbH","description":"Hersteller von Armaturenzubeh\u00f6r f\u00fcr die kommunale Gas-, Wasser- und Abwasserwirtschaft.","potentialAction":[{"@type":"SearchAction","target":{"@type":"EntryPoint","urlTemplate":"https:\/\/schoenborner.com\/?s={search_term_string}"},"query-input":"required name=search_term_string"}],"inLanguage":"en-US"}]}},"_links":{"self":[{"href":"https:\/\/schoenborner.com\/en\/wp-json\/wp\/v2\/pages\/3471"}],"collection":[{"href":"https:\/\/schoenborner.com\/en\/wp-json\/wp\/v2\/pages"}],"about":[{"href":"https:\/\/schoenborner.com\/en\/wp-json\/wp\/v2\/types\/page"}],"author":[{"embeddable":true,"href":"https:\/\/schoenborner.com\/en\/wp-json\/wp\/v2\/users\/4"}],"replies":[{"embeddable":true,"href":"https:\/\/schoenborner.com\/en\/wp-json\/wp\/v2\/comments?post=3471"}],"version-history":[{"count":97,"href":"https:\/\/schoenborner.com\/en\/wp-json\/wp\/v2\/pages\/3471\/revisions"}],"predecessor-version":[{"id":9303,"href":"https:\/\/schoenborner.com\/en\/wp-json\/wp\/v2\/pages\/3471\/revisions\/9303"}],"wp:attachment":[{"href":"https:\/\/schoenborner.com\/en\/wp-json\/wp\/v2\/media?parent=3471"}],"curies":[{"name":"wp","href":"https:\/\/api.w.org\/{rel}","templated":true}]}}