{"id":3527,"date":"2021-12-08T11:05:12","date_gmt":"2021-12-08T10:05:12","guid":{"rendered":"https:\/\/schoenborner.com\/?page_id=3527"},"modified":"2025-07-22T15:27:34","modified_gmt":"2025-07-22T13:27:34","slug":"verlaengerungen-und-abgewinkelte-einbaugarnituren","status":"publish","type":"page","link":"https:\/\/schoenborner.com\/en\/verlaengerungen-und-abgewinkelte-einbaugarnituren\/","title":{"rendered":"Verl\u00e4ngerungen und Abgewinkelte Einbaugarnituren"},"content":{"rendered":"<section class=\"wpb-content-wrapper\"><p>[vc_row][vc_column][vc_custom_heading text=&#8221;Verl\u00e4ngerungen und Abgewinkelte Einbaugarnituren&#8221; font_container=&#8221;tag:h1|text_align:center&#8221; use_theme_fonts=&#8221;yes&#8221; css=&#8221;.vc_custom_1742891381973{margin-top: 0px !important;margin-right: 20px !important;margin-left: 20px !important;border-top-width: 10px !important;border-right-width: 10px !important;border-bottom-width: 0px !important;border-left-width: 10px !important;padding-top: 20px !important;padding-right: 10px !important;padding-bottom: 20px !important;padding-left: 10px !important;background-color: #cccccc !important;background-position: center !important;background-repeat: no-repeat !important;background-size: cover !important;border-radius: 10px !important;}&#8221;][vc_empty_space height=&#8221;50&#8243;][\/vc_column][\/vc_row][vc_row][vc_column width=&#8221;1\/2&#8243;][vc_custom_heading text=&#8221;Winkelgetriebe-Einbauset&#8221; font_container=&#8221;tag:h2|text_align:center&#8221; use_theme_fonts=&#8221;yes&#8221; css=&#8221;.vc_custom_1742887601883{margin-bottom: 40px !important;}&#8221;][vc_single_image image=&#8221;8862&#8243; img_size=&#8221;medium&#8221; alignment=&#8221;center&#8221; onclick=&#8221;custom_link&#8221; css=&#8221;.vc_custom_1747136862014{border-top-width: 10px !important;border-right-width: 10px !important;border-bottom-width: 10px !important;border-left-width: 10px !important;padding-top: 10px !important;border-left-color: #cccccc !important;border-left-style: solid !important;border-right-color: #cccccc !important;border-right-style: solid !important;border-top-color: #cccccc !important;border-top-style: solid !important;border-bottom-color: #cccccc !important;border-bottom-style: solid !important;border-radius: 10px !important;}&#8221; link=&#8221;https:\/\/schoenborner.com\/wp-content\/uploads\/2025\/05\/Winkelgetriebe-Einbauset-2.png&#8221;][\/vc_column][\/vc_row][vc_row css=&#8221;.vc_custom_1639659799975{border-radius: 35px !important;}&#8221;][vc_column width=&#8221;1\/2&#8243; css=&#8221;.vc_custom_1753190360804{margin-top: -20px !important;margin-left: 10px !important;border-top-width: 10px !important;border-right-width: 10px !important;border-bottom-width: 10px !important;border-left-width: 10px !important;padding-right: 20px !important;padding-left: 20px !important;border-left-color: #cccccc !important;border-left-style: solid !important;border-right-color: #cccccc !important;border-right-style: solid !important;border-top-color: #cccccc !important;border-top-style: solid !important;border-bottom-color: #cccccc !important;border-bottom-style: solid !important;border-radius: 10px !important;}&#8221;][vc_btn title=&#8221;Produktdatenblatt f\u00fcr Winkelgetriebe-Einbauset&#8221; style=&#8221;3d&#8221; color=&#8221;default&#8221; align=&#8221;center&#8221; css=&#8221;.vc_custom_1753190722875{margin-right: 0px !important;margin-left: 0px !important;}&#8221; link=&#8221;url:https%3A%2F%2Fschoenborner.com%2Fwp-content%2Fuploads%2F2025%2F07%2FProduktdatenblatt-Seite-1-Produktbeschreibung-Winkelgetriebe-Einbauset-2025-07-14.pdf&#8221;][\/vc_column][\/vc_row][vc_row][vc_column width=&#8221;1\/2&#8243;][vc_custom_heading text=&#8221;EBG-Verl\u00e4ngerungen f\u00fcr teleskopierbar EBG&#8221; font_container=&#8221;tag:h2|text_align:center&#8221; use_theme_fonts=&#8221;yes&#8221; css=&#8221;.vc_custom_1742888297595{margin-bottom: 40px !important;}&#8221;][vc_single_image image=&#8221;4846&#8243; img_size=&#8221;600&#215;600&#8243; alignment=&#8221;center&#8221; css=&#8221;.vc_custom_1657718095449{border-top-width: 10px !important;border-right-width: 10px !important;border-bottom-width: 10px !important;border-left-width: 10px !important;border-left-color: #cccccc !important;border-left-style: solid !important;border-right-color: #cccccc !important;border-right-style: solid !important;border-top-color: #cccccc !important;border-top-style: solid !important;border-bottom-color: #cccccc !important;border-bottom-style: solid !important;border-radius: 10px !important;}&#8221;][\/vc_column][vc_column width=&#8221;1\/2&#8243;][vc_custom_heading text=&#8221;Abgewinkelte Einbaugarnituren&#8221; font_container=&#8221;tag:h2|text_align:center&#8221; use_theme_fonts=&#8221;yes&#8221; css=&#8221;.vc_custom_1678716786788{margin-bottom: 40px !important;}&#8221;][vc_single_image image=&#8221;4847&#8243; img_size=&#8221;600&#215;600&#8243; alignment=&#8221;center&#8221; css=&#8221;.vc_custom_1657718111601{border-top-width: 10px !important;border-right-width: 10px !important;border-bottom-width: 10px !important;border-left-width: 10px !important;border-left-color: #cccccc !important;border-left-style: solid !important;border-right-color: #cccccc !important;border-right-style: solid !important;border-top-color: #cccccc !important;border-top-style: solid !important;border-bottom-color: #cccccc !important;border-bottom-style: solid !important;border-radius: 10px !important;}&#8221;][\/vc_column][\/vc_row][vc_row css=&#8221;.vc_custom_1639659799975{border-radius: 35px !important;}&#8221;][vc_column width=&#8221;1\/4&#8243; css=&#8221;.vc_custom_1641463277926{margin-top: -20px !important;margin-left: 10px !important;border-top-width: 10px !important;border-right-width: 10px !important;border-bottom-width: 10px !important;border-left-width: 10px !important;border-left-color: #cccccc !important;border-left-style: solid !important;border-right-color: #cccccc !important;border-right-style: solid !important;border-top-color: #cccccc !important;border-top-style: solid !important;border-bottom-color: #cccccc !important;border-bottom-style: solid !important;border-radius: 10px !important;}&#8221;][vc_column_text]<\/p>\n<h4 style=\"text-align: center;\">Ausf\u00fchrung starr<\/h4>\n<p>[\/vc_column_text][vc_btn title=&#8221;Datenblatt f\u00fcr EBG Verl\u00e4ngerung (Demn\u00e4chst verf\u00fcgbar)&#8221; style=&#8221;3d&#8221; color=&#8221;white&#8221; css=&#8221;.vc_custom_1753190762979{margin-right: 0px !important;margin-left: 0px !important;background-color: #ffffff !important;border-radius: 35px !important;}&#8221;][vc_btn title=&#8221;Montageanleitung f\u00fcr EBG Verl\u00e4ngerung&#8221; style=&#8221;3d&#8221; color=&#8221;white&#8221; link=&#8221;url:https%3A%2F%2Fschoenborner.com%2Fwp-content%2Fuploads%2F2025%2F02%2FMontageanleitung-EBG-Verlaengerung-starr-SAG.pdf&#8221; css=&#8221;.vc_custom_1753190774075{margin-right: 20px !important;margin-left: 20px !important;}&#8221;][\/vc_column][vc_column width=&#8221;1\/4&#8243; css=&#8221;.vc_custom_1641470264639{margin-top: -20px !important;margin-left: -5px !important;border-top-width: 10px !important;border-right-width: 10px !important;border-bottom-width: 10px !important;border-left-width: 10px !important;border-left-color: #cccccc !important;border-left-style: solid !important;border-right-color: #cccccc !important;border-right-style: solid !important;border-top-color: #cccccc !important;border-top-style: solid !important;border-bottom-color: #cccccc !important;border-bottom-style: solid !important;border-radius: 10px !important;}&#8221;][vc_column_text]<\/p>\n<h4 style=\"text-align: center;\">Ausf\u00fchrung teleskopierbar<\/h4>\n<p>[\/vc_column_text][vc_btn title=&#8221;Datenblatt f\u00fcr EBG Verl\u00e4ngerung (Demn\u00e4chst verf\u00fcgbar)&#8221; style=&#8221;3d&#8221; color=&#8221;white&#8221; css=&#8221;.vc_custom_1753190782548{margin-right: 0px !important;margin-left: 0px !important;background-color: #ffffff !important;border-radius: 35px !important;}&#8221;][vc_btn title=&#8221;Montageanleitung f\u00fcr EBG Verl\u00e4ngerung&#8221; style=&#8221;3d&#8221; color=&#8221;white&#8221; link=&#8221;url:https%3A%2F%2Fschoenborner.com%2Fwp-content%2Fuploads%2F2025%2F02%2FMontageanleitung-EBG-Verlaengerung-teleskopierbar-SAG.pdf&#8221; css=&#8221;.vc_custom_1753190789604{margin-right: 20px !important;margin-left: 20px !important;}&#8221;][\/vc_column][vc_column width=&#8221;1\/4&#8243; css=&#8221;.vc_custom_1641463137184{margin-top: -20px !important;margin-left: 10px !important;border-top-width: 10px !important;border-right-width: 10px !important;border-bottom-width: 10px !important;border-left-width: 10px !important;border-left-color: #cccccc !important;border-left-style: solid !important;border-right-color: #cccccc !important;border-right-style: solid !important;border-top-color: #cccccc !important;border-top-style: solid !important;border-bottom-color: #cccccc !important;border-bottom-style: solid !important;border-radius: 10px !important;}&#8221;][vc_column_text]<\/p>\n<h4 style=\"text-align: center;\">Einfach abgewinkelt<\/h4>\n<p>[\/vc_column_text][vc_btn title=&#8221;Datenblatt f\u00fcr abgewinkelt Hausanschlussarmaturen&#8221; style=&#8221;3d&#8221; color=&#8221;white&#8221; link=&#8221;url:https%3A%2F%2Fschoenborner.com%2Fwp-content%2Fuploads%2F2021%2F04%2F1fach-abgewinkelte-EBG-HAA.pdf|||&#8221; css=&#8221;.vc_custom_1753190796803{margin-right: 20px !important;margin-left: 20px !important;background-color: #ffffff !important;border-radius: 35px !important;}&#8221;][vc_btn title=&#8221;Datenblatt f\u00fcr abgewinkelt Netzarmaturen&#8221; style=&#8221;3d&#8221; color=&#8221;white&#8221; link=&#8221;url:https%3A%2F%2Fschoenborner.com%2Fwp-content%2Fuploads%2F2021%2F04%2F1fach-abgewinkelte-EBG-NA.pdf|||&#8221; css=&#8221;.vc_custom_1753190805580{margin-right: 20px !important;margin-left: 20px !important;}&#8221;][\/vc_column][vc_column width=&#8221;1\/4&#8243; css=&#8221;.vc_custom_1641463255364{margin-top: -20px !important;margin-left: -5px !important;border-top-width: 10px !important;border-right-width: 10px !important;border-bottom-width: 10px !important;border-left-width: 10px !important;border-left-color: #cccccc !important;border-left-style: solid !important;border-right-color: #cccccc !important;border-right-style: solid !important;border-top-color: #cccccc !important;border-top-style: solid !important;border-bottom-color: #cccccc !important;border-bottom-style: solid !important;border-radius: 10px !important;}&#8221;][vc_column_text]<\/p>\n<h4 style=\"text-align: center;\">Zweifach abgewinkelt<\/h4>\n<p>[\/vc_column_text][vc_btn title=&#8221;Datenblatt f\u00fcr abgewinkelt Hausanschlussarmaturen&#8221; style=&#8221;3d&#8221; color=&#8221;white&#8221; link=&#8221;url:https%3A%2F%2Fschoenborner.com%2Fwp-content%2Fuploads%2F2021%2F04%2F2fach-abgewinkelte-EBG-HAA.pdf|||&#8221; css=&#8221;.vc_custom_1753190812288{margin-right: 20px !important;margin-left: 20px !important;}&#8221;][vc_btn title=&#8221;Datenblatt f\u00fcr abgewinkelt Netzarmaturen&#8221; style=&#8221;3d&#8221; color=&#8221;white&#8221; link=&#8221;url:https%3A%2F%2Fschoenborner.com%2Fwp-content%2Fuploads%2F2021%2F04%2F2fach-abgewinkelte-EBG-NA.pdf|||&#8221; css=&#8221;.vc_custom_1753190826159{margin-right: 20px !important;margin-left: 20px !important;border-top-width: 10px !important;border-bottom-width: 10px !important;}&#8221;][\/vc_column][\/vc_row][vc_row][vc_column][vc_empty_space][vc_empty_space][\/vc_column][\/vc_row][vc_row gap=&#8221;20&#8243; content_placement=&#8221;top&#8221; css=&#8221;.vc_custom_1637001044248{margin-bottom: -100px !important;padding-top: 10px !important;padding-right: 30px !important;padding-bottom: 10px !important;padding-left: 30px !important;background-color: #f2f2f2 !important;border-radius: 3px !important;}&#8221; el_class=&#8221;schatten&#8221;][vc_column width=&#8221;1\/5&#8243;][vc_icon icon_fontawesome=&#8221;far fa-envelope-open&#8221; color=&#8221;custom&#8221; size=&#8221;xl&#8221; align=&#8221;center&#8221; custom_color=&#8221;#9ea7d8&#8243; el_class=&#8221;icon&#8221;][\/vc_column][vc_column width=&#8221;2\/5&#8243;][vc_column_text el_class=&#8221;text&#8221;]<\/p>\n<h2><strong>Sch\u00f6nborner &#8211; Newsletter<\/strong><\/h2>\n<p>Immer gut informiert auf dem neuesten Stand: Erfahren Sie als erster von innovativen Produkten und exklusiven Aktionen. Melden Sie sich zu unserem Newsletter an![\/vc_column_text][\/vc_column][vc_column width=&#8221;2\/5&#8243;]\n<div class=\"wpcf7 no-js\" id=\"wpcf7-f3198-o1\" lang=\"de-DE\" dir=\"ltr\">\n<div class=\"screen-reader-response\"><p role=\"status\" aria-live=\"polite\" aria-atomic=\"true\"><\/p> <ul><\/ul><\/div>\n<form action=\"\/en\/wp-json\/wp\/v2\/pages\/3527#wpcf7-f3198-o1\" method=\"post\" class=\"wpcf7-form init\" aria-label=\"Kontaktformular\" novalidate=\"novalidate\" data-status=\"init\">\n<div style=\"display: none;\">\n<input type=\"hidden\" name=\"_wpcf7\" value=\"3198\" \/>\n<input type=\"hidden\" name=\"_wpcf7_version\" value=\"5.7.4\" \/>\n<input type=\"hidden\" name=\"_wpcf7_locale\" value=\"de_DE\" \/>\n<input type=\"hidden\" name=\"_wpcf7_unit_tag\" value=\"wpcf7-f3198-o1\" \/>\n<input type=\"hidden\" name=\"_wpcf7_container_post\" value=\"0\" \/>\n<input type=\"hidden\" name=\"_wpcf7_posted_data_hash\" value=\"\" \/>\n<\/div>\n<p><label>E-Mail Adresse:<br \/>\n<span class=\"wpcf7-form-control-wrap\" data-name=\"your-email\"><input size=\"40\" class=\"wpcf7-form-control wpcf7-text wpcf7-email wpcf7-validates-as-required wpcf7-validates-as-email\" aria-required=\"true\" aria-invalid=\"false\" value=\"\" type=\"email\" name=\"your-email\" \/><\/span> <\/label>\n<\/p>\n<p><input class=\"wpcf7-form-control has-spinner wpcf7-submit\" id=\"button1\" type=\"submit\" value=\"Senden\" \/>\n<\/p><div class=\"wpcf7-response-output\" aria-hidden=\"true\"><\/div>\n<\/form>\n<\/div>\n[\/vc_column][\/vc_row]<\/p>\n<\/section>","protected":false},"excerpt":{"rendered":"<p>[vc_row][vc_column][vc_custom_heading text=&#8221;Verl\u00e4ngerungen und Abgewinkelte Einbaugarnituren&#8221; font_container=&#8221;tag:h1|text_align:center&#8221; use_theme_fonts=&#8221;yes&#8221; css=&#8221;.vc_custom_1742891381973{margin-top: 0px !important;margin-right: 20px !important;margin-left: 20px !important;border-top-width: 10px !important;border-right-width: 10px !important;border-bottom-width: 0px !important;border-left-width: 10px !important;padding-top: 20px !important;padding-right: 10px !important;padding-bottom: 20px !important;padding-left: 10px !important;background-color:&#8230;<\/p>\n","protected":false},"author":4,"featured_media":0,"parent":0,"menu_order":0,"comment_status":"closed","ping_status":"closed","template":"","meta":{"_themeisle_gutenberg_block_has_review":false},"yoast_head":"<!-- This site is optimized with the Yoast SEO plugin v21.0 - https:\/\/yoast.com\/wordpress\/plugins\/seo\/ -->\n<title>Verl\u00e4ngerungen und Abgewinkelte Einbaugarnituren - Sch\u00f6nborner Armaturen GmbH<\/title>\n<meta name=\"robots\" content=\"index, follow, max-snippet:-1, max-image-preview:large, max-video-preview:-1\" \/>\n<link rel=\"canonical\" href=\"https:\/\/schoenborner.com\/verlaengerungen-und-abgewinkelte-einbaugarnituren\/\" \/>\n<meta property=\"og:locale\" content=\"en_US\" \/>\n<meta property=\"og:type\" content=\"article\" \/>\n<meta property=\"og:title\" content=\"Verl\u00e4ngerungen und Abgewinkelte Einbaugarnituren - Sch\u00f6nborner Armaturen GmbH\" \/>\n<meta property=\"og:description\" content=\"[vc_row][vc_column][vc_custom_heading text=&#8221;Verl\u00e4ngerungen und Abgewinkelte Einbaugarnituren&#8221; font_container=&#8221;tag:h1|text_align:center&#8221; use_theme_fonts=&#8221;yes&#8221; css=&#8221;.vc_custom_1742891381973{margin-top: 0px !important;margin-right: 20px !important;margin-left: 20px !important;border-top-width: 10px !important;border-right-width: 10px !important;border-bottom-width: 0px !important;border-left-width: 10px !important;padding-top: 20px !important;padding-right: 10px !important;padding-bottom: 20px !important;padding-left: 10px !important;background-color:...\" \/>\n<meta property=\"og:url\" content=\"https:\/\/schoenborner.com\/verlaengerungen-und-abgewinkelte-einbaugarnituren\/\" \/>\n<meta property=\"og:site_name\" content=\"Sch\u00f6nborner Armaturen GmbH\" \/>\n<meta property=\"article:modified_time\" content=\"2025-07-22T13:27:34+00:00\" \/>\n<meta name=\"twitter:card\" content=\"summary_large_image\" \/>\n<meta name=\"twitter:label1\" content=\"Est. reading time\" \/>\n\t<meta name=\"twitter:data1\" content=\"3 minutes\" \/>\n<script type=\"application\/ld+json\" class=\"yoast-schema-graph\">{\"@context\":\"https:\/\/schema.org\",\"@graph\":[{\"@type\":\"WebPage\",\"@id\":\"https:\/\/schoenborner.com\/verlaengerungen-und-abgewinkelte-einbaugarnituren\/\",\"url\":\"https:\/\/schoenborner.com\/verlaengerungen-und-abgewinkelte-einbaugarnituren\/\",\"name\":\"Verl\u00e4ngerungen und Abgewinkelte Einbaugarnituren - Sch\u00f6nborner Armaturen GmbH\",\"isPartOf\":{\"@id\":\"https:\/\/schoenborner.com\/#website\"},\"datePublished\":\"2021-12-08T10:05:12+00:00\",\"dateModified\":\"2025-07-22T13:27:34+00:00\",\"breadcrumb\":{\"@id\":\"https:\/\/schoenborner.com\/verlaengerungen-und-abgewinkelte-einbaugarnituren\/#breadcrumb\"},\"inLanguage\":\"en-US\",\"potentialAction\":[{\"@type\":\"ReadAction\",\"target\":[\"https:\/\/schoenborner.com\/verlaengerungen-und-abgewinkelte-einbaugarnituren\/\"]}]},{\"@type\":\"BreadcrumbList\",\"@id\":\"https:\/\/schoenborner.com\/verlaengerungen-und-abgewinkelte-einbaugarnituren\/#breadcrumb\",\"itemListElement\":[{\"@type\":\"ListItem\",\"position\":1,\"name\":\"Startseite\",\"item\":\"https:\/\/schoenborner.com\/\"},{\"@type\":\"ListItem\",\"position\":2,\"name\":\"Verl\u00e4ngerungen und Abgewinkelte Einbaugarnituren\"}]},{\"@type\":\"WebSite\",\"@id\":\"https:\/\/schoenborner.com\/#website\",\"url\":\"https:\/\/schoenborner.com\/\",\"name\":\"Sch\u00f6nborner Armaturen GmbH\",\"description\":\"Hersteller von Armaturenzubeh\u00f6r f\u00fcr die kommunale Gas-, Wasser- und Abwasserwirtschaft.\",\"potentialAction\":[{\"@type\":\"SearchAction\",\"target\":{\"@type\":\"EntryPoint\",\"urlTemplate\":\"https:\/\/schoenborner.com\/?s={search_term_string}\"},\"query-input\":\"required name=search_term_string\"}],\"inLanguage\":\"en-US\"}]}<\/script>\n<!-- \/ Yoast SEO plugin. -->","yoast_head_json":{"title":"Verl\u00e4ngerungen und Abgewinkelte Einbaugarnituren - Sch\u00f6nborner Armaturen GmbH","robots":{"index":"index","follow":"follow","max-snippet":"max-snippet:-1","max-image-preview":"max-image-preview:large","max-video-preview":"max-video-preview:-1"},"canonical":"https:\/\/schoenborner.com\/verlaengerungen-und-abgewinkelte-einbaugarnituren\/","og_locale":"en_US","og_type":"article","og_title":"Verl\u00e4ngerungen und Abgewinkelte Einbaugarnituren - Sch\u00f6nborner Armaturen GmbH","og_description":"[vc_row][vc_column][vc_custom_heading text=&#8221;Verl\u00e4ngerungen und Abgewinkelte Einbaugarnituren&#8221; font_container=&#8221;tag:h1|text_align:center&#8221; use_theme_fonts=&#8221;yes&#8221; css=&#8221;.vc_custom_1742891381973{margin-top: 0px !important;margin-right: 20px !important;margin-left: 20px !important;border-top-width: 10px !important;border-right-width: 10px !important;border-bottom-width: 0px !important;border-left-width: 10px !important;padding-top: 20px !important;padding-right: 10px !important;padding-bottom: 20px !important;padding-left: 10px !important;background-color:...","og_url":"https:\/\/schoenborner.com\/verlaengerungen-und-abgewinkelte-einbaugarnituren\/","og_site_name":"Sch\u00f6nborner Armaturen GmbH","article_modified_time":"2025-07-22T13:27:34+00:00","twitter_card":"summary_large_image","twitter_misc":{"Est. reading time":"3 minutes"},"schema":{"@context":"https:\/\/schema.org","@graph":[{"@type":"WebPage","@id":"https:\/\/schoenborner.com\/verlaengerungen-und-abgewinkelte-einbaugarnituren\/","url":"https:\/\/schoenborner.com\/verlaengerungen-und-abgewinkelte-einbaugarnituren\/","name":"Verl\u00e4ngerungen und Abgewinkelte Einbaugarnituren - Sch\u00f6nborner Armaturen GmbH","isPartOf":{"@id":"https:\/\/schoenborner.com\/#website"},"datePublished":"2021-12-08T10:05:12+00:00","dateModified":"2025-07-22T13:27:34+00:00","breadcrumb":{"@id":"https:\/\/schoenborner.com\/verlaengerungen-und-abgewinkelte-einbaugarnituren\/#breadcrumb"},"inLanguage":"en-US","potentialAction":[{"@type":"ReadAction","target":["https:\/\/schoenborner.com\/verlaengerungen-und-abgewinkelte-einbaugarnituren\/"]}]},{"@type":"BreadcrumbList","@id":"https:\/\/schoenborner.com\/verlaengerungen-und-abgewinkelte-einbaugarnituren\/#breadcrumb","itemListElement":[{"@type":"ListItem","position":1,"name":"Startseite","item":"https:\/\/schoenborner.com\/"},{"@type":"ListItem","position":2,"name":"Verl\u00e4ngerungen und Abgewinkelte Einbaugarnituren"}]},{"@type":"WebSite","@id":"https:\/\/schoenborner.com\/#website","url":"https:\/\/schoenborner.com\/","name":"Sch\u00f6nborner Armaturen GmbH","description":"Hersteller von Armaturenzubeh\u00f6r f\u00fcr die kommunale Gas-, Wasser- und Abwasserwirtschaft.","potentialAction":[{"@type":"SearchAction","target":{"@type":"EntryPoint","urlTemplate":"https:\/\/schoenborner.com\/?s={search_term_string}"},"query-input":"required name=search_term_string"}],"inLanguage":"en-US"}]}},"_links":{"self":[{"href":"https:\/\/schoenborner.com\/en\/wp-json\/wp\/v2\/pages\/3527"}],"collection":[{"href":"https:\/\/schoenborner.com\/en\/wp-json\/wp\/v2\/pages"}],"about":[{"href":"https:\/\/schoenborner.com\/en\/wp-json\/wp\/v2\/types\/page"}],"author":[{"embeddable":true,"href":"https:\/\/schoenborner.com\/en\/wp-json\/wp\/v2\/users\/4"}],"replies":[{"embeddable":true,"href":"https:\/\/schoenborner.com\/en\/wp-json\/wp\/v2\/comments?post=3527"}],"version-history":[{"count":206,"href":"https:\/\/schoenborner.com\/en\/wp-json\/wp\/v2\/pages\/3527\/revisions"}],"predecessor-version":[{"id":5077,"href":"https:\/\/schoenborner.com\/en\/wp-json\/wp\/v2\/pages\/3527\/revisions\/5077"}],"wp:attachment":[{"href":"https:\/\/schoenborner.com\/en\/wp-json\/wp\/v2\/media?parent=3527"}],"curies":[{"name":"wp","href":"https:\/\/api.w.org\/{rel}","templated":true}]}}