{"id":3804,"date":"2022-01-10T15:37:16","date_gmt":"2022-01-10T14:37:16","guid":{"rendered":"https:\/\/schoenborner.com\/?page_id=3804"},"modified":"2024-12-05T14:09:10","modified_gmt":"2024-12-05T13:09:10","slug":"adapter-und-sandschutzscheiben","status":"publish","type":"page","link":"https:\/\/schoenborner.com\/en\/adapter-und-sandschutzscheiben\/","title":{"rendered":"Adapter-und-Sandschutzscheiben"},"content":{"rendered":"<section class=\"wpb-content-wrapper\"><p>[vc_row][vc_column][vc_custom_heading text=&#8221;Adapter und Sandschutzscheiben&#8221; font_container=&#8221;tag:h1|text_align:center&#8221; use_theme_fonts=&#8221;yes&#8221; css=&#8221;.vc_custom_1732626840106{margin-top: 0px !important;border-top-width: 10px !important;border-right-width: 10px !important;border-bottom-width: 0px !important;border-left-width: 10px !important;padding-top: 20px !important;padding-right: 10px !important;padding-bottom: 20px !important;padding-left: 10px !important;background-color: #cccccc !important;background-position: center !important;background-repeat: no-repeat !important;background-size: cover !important;border-radius: 10px !important;}&#8221;][\/vc_column][\/vc_row][vc_row][vc_column][vc_column_text][\/vc_column_text][\/vc_column][\/vc_row][vc_row css=&#8221;.vc_custom_1678458573476{border-top-width: 10px !important;border-right-width: 10px !important;border-bottom-width: 10px !important;border-left-width: 10px !important;background-color: #cccccc !important;border-left-color: #cccccc !important;border-right-color: #cccccc !important;border-top-color: #cccccc !important;border-bottom-color: #cccccc !important;border-radius: 10px !important;}&#8221;][vc_column css=&#8221;.vc_custom_1643636606224{border-top-width: 10px !important;border-right-width: 10px !important;border-bottom-width: 10px !important;border-left-width: 10px !important;border-left-color: #cccccc !important;border-left-style: solid !important;border-right-color: #cccccc !important;border-right-style: solid !important;border-top-color: #cccccc !important;border-top-style: solid !important;border-bottom-color: #cccccc !important;border-bottom-style: solid !important;border-radius: 10px !important;}&#8221;][vc_column_text css_animation=&#8221;fadeIn&#8221; css=&#8221;.vc_custom_1732627603548{background-color: #cccccc !important;border-radius: 5px !important;}&#8221;]<\/p>\n<h2 class=\"LC20lb MBeuO DKV0Md\" style=\"text-align: center;\"><strong><span style=\"color: #004a99;\">Unsere Seite befindet sich im Aufbau! <\/span><\/strong><\/h2>\n<h2 class=\"LC20lb MBeuO DKV0Md\" style=\"text-align: center;\"><span style=\"color: #004a99;\"><strong>Suchen Sie einen speziellen Adapter, dann wenden Sie sich bitte an unseren <a href=\"https:\/\/schoenborner.com\/kontakt-anfahrt\/\">\u21d2 Support \u21d0!<\/a><\/strong><\/span><\/h2>\n<h3 style=\"text-align: center;\"><\/h3>\n<p>[\/vc_column_text][\/vc_column][\/vc_row][vc_row][vc_column][vc_empty_space height=&#8221;16px&#8221;][\/vc_column][\/vc_row][vc_row][vc_column width=&#8221;1\/3&#8243; css=&#8221;.vc_custom_1643718550300{border: 10px solid #cccccc !important;border-radius: 10px !important;}&#8221;][vc_column_text]<\/p>\n<h3 style=\"text-align: center;\"><a href=\"https:\/\/schoenborner.com\/?page_id=8194&amp;preview=true\">aliaxis<\/a><\/h3>\n<p>[\/vc_column_text][\/vc_column][vc_column width=&#8221;1\/3&#8243; css=&#8221;.vc_custom_1643718729333{border: 10px solid #cccccc !important;border-radius: 10px !important;}&#8221;][vc_column_text]<\/p>\n<h3 style=\"text-align: center;\"><a href=\"https:\/\/schoenborner.com\/?page_id=8179&amp;preview=true\">AVK<\/a><\/h3>\n<p>[\/vc_column_text][\/vc_column][vc_column width=&#8221;1\/3&#8243; css=&#8221;.vc_custom_1643719169475{border: 10px solid #cccccc !important;border-radius: 10px !important;}&#8221;][vc_column_text]<\/p>\n<h3 style=\"text-align: center;\"><a href=\"https:\/\/schoenborner.com\/?page_id=8190&amp;preview=true\">EWE<\/a><\/h3>\n<p>[\/vc_column_text][\/vc_column][\/vc_row][vc_row][vc_column width=&#8221;1\/3&#8243; css=&#8221;.vc_custom_1643718550300{border: 10px solid #cccccc !important;border-radius: 10px !important;}&#8221;][vc_column_text]<\/p>\n<h3 style=\"text-align: center;\"><a href=\"https:\/\/schoenborner.com\/georg-fischer-adapter\/\">Georg Fischer<\/a><\/h3>\n<p>[\/vc_column_text][\/vc_column][vc_column width=&#8221;1\/3&#8243; css=&#8221;.vc_custom_1643718729333{border: 10px solid #cccccc !important;border-radius: 10px !important;}&#8221;][vc_column_text]<\/p>\n<h3 style=\"text-align: center;\"><a href=\"https:\/\/schoenborner.com\/?page_id=8207&amp;preview=true\">Hawle<\/a><\/h3>\n<p>[\/vc_column_text][\/vc_column][vc_column width=&#8221;1\/3&#8243; css=&#8221;.vc_custom_1643719169475{border: 10px solid #cccccc !important;border-radius: 10px !important;}&#8221;][vc_column_text]<\/p>\n<h3 style=\"text-align: center;\"><a href=\"https:\/\/schoenborner.com\/?page_id=8209&amp;preview=true\">Isiflo<\/a><\/h3>\n<p>[\/vc_column_text][\/vc_column][\/vc_row][vc_row][vc_column width=&#8221;1\/3&#8243; css=&#8221;.vc_custom_1643718550300{border: 10px solid #cccccc !important;border-radius: 10px !important;}&#8221;][vc_column_text]<\/p>\n<h3 style=\"text-align: center;\"><a href=\"https:\/\/schoenborner.com\/?page_id=8217&amp;preview=true\">Rehbein<\/a><\/h3>\n<p>[\/vc_column_text][\/vc_column][vc_column width=&#8221;1\/3&#8243; css=&#8221;.vc_custom_1643718729333{border: 10px solid #cccccc !important;border-radius: 10px !important;}&#8221;][vc_column_text]<\/p>\n<h3 style=\"text-align: center;\"><a href=\"https:\/\/schoenborner.com\/?page_id=8231&amp;preview=true\">Adapter ohne Herstellerbezug<\/a><\/h3>\n<p>[\/vc_column_text][\/vc_column][vc_column width=&#8221;1\/3&#8243; css=&#8221;.vc_custom_1643719169475{border: 10px solid #cccccc !important;border-radius: 10px !important;}&#8221;][vc_column_text]<\/p>\n<h3 style=\"text-align: center;\"><a href=\"https:\/\/schoenborner.com\/?page_id=8215&amp;preview=true\">Plasson<\/a><\/h3>\n<p>[\/vc_column_text][\/vc_column][\/vc_row][vc_row][vc_column width=&#8221;1\/3&#8243; css=&#8221;.vc_custom_1643718550300{border: 10px solid #cccccc !important;border-radius: 10px !important;}&#8221;][vc_column_text]<\/p>\n<h3 style=\"text-align: center;\"><a href=\"https:\/\/schoenborner.com\/?page_id=8221&amp;preview=true\">Viega Geopress<\/a><\/h3>\n<p>[\/vc_column_text][\/vc_column][vc_column width=&#8221;1\/3&#8243; css=&#8221;.vc_custom_1643718729333{border: 10px solid #cccccc !important;border-radius: 10px !important;}&#8221;][vc_column_text]<\/p>\n<h3 style=\"text-align: center;\"><a href=\"https:\/\/schoenborner.com\/?page_id=8223&amp;preview=true\">vonRoll<\/a><\/h3>\n<p>[\/vc_column_text][\/vc_column][\/vc_row][vc_row][vc_column][\/vc_column][vc_empty_space][vc_column_text css_animation=&#8221;bounceInLeft&#8221;]<\/p>\n<h2 class=\"av-special-heading-tag\" style=\"text-align: center;\"><a href=\"https:\/\/schoenborner.com\/wp-content\/uploads\/2021\/01\/Uebersicht-Schoenborn-EBG-NA-und-HAA-nach-DVGW-GW336.jpg\" data-rel=\"lightbox-image-0\" data-rl_title=\"\" data-rl_caption=\"\" title=\"\">\u00dcBERSICHT NACH DVGW GW336<\/a><\/h2>\n<p>[\/vc_column_text][vc_empty_space][vc_column][\/vc_column][\/vc_row][vc_row gap=&#8221;20&#8243; content_placement=&#8221;top&#8221; css=&#8221;.vc_custom_1637001044248{margin-bottom: -100px !important;padding-top: 10px !important;padding-right: 30px !important;padding-bottom: 10px !important;padding-left: 30px !important;background-color: #f2f2f2 !important;border-radius: 3px !important;}&#8221; el_class=&#8221;schatten&#8221;][vc_column width=&#8221;1\/5&#8243;][vc_icon icon_fontawesome=&#8221;far fa-envelope-open&#8221; color=&#8221;custom&#8221; size=&#8221;xl&#8221; align=&#8221;center&#8221; custom_color=&#8221;#9ea7d8&#8243; el_class=&#8221;icon&#8221;][\/vc_column][vc_column width=&#8221;2\/5&#8243;][vc_column_text el_class=&#8221;text&#8221;]<\/p>\n<h2><strong>Sch\u00f6nborner &#8211; Newsletter<\/strong><\/h2>\n<p>Immer gut informiert auf dem neuesten Stand: Erfahren Sie als erster von innovativen Produkten und exklusiven Aktionen. Melden Sie sich zu unserem Newsletter an![\/vc_column_text][\/vc_column][vc_column width=&#8221;2\/5&#8243;]\n<div class=\"wpcf7 no-js\" id=\"wpcf7-f3198-o1\" lang=\"de-DE\" dir=\"ltr\">\n<div class=\"screen-reader-response\"><p role=\"status\" aria-live=\"polite\" aria-atomic=\"true\"><\/p> <ul><\/ul><\/div>\n<form action=\"\/en\/wp-json\/wp\/v2\/pages\/3804#wpcf7-f3198-o1\" method=\"post\" class=\"wpcf7-form init\" aria-label=\"Kontaktformular\" novalidate=\"novalidate\" data-status=\"init\">\n<div style=\"display: none;\">\n<input type=\"hidden\" name=\"_wpcf7\" value=\"3198\" \/>\n<input type=\"hidden\" name=\"_wpcf7_version\" value=\"5.7.4\" \/>\n<input type=\"hidden\" name=\"_wpcf7_locale\" value=\"de_DE\" \/>\n<input type=\"hidden\" name=\"_wpcf7_unit_tag\" value=\"wpcf7-f3198-o1\" \/>\n<input type=\"hidden\" name=\"_wpcf7_container_post\" value=\"0\" \/>\n<input type=\"hidden\" name=\"_wpcf7_posted_data_hash\" value=\"\" \/>\n<\/div>\n<p><label>E-Mail Adresse:<br \/>\n<span class=\"wpcf7-form-control-wrap\" data-name=\"your-email\"><input size=\"40\" class=\"wpcf7-form-control wpcf7-text wpcf7-email wpcf7-validates-as-required wpcf7-validates-as-email\" aria-required=\"true\" aria-invalid=\"false\" value=\"\" type=\"email\" name=\"your-email\" \/><\/span> <\/label>\n<\/p>\n<p><input class=\"wpcf7-form-control has-spinner wpcf7-submit\" id=\"button1\" type=\"submit\" value=\"Senden\" \/>\n<\/p><div class=\"wpcf7-response-output\" aria-hidden=\"true\"><\/div>\n<\/form>\n<\/div>\n[\/vc_column][\/vc_row]<\/p>\n<\/section>","protected":false},"excerpt":{"rendered":"<p>[vc_row][vc_column][vc_custom_heading text=&#8221;Adapter und Sandschutzscheiben&#8221; font_container=&#8221;tag:h1|text_align:center&#8221; use_theme_fonts=&#8221;yes&#8221; css=&#8221;.vc_custom_1732626840106{margin-top: 0px !important;border-top-width: 10px !important;border-right-width: 10px !important;border-bottom-width: 0px !important;border-left-width: 10px !important;padding-top: 20px !important;padding-right: 10px !important;padding-bottom: 20px !important;padding-left: 10px !important;background-color: #cccccc !important;background-position: center !important;background-repeat: no-repeat&#8230;<\/p>\n","protected":false},"author":4,"featured_media":0,"parent":0,"menu_order":0,"comment_status":"closed","ping_status":"closed","template":"","meta":{"_themeisle_gutenberg_block_has_review":false},"yoast_head":"<!-- This site is optimized with the Yoast SEO plugin v21.0 - https:\/\/yoast.com\/wordpress\/plugins\/seo\/ -->\n<title>Adapter-und-Sandschutzscheiben - Sch\u00f6nborner Armaturen GmbH<\/title>\n<meta name=\"robots\" content=\"index, follow, max-snippet:-1, max-image-preview:large, max-video-preview:-1\" \/>\n<link rel=\"canonical\" href=\"https:\/\/schoenborner.com\/adapter-und-sandschutzscheiben\/\" \/>\n<meta property=\"og:locale\" content=\"en_US\" \/>\n<meta property=\"og:type\" content=\"article\" \/>\n<meta property=\"og:title\" content=\"Adapter-und-Sandschutzscheiben - Sch\u00f6nborner Armaturen GmbH\" \/>\n<meta property=\"og:description\" content=\"[vc_row][vc_column][vc_custom_heading text=&#8221;Adapter und Sandschutzscheiben&#8221; font_container=&#8221;tag:h1|text_align:center&#8221; use_theme_fonts=&#8221;yes&#8221; css=&#8221;.vc_custom_1732626840106{margin-top: 0px !important;border-top-width: 10px !important;border-right-width: 10px !important;border-bottom-width: 0px !important;border-left-width: 10px !important;padding-top: 20px !important;padding-right: 10px !important;padding-bottom: 20px !important;padding-left: 10px !important;background-color: #cccccc !important;background-position: center !important;background-repeat: no-repeat...\" \/>\n<meta property=\"og:url\" content=\"https:\/\/schoenborner.com\/adapter-und-sandschutzscheiben\/\" \/>\n<meta property=\"og:site_name\" content=\"Sch\u00f6nborner Armaturen GmbH\" \/>\n<meta property=\"article:modified_time\" content=\"2024-12-05T13:09:10+00:00\" \/>\n<meta name=\"twitter:card\" content=\"summary_large_image\" \/>\n<meta name=\"twitter:label1\" content=\"Est. reading time\" \/>\n\t<meta name=\"twitter:data1\" content=\"2 minutes\" \/>\n<script type=\"application\/ld+json\" class=\"yoast-schema-graph\">{\"@context\":\"https:\/\/schema.org\",\"@graph\":[{\"@type\":\"WebPage\",\"@id\":\"https:\/\/schoenborner.com\/adapter-und-sandschutzscheiben\/\",\"url\":\"https:\/\/schoenborner.com\/adapter-und-sandschutzscheiben\/\",\"name\":\"Adapter-und-Sandschutzscheiben - Sch\u00f6nborner Armaturen GmbH\",\"isPartOf\":{\"@id\":\"https:\/\/schoenborner.com\/#website\"},\"datePublished\":\"2022-01-10T14:37:16+00:00\",\"dateModified\":\"2024-12-05T13:09:10+00:00\",\"breadcrumb\":{\"@id\":\"https:\/\/schoenborner.com\/adapter-und-sandschutzscheiben\/#breadcrumb\"},\"inLanguage\":\"en-US\",\"potentialAction\":[{\"@type\":\"ReadAction\",\"target\":[\"https:\/\/schoenborner.com\/adapter-und-sandschutzscheiben\/\"]}]},{\"@type\":\"BreadcrumbList\",\"@id\":\"https:\/\/schoenborner.com\/adapter-und-sandschutzscheiben\/#breadcrumb\",\"itemListElement\":[{\"@type\":\"ListItem\",\"position\":1,\"name\":\"Startseite\",\"item\":\"https:\/\/schoenborner.com\/\"},{\"@type\":\"ListItem\",\"position\":2,\"name\":\"Adapter-und-Sandschutzscheiben\"}]},{\"@type\":\"WebSite\",\"@id\":\"https:\/\/schoenborner.com\/#website\",\"url\":\"https:\/\/schoenborner.com\/\",\"name\":\"Sch\u00f6nborner Armaturen GmbH\",\"description\":\"Hersteller von Armaturenzubeh\u00f6r f\u00fcr die kommunale Gas-, Wasser- und Abwasserwirtschaft.\",\"potentialAction\":[{\"@type\":\"SearchAction\",\"target\":{\"@type\":\"EntryPoint\",\"urlTemplate\":\"https:\/\/schoenborner.com\/?s={search_term_string}\"},\"query-input\":\"required name=search_term_string\"}],\"inLanguage\":\"en-US\"}]}<\/script>\n<!-- \/ Yoast SEO plugin. -->","yoast_head_json":{"title":"Adapter-und-Sandschutzscheiben - Sch\u00f6nborner Armaturen GmbH","robots":{"index":"index","follow":"follow","max-snippet":"max-snippet:-1","max-image-preview":"max-image-preview:large","max-video-preview":"max-video-preview:-1"},"canonical":"https:\/\/schoenborner.com\/adapter-und-sandschutzscheiben\/","og_locale":"en_US","og_type":"article","og_title":"Adapter-und-Sandschutzscheiben - Sch\u00f6nborner Armaturen GmbH","og_description":"[vc_row][vc_column][vc_custom_heading text=&#8221;Adapter und Sandschutzscheiben&#8221; font_container=&#8221;tag:h1|text_align:center&#8221; use_theme_fonts=&#8221;yes&#8221; css=&#8221;.vc_custom_1732626840106{margin-top: 0px !important;border-top-width: 10px !important;border-right-width: 10px !important;border-bottom-width: 0px !important;border-left-width: 10px !important;padding-top: 20px !important;padding-right: 10px !important;padding-bottom: 20px !important;padding-left: 10px !important;background-color: #cccccc !important;background-position: center !important;background-repeat: no-repeat...","og_url":"https:\/\/schoenborner.com\/adapter-und-sandschutzscheiben\/","og_site_name":"Sch\u00f6nborner Armaturen GmbH","article_modified_time":"2024-12-05T13:09:10+00:00","twitter_card":"summary_large_image","twitter_misc":{"Est. reading time":"2 minutes"},"schema":{"@context":"https:\/\/schema.org","@graph":[{"@type":"WebPage","@id":"https:\/\/schoenborner.com\/adapter-und-sandschutzscheiben\/","url":"https:\/\/schoenborner.com\/adapter-und-sandschutzscheiben\/","name":"Adapter-und-Sandschutzscheiben - Sch\u00f6nborner Armaturen GmbH","isPartOf":{"@id":"https:\/\/schoenborner.com\/#website"},"datePublished":"2022-01-10T14:37:16+00:00","dateModified":"2024-12-05T13:09:10+00:00","breadcrumb":{"@id":"https:\/\/schoenborner.com\/adapter-und-sandschutzscheiben\/#breadcrumb"},"inLanguage":"en-US","potentialAction":[{"@type":"ReadAction","target":["https:\/\/schoenborner.com\/adapter-und-sandschutzscheiben\/"]}]},{"@type":"BreadcrumbList","@id":"https:\/\/schoenborner.com\/adapter-und-sandschutzscheiben\/#breadcrumb","itemListElement":[{"@type":"ListItem","position":1,"name":"Startseite","item":"https:\/\/schoenborner.com\/"},{"@type":"ListItem","position":2,"name":"Adapter-und-Sandschutzscheiben"}]},{"@type":"WebSite","@id":"https:\/\/schoenborner.com\/#website","url":"https:\/\/schoenborner.com\/","name":"Sch\u00f6nborner Armaturen GmbH","description":"Hersteller von Armaturenzubeh\u00f6r f\u00fcr die kommunale Gas-, Wasser- und Abwasserwirtschaft.","potentialAction":[{"@type":"SearchAction","target":{"@type":"EntryPoint","urlTemplate":"https:\/\/schoenborner.com\/?s={search_term_string}"},"query-input":"required name=search_term_string"}],"inLanguage":"en-US"}]}},"_links":{"self":[{"href":"https:\/\/schoenborner.com\/en\/wp-json\/wp\/v2\/pages\/3804"}],"collection":[{"href":"https:\/\/schoenborner.com\/en\/wp-json\/wp\/v2\/pages"}],"about":[{"href":"https:\/\/schoenborner.com\/en\/wp-json\/wp\/v2\/types\/page"}],"author":[{"embeddable":true,"href":"https:\/\/schoenborner.com\/en\/wp-json\/wp\/v2\/users\/4"}],"replies":[{"embeddable":true,"href":"https:\/\/schoenborner.com\/en\/wp-json\/wp\/v2\/comments?post=3804"}],"version-history":[{"count":392,"href":"https:\/\/schoenborner.com\/en\/wp-json\/wp\/v2\/pages\/3804\/revisions"}],"predecessor-version":[{"id":5101,"href":"https:\/\/schoenborner.com\/en\/wp-json\/wp\/v2\/pages\/3804\/revisions\/5101"}],"wp:attachment":[{"href":"https:\/\/schoenborner.com\/en\/wp-json\/wp\/v2\/media?parent=3804"}],"curies":[{"name":"wp","href":"https:\/\/api.w.org\/{rel}","templated":true}]}}