{"id":467,"date":"2020-10-27T14:34:21","date_gmt":"2020-10-27T13:34:21","guid":{"rendered":"https:\/\/schoenborner.com\/Websiteab2020\/?page_id=467"},"modified":"2023-03-14T15:54:33","modified_gmt":"2023-03-14T14:54:33","slug":"cnc-be-und-verarbeitung","status":"publish","type":"page","link":"https:\/\/schoenborner.com\/en\/cnc-be-und-verarbeitung\/","title":{"rendered":"CNC- Machining"},"content":{"rendered":"<section class=\"wpb-content-wrapper\"><p>[vc_row][vc_column][vc_custom_heading text=&#8221;CNC Be- und Verarbeitung&#8221; font_container=&#8221;tag:h1|text_align:center&#8221; use_theme_fonts=&#8221;yes&#8221; css=&#8221;.vc_custom_1678705526710{margin-top: 0px !important;margin-right: 20px !important;margin-left: 20px !important;border-top-width: 10px !important;border-right-width: 10px !important;border-bottom-width: 0px !important;border-left-width: 10px !important;padding-top: 20px !important;padding-right: 10px !important;padding-bottom: 20px !important;padding-left: 10px !important;background-color: #cccccc !important;background-position: center !important;background-repeat: no-repeat !important;background-size: cover !important;border-radius: 10px !important;}&#8221;][\/vc_column][\/vc_row][vc_row][vc_column][vc_column_text]<\/p>\n<p>[\/vc_column_text][\/vc_column][\/vc_row][vc_row][vc_column][vc_column_text][\/vc_column_text][\/vc_column][\/vc_row][vc_row][vc_column width=&#8221;1\/2&#8243; css=&#8221;.vc_custom_1604040271178{margin-left: 7px !important;background-color: #c1c1c1 !important;border-radius: 10px !important;}&#8221;][vc_column_text css=&#8221;.vc_custom_1608042317496{padding-top: 0px !important;padding-right: 30px !important;padding-bottom: 0px !important;padding-left: 30px !important;background-color: #c1c1c1 !important;border-radius: 5px !important;}&#8221;]<\/p>\n<h3 style=\"text-align: justify;\">Our qualified employees and modern machining centres enable us to manufacture workpieces exactly according to your wishes. Our skilled workers create a wide variety of components according to drawings, samples or from your own idea.<\/h3>\n<h3><strong>Our machining range therefore extends from machinable plastics to structural, stainless and tool steels and non-ferrous metals.<\/strong><\/h3>\n<h3><strong>The construction of jigs and fixtures and the manufacture of injection moulding tools are also not new territory for us. We create tool designs for your injection moulded parts in our design department.<\/strong><\/h3>\n<p>&nbsp;<\/p>\n<h3 style=\"text-align: justify;\"><strong><span style=\"color: #737373;\">Construction according to your wishes.<\/span><\/strong><\/h3>\n<p>[\/vc_column_text][\/vc_column][vc_column width=&#8221;1\/2&#8243; css=&#8221;.vc_custom_1604040279126{margin-left: -7px !important;background-color: #c1c1c1 !important;border-radius: 10px !important;}&#8221;][vc_images_carousel images=&#8221;479,480,481,482&#8243; img_size=&#8221;full&#8221; autoplay=&#8221;yes&#8221; wrap=&#8221;yes&#8221; css=&#8221;.vc_custom_1603979009482{margin-top: 20px !important;padding-top: 0px !important;padding-right: 20px !important;padding-bottom: 20px !important;padding-left: 30px !important;}&#8221;][\/vc_column][\/vc_row][vc_row][vc_column][vc_empty_space][vc_column_text]<\/p>\n<h1 id=\"Fraesen\"><span style=\"color: #737373;\">YOUR ADVANTAGES<br \/>\n<\/span><\/h1>\n<p>[\/vc_column_text][\/vc_column][\/vc_row][vc_row][vc_column width=&#8221;1\/3&#8243; css=&#8221;.vc_custom_1603978924073{margin-right: 30px !important;margin-left: -10px !important;border-top-width: 5px !important;border-right-width: 10px !important;border-bottom-width: 5px !important;border-left-width: 10px !important;background-color: #ffffff !important;border-left-color: #c1c1c1 !important;border-left-style: solid !important;border-right-color: #c1c1c1 !important;border-right-style: solid !important;border-top-color: #c1c1c1 !important;border-top-style: solid !important;border-bottom-color: #c1c1c1 !important;border-bottom-style: solid !important;border-radius: 35px !important;}&#8221;][vc_column_text css=&#8221;.vc_custom_1678805636635{margin-top: -5px !important;margin-bottom: 45px !important;padding-right: 10px !important;background-color: #ffffff !important;}&#8221;]<\/p>\n<h3 style=\"text-align: center;\"><span style=\"color: #004a99;\"><a style=\"color: #004a99;\" href=\"#Fraesen\"><strong>Milling<\/strong><\/a><\/span><\/h3>\n<ul>\n<li>3-axis machining with additional C-axis<\/li>\n<li>maximum travel x\/y\/z = 762\/406\/508mm<\/li>\n<li>rotary table up to diameter 300mm<\/li>\n<\/ul>\n<p>[\/vc_column_text][\/vc_column][vc_column width=&#8221;1\/3&#8243; css=&#8221;.vc_custom_1603978950889{margin-left: 0px !important;border-top-width: 5px !important;border-right-width: 10px !important;border-bottom-width: 5px !important;border-left-width: 10px !important;border-left-color: #c1c1c1 !important;border-left-style: solid !important;border-right-color: #c1c1c1 !important;border-right-style: solid !important;border-top-color: #c1c1c1 !important;border-top-style: solid !important;border-bottom-color: #c1c1c1 !important;border-bottom-style: solid !important;border-radius: 35px !important;}&#8221;][vc_column_text css=&#8221;.vc_custom_1678805650290{margin-top: -10px !important;margin-bottom: 15px !important;border-bottom-width: 0px !important;padding-bottom: 0px !important;}&#8221;]<\/p>\n<h3 style=\"text-align: center;\"><span style=\"color: #004a99;\"><a style=\"color: #004a99;\" href=\"#Drehen\"><strong>Turn<\/strong><\/a><\/span><\/h3>\n<ul>\n<li>Clamping range up to 330mm in chuck and up to 42mm in collet chuck<\/li>\n<li>Machining diameter up to 508mm<\/li>\n<li>Machining length up to 1.500mm<\/li>\n<li>Spindle passage up to 85mm<\/li>\n<\/ul>\n<p>[\/vc_column_text][\/vc_column][vc_column width=&#8221;1\/3&#8243; css=&#8221;.vc_custom_1603978866273{margin-left: 10px !important;border-top-width: 5px !important;border-right-width: 10px !important;border-bottom-width: 5px !important;border-left-width: 10px !important;border-left-color: #c1c1c1 !important;border-left-style: solid !important;border-right-color: #c1c1c1 !important;border-right-style: solid !important;border-top-color: #c1c1c1 !important;border-top-style: solid !important;border-bottom-color: #c1c1c1 !important;border-bottom-style: solid !important;border-radius: 35px !important;}&#8221;][vc_column_text css=&#8221;.vc_custom_1678805667883{margin-top: -10px !important;margin-bottom: 40px !important;margin-left: 5px !important;}&#8221;]<\/p>\n<h3 style=\"text-align: center;\"><span style=\"color: #004a99;\"><a style=\"color: #004a99;\" href=\"#Saegen\"><strong>Saws<\/strong><\/a><\/span><\/h3>\n<p>Cold circular saw with feed magazine up to 7,000mm can process the following cross-sections:<\/p>\n<ul>\n<li>Round material \u00d8125mm<\/li>\n<li>Square material 115x115mm<\/li>\n<li>Flat material 240x20mm<\/li>\n<\/ul>\n<p>[\/vc_column_text][\/vc_column][\/vc_row][vc_row][vc_column][vc_empty_space height=&#8221;15px&#8221;][vc_separator border_width=&#8221;4&#8243;][vc_column_text]<\/p>\n<h2 id=\"Fraesen\"><strong><span style=\"color: #024f9e;\">MILLING<\/span><\/strong><\/h2>\n<p>[\/vc_column_text][vc_empty_space height=&#8221;15px&#8221;][\/vc_column][\/vc_row][vc_row][vc_column width=&#8221;1\/2&#8243; css=&#8221;.vc_custom_1603979163013{margin-left: 7px !important;background-color: #c1c1c1 !important;border-radius: 10px !important;}&#8221;][vc_images_carousel images=&#8221;543,544&#8243; img_size=&#8221;full&#8221; css=&#8221;.vc_custom_1603958460757{padding-right: 10px !important;padding-left: 10px !important;}&#8221;][vc_column_text css=&#8221;.vc_custom_1608099478904{padding-right: 10px !important;padding-bottom: 33px !important;padding-left: 10px !important;}&#8221;]<\/p>\n<h3><strong>HAAS VF2<\/strong><\/h3>\n<div id=\"div1\">\n<div id=\"div2\">\n<ul>\n<li>Table size: 800x400mm<\/li>\n<li>maximum machining area: x\/y\/z = 762\/406\/508mm<\/li>\n<li>Servo rotary table with pneumatic tailstockv\n<ul>\n<li>centre height 150mm<\/li>\n<li>passage 40mm<\/li>\n<\/ul>\n<\/li>\n<\/ul>\n<\/div>\n<\/div>\n<p>[\/vc_column_text][\/vc_column][vc_column width=&#8221;1\/2&#8243; css=&#8221;.vc_custom_1603979217181{margin-left: -7px !important;padding-bottom: -6px !important;background-color: #c1c1c1 !important;border-radius: 10px !important;}&#8221;][vc_images_carousel images=&#8221;546,545&#8243; img_size=&#8221;full&#8221; css=&#8221;.vc_custom_1603958514184{padding-right: 10px !important;padding-left: 10px !important;}&#8221;][vc_column_text css=&#8221;.vc_custom_1608099539064{padding-right: 10px !important;padding-left: 10px !important;}&#8221;]<\/p>\n<h3><strong>HAAS Minimill<\/strong><\/h3>\n<div id=\"div1\">\n<div id=\"div2\">\n<ul>\n<li>Table size: 730x305mm<\/li>\n<li>maximum machining area: x\/y\/z = 406\/305\/254mm<\/li>\n<li>5C servo system with 2 spindles and pneumatic tailstocks\n<ul>\n<li>centre height 150mm<\/li>\n<li>passage 27mm<\/li>\n<\/ul>\n<\/li>\n<\/ul>\n<\/div>\n<\/div>\n<p>[\/vc_column_text][\/vc_column][\/vc_row][vc_row][vc_column width=&#8221;1\/2&#8243; css=&#8221;.vc_custom_1603979149353{margin-top: 20px !important;margin-left: 7px !important;background-color: #c1c1c1 !important;border-radius: 10px !important;}&#8221;][vc_images_carousel images=&#8221;591,590,589&#8243; img_size=&#8221;full&#8221; css=&#8221;.vc_custom_1603964190692{padding-right: 10px !important;padding-left: 10px !important;background-color: #c1c1c1 !important;border-radius: 10px !important;}&#8221;][\/vc_column][vc_column width=&#8221;1\/2&#8243; css=&#8221;.vc_custom_1603979302124{margin-top: 20px !important;margin-left: -7px !important;padding-bottom: 28px !important;background-color: #c1c1c1 !important;border-radius: 10px !important;}&#8221;][vc_column_text css=&#8221;.vc_custom_1608099724012{margin-top: 0px !important;margin-bottom: 0px !important;padding-right: 30px !important;padding-bottom: 34px !important;padding-left: 30px !important;background-color: #c1c1c1 !important;border-radius: 10px !important;}&#8221;]<\/p>\n<h3><strong>HAAS Super Minimill with automation system<br \/>\n<\/strong><\/h3>\n<div id=\"div1\">\n<div id=\"div2\">\n<ul>\n<li>Table size: 730x305mm<\/li>\n<li>max. machining area: x\/y\/z = 406\/305\/254mm<\/li>\n<li>Servo indexing table with pneumatic tailstock\n<ul>\n<li>centre height 100mm<\/li>\n<li>passage 27mm<\/li>\n<\/ul>\n<\/li>\n<li>Robot\n<ul>\n<li>travels in 6 axes<\/li>\n<li>maximum load 3kg<\/li>\n<li>working radius 850mm<\/li>\n<\/ul>\n<\/li>\n<\/ul>\n<\/div>\n<\/div>\n<p>[\/vc_column_text][\/vc_column][\/vc_row][vc_row][vc_column][vc_empty_space height=&#8221;20px&#8221;][vc_column_text]<\/p>\n<h2 id=\"Drehen\"><strong><span style=\"color: #024f9e;\">TURN<\/span><\/strong><\/h2>\n<p>[\/vc_column_text][vc_empty_space height=&#8221;15px&#8221;][\/vc_column][\/vc_row][vc_row][vc_column width=&#8221;1\/2&#8243; css=&#8221;.vc_custom_1603979316604{margin-left: 7px !important;background-color: #c1c1c1 !important;border-radius: 10px !important;}&#8221;][vc_images_carousel images=&#8221;595,596&#8243; img_size=&#8221;full&#8221; css=&#8221;.vc_custom_1603970162568{padding-right: 10px !important;padding-left: 10px !important;}&#8221;][vc_column_text css=&#8221;.vc_custom_1608100469334{padding-left: 10px !important;}&#8221;]<\/p>\n<h3><strong>HAAS ST10<\/strong><\/h3>\n<div id=\"div1\">\n<div id=\"div2\">\n<ul>\n<li>Travel x\/z = 200\/356mm<\/li>\n<li>spindle passage 44mm<\/li>\n<li>Swing diameter 413mm<\/li>\n<li>tool changer with 12 places<\/li>\n<li>pneumatic tailstock<\/li>\n<\/ul>\n<\/div>\n<\/div>\n<p>[\/vc_column_text][\/vc_column][vc_column width=&#8221;1\/2&#8243; css=&#8221;.vc_custom_1603979325335{margin-left: -7px !important;background-color: #c1c1c1 !important;border-radius: 10px !important;}&#8221;][vc_images_carousel images=&#8221;597,598&#8243; img_size=&#8221;full&#8221; css=&#8221;.vc_custom_1603970152028{padding-right: 10px !important;padding-left: 10px !important;}&#8221;][vc_column_text css=&#8221;.vc_custom_1608100513427{padding-bottom: 35px !important;padding-left: 10px !important;}&#8221;]<\/p>\n<h3><strong>HAAS TL3<\/strong><\/h3>\n<div id=\"div1\">\n<div id=\"div2\">\n<ul>\n<li>Travel x\/z = 305\/1524mm<\/li>\n<li>Spindle passage 85mm<\/li>\n<li>Swing diameter 508mm<\/li>\n<li>Clamping diameter up to 330mm<\/li>\n<\/ul>\n<\/div>\n<\/div>\n<p>[\/vc_column_text][\/vc_column][\/vc_row][vc_row][vc_column][vc_empty_space height=&#8221;20px&#8221;][vc_column_text]<\/p>\n<h2 id=\"Drehen\"><strong><span style=\"color: #024f9e;\">SAWS<\/span><\/strong><\/h2>\n<p>[\/vc_column_text][vc_empty_space height=&#8221;15px&#8221;][\/vc_column][\/vc_row][vc_row][vc_column width=&#8221;1\/2&#8243; css=&#8221;.vc_custom_1603979340825{margin-top: 20px !important;margin-left: 7px !important;background-color: #c1c1c1 !important;border-radius: 10px !important;}&#8221;][vc_images_carousel images=&#8221;609,608&#8243; img_size=&#8221;full&#8221; css=&#8221;.vc_custom_1603969653686{padding-right: 10px !important;padding-left: 10px !important;background-color: #c1c1c1 !important;border-radius: 10px !important;}&#8221;][\/vc_column][vc_column width=&#8221;1\/2&#8243; css=&#8221;.vc_custom_1603979351617{margin-top: 20px !important;margin-left: -7px !important;padding-bottom: 58px !important;background-color: #c1c1c1 !important;border-radius: 10px !important;}&#8221;][vc_column_text css=&#8221;.vc_custom_1608100628890{margin-top: 30px !important;padding-right: 30px !important;padding-bottom: 0px !important;padding-left: 30px !important;background-color: #c1c1c1 !important;border-radius: 10px !important;}&#8221;]<\/p>\n<h3><strong>Kaltenbach KKS 463 NA<\/strong><\/h3>\n<div id=\"div1\">\n<div id=\"div2\">\n<ul>\n<li>Working range\n<ul>\n<li>Round material up to 153mm<\/li>\n<li>Square material up to 140mm<\/li>\n<li>Material width max. 250mm<\/li>\n<\/ul>\n<\/li>\n<li>Rotary table adjustment +\/-60<\/li>\n<li>Drilling diameter 6-25mm<\/li>\n<li>Gate length from 10mm infinitely programmable<\/li>\n<\/ul>\n<\/div>\n<\/div>\n<p>[\/vc_column_text][\/vc_column][\/vc_row][vc_row][vc_column][vc_column_text][\/vc_column_text][\/vc_column][\/vc_row][vc_row gap=&#8221;20&#8243; content_placement=&#8221;top&#8221; css=&#8221;.vc_custom_1637001044248{margin-bottom: -100px !important;padding-top: 10px !important;padding-right: 30px !important;padding-bottom: 10px !important;padding-left: 30px !important;background-color: #f2f2f2 !important;border-radius: 3px !important;}&#8221; el_class=&#8221;schatten&#8221;][vc_column width=&#8221;1\/5&#8243;][vc_icon icon_fontawesome=&#8221;far fa-envelope-open&#8221; color=&#8221;custom&#8221; size=&#8221;xl&#8221; align=&#8221;center&#8221; custom_color=&#8221;#9ea7d8&#8243; el_class=&#8221;icon&#8221;][\/vc_column][vc_column width=&#8221;2\/5&#8243;][vc_column_text el_class=&#8221;text&#8221;]<\/p>\n<h2><strong>Sch\u00f6nborner &#8211; Newsletter<\/strong><\/h2>\n<p>Immer gut informiert auf dem neuesten Stand: Erfahren Sie als erster von innovativen Produkten und exklusiven Aktionen. Melden Sie sich zu unserem Newsletter an![\/vc_column_text][\/vc_column][vc_column width=&#8221;2\/5&#8243;]\n<div class=\"wpcf7 no-js\" id=\"wpcf7-f3198-o1\" lang=\"de-DE\" dir=\"ltr\">\n<div class=\"screen-reader-response\"><p role=\"status\" aria-live=\"polite\" aria-atomic=\"true\"><\/p> <ul><\/ul><\/div>\n<form action=\"\/en\/wp-json\/wp\/v2\/pages\/467#wpcf7-f3198-o1\" method=\"post\" class=\"wpcf7-form init\" aria-label=\"Kontaktformular\" novalidate=\"novalidate\" data-status=\"init\">\n<div style=\"display: none;\">\n<input type=\"hidden\" name=\"_wpcf7\" value=\"3198\" \/>\n<input type=\"hidden\" name=\"_wpcf7_version\" value=\"5.7.4\" \/>\n<input type=\"hidden\" name=\"_wpcf7_locale\" value=\"de_DE\" \/>\n<input type=\"hidden\" name=\"_wpcf7_unit_tag\" value=\"wpcf7-f3198-o1\" \/>\n<input type=\"hidden\" name=\"_wpcf7_container_post\" value=\"0\" \/>\n<input type=\"hidden\" name=\"_wpcf7_posted_data_hash\" value=\"\" \/>\n<\/div>\n<p><label>E-Mail Adresse:<br \/>\n<span class=\"wpcf7-form-control-wrap\" data-name=\"your-email\"><input size=\"40\" class=\"wpcf7-form-control wpcf7-text wpcf7-email wpcf7-validates-as-required wpcf7-validates-as-email\" aria-required=\"true\" aria-invalid=\"false\" value=\"\" type=\"email\" name=\"your-email\" \/><\/span> <\/label>\n<\/p>\n<p><input class=\"wpcf7-form-control has-spinner wpcf7-submit\" id=\"button1\" type=\"submit\" value=\"Senden\" \/>\n<\/p><div class=\"wpcf7-response-output\" aria-hidden=\"true\"><\/div>\n<\/form>\n<\/div>\n[\/vc_column][\/vc_row]<\/p>\n<\/section>","protected":false},"excerpt":{"rendered":"<p>[vc_row][vc_column][vc_custom_heading text=&#8221;CNC Be- und Verarbeitung&#8221; font_container=&#8221;tag:h1|text_align:center&#8221; use_theme_fonts=&#8221;yes&#8221; css=&#8221;.vc_custom_1678705526710{margin-top: 0px !important;margin-right: 20px !important;margin-left: 20px !important;border-top-width: 10px !important;border-right-width: 10px !important;border-bottom-width: 0px !important;border-left-width: 10px !important;padding-top: 20px !important;padding-right: 10px !important;padding-bottom: 20px !important;padding-left: 10px !important;background-color:&#8230;<\/p>\n","protected":false},"author":4,"featured_media":0,"parent":0,"menu_order":0,"comment_status":"closed","ping_status":"closed","template":"","meta":{"_themeisle_gutenberg_block_has_review":false},"yoast_head":"<!-- This site is optimized with the Yoast SEO plugin v21.0 - https:\/\/yoast.com\/wordpress\/plugins\/seo\/ -->\n<title>CNC- Machining - Sch\u00f6nborner Armaturen GmbH<\/title>\n<meta name=\"robots\" content=\"index, follow, max-snippet:-1, max-image-preview:large, max-video-preview:-1\" \/>\n<link rel=\"canonical\" href=\"https:\/\/schoenborner.com\/cnc-be-und-verarbeitung\/\" \/>\n<meta property=\"og:locale\" content=\"en_US\" \/>\n<meta property=\"og:type\" content=\"article\" \/>\n<meta property=\"og:title\" content=\"[:de]CNC-Bearbeitung [:en]CNC- Machining[:] - Sch\u00f6nborner Armaturen GmbH\" \/>\n<meta property=\"og:description\" content=\"[vc_row][vc_column][vc_custom_heading text=&#8221;CNC Be- und Verarbeitung&#8221; font_container=&#8221;tag:h1|text_align:center&#8221; use_theme_fonts=&#8221;yes&#8221; css=&#8221;.vc_custom_1678705526710{margin-top: 0px !important;margin-right: 20px !important;margin-left: 20px !important;border-top-width: 10px !important;border-right-width: 10px !important;border-bottom-width: 0px !important;border-left-width: 10px !important;padding-top: 20px !important;padding-right: 10px !important;padding-bottom: 20px !important;padding-left: 10px !important;background-color:...\" \/>\n<meta property=\"og:url\" content=\"https:\/\/schoenborner.com\/cnc-be-und-verarbeitung\/\" \/>\n<meta property=\"og:site_name\" content=\"Sch\u00f6nborner Armaturen GmbH\" \/>\n<meta property=\"article:modified_time\" content=\"2023-03-14T14:54:33+00:00\" \/>\n<meta name=\"twitter:card\" content=\"summary_large_image\" \/>\n<meta name=\"twitter:label1\" content=\"Est. reading time\" \/>\n\t<meta name=\"twitter:data1\" content=\"8 minutes\" \/>\n<script type=\"application\/ld+json\" class=\"yoast-schema-graph\">{\"@context\":\"https:\/\/schema.org\",\"@graph\":[{\"@type\":\"WebPage\",\"@id\":\"https:\/\/schoenborner.com\/cnc-be-und-verarbeitung\/\",\"url\":\"https:\/\/schoenborner.com\/cnc-be-und-verarbeitung\/\",\"name\":\"[:de]CNC-Bearbeitung [:en]CNC- Machining[:] - Sch\u00f6nborner Armaturen GmbH\",\"isPartOf\":{\"@id\":\"https:\/\/schoenborner.com\/#website\"},\"datePublished\":\"2020-10-27T13:34:21+00:00\",\"dateModified\":\"2023-03-14T14:54:33+00:00\",\"breadcrumb\":{\"@id\":\"https:\/\/schoenborner.com\/cnc-be-und-verarbeitung\/#breadcrumb\"},\"inLanguage\":\"en-US\",\"potentialAction\":[{\"@type\":\"ReadAction\",\"target\":[\"https:\/\/schoenborner.com\/cnc-be-und-verarbeitung\/\"]}]},{\"@type\":\"BreadcrumbList\",\"@id\":\"https:\/\/schoenborner.com\/cnc-be-und-verarbeitung\/#breadcrumb\",\"itemListElement\":[{\"@type\":\"ListItem\",\"position\":1,\"name\":\"Startseite\",\"item\":\"https:\/\/schoenborner.com\/\"},{\"@type\":\"ListItem\",\"position\":2,\"name\":\"CNC-Bearbeitung\"}]},{\"@type\":\"WebSite\",\"@id\":\"https:\/\/schoenborner.com\/#website\",\"url\":\"https:\/\/schoenborner.com\/\",\"name\":\"Sch\u00f6nborner Armaturen GmbH\",\"description\":\"Hersteller von Armaturenzubeh\u00f6r f\u00fcr die kommunale Gas-, Wasser- und Abwasserwirtschaft.\",\"potentialAction\":[{\"@type\":\"SearchAction\",\"target\":{\"@type\":\"EntryPoint\",\"urlTemplate\":\"https:\/\/schoenborner.com\/?s={search_term_string}\"},\"query-input\":\"required name=search_term_string\"}],\"inLanguage\":\"en-US\"}]}<\/script>\n<!-- \/ Yoast SEO plugin. -->","yoast_head_json":{"title":"[:de]CNC-Bearbeitung [:en]CNC- Machining[:] - Sch\u00f6nborner Armaturen GmbH","robots":{"index":"index","follow":"follow","max-snippet":"max-snippet:-1","max-image-preview":"max-image-preview:large","max-video-preview":"max-video-preview:-1"},"canonical":"https:\/\/schoenborner.com\/cnc-be-und-verarbeitung\/","og_locale":"en_US","og_type":"article","og_title":"[:de]CNC-Bearbeitung [:en]CNC- Machining[:] - Sch\u00f6nborner Armaturen GmbH","og_description":"[vc_row][vc_column][vc_custom_heading text=&#8221;CNC Be- und Verarbeitung&#8221; font_container=&#8221;tag:h1|text_align:center&#8221; use_theme_fonts=&#8221;yes&#8221; css=&#8221;.vc_custom_1678705526710{margin-top: 0px !important;margin-right: 20px !important;margin-left: 20px !important;border-top-width: 10px !important;border-right-width: 10px !important;border-bottom-width: 0px !important;border-left-width: 10px !important;padding-top: 20px !important;padding-right: 10px !important;padding-bottom: 20px !important;padding-left: 10px !important;background-color:...","og_url":"https:\/\/schoenborner.com\/cnc-be-und-verarbeitung\/","og_site_name":"Sch\u00f6nborner Armaturen GmbH","article_modified_time":"2023-03-14T14:54:33+00:00","twitter_card":"summary_large_image","twitter_misc":{"Est. reading time":"8 minutes"},"schema":{"@context":"https:\/\/schema.org","@graph":[{"@type":"WebPage","@id":"https:\/\/schoenborner.com\/cnc-be-und-verarbeitung\/","url":"https:\/\/schoenborner.com\/cnc-be-und-verarbeitung\/","name":"[:de]CNC-Bearbeitung [:en]CNC- Machining[:] - Sch\u00f6nborner Armaturen GmbH","isPartOf":{"@id":"https:\/\/schoenborner.com\/#website"},"datePublished":"2020-10-27T13:34:21+00:00","dateModified":"2023-03-14T14:54:33+00:00","breadcrumb":{"@id":"https:\/\/schoenborner.com\/cnc-be-und-verarbeitung\/#breadcrumb"},"inLanguage":"en-US","potentialAction":[{"@type":"ReadAction","target":["https:\/\/schoenborner.com\/cnc-be-und-verarbeitung\/"]}]},{"@type":"BreadcrumbList","@id":"https:\/\/schoenborner.com\/cnc-be-und-verarbeitung\/#breadcrumb","itemListElement":[{"@type":"ListItem","position":1,"name":"Startseite","item":"https:\/\/schoenborner.com\/"},{"@type":"ListItem","position":2,"name":"CNC-Bearbeitung"}]},{"@type":"WebSite","@id":"https:\/\/schoenborner.com\/#website","url":"https:\/\/schoenborner.com\/","name":"Sch\u00f6nborner Armaturen GmbH","description":"Hersteller von Armaturenzubeh\u00f6r f\u00fcr die kommunale Gas-, Wasser- und Abwasserwirtschaft.","potentialAction":[{"@type":"SearchAction","target":{"@type":"EntryPoint","urlTemplate":"https:\/\/schoenborner.com\/?s={search_term_string}"},"query-input":"required name=search_term_string"}],"inLanguage":"en-US"}]}},"_links":{"self":[{"href":"https:\/\/schoenborner.com\/en\/wp-json\/wp\/v2\/pages\/467"}],"collection":[{"href":"https:\/\/schoenborner.com\/en\/wp-json\/wp\/v2\/pages"}],"about":[{"href":"https:\/\/schoenborner.com\/en\/wp-json\/wp\/v2\/types\/page"}],"author":[{"embeddable":true,"href":"https:\/\/schoenborner.com\/en\/wp-json\/wp\/v2\/users\/4"}],"replies":[{"embeddable":true,"href":"https:\/\/schoenborner.com\/en\/wp-json\/wp\/v2\/comments?post=467"}],"version-history":[{"count":136,"href":"https:\/\/schoenborner.com\/en\/wp-json\/wp\/v2\/pages\/467\/revisions"}],"predecessor-version":[{"id":6406,"href":"https:\/\/schoenborner.com\/en\/wp-json\/wp\/v2\/pages\/467\/revisions\/6406"}],"wp:attachment":[{"href":"https:\/\/schoenborner.com\/en\/wp-json\/wp\/v2\/media?parent=467"}],"curies":[{"name":"wp","href":"https:\/\/api.w.org\/{rel}","templated":true}]}}