{"id":4733,"date":"2022-07-07T09:46:56","date_gmt":"2022-07-07T07:46:56","guid":{"rendered":"https:\/\/schoenborner.com\/?page_id=4733"},"modified":"2022-07-26T14:49:36","modified_gmt":"2022-07-26T12:49:36","slug":"telestarr-einbaugarnituren","status":"publish","type":"page","link":"https:\/\/schoenborner.com\/en\/telestarr-einbaugarnituren\/","title":{"rendered":"Telestarr-Einbaugarnituren"},"content":{"rendered":"<section class=\"wpb-content-wrapper\"><p>[vc_row][vc_column][vc_column_text][\/vc_column_text][\/vc_column][\/vc_row][vc_row][vc_column width=&#8221;1\/2&#8243;][vc_custom_heading text=&#8221;Telestarre Einbaugarnituren f\u00fcr<br \/>\nHausanschlussarmaturen&#8221; font_container=&#8221;tag:h2|text_align:center&#8221; use_theme_fonts=&#8221;yes&#8221; css=&#8221;.vc_custom_1657187692106{margin-bottom: 20px !important;}&#8221;][vc_single_image image=&#8221;4989&#8243; img_size=&#8221;300&#215;600&#8243; alignment=&#8221;center&#8221; css=&#8221;.vc_custom_1658839770001{margin-right: 20px !important;margin-left: 20px !important;border-top-width: 10px !important;border-right-width: 10px !important;border-bottom-width: 10px !important;border-left-width: 10px !important;border-left-color: #efefef !important;border-left-style: solid !important;border-right-color: #efefef !important;border-right-style: solid !important;border-top-color: #efefef !important;border-top-style: solid !important;border-bottom-color: #efefef !important;border-bottom-style: solid !important;border-radius: 10px !important;}&#8221;][\/vc_column][vc_column width=&#8221;1\/2&#8243;][vc_custom_heading text=&#8221;Telestarre Einbaugarnituren<br \/>\nf\u00fcr Netzarmaturen&#8221; font_container=&#8221;tag:h2|text_align:center&#8221; use_theme_fonts=&#8221;yes&#8221; css=&#8221;.vc_custom_1657187822722{margin-bottom: 20px !important;}&#8221; link=&#8221;url:https%3A%2F%2Fschoenborner.com%2Fverstellbare-einbaugarnituren_%2F|title:Starre-Einbaugarnituren_&#8221;][vc_single_image image=&#8221;4992&#8243; img_size=&#8221;300*600&#8243; alignment=&#8221;center&#8221; css=&#8221;.vc_custom_1658839043789{margin-right: 20px !important;margin-left: 20px !important;border-top-width: 10px !important;border-right-width: 10px !important;border-bottom-width: 10px !important;border-left-width: 10px !important;padding-top: -10px !important;border-left-color: #efefef !important;border-left-style: solid !important;border-right-color: #efefef !important;border-right-style: solid !important;border-top-color: #efefef !important;border-top-style: solid !important;border-bottom-color: #efefef !important;border-bottom-style: solid !important;border-radius: 10px !important;}&#8221;][\/vc_column][\/vc_row][vc_row][vc_column width=&#8221;1\/2&#8243;][vc_tta_accordion color=&#8221;white&#8221; active_section=&#8221;0&#8243; css_animation=&#8221;fadeIn&#8221; no_fill=&#8221;true&#8221; collapsible_all=&#8221;true&#8221; css=&#8221;.vc_custom_1650885393522{margin-top: -20px !important;margin-right: 20px !important;margin-left: 20px !important;border-top-width: 10px !important;border-right-width: 10px !important;border-bottom-width: 10px !important;border-left-width: 10px !important;border-left-color: #efefef !important;border-left-style: solid !important;border-right-color: #efefef !important;border-right-style: solid !important;border-top-color: #efefef !important;border-top-style: solid !important;border-bottom-color: #efefef !important;border-bottom-style: solid !important;border-radius: 10px !important;}&#8221;][vc_tta_section title=&#8221;Kugelhahn, Anbohrarmature und Hausanschlussschieber \u2264 DN50 ohne Kuppelmuffe&#8221; tab_id=&#8221;1603800809276-085364f2-3b4a&#8221;][vc_column_text]<\/p>\n<h4><a href=\"https:\/\/schoenborner.com\/wp-content\/uploads\/2022\/07\/Produktblatt_ESK0A.X000.xxxx_.TS_-1.pdf\" target=\"_blank\" rel=\"noopener noreferrer\">Modell Telestarr Edelstahl ohne Kuppelmuffe &#8211; Vkt.20mm<\/a><\/h4>\n<p>[\/vc_column_text][\/vc_tta_section][\/vc_tta_accordion][\/vc_column][vc_column width=&#8221;1\/2&#8243;][vc_tta_accordion color=&#8221;white&#8221; active_section=&#8221;0&#8243; css_animation=&#8221;fadeIn&#8221; collapsible_all=&#8221;true&#8221; css=&#8221;.vc_custom_1650624417526{margin-top: -20px !important;margin-right: 20px !important;margin-left: 20px !important;border-top-width: 10px !important;border-right-width: 10px !important;border-bottom-width: 10px !important;border-left-width: 10px !important;border-left-color: #efefef !important;border-left-style: solid !important;border-right-color: #efefef !important;border-right-style: solid !important;border-top-color: #efefef !important;border-top-style: solid !important;border-bottom-color: #efefef !important;border-bottom-style: solid !important;border-radius: 10px !important;}&#8221;][vc_tta_section title=&#8221;Klappe DN100 \u2264 1000, Kugelhahn DN65 \u2264 1000 und Schieber DN40 \u2264 150 ohne Kuppelmuffe&#8221; tab_id=&#8221;1650877602717-b9250257-cc6a&#8221;][vc_column_text]<\/p>\n<h4><a href=\"https:\/\/schoenborner.com\/wp-content\/uploads\/2022\/07\/Produktblatt_ESK0B.X000.xxxx_.TS_-1.pdf\">Modell Telestarr Edelstahl <\/a><a href=\"https:\/\/schoenborner.com\/wp-content\/uploads\/2022\/07\/Produktblatt_ESK0A.X000.xxxx_.TS_-1.pdf\" target=\"_blank\" rel=\"noopener noreferrer\">ohne Kuppelmuffe <\/a><a href=\"https:\/\/schoenborner.com\/wp-content\/uploads\/2022\/07\/Produktblatt_ESK0B.X000.xxxx_.TS_-1.pdf\">&#8211; Vkt. 25mm\u00a0<\/a><\/h4>\n<p>[\/vc_column_text][\/vc_tta_section][vc_tta_section title=&#8221;Schieber DN200 \u2264 350 ohne Kuppelmuffe&#8221; tab_id=&#8221;1650877907268-9475ad17-074a&#8221;][vc_column_text]<\/p>\n<h4><a href=\"https:\/\/schoenborner.com\/wp-content\/uploads\/2022\/07\/Produktblatt_ESK0C.X000.xxxx_.TS_.pdf\">Modell Telestarr Edelstahl <\/a><a href=\"https:\/\/schoenborner.com\/wp-content\/uploads\/2022\/07\/Produktblatt_ESK0A.X000.xxxx_.TS_-1.pdf\" target=\"_blank\" rel=\"noopener noreferrer\">ohne Kuppelmuffe <\/a><a href=\"https:\/\/schoenborner.com\/wp-content\/uploads\/2022\/07\/Produktblatt_ESK0C.X000.xxxx_.TS_-1.pdf\">&#8211; Vkt. 30mm\u00a0<\/a><\/h4>\n<p>[\/vc_column_text][\/vc_tta_section][\/vc_tta_accordion][\/vc_column][\/vc_row][vc_row][vc_column][vc_column_text css_animation=&#8221;none&#8221;]<\/p>\n<h2 class=\"av-special-heading-tag\" style=\"text-align: center;\"><a href=\"https:\/\/schoenborner.com\/wp-content\/uploads\/2021\/01\/Uebersicht-Schoenborn-EBG-NA-und-HAA-nach-DVGW-GW336.jpg\" rel=\"noopener\" data-rel=\"lightbox-image-0\" data-rl_title=\"\" data-rl_caption=\"\" title=\"\">\u00dcBERSICHT NACH DVGW GW336<\/a><\/h2>\n<p>[\/vc_column_text][vc_column_text][\/vc_column_text][vc_column_text css_animation=&#8221;none&#8221;]<\/p>\n<h3 style=\"text-align: center;\"><a href=\"https:\/\/schoenborner.com\/wp-content\/uploads\/2021\/08\/Montageanleitung-fuer-TeleStarr-EBG-Schieber-NA-DN-40-150.pdf\">Montageanleitung Telestarr Einbaugarnitur<\/a><\/h3>\n<p>[\/vc_column_text][\/vc_column][\/vc_row][vc_row][vc_column][\/vc_column][\/vc_row][vc_row gap=&#8221;20&#8243; content_placement=&#8221;top&#8221; css=&#8221;.vc_custom_1637001044248{margin-bottom: -100px !important;padding-top: 10px !important;padding-right: 30px !important;padding-bottom: 10px !important;padding-left: 30px !important;background-color: #f2f2f2 !important;border-radius: 3px !important;}&#8221; el_class=&#8221;schatten&#8221;][vc_column width=&#8221;1\/5&#8243;][vc_icon icon_fontawesome=&#8221;far fa-envelope-open&#8221; color=&#8221;custom&#8221; size=&#8221;xl&#8221; align=&#8221;center&#8221; custom_color=&#8221;#9ea7d8&#8243; el_class=&#8221;icon&#8221;][\/vc_column][vc_column width=&#8221;2\/5&#8243;][vc_column_text el_class=&#8221;text&#8221;]<\/p>\n<h2><strong>Sch\u00f6nborner &#8211; Newsletter<\/strong><\/h2>\n<p>Immer gut informiert auf dem neuesten Stand: Erfahren Sie als erster von innovativen Produkten und exklusiven Aktionen. Melden Sie sich zu unserem Newsletter an![\/vc_column_text][\/vc_column][vc_column width=&#8221;2\/5&#8243;]\n<div class=\"wpcf7 no-js\" id=\"wpcf7-f3198-o1\" lang=\"de-DE\" dir=\"ltr\">\n<div class=\"screen-reader-response\"><p role=\"status\" aria-live=\"polite\" aria-atomic=\"true\"><\/p> <ul><\/ul><\/div>\n<form action=\"\/en\/wp-json\/wp\/v2\/pages\/4733#wpcf7-f3198-o1\" method=\"post\" class=\"wpcf7-form init\" aria-label=\"Kontaktformular\" novalidate=\"novalidate\" data-status=\"init\">\n<div style=\"display: none;\">\n<input type=\"hidden\" name=\"_wpcf7\" value=\"3198\" \/>\n<input type=\"hidden\" name=\"_wpcf7_version\" value=\"5.7.4\" \/>\n<input type=\"hidden\" name=\"_wpcf7_locale\" value=\"de_DE\" \/>\n<input type=\"hidden\" name=\"_wpcf7_unit_tag\" value=\"wpcf7-f3198-o1\" \/>\n<input type=\"hidden\" name=\"_wpcf7_container_post\" value=\"0\" \/>\n<input type=\"hidden\" name=\"_wpcf7_posted_data_hash\" value=\"\" \/>\n<\/div>\n<p><label>E-Mail Adresse:<br \/>\n<span class=\"wpcf7-form-control-wrap\" data-name=\"your-email\"><input size=\"40\" class=\"wpcf7-form-control wpcf7-text wpcf7-email wpcf7-validates-as-required wpcf7-validates-as-email\" aria-required=\"true\" aria-invalid=\"false\" value=\"\" type=\"email\" name=\"your-email\" \/><\/span> <\/label>\n<\/p>\n<p><input class=\"wpcf7-form-control has-spinner wpcf7-submit\" id=\"button1\" type=\"submit\" value=\"Senden\" \/>\n<\/p><div class=\"wpcf7-response-output\" aria-hidden=\"true\"><\/div>\n<\/form>\n<\/div>\n[\/vc_column][\/vc_row]<\/p>\n<\/section>","protected":false},"excerpt":{"rendered":"<p>[vc_row][vc_column][vc_column_text][\/vc_column_text][\/vc_column][\/vc_row][vc_row][vc_column width=&#8221;1\/2&#8243;][vc_custom_heading text=&#8221;Telestarre Einbaugarnituren f\u00fcr Hausanschlussarmaturen&#8221; font_container=&#8221;tag:h2|text_align:center&#8221; use_theme_fonts=&#8221;yes&#8221; css=&#8221;.vc_custom_1657187692106{margin-bottom: 20px !important;}&#8221;][vc_single_image image=&#8221;4989&#8243; img_size=&#8221;300&#215;600&#8243; alignment=&#8221;center&#8221; css=&#8221;.vc_custom_1658839770001{margin-right: 20px !important;margin-left: 20px !important;border-top-width: 10px !important;border-right-width: 10px !important;border-bottom-width: 10px !important;border-left-width: 10px !important;border-left-color: #efefef !important;border-left-style: solid&#8230;<\/p>\n","protected":false},"author":4,"featured_media":0,"parent":0,"menu_order":0,"comment_status":"closed","ping_status":"closed","template":"","meta":{"_themeisle_gutenberg_block_has_review":false},"yoast_head":"<!-- This site is optimized with the Yoast SEO plugin v21.0 - https:\/\/yoast.com\/wordpress\/plugins\/seo\/ -->\n<title>Telestarr-Einbaugarnituren - Sch\u00f6nborner Armaturen GmbH<\/title>\n<meta name=\"robots\" content=\"index, follow, max-snippet:-1, max-image-preview:large, max-video-preview:-1\" \/>\n<link rel=\"canonical\" href=\"https:\/\/schoenborner.com\/telestarr-einbaugarnituren\/\" \/>\n<meta property=\"og:locale\" content=\"en_US\" \/>\n<meta property=\"og:type\" content=\"article\" \/>\n<meta property=\"og:title\" content=\"Telestarr-Einbaugarnituren - Sch\u00f6nborner Armaturen GmbH\" \/>\n<meta property=\"og:description\" content=\"[vc_row][vc_column][vc_column_text][\/vc_column_text][\/vc_column][\/vc_row][vc_row][vc_column width=&#8221;1\/2&#8243;][vc_custom_heading text=&#8221;Telestarre Einbaugarnituren f\u00fcr Hausanschlussarmaturen&#8221; font_container=&#8221;tag:h2|text_align:center&#8221; use_theme_fonts=&#8221;yes&#8221; css=&#8221;.vc_custom_1657187692106{margin-bottom: 20px !important;}&#8221;][vc_single_image image=&#8221;4989&#8243; img_size=&#8221;300&#215;600&#8243; alignment=&#8221;center&#8221; css=&#8221;.vc_custom_1658839770001{margin-right: 20px !important;margin-left: 20px !important;border-top-width: 10px !important;border-right-width: 10px !important;border-bottom-width: 10px !important;border-left-width: 10px !important;border-left-color: #efefef !important;border-left-style: solid...\" \/>\n<meta property=\"og:url\" content=\"https:\/\/schoenborner.com\/telestarr-einbaugarnituren\/\" \/>\n<meta property=\"og:site_name\" content=\"Sch\u00f6nborner Armaturen GmbH\" \/>\n<meta property=\"article:modified_time\" content=\"2022-07-26T12:49:36+00:00\" \/>\n<meta name=\"twitter:card\" content=\"summary_large_image\" \/>\n<meta name=\"twitter:label1\" content=\"Est. reading time\" \/>\n\t<meta name=\"twitter:data1\" content=\"3 minutes\" \/>\n<script type=\"application\/ld+json\" class=\"yoast-schema-graph\">{\"@context\":\"https:\/\/schema.org\",\"@graph\":[{\"@type\":\"WebPage\",\"@id\":\"https:\/\/schoenborner.com\/telestarr-einbaugarnituren\/\",\"url\":\"https:\/\/schoenborner.com\/telestarr-einbaugarnituren\/\",\"name\":\"Telestarr-Einbaugarnituren - Sch\u00f6nborner Armaturen GmbH\",\"isPartOf\":{\"@id\":\"https:\/\/schoenborner.com\/#website\"},\"datePublished\":\"2022-07-07T07:46:56+00:00\",\"dateModified\":\"2022-07-26T12:49:36+00:00\",\"breadcrumb\":{\"@id\":\"https:\/\/schoenborner.com\/telestarr-einbaugarnituren\/#breadcrumb\"},\"inLanguage\":\"en-US\",\"potentialAction\":[{\"@type\":\"ReadAction\",\"target\":[\"https:\/\/schoenborner.com\/telestarr-einbaugarnituren\/\"]}]},{\"@type\":\"BreadcrumbList\",\"@id\":\"https:\/\/schoenborner.com\/telestarr-einbaugarnituren\/#breadcrumb\",\"itemListElement\":[{\"@type\":\"ListItem\",\"position\":1,\"name\":\"Startseite\",\"item\":\"https:\/\/schoenborner.com\/\"},{\"@type\":\"ListItem\",\"position\":2,\"name\":\"Telestarr-Einbaugarnituren\"}]},{\"@type\":\"WebSite\",\"@id\":\"https:\/\/schoenborner.com\/#website\",\"url\":\"https:\/\/schoenborner.com\/\",\"name\":\"Sch\u00f6nborner Armaturen GmbH\",\"description\":\"Hersteller von Armaturenzubeh\u00f6r f\u00fcr die kommunale Gas-, Wasser- und Abwasserwirtschaft.\",\"potentialAction\":[{\"@type\":\"SearchAction\",\"target\":{\"@type\":\"EntryPoint\",\"urlTemplate\":\"https:\/\/schoenborner.com\/?s={search_term_string}\"},\"query-input\":\"required name=search_term_string\"}],\"inLanguage\":\"en-US\"}]}<\/script>\n<!-- \/ Yoast SEO plugin. -->","yoast_head_json":{"title":"Telestarr-Einbaugarnituren - Sch\u00f6nborner Armaturen GmbH","robots":{"index":"index","follow":"follow","max-snippet":"max-snippet:-1","max-image-preview":"max-image-preview:large","max-video-preview":"max-video-preview:-1"},"canonical":"https:\/\/schoenborner.com\/telestarr-einbaugarnituren\/","og_locale":"en_US","og_type":"article","og_title":"Telestarr-Einbaugarnituren - Sch\u00f6nborner Armaturen GmbH","og_description":"[vc_row][vc_column][vc_column_text][\/vc_column_text][\/vc_column][\/vc_row][vc_row][vc_column width=&#8221;1\/2&#8243;][vc_custom_heading text=&#8221;Telestarre Einbaugarnituren f\u00fcr Hausanschlussarmaturen&#8221; font_container=&#8221;tag:h2|text_align:center&#8221; use_theme_fonts=&#8221;yes&#8221; css=&#8221;.vc_custom_1657187692106{margin-bottom: 20px !important;}&#8221;][vc_single_image image=&#8221;4989&#8243; img_size=&#8221;300&#215;600&#8243; alignment=&#8221;center&#8221; css=&#8221;.vc_custom_1658839770001{margin-right: 20px !important;margin-left: 20px !important;border-top-width: 10px !important;border-right-width: 10px !important;border-bottom-width: 10px !important;border-left-width: 10px !important;border-left-color: #efefef !important;border-left-style: solid...","og_url":"https:\/\/schoenborner.com\/telestarr-einbaugarnituren\/","og_site_name":"Sch\u00f6nborner Armaturen GmbH","article_modified_time":"2022-07-26T12:49:36+00:00","twitter_card":"summary_large_image","twitter_misc":{"Est. reading time":"3 minutes"},"schema":{"@context":"https:\/\/schema.org","@graph":[{"@type":"WebPage","@id":"https:\/\/schoenborner.com\/telestarr-einbaugarnituren\/","url":"https:\/\/schoenborner.com\/telestarr-einbaugarnituren\/","name":"Telestarr-Einbaugarnituren - Sch\u00f6nborner Armaturen GmbH","isPartOf":{"@id":"https:\/\/schoenborner.com\/#website"},"datePublished":"2022-07-07T07:46:56+00:00","dateModified":"2022-07-26T12:49:36+00:00","breadcrumb":{"@id":"https:\/\/schoenborner.com\/telestarr-einbaugarnituren\/#breadcrumb"},"inLanguage":"en-US","potentialAction":[{"@type":"ReadAction","target":["https:\/\/schoenborner.com\/telestarr-einbaugarnituren\/"]}]},{"@type":"BreadcrumbList","@id":"https:\/\/schoenborner.com\/telestarr-einbaugarnituren\/#breadcrumb","itemListElement":[{"@type":"ListItem","position":1,"name":"Startseite","item":"https:\/\/schoenborner.com\/"},{"@type":"ListItem","position":2,"name":"Telestarr-Einbaugarnituren"}]},{"@type":"WebSite","@id":"https:\/\/schoenborner.com\/#website","url":"https:\/\/schoenborner.com\/","name":"Sch\u00f6nborner Armaturen GmbH","description":"Hersteller von Armaturenzubeh\u00f6r f\u00fcr die kommunale Gas-, Wasser- und Abwasserwirtschaft.","potentialAction":[{"@type":"SearchAction","target":{"@type":"EntryPoint","urlTemplate":"https:\/\/schoenborner.com\/?s={search_term_string}"},"query-input":"required name=search_term_string"}],"inLanguage":"en-US"}]}},"_links":{"self":[{"href":"https:\/\/schoenborner.com\/en\/wp-json\/wp\/v2\/pages\/4733"}],"collection":[{"href":"https:\/\/schoenborner.com\/en\/wp-json\/wp\/v2\/pages"}],"about":[{"href":"https:\/\/schoenborner.com\/en\/wp-json\/wp\/v2\/types\/page"}],"author":[{"embeddable":true,"href":"https:\/\/schoenborner.com\/en\/wp-json\/wp\/v2\/users\/4"}],"replies":[{"embeddable":true,"href":"https:\/\/schoenborner.com\/en\/wp-json\/wp\/v2\/comments?post=4733"}],"version-history":[{"count":17,"href":"https:\/\/schoenborner.com\/en\/wp-json\/wp\/v2\/pages\/4733\/revisions"}],"predecessor-version":[{"id":5000,"href":"https:\/\/schoenborner.com\/en\/wp-json\/wp\/v2\/pages\/4733\/revisions\/5000"}],"wp:attachment":[{"href":"https:\/\/schoenborner.com\/en\/wp-json\/wp\/v2\/media?parent=4733"}],"curies":[{"name":"wp","href":"https:\/\/api.w.org\/{rel}","templated":true}]}}