{"id":4787,"date":"2022-07-12T13:57:25","date_gmt":"2022-07-12T11:57:25","guid":{"rendered":"https:\/\/schoenborner.com\/?page_id=4787"},"modified":"2023-05-25T09:02:59","modified_gmt":"2023-05-25T07:02:59","slug":"einbaugarnituren_","status":"publish","type":"page","link":"https:\/\/schoenborner.com\/en\/einbaugarnituren_\/","title":{"rendered":"Extensions spindles"},"content":{"rendered":"<section class=\"wpb-content-wrapper\"><p>[vc_row][vc_column][vc_custom_heading text=&#8221;Einbaugarnituren&#8221; font_container=&#8221;tag:h1|text_align:center&#8221; use_theme_fonts=&#8221;yes&#8221; css=&#8221;.vc_custom_1674461932043{margin-top: 0px !important;margin-right: 20px !important;margin-left: 20px !important;border-top-width: 10px !important;border-right-width: 10px !important;border-bottom-width: 0px !important;border-left-width: 10px !important;padding-top: 20px !important;padding-right: 10px !important;padding-bottom: 20px !important;padding-left: 10px !important;background-color: #cccccc !important;background-position: center !important;background-repeat: no-repeat !important;background-size: cover !important;border-radius: 10px !important;}&#8221;][vc_empty_space height=&#8221;60&#8243;][\/vc_column][\/vc_row][vc_row][vc_column width=&#8221;1\/3&#8243;][vc_custom_heading text=&#8221;Starre<br \/>\nEinbaugarnituren&#8221; font_container=&#8221;tag:h2|text_align:center|color:%23020202&#8243; use_theme_fonts=&#8221;yes&#8221; link=&#8221;url:https%3A%2F%2Fschoenborner.com%2Fstarre-einbaugarnituren_%2F|target:_blank&#8221; css=&#8221;.vc_custom_1657542338793{margin-bottom: 20px !important;}&#8221;][vc_single_image image=&#8221;6122&#8243; img_size=&#8221;250*500&#8243; alignment=&#8221;center&#8221; onclick=&#8221;custom_link&#8221; css=&#8221;.vc_custom_1678701068420{margin-right: 20px !important;margin-left: 20px !important;border-top-width: 10px !important;border-right-width: 10px !important;border-bottom-width: 10px !important;border-left-width: 10px !important;border-left-color: #cccccc !important;border-left-style: solid !important;border-right-color: #cccccc !important;border-right-style: solid !important;border-top-color: #cccccc !important;border-top-style: solid !important;border-bottom-color: #cccccc !important;border-bottom-style: solid !important;border-radius: 10px !important;}&#8221; link=&#8221;https:\/\/schoenborner.com\/starre-einbaugarnituren_\/&#8221;][\/vc_column][vc_column width=&#8221;1\/3&#8243;][vc_custom_heading text=&#8221;Verstellbare<br \/>\nEinbaugarnituren&#8221; font_container=&#8221;tag:h2|text_align:center|color:%23020202&#8243; use_theme_fonts=&#8221;yes&#8221; link=&#8221;url:https%3A%2F%2Fschoenborner.com%2Fverstellbare-einbaugarnituren_%2F&#8221; css=&#8221;.vc_custom_1657542332450{margin-bottom: 20px !important;}&#8221;][vc_single_image image=&#8221;6124&#8243; img_size=&#8221;250*500&#8243; alignment=&#8221;center&#8221; onclick=&#8221;custom_link&#8221; css=&#8221;.vc_custom_1678439567558{margin-right: 20px !important;margin-bottom: 5px !important;margin-left: 20px !important;border-top-width: 10px !important;border-right-width: 10px !important;border-bottom-width: 10px !important;border-left-width: 10px !important;border-left-color: #cccccc !important;border-left-style: solid !important;border-right-color: #cccccc !important;border-right-style: solid !important;border-top-color: #cccccc !important;border-top-style: solid !important;border-bottom-color: #cccccc !important;border-bottom-style: solid !important;border-radius: 10px !important;}&#8221; link=&#8221;https:\/\/schoenborner.com\/verstellbare-einbaugarnituren_\/&#8221;][\/vc_column][vc_column width=&#8221;1\/3&#8243;][vc_custom_heading text=&#8221;Teleskopierbare<br \/>\nEinbaugarnituren&#8221; font_container=&#8221;tag:h2|text_align:center|color:%23020202&#8243; use_theme_fonts=&#8221;yes&#8221; link=&#8221;url:https%3A%2F%2Fschoenborner.com%2Fteleskopierbare-einbaugarnituren_%2F&#8221; css=&#8221;.vc_custom_1657542326901{margin-bottom: 20px !important;}&#8221;][vc_single_image image=&#8221;6123&#8243; img_size=&#8221;250*500&#8243; alignment=&#8221;center&#8221; onclick=&#8221;custom_link&#8221; el_id=&#8221;https:\/\/schoenborner.com\/teleskopierbare-einbaugarnituren_2\/&#8221; link=&#8221;https:\/\/schoenborner.com\/teleskopierbare-einbaugarnituren_\/&#8221; css=&#8221;.vc_custom_1678439573006{margin-right: 20px !important;margin-left: 20px !important;border-top-width: 10px !important;border-right-width: 10px !important;border-bottom-width: 10px !important;border-left-width: 10px !important;border-left-color: #cccccc !important;border-left-style: solid !important;border-right-color: #cccccc !important;border-right-style: solid !important;border-top-color: #cccccc !important;border-top-style: solid !important;border-bottom-color: #cccccc !important;border-bottom-style: solid !important;border-radius: 10px !important;}&#8221;][\/vc_column][\/vc_row][vc_row][vc_column][vc_custom_heading text=&#8221;Starre Einbaugarnituren&#8221; font_container=&#8221;tag:h2|text_align:left|color:%23020202&#8243; use_theme_fonts=&#8221;yes&#8221; link=&#8221;url:https%3A%2F%2Fschoenborner.com%2Fstarre-einbaugarnituren_%2F&#8221; css=&#8221;.vc_custom_1678807613494{margin-top: 50px !important;margin-bottom: 20px !important;}&#8221;][vc_column_text]<\/p>\n<p style=\"text-align: left;\">Die Baul\u00e4nge der Einbaugarnitur ist nicht teleskopierbar.<br \/>\nZur \u00c4nderung der Rohrdeckung, muss das Gest\u00e4nge gek\u00fcrzt werden.[\/vc_column_text][\/vc_column][vc_column][vc_custom_heading text=&#8221;Verstellbare Einbaugarnituren&#8221; font_container=&#8221;tag:h2|text_align:left|color:%23020202&#8243; use_theme_fonts=&#8221;yes&#8221; link=&#8221;url:https%3A%2F%2Fschoenborner.com%2Fverstellbare-einbaugarnituren_%2F&#8221; css=&#8221;.vc_custom_1678807639246{margin-top: 50px !important;margin-bottom: 20px !important;}&#8221;][vc_column_text]Die Rohrdeckung kann bei diesem Modell stufenlos verstellt werden. Nachdem die Einstellung erfolgte, wird mit Hilfe eines Stellrings und eines Gewindestiftes die erreichte Baul\u00e4nge fixiert[\/vc_column_text][\/vc_column][vc_column][vc_row_inner][vc_column_inner][vc_custom_heading text=&#8221;Teleskopierbare Einbaugarnituren&#8221; font_container=&#8221;tag:h2|text_align:left|color:%23020202&#8243; use_theme_fonts=&#8221;yes&#8221; link=&#8221;url:https%3A%2F%2Fschoenborner.com%2Fteleskopierbare-einbaugarnituren_%2F&#8221; css=&#8221;.vc_custom_1678807645429{margin-top: 50px !important;margin-bottom: 20px !important;}&#8221;][vc_column_text]Teleskop-Einbaugarnitur f\u00fcr Hausanschluss- und Netzarmaturen. Stufenlos ineinander teleskopierbares und gegen Auszug gesichertes Gest\u00e4ngesystem. Festigkeitsmoment gem\u00e4\u00df DVGW Arbeitsblatt\u00a0 GW 336 &#8211; Vorgabe.[\/vc_column_text][\/vc_column_inner][\/vc_row_inner][\/vc_column][\/vc_row][vc_row gap=&#8221;20&#8243; content_placement=&#8221;top&#8221; css=&#8221;.vc_custom_1637001044248{margin-bottom: -100px !important;padding-top: 10px !important;padding-right: 30px !important;padding-bottom: 10px !important;padding-left: 30px !important;background-color: #f2f2f2 !important;border-radius: 3px !important;}&#8221; el_class=&#8221;schatten&#8221;][vc_column width=&#8221;1\/5&#8243;][vc_icon icon_fontawesome=&#8221;far fa-envelope-open&#8221; color=&#8221;custom&#8221; size=&#8221;xl&#8221; align=&#8221;center&#8221; custom_color=&#8221;#9ea7d8&#8243; el_class=&#8221;icon&#8221;][\/vc_column][vc_column width=&#8221;2\/5&#8243;][vc_column_text el_class=&#8221;text&#8221;]<\/p>\n<h2><strong>Sch\u00f6nborner &#8211; Newsletter<\/strong><\/h2>\n<p>Immer gut informiert auf dem neuesten Stand: Erfahren Sie als erster von innovativen Produkten und exklusiven Aktionen. Melden Sie sich zu unserem Newsletter an![\/vc_column_text][\/vc_column][\/vc_row]<\/p>\n<\/section>","protected":false},"excerpt":{"rendered":"<p>[vc_row][vc_column][vc_custom_heading text=&#8221;Einbaugarnituren&#8221; font_container=&#8221;tag:h1|text_align:center&#8221; use_theme_fonts=&#8221;yes&#8221; css=&#8221;.vc_custom_1674461932043{margin-top: 0px !important;margin-right: 20px !important;margin-left: 20px !important;border-top-width: 10px !important;border-right-width: 10px !important;border-bottom-width: 0px !important;border-left-width: 10px !important;padding-top: 20px !important;padding-right: 10px !important;padding-bottom: 20px !important;padding-left: 10px !important;background-color: #cccccc !important;background-position: center&#8230;<\/p>\n","protected":false},"author":4,"featured_media":0,"parent":0,"menu_order":0,"comment_status":"closed","ping_status":"closed","template":"","meta":{"_themeisle_gutenberg_block_has_review":false},"yoast_head":"<!-- This site is optimized with the Yoast SEO plugin v21.0 - https:\/\/yoast.com\/wordpress\/plugins\/seo\/ -->\n<title>Extensions spindles - Sch\u00f6nborner Armaturen GmbH<\/title>\n<meta name=\"robots\" content=\"index, follow, max-snippet:-1, max-image-preview:large, max-video-preview:-1\" \/>\n<link rel=\"canonical\" href=\"https:\/\/schoenborner.com\/einbaugarnituren_\/\" \/>\n<meta property=\"og:locale\" content=\"en_US\" \/>\n<meta property=\"og:type\" content=\"article\" \/>\n<meta property=\"og:title\" content=\"[:de]Einbaugarnituren[:en]Extensions spindles[:] - Sch\u00f6nborner Armaturen GmbH\" \/>\n<meta property=\"og:description\" content=\"[vc_row][vc_column][vc_custom_heading text=&#8221;Einbaugarnituren&#8221; font_container=&#8221;tag:h1|text_align:center&#8221; use_theme_fonts=&#8221;yes&#8221; css=&#8221;.vc_custom_1674461932043{margin-top: 0px !important;margin-right: 20px !important;margin-left: 20px !important;border-top-width: 10px !important;border-right-width: 10px !important;border-bottom-width: 0px !important;border-left-width: 10px !important;padding-top: 20px !important;padding-right: 10px !important;padding-bottom: 20px !important;padding-left: 10px !important;background-color: #cccccc !important;background-position: center...\" \/>\n<meta property=\"og:url\" content=\"https:\/\/schoenborner.com\/einbaugarnituren_\/\" \/>\n<meta property=\"og:site_name\" content=\"Sch\u00f6nborner Armaturen GmbH\" \/>\n<meta property=\"article:modified_time\" content=\"2023-05-25T07:02:59+00:00\" \/>\n<meta name=\"twitter:card\" content=\"summary_large_image\" \/>\n<meta name=\"twitter:label1\" content=\"Est. reading time\" \/>\n\t<meta name=\"twitter:data1\" content=\"2 minutes\" \/>\n<script type=\"application\/ld+json\" class=\"yoast-schema-graph\">{\"@context\":\"https:\/\/schema.org\",\"@graph\":[{\"@type\":\"WebPage\",\"@id\":\"https:\/\/schoenborner.com\/einbaugarnituren_\/\",\"url\":\"https:\/\/schoenborner.com\/einbaugarnituren_\/\",\"name\":\"[:de]Einbaugarnituren[:en]Extensions spindles[:] - Sch\u00f6nborner Armaturen GmbH\",\"isPartOf\":{\"@id\":\"https:\/\/schoenborner.com\/#website\"},\"datePublished\":\"2022-07-12T11:57:25+00:00\",\"dateModified\":\"2023-05-25T07:02:59+00:00\",\"breadcrumb\":{\"@id\":\"https:\/\/schoenborner.com\/einbaugarnituren_\/#breadcrumb\"},\"inLanguage\":\"en-US\",\"potentialAction\":[{\"@type\":\"ReadAction\",\"target\":[\"https:\/\/schoenborner.com\/einbaugarnituren_\/\"]}]},{\"@type\":\"BreadcrumbList\",\"@id\":\"https:\/\/schoenborner.com\/einbaugarnituren_\/#breadcrumb\",\"itemListElement\":[{\"@type\":\"ListItem\",\"position\":1,\"name\":\"Startseite\",\"item\":\"https:\/\/schoenborner.com\/\"},{\"@type\":\"ListItem\",\"position\":2,\"name\":\"Einbaugarnituren\"}]},{\"@type\":\"WebSite\",\"@id\":\"https:\/\/schoenborner.com\/#website\",\"url\":\"https:\/\/schoenborner.com\/\",\"name\":\"Sch\u00f6nborner Armaturen GmbH\",\"description\":\"Hersteller von Armaturenzubeh\u00f6r f\u00fcr die kommunale Gas-, Wasser- und Abwasserwirtschaft.\",\"potentialAction\":[{\"@type\":\"SearchAction\",\"target\":{\"@type\":\"EntryPoint\",\"urlTemplate\":\"https:\/\/schoenborner.com\/?s={search_term_string}\"},\"query-input\":\"required name=search_term_string\"}],\"inLanguage\":\"en-US\"}]}<\/script>\n<!-- \/ Yoast SEO plugin. -->","yoast_head_json":{"title":"[:de]Einbaugarnituren[:en]Extensions spindles[:] - Sch\u00f6nborner Armaturen GmbH","robots":{"index":"index","follow":"follow","max-snippet":"max-snippet:-1","max-image-preview":"max-image-preview:large","max-video-preview":"max-video-preview:-1"},"canonical":"https:\/\/schoenborner.com\/einbaugarnituren_\/","og_locale":"en_US","og_type":"article","og_title":"[:de]Einbaugarnituren[:en]Extensions spindles[:] - Sch\u00f6nborner Armaturen GmbH","og_description":"[vc_row][vc_column][vc_custom_heading text=&#8221;Einbaugarnituren&#8221; font_container=&#8221;tag:h1|text_align:center&#8221; use_theme_fonts=&#8221;yes&#8221; css=&#8221;.vc_custom_1674461932043{margin-top: 0px !important;margin-right: 20px !important;margin-left: 20px !important;border-top-width: 10px !important;border-right-width: 10px !important;border-bottom-width: 0px !important;border-left-width: 10px !important;padding-top: 20px !important;padding-right: 10px !important;padding-bottom: 20px !important;padding-left: 10px !important;background-color: #cccccc !important;background-position: center...","og_url":"https:\/\/schoenborner.com\/einbaugarnituren_\/","og_site_name":"Sch\u00f6nborner Armaturen GmbH","article_modified_time":"2023-05-25T07:02:59+00:00","twitter_card":"summary_large_image","twitter_misc":{"Est. reading time":"2 minutes"},"schema":{"@context":"https:\/\/schema.org","@graph":[{"@type":"WebPage","@id":"https:\/\/schoenborner.com\/einbaugarnituren_\/","url":"https:\/\/schoenborner.com\/einbaugarnituren_\/","name":"[:de]Einbaugarnituren[:en]Extensions spindles[:] - Sch\u00f6nborner Armaturen GmbH","isPartOf":{"@id":"https:\/\/schoenborner.com\/#website"},"datePublished":"2022-07-12T11:57:25+00:00","dateModified":"2023-05-25T07:02:59+00:00","breadcrumb":{"@id":"https:\/\/schoenborner.com\/einbaugarnituren_\/#breadcrumb"},"inLanguage":"en-US","potentialAction":[{"@type":"ReadAction","target":["https:\/\/schoenborner.com\/einbaugarnituren_\/"]}]},{"@type":"BreadcrumbList","@id":"https:\/\/schoenborner.com\/einbaugarnituren_\/#breadcrumb","itemListElement":[{"@type":"ListItem","position":1,"name":"Startseite","item":"https:\/\/schoenborner.com\/"},{"@type":"ListItem","position":2,"name":"Einbaugarnituren"}]},{"@type":"WebSite","@id":"https:\/\/schoenborner.com\/#website","url":"https:\/\/schoenborner.com\/","name":"Sch\u00f6nborner Armaturen GmbH","description":"Hersteller von Armaturenzubeh\u00f6r f\u00fcr die kommunale Gas-, Wasser- und Abwasserwirtschaft.","potentialAction":[{"@type":"SearchAction","target":{"@type":"EntryPoint","urlTemplate":"https:\/\/schoenborner.com\/?s={search_term_string}"},"query-input":"required name=search_term_string"}],"inLanguage":"en-US"}]}},"_links":{"self":[{"href":"https:\/\/schoenborner.com\/en\/wp-json\/wp\/v2\/pages\/4787"}],"collection":[{"href":"https:\/\/schoenborner.com\/en\/wp-json\/wp\/v2\/pages"}],"about":[{"href":"https:\/\/schoenborner.com\/en\/wp-json\/wp\/v2\/types\/page"}],"author":[{"embeddable":true,"href":"https:\/\/schoenborner.com\/en\/wp-json\/wp\/v2\/users\/4"}],"replies":[{"embeddable":true,"href":"https:\/\/schoenborner.com\/en\/wp-json\/wp\/v2\/comments?post=4787"}],"version-history":[{"count":51,"href":"https:\/\/schoenborner.com\/en\/wp-json\/wp\/v2\/pages\/4787\/revisions"}],"predecessor-version":[{"id":8161,"href":"https:\/\/schoenborner.com\/en\/wp-json\/wp\/v2\/pages\/4787\/revisions\/8161"}],"wp:attachment":[{"href":"https:\/\/schoenborner.com\/en\/wp-json\/wp\/v2\/media?parent=4787"}],"curies":[{"name":"wp","href":"https:\/\/api.w.org\/{rel}","templated":true}]}}