{"id":5640,"date":"2023-01-25T10:11:13","date_gmt":"2023-01-25T09:11:13","guid":{"rendered":"https:\/\/schoenborner.com\/?page_id=5640"},"modified":"2023-03-01T13:13:59","modified_gmt":"2023-03-01T12:13:59","slug":"unternehmensbroschure","status":"publish","type":"page","link":"https:\/\/schoenborner.com\/en\/unternehmensbroschure\/","title":{"rendered":"Company brochure"},"content":{"rendered":"<section class=\"wpb-content-wrapper\"><p>[vc_row][vc_column][vc_column_text][\/vc_column_text][\/vc_column][\/vc_row][vc_row][vc_column css=&#8221;.vc_custom_1677672834249{margin-top: -70px !important;}&#8221;]<div id=\"flipbook-container-1\" data-fullscreen=\"#ffffff|1|true\" data-slide-delay=\"2000\" data-display=\"front\"  class=\"flipbook-container flipbook-container-1  toc-new\"><div id=\"flipbook-1\" data-fb-id=\"unternehmensbroschure_eng\" data-fb-w=\"905\" data-fb-h=\"1288\" class=\"flipbook rfbwp-init\"><div class=\"fb-page single\"><div class=\"fb-page-content\"><div class=\"fb-container\"><div class=\"page-html\"><\/div><img src=\"https:\/\/schoenborner.com\/wp-content\/plugins\/responsive-flipbook\/assets\/images\/loader.gif\" class=\"bg-img-placeholder rfbwp-image\"\/><img src=\"https:\/\/schoenborner.com\/wp-content\/plugins\/responsive-flipbook\/assets\/images\/preloader.gif\" data-src=\"https:\/\/schoenborner.com\/wp-content\/uploads\/2023\/02\/Unternehmensbroschure_ENG_001.jpg\" class=\"bg-img rfbwp-image\"\/><div class=\"mpc-numeration-wrap bottom center\" data-page-number=\"1\" data-hide=\"1\"><span>1<\/span><\/div><\/div><\/div><\/div><div class=\"fb-page double\"><div class=\"fb-page-content\"><div class=\"fb-container\"><div class=\"page-html\"><div class=\"left\"><\/div><div class=\"right\"><\/div><\/div><img src=\"https:\/\/schoenborner.com\/wp-content\/plugins\/responsive-flipbook\/assets\/images\/loader.gif\" class=\"bg-img-placeholder rfbwp-image\"\/><img src=\"https:\/\/schoenborner.com\/wp-content\/plugins\/responsive-flipbook\/assets\/images\/preloader.gif\" data-src=\"https:\/\/schoenborner.com\/wp-content\/uploads\/2023\/02\/Unternehmensbroschure_ENG_002.jpg\" class=\"bg-img rfbwp-image\"\/><div class=\"mpc-numeration-wrap bottom center\" data-page-number=\"2\" data-hide=\"1\"><span>2<\/span><\/div><\/div><\/div><\/div><div class=\"fb-page double\"><div class=\"fb-page-content\"><div class=\"fb-container\"><div class=\"page-html\"><div class=\"left\"><\/div><div class=\"right\"><\/div><\/div><img src=\"https:\/\/schoenborner.com\/wp-content\/plugins\/responsive-flipbook\/assets\/images\/loader.gif\" class=\"bg-img-placeholder rfbwp-image\"\/><img src=\"https:\/\/schoenborner.com\/wp-content\/plugins\/responsive-flipbook\/assets\/images\/preloader.gif\" data-src=\"https:\/\/schoenborner.com\/wp-content\/uploads\/2023\/02\/Unternehmensbroschure_ENG_003.jpg\" class=\"bg-img rfbwp-image\"\/><div class=\"mpc-numeration-wrap bottom center\" data-page-number=\"4\" data-hide=\"1\"><span>4<\/span><\/div><\/div><\/div><\/div><div class=\"fb-page double\"><div class=\"fb-page-content\"><div class=\"fb-container\"><div class=\"page-html\"><div class=\"left\"><\/div><div class=\"right\"><\/div><\/div><img src=\"https:\/\/schoenborner.com\/wp-content\/plugins\/responsive-flipbook\/assets\/images\/loader.gif\" class=\"bg-img-placeholder rfbwp-image\"\/><img src=\"https:\/\/schoenborner.com\/wp-content\/plugins\/responsive-flipbook\/assets\/images\/preloader.gif\" data-src=\"https:\/\/schoenborner.com\/wp-content\/uploads\/2023\/02\/Unternehmensbroschure_ENG_004.jpg\" class=\"bg-img rfbwp-image\"\/><div class=\"mpc-numeration-wrap bottom center\" data-page-number=\"6\" data-hide=\"1\"><span>6<\/span><\/div><\/div><\/div><\/div><div class=\"fb-page double\"><div class=\"fb-page-content\"><div class=\"fb-container\"><div class=\"page-html\"><div class=\"left\"><\/div><div class=\"right\"><\/div><\/div><img src=\"https:\/\/schoenborner.com\/wp-content\/plugins\/responsive-flipbook\/assets\/images\/loader.gif\" class=\"bg-img-placeholder rfbwp-image\"\/><img src=\"https:\/\/schoenborner.com\/wp-content\/plugins\/responsive-flipbook\/assets\/images\/preloader.gif\" data-src=\"https:\/\/schoenborner.com\/wp-content\/uploads\/2023\/02\/Unternehmensbroschure_ENG_005.jpg\" class=\"bg-img rfbwp-image\"\/><div class=\"mpc-numeration-wrap bottom center\" data-page-number=\"8\" data-hide=\"1\"><span>8<\/span><\/div><\/div><\/div><\/div><div class=\"fb-page double\"><div class=\"fb-page-content\"><div class=\"fb-container\"><div class=\"page-html\"><div class=\"left\"><\/div><div class=\"right\"><\/div><\/div><img src=\"https:\/\/schoenborner.com\/wp-content\/plugins\/responsive-flipbook\/assets\/images\/loader.gif\" class=\"bg-img-placeholder rfbwp-image\"\/><img src=\"https:\/\/schoenborner.com\/wp-content\/plugins\/responsive-flipbook\/assets\/images\/preloader.gif\" data-src=\"https:\/\/schoenborner.com\/wp-content\/uploads\/2023\/02\/Unternehmensbroschure_ENG_006.jpg\" class=\"bg-img rfbwp-image\"\/><div class=\"mpc-numeration-wrap bottom center\" data-page-number=\"10\" data-hide=\"1\"><span>10<\/span><\/div><\/div><\/div><\/div><div class=\"fb-page double\"><div class=\"fb-page-content\"><div class=\"fb-container\"><div class=\"page-html\"><div class=\"left\"><\/div><div class=\"right\"><\/div><\/div><img src=\"https:\/\/schoenborner.com\/wp-content\/plugins\/responsive-flipbook\/assets\/images\/loader.gif\" class=\"bg-img-placeholder rfbwp-image\"\/><img src=\"https:\/\/schoenborner.com\/wp-content\/plugins\/responsive-flipbook\/assets\/images\/preloader.gif\" data-src=\"https:\/\/schoenborner.com\/wp-content\/uploads\/2023\/02\/Unternehmensbroschure_ENG_007.jpg\" class=\"bg-img rfbwp-image\"\/><div class=\"mpc-numeration-wrap bottom center\" data-page-number=\"12\" data-hide=\"1\"><span>12<\/span><\/div><\/div><\/div><\/div><div class=\"fb-page double\"><div class=\"fb-page-content\"><div class=\"fb-container\"><div class=\"page-html\"><div class=\"left\"><\/div><div class=\"right\"><\/div><\/div><img src=\"https:\/\/schoenborner.com\/wp-content\/plugins\/responsive-flipbook\/assets\/images\/loader.gif\" class=\"bg-img-placeholder rfbwp-image\"\/><img src=\"https:\/\/schoenborner.com\/wp-content\/plugins\/responsive-flipbook\/assets\/images\/preloader.gif\" data-src=\"https:\/\/schoenborner.com\/wp-content\/uploads\/2023\/02\/Unternehmensbroschure_ENG_008.jpg\" class=\"bg-img rfbwp-image\"\/><div class=\"mpc-numeration-wrap bottom center\" data-page-number=\"14\" data-hide=\"1\"><span>14<\/span><\/div><\/div><\/div><\/div><div class=\"fb-page double\"><div class=\"fb-page-content\"><div class=\"fb-container\"><div class=\"page-html\"><div class=\"left\"><\/div><div class=\"right\"><\/div><\/div><img src=\"https:\/\/schoenborner.com\/wp-content\/plugins\/responsive-flipbook\/assets\/images\/loader.gif\" class=\"bg-img-placeholder rfbwp-image\"\/><img src=\"https:\/\/schoenborner.com\/wp-content\/plugins\/responsive-flipbook\/assets\/images\/preloader.gif\" data-src=\"https:\/\/schoenborner.com\/wp-content\/uploads\/2023\/02\/Unternehmensbroschure_ENG_009.jpg\" class=\"bg-img rfbwp-image\"\/><div class=\"mpc-numeration-wrap bottom center\" data-page-number=\"16\" data-hide=\"1\"><span>16<\/span><\/div><\/div><\/div><\/div><div class=\"fb-page double\"><div class=\"fb-page-content\"><div class=\"fb-container\"><div class=\"page-html\"><div class=\"left\"><\/div><div class=\"right\"><\/div><\/div><img src=\"https:\/\/schoenborner.com\/wp-content\/plugins\/responsive-flipbook\/assets\/images\/loader.gif\" class=\"bg-img-placeholder rfbwp-image\"\/><img src=\"https:\/\/schoenborner.com\/wp-content\/plugins\/responsive-flipbook\/assets\/images\/preloader.gif\" data-src=\"https:\/\/schoenborner.com\/wp-content\/uploads\/2023\/02\/Unternehmensbroschure_ENG_010.jpg\" class=\"bg-img rfbwp-image\"\/><div class=\"mpc-numeration-wrap bottom center\" data-page-number=\"18\" data-hide=\"1\"><span>18<\/span><\/div><\/div><\/div><\/div><div class=\"fb-page double\"><div class=\"fb-page-content\"><div class=\"fb-container\"><div class=\"page-html\"><div class=\"left\"><\/div><div class=\"right\"><\/div><\/div><img src=\"https:\/\/schoenborner.com\/wp-content\/plugins\/responsive-flipbook\/assets\/images\/loader.gif\" class=\"bg-img-placeholder rfbwp-image\"\/><img src=\"https:\/\/schoenborner.com\/wp-content\/plugins\/responsive-flipbook\/assets\/images\/preloader.gif\" data-src=\"https:\/\/schoenborner.com\/wp-content\/uploads\/2023\/02\/Unternehmensbroschure_ENG_011.jpg\" class=\"bg-img rfbwp-image\"\/><div class=\"mpc-numeration-wrap bottom center\" data-page-number=\"20\" data-hide=\"1\"><span>20<\/span><\/div><\/div><\/div><\/div><div class=\"fb-page double\"><div class=\"fb-page-content\"><div class=\"fb-container\"><div class=\"page-html\"><div class=\"left\"><\/div><div class=\"right\"><\/div><\/div><img src=\"https:\/\/schoenborner.com\/wp-content\/plugins\/responsive-flipbook\/assets\/images\/loader.gif\" class=\"bg-img-placeholder rfbwp-image\"\/><img src=\"https:\/\/schoenborner.com\/wp-content\/plugins\/responsive-flipbook\/assets\/images\/preloader.gif\" data-src=\"https:\/\/schoenborner.com\/wp-content\/uploads\/2023\/02\/Unternehmensbroschure_ENG_012.jpg\" class=\"bg-img rfbwp-image\"\/><div class=\"mpc-numeration-wrap bottom center\" data-page-number=\"22\" data-hide=\"1\"><span>22<\/span><\/div><\/div><\/div><\/div><div class=\"fb-page single\"><div class=\"fb-page-content\"><div class=\"fb-container\"><div class=\"page-html\"><\/div><img src=\"https:\/\/schoenborner.com\/wp-content\/plugins\/responsive-flipbook\/assets\/images\/loader.gif\" class=\"bg-img-placeholder rfbwp-image\"\/><img src=\"https:\/\/schoenborner.com\/wp-content\/plugins\/responsive-flipbook\/assets\/images\/preloader.gif\" data-src=\"https:\/\/schoenborner.com\/wp-content\/uploads\/2023\/02\/Unternehmensbroschure_ENG_013.jpg\" class=\"bg-img rfbwp-image\"\/><div class=\"mpc-numeration-wrap bottom center\" data-page-number=\"24\" data-hide=\"1\"><span>24<\/span><\/div><\/div><\/div><\/div><\/div><div id=\"fb-nav-1\" class=\"fb-nav mobile spread bottom \" data-menu-type=\"spread\"  data-prev-icon=\"fa fa-chevron-left\" data-next-icon=\"fa fa-chevron-right\" data-up-icon=\"fa fa-chevron-up\" data-down-icon=\"fa fa-chevron-down\"><ul class=\"alternative-nav\"><li id=\"fb-zoom-out-1\" class=\"fb-zoom-out\" data-icon=\"fa fa-search-minus\"><\/li><li class=\"big-next show-all-close\" data-icon=\"fa fa-times\"><\/li><\/ul><ul class=\"main-nav\"><li class=\"toc round\" data-icon=\"fa fa-th-list\" data-toc-index=\"2\"><\/li><li class=\"zoom round\" data-icon=\"fa fa-search-plus\" data-icon-active=\"fa fa-search-minus\"><\/li><li class=\"fullscreen round\" data-icon=\"fa fa-expand\" data-icon-active=\"fa fa-compress\"><\/li><li class=\"show-all round\" data-icon=\"fa fa-th\"  data-cols=\"2\"><\/li><\/ul><\/div><\/div>[\/vc_column][\/vc_row][vc_row][vc_column][vc_column_text][\/vc_column_text][\/vc_column][\/vc_row][vc_row gap=&#8221;20&#8243; content_placement=&#8221;top&#8221; css=&#8221;.vc_custom_1637001044248{margin-bottom: -100px !important;padding-top: 10px !important;padding-right: 30px !important;padding-bottom: 10px !important;padding-left: 30px !important;background-color: #f2f2f2 !important;border-radius: 3px !important;}&#8221; el_class=&#8221;schatten&#8221;][vc_column width=&#8221;1\/5&#8243;][vc_icon icon_fontawesome=&#8221;far fa-envelope-open&#8221; color=&#8221;custom&#8221; size=&#8221;xl&#8221; align=&#8221;center&#8221; custom_color=&#8221;#9ea7d8&#8243; el_class=&#8221;icon&#8221;][\/vc_column][vc_column width=&#8221;2\/5&#8243;][vc_column_text el_class=&#8221;text&#8221;]<\/p>\n<h2><strong>Sch\u00f6nborner &#8211; Newsletter<\/strong><\/h2>\n<p>Immer gut informiert auf dem neuesten Stand: Erfahren Sie als erster von innovativen Produkten und exklusiven Aktionen. Melden Sie sich zu unserem Newsletter an![\/vc_column_text][\/vc_column][vc_column width=&#8221;2\/5&#8243;]\n<div class=\"wpcf7 no-js\" id=\"wpcf7-f3198-o1\" lang=\"de-DE\" dir=\"ltr\">\n<div class=\"screen-reader-response\"><p role=\"status\" aria-live=\"polite\" aria-atomic=\"true\"><\/p> <ul><\/ul><\/div>\n<form action=\"\/en\/wp-json\/wp\/v2\/pages\/5640#wpcf7-f3198-o1\" method=\"post\" class=\"wpcf7-form init\" aria-label=\"Kontaktformular\" novalidate=\"novalidate\" data-status=\"init\">\n<div style=\"display: none;\">\n<input type=\"hidden\" name=\"_wpcf7\" value=\"3198\" \/>\n<input type=\"hidden\" name=\"_wpcf7_version\" value=\"5.7.4\" \/>\n<input type=\"hidden\" name=\"_wpcf7_locale\" value=\"de_DE\" \/>\n<input type=\"hidden\" name=\"_wpcf7_unit_tag\" value=\"wpcf7-f3198-o1\" \/>\n<input type=\"hidden\" name=\"_wpcf7_container_post\" value=\"0\" \/>\n<input type=\"hidden\" name=\"_wpcf7_posted_data_hash\" value=\"\" \/>\n<\/div>\n<p><label>E-Mail Adresse:<br \/>\n<span class=\"wpcf7-form-control-wrap\" data-name=\"your-email\"><input size=\"40\" class=\"wpcf7-form-control wpcf7-text wpcf7-email wpcf7-validates-as-required wpcf7-validates-as-email\" aria-required=\"true\" aria-invalid=\"false\" value=\"\" type=\"email\" name=\"your-email\" \/><\/span> <\/label>\n<\/p>\n<p><input class=\"wpcf7-form-control has-spinner wpcf7-submit\" id=\"button1\" type=\"submit\" value=\"Senden\" \/>\n<\/p><div class=\"wpcf7-response-output\" aria-hidden=\"true\"><\/div>\n<\/form>\n<\/div>\n[\/vc_column][\/vc_row][vc_row][vc_column][vc_column_text]<\/p>\n<div class=\"mpc-buttons-wrap add-book-buttons\"><\/div>\n<p>[\/vc_column_text][\/vc_column][\/vc_row]<\/p>\n<\/section>","protected":false},"excerpt":{"rendered":"<p>[vc_row][vc_column][vc_column_text][\/vc_column_text][\/vc_column][\/vc_row][vc_row][vc_column css=&#8221;.vc_custom_1677672834249{margin-top: -70px !important;}&#8221;][\/vc_column][\/vc_row][vc_row][vc_column][vc_column_text][\/vc_column_text][\/vc_column][\/vc_row][vc_row gap=&#8221;20&#8243; content_placement=&#8221;top&#8221; css=&#8221;.vc_custom_1637001044248{margin-bottom: -100px !important;padding-top: 10px !important;padding-right: 30px !important;padding-bottom: 10px !important;padding-left: 30px !important;background-color: #f2f2f2 !important;border-radius: 3px !important;}&#8221; el_class=&#8221;schatten&#8221;][vc_column width=&#8221;1\/5&#8243;][vc_icon icon_fontawesome=&#8221;far fa-envelope-open&#8221; color=&#8221;custom&#8221; size=&#8221;xl&#8221; align=&#8221;center&#8221; custom_color=&#8221;#9ea7d8&#8243; el_class=&#8221;icon&#8221;][\/vc_column][vc_column&#8230;<\/p>\n","protected":false},"author":4,"featured_media":0,"parent":0,"menu_order":0,"comment_status":"closed","ping_status":"closed","template":"","meta":{"_themeisle_gutenberg_block_has_review":false},"yoast_head":"<!-- This site is optimized with the Yoast SEO plugin v21.0 - https:\/\/yoast.com\/wordpress\/plugins\/seo\/ -->\n<title>Company brochure - Sch\u00f6nborner Armaturen GmbH<\/title>\n<meta name=\"description\" content=\"Die Unternehmensbrosch\u00fcre macht Sie mit dem Unternehmen Sch\u00f6nborner Armaturen GmbH bekannt. Die Entwicklung, die Gewerke, die Fertigung.\" \/>\n<meta name=\"robots\" content=\"index, follow, max-snippet:-1, max-image-preview:large, max-video-preview:-1\" \/>\n<link rel=\"canonical\" href=\"https:\/\/schoenborner.com\/unternehmensbroschure\/\" \/>\n<meta property=\"og:locale\" content=\"en_US\" \/>\n<meta property=\"og:type\" content=\"article\" \/>\n<meta property=\"og:title\" content=\"[:de]Unternehmens\u00adbrosch\u00fcre [:en]Company brochure[:] - Sch\u00f6nborner Armaturen GmbH\" \/>\n<meta property=\"og:description\" content=\"Die Unternehmensbrosch\u00fcre macht Sie mit dem Unternehmen Sch\u00f6nborner Armaturen GmbH bekannt. Die Entwicklung, die Gewerke, die Fertigung.\" \/>\n<meta property=\"og:url\" content=\"https:\/\/schoenborner.com\/unternehmensbroschure\/\" \/>\n<meta property=\"og:site_name\" content=\"Sch\u00f6nborner Armaturen GmbH\" \/>\n<meta property=\"article:modified_time\" content=\"2023-03-01T12:13:59+00:00\" \/>\n<meta name=\"twitter:card\" content=\"summary_large_image\" \/>\n<meta name=\"twitter:label1\" content=\"Est. reading time\" \/>\n\t<meta name=\"twitter:data1\" content=\"1 minute\" \/>\n<script type=\"application\/ld+json\" class=\"yoast-schema-graph\">{\"@context\":\"https:\/\/schema.org\",\"@graph\":[{\"@type\":\"WebPage\",\"@id\":\"https:\/\/schoenborner.com\/unternehmensbroschure\/\",\"url\":\"https:\/\/schoenborner.com\/unternehmensbroschure\/\",\"name\":\"[:de]Unternehmens\u00adbrosch\u00fcre [:en]Company brochure[:] - Sch\u00f6nborner Armaturen GmbH\",\"isPartOf\":{\"@id\":\"https:\/\/schoenborner.com\/#website\"},\"datePublished\":\"2023-01-25T09:11:13+00:00\",\"dateModified\":\"2023-03-01T12:13:59+00:00\",\"description\":\"Die Unternehmensbrosch\u00fcre macht Sie mit dem Unternehmen Sch\u00f6nborner Armaturen GmbH bekannt. Die Entwicklung, die Gewerke, die Fertigung.\",\"breadcrumb\":{\"@id\":\"https:\/\/schoenborner.com\/unternehmensbroschure\/#breadcrumb\"},\"inLanguage\":\"en-US\",\"potentialAction\":[{\"@type\":\"ReadAction\",\"target\":[\"https:\/\/schoenborner.com\/unternehmensbroschure\/\"]}]},{\"@type\":\"BreadcrumbList\",\"@id\":\"https:\/\/schoenborner.com\/unternehmensbroschure\/#breadcrumb\",\"itemListElement\":[{\"@type\":\"ListItem\",\"position\":1,\"name\":\"Startseite\",\"item\":\"https:\/\/schoenborner.com\/\"},{\"@type\":\"ListItem\",\"position\":2,\"name\":\"Unternehmens\u00adbrosch\u00fcre\"}]},{\"@type\":\"WebSite\",\"@id\":\"https:\/\/schoenborner.com\/#website\",\"url\":\"https:\/\/schoenborner.com\/\",\"name\":\"Sch\u00f6nborner Armaturen GmbH\",\"description\":\"Hersteller von Armaturenzubeh\u00f6r f\u00fcr die kommunale Gas-, Wasser- und Abwasserwirtschaft.\",\"potentialAction\":[{\"@type\":\"SearchAction\",\"target\":{\"@type\":\"EntryPoint\",\"urlTemplate\":\"https:\/\/schoenborner.com\/?s={search_term_string}\"},\"query-input\":\"required name=search_term_string\"}],\"inLanguage\":\"en-US\"}]}<\/script>\n<!-- \/ Yoast SEO plugin. -->","yoast_head_json":{"title":"[:de]Unternehmens\u00adbrosch\u00fcre [:en]Company brochure[:] - Sch\u00f6nborner Armaturen GmbH","description":"Die Unternehmensbrosch\u00fcre macht Sie mit dem Unternehmen Sch\u00f6nborner Armaturen GmbH bekannt. Die Entwicklung, die Gewerke, die Fertigung.","robots":{"index":"index","follow":"follow","max-snippet":"max-snippet:-1","max-image-preview":"max-image-preview:large","max-video-preview":"max-video-preview:-1"},"canonical":"https:\/\/schoenborner.com\/unternehmensbroschure\/","og_locale":"en_US","og_type":"article","og_title":"[:de]Unternehmens\u00adbrosch\u00fcre [:en]Company brochure[:] - Sch\u00f6nborner Armaturen GmbH","og_description":"Die Unternehmensbrosch\u00fcre macht Sie mit dem Unternehmen Sch\u00f6nborner Armaturen GmbH bekannt. Die Entwicklung, die Gewerke, die Fertigung.","og_url":"https:\/\/schoenborner.com\/unternehmensbroschure\/","og_site_name":"Sch\u00f6nborner Armaturen GmbH","article_modified_time":"2023-03-01T12:13:59+00:00","twitter_card":"summary_large_image","twitter_misc":{"Est. reading time":"1 minute"},"schema":{"@context":"https:\/\/schema.org","@graph":[{"@type":"WebPage","@id":"https:\/\/schoenborner.com\/unternehmensbroschure\/","url":"https:\/\/schoenborner.com\/unternehmensbroschure\/","name":"[:de]Unternehmens\u00adbrosch\u00fcre [:en]Company brochure[:] - Sch\u00f6nborner Armaturen GmbH","isPartOf":{"@id":"https:\/\/schoenborner.com\/#website"},"datePublished":"2023-01-25T09:11:13+00:00","dateModified":"2023-03-01T12:13:59+00:00","description":"Die Unternehmensbrosch\u00fcre macht Sie mit dem Unternehmen Sch\u00f6nborner Armaturen GmbH bekannt. Die Entwicklung, die Gewerke, die Fertigung.","breadcrumb":{"@id":"https:\/\/schoenborner.com\/unternehmensbroschure\/#breadcrumb"},"inLanguage":"en-US","potentialAction":[{"@type":"ReadAction","target":["https:\/\/schoenborner.com\/unternehmensbroschure\/"]}]},{"@type":"BreadcrumbList","@id":"https:\/\/schoenborner.com\/unternehmensbroschure\/#breadcrumb","itemListElement":[{"@type":"ListItem","position":1,"name":"Startseite","item":"https:\/\/schoenborner.com\/"},{"@type":"ListItem","position":2,"name":"Unternehmens\u00adbrosch\u00fcre"}]},{"@type":"WebSite","@id":"https:\/\/schoenborner.com\/#website","url":"https:\/\/schoenborner.com\/","name":"Sch\u00f6nborner Armaturen GmbH","description":"Hersteller von Armaturenzubeh\u00f6r f\u00fcr die kommunale Gas-, Wasser- und Abwasserwirtschaft.","potentialAction":[{"@type":"SearchAction","target":{"@type":"EntryPoint","urlTemplate":"https:\/\/schoenborner.com\/?s={search_term_string}"},"query-input":"required name=search_term_string"}],"inLanguage":"en-US"}]}},"_links":{"self":[{"href":"https:\/\/schoenborner.com\/en\/wp-json\/wp\/v2\/pages\/5640"}],"collection":[{"href":"https:\/\/schoenborner.com\/en\/wp-json\/wp\/v2\/pages"}],"about":[{"href":"https:\/\/schoenborner.com\/en\/wp-json\/wp\/v2\/types\/page"}],"author":[{"embeddable":true,"href":"https:\/\/schoenborner.com\/en\/wp-json\/wp\/v2\/users\/4"}],"replies":[{"embeddable":true,"href":"https:\/\/schoenborner.com\/en\/wp-json\/wp\/v2\/comments?post=5640"}],"version-history":[{"count":68,"href":"https:\/\/schoenborner.com\/en\/wp-json\/wp\/v2\/pages\/5640\/revisions"}],"predecessor-version":[{"id":6020,"href":"https:\/\/schoenborner.com\/en\/wp-json\/wp\/v2\/pages\/5640\/revisions\/6020"}],"wp:attachment":[{"href":"https:\/\/schoenborner.com\/en\/wp-json\/wp\/v2\/media?parent=5640"}],"curies":[{"name":"wp","href":"https:\/\/api.w.org\/{rel}","templated":true}]}}