{"id":6245,"date":"2023-03-13T13:07:07","date_gmt":"2023-03-13T12:07:07","guid":{"rendered":"https:\/\/schoenborner.com\/?page_id=6245"},"modified":"2023-03-13T16:22:10","modified_gmt":"2023-03-13T15:22:10","slug":"leistungen","status":"publish","type":"page","link":"https:\/\/schoenborner.com\/en\/leistungen\/","title":{"rendered":"Services"},"content":{"rendered":"<section class=\"wpb-content-wrapper\"><p>[vc_row][vc_column][vc_column_text][\/vc_column_text][\/vc_column][vc_column][vc_custom_heading text=&#8221;Services&#8221; font_container=&#8221;tag:h1|text_align:center&#8221; use_theme_fonts=&#8221;yes&#8221; css=&#8221;.vc_custom_1678716994925{margin-top: 0px !important;margin-right: 20px !important;margin-left: 20px !important;border-top-width: 10px !important;border-right-width: 10px !important;border-bottom-width: 0px !important;border-left-width: 10px !important;padding-top: 20px !important;padding-right: 10px !important;padding-bottom: 20px !important;padding-left: 10px !important;background-color: #cccccc !important;background-position: center !important;background-repeat: no-repeat !important;background-size: cover !important;border-radius: 10px !important;}&#8221;][vc_empty_space height=&#8221;50&#8243;][\/vc_column][\/vc_row][vc_row][vc_column width=&#8221;1\/3&#8243;][vc_custom_heading text=&#8221;Plastic working and processing&#8221; font_container=&#8221;tag:h3|text_align:center&#8221; use_theme_fonts=&#8221;yes&#8221; link=&#8221;url:https%3A%2F%2Fschoenborner.com%2Fkunststoffbe-und-verarbeitung_%2F|title:%5B%3Ade%5DSpritzguss%5B%3Aen%5DInjection%20Moulding%5B%3A%5D&#8221; css=&#8221;.vc_custom_1678717429989{margin-bottom: 40px !important;}&#8221;][vc_single_image image=&#8221;4842&#8243; img_size=&#8221;500&#215;500&#8243; onclick=&#8221;custom_link&#8221; link=&#8221;https:\/\/schoenborner.com\/kunststoffbe-und-verarbeitung_\/&#8221; css=&#8221;.vc_custom_1678717437511{margin-top: 10px !important;margin-right: 10px !important;margin-left: 10px !important;border-top-width: 10px !important;border-right-width: 10px !important;border-bottom-width: 10px !important;border-left-width: 10px !important;border-left-color: #cccccc !important;border-left-style: solid !important;border-right-color: #cccccc !important;border-right-style: solid !important;border-top-color: #cccccc !important;border-top-style: solid !important;border-bottom-color: #cccccc !important;border-bottom-style: solid !important;border-radius: 10px !important;}&#8221;][\/vc_column][vc_column width=&#8221;1\/3&#8243;][vc_custom_heading text=&#8221;CNC machining and processing&#8221; font_container=&#8221;tag:h3|text_align:center&#8221; use_theme_fonts=&#8221;yes&#8221; link=&#8221;url:https%3A%2F%2Fschoenborner.com%2Fcnc-be-und-verarbeitung%2F&#8221; css=&#8221;.vc_custom_1678717444773{margin-bottom: 40px !important;}&#8221;][vc_single_image image=&#8221;1413&#8243; img_size=&#8221;500&#215;500&#8243; style=&#8221;vc_box_rounded&#8221; onclick=&#8221;custom_link&#8221; link=&#8221;https:\/\/schoenborner.com\/additive-fertigung&#8221; css=&#8221;.vc_custom_1678717451655{margin-top: 10px !important;margin-right: 10px !important;margin-left: 10px !important;border-top-width: 10px !important;border-right-width: 10px !important;border-bottom-width: 10px !important;border-left-width: 10px !important;padding-top: 10px !important;padding-right: 10px !important;padding-bottom: 10px !important;padding-left: 10px !important;border-left-color: #cccccc !important;border-left-style: solid !important;border-right-color: #cccccc !important;border-right-style: solid !important;border-top-color: #cccccc !important;border-top-style: solid !important;border-bottom-color: #cccccc !important;border-bottom-style: solid !important;border-radius: 10px !important;}&#8221;][\/vc_column][vc_column width=&#8221;1\/3&#8243;][vc_custom_heading text=&#8221;Engineering services&#8221; font_container=&#8221;tag:h3|text_align:center&#8221; use_theme_fonts=&#8221;yes&#8221; css=&#8221;.vc_custom_1678720926172{margin-bottom: 40px !important;}&#8221;][vc_single_image image=&#8221;6260&#8243; img_size=&#8221;1000&#215;1000&#8243; alignment=&#8221;center&#8221; style=&#8221;vc_box_rounded&#8221; onclick=&#8221;custom_link&#8221; css=&#8221;.vc_custom_1678717468325{margin-top: 10px !important;margin-right: 10px !important;margin-left: 10px !important;border-top-width: 10px !important;border-right-width: 10px !important;border-bottom-width: 10px !important;border-left-width: 10px !important;padding-top: 10px !important;padding-right: 10px !important;padding-bottom: 10px !important;padding-left: 10px !important;background-color: #ffffff !important;border-left-color: #cccccc !important;border-left-style: solid !important;border-right-color: #cccccc !important;border-right-style: solid !important;border-top-color: #cccccc !important;border-top-style: solid !important;border-bottom-color: #cccccc !important;border-bottom-style: solid !important;border-radius: 10px !important;}&#8221;][\/vc_column][\/vc_row][vc_column][\/vc_column][vc_column_text][\/vc_column_text]<\/p>\n<\/section>","protected":false},"excerpt":{"rendered":"<p>[vc_row][vc_column][vc_column_text][\/vc_column_text][\/vc_column][vc_column][vc_custom_heading text=&#8221;Services&#8221; font_container=&#8221;tag:h1|text_align:center&#8221; use_theme_fonts=&#8221;yes&#8221; css=&#8221;.vc_custom_1678716994925{margin-top: 0px !important;margin-right: 20px !important;margin-left: 20px !important;border-top-width: 10px !important;border-right-width: 10px !important;border-bottom-width: 0px !important;border-left-width: 10px !important;padding-top: 20px !important;padding-right: 10px !important;padding-bottom: 20px !important;padding-left: 10px !important;background-color: #cccccc !important;background-position: center&#8230;<\/p>\n","protected":false},"author":4,"featured_media":0,"parent":0,"menu_order":0,"comment_status":"closed","ping_status":"closed","template":"","meta":{"_themeisle_gutenberg_block_has_review":false},"yoast_head":"<!-- This site is optimized with the Yoast SEO plugin v21.0 - https:\/\/yoast.com\/wordpress\/plugins\/seo\/ -->\n<title>Services - Sch\u00f6nborner Armaturen GmbH<\/title>\n<meta name=\"robots\" content=\"index, follow, max-snippet:-1, max-image-preview:large, max-video-preview:-1\" \/>\n<link rel=\"canonical\" href=\"https:\/\/schoenborner.com\/leistungen\/\" \/>\n<meta property=\"og:locale\" content=\"en_US\" \/>\n<meta property=\"og:type\" content=\"article\" \/>\n<meta property=\"og:title\" content=\"[:de]Leistungen[:en]Services[:] - Sch\u00f6nborner Armaturen GmbH\" \/>\n<meta property=\"og:description\" content=\"[vc_row][vc_column][vc_column_text][\/vc_column_text][\/vc_column][vc_column][vc_custom_heading text=&#8221;Services&#8221; font_container=&#8221;tag:h1|text_align:center&#8221; use_theme_fonts=&#8221;yes&#8221; css=&#8221;.vc_custom_1678716994925{margin-top: 0px !important;margin-right: 20px !important;margin-left: 20px !important;border-top-width: 10px !important;border-right-width: 10px !important;border-bottom-width: 0px !important;border-left-width: 10px !important;padding-top: 20px !important;padding-right: 10px !important;padding-bottom: 20px !important;padding-left: 10px !important;background-color: #cccccc !important;background-position: center...\" \/>\n<meta property=\"og:url\" content=\"https:\/\/schoenborner.com\/leistungen\/\" \/>\n<meta property=\"og:site_name\" content=\"Sch\u00f6nborner Armaturen GmbH\" \/>\n<meta property=\"article:modified_time\" content=\"2023-03-13T15:22:10+00:00\" \/>\n<meta name=\"twitter:card\" content=\"summary_large_image\" \/>\n<meta name=\"twitter:label1\" content=\"Est. reading time\" \/>\n\t<meta name=\"twitter:data1\" content=\"3 minutes\" \/>\n<script type=\"application\/ld+json\" class=\"yoast-schema-graph\">{\"@context\":\"https:\/\/schema.org\",\"@graph\":[{\"@type\":\"WebPage\",\"@id\":\"https:\/\/schoenborner.com\/leistungen\/\",\"url\":\"https:\/\/schoenborner.com\/leistungen\/\",\"name\":\"[:de]Leistungen[:en]Services[:] - Sch\u00f6nborner Armaturen GmbH\",\"isPartOf\":{\"@id\":\"https:\/\/schoenborner.com\/#website\"},\"datePublished\":\"2023-03-13T12:07:07+00:00\",\"dateModified\":\"2023-03-13T15:22:10+00:00\",\"breadcrumb\":{\"@id\":\"https:\/\/schoenborner.com\/leistungen\/#breadcrumb\"},\"inLanguage\":\"en-US\",\"potentialAction\":[{\"@type\":\"ReadAction\",\"target\":[\"https:\/\/schoenborner.com\/leistungen\/\"]}]},{\"@type\":\"BreadcrumbList\",\"@id\":\"https:\/\/schoenborner.com\/leistungen\/#breadcrumb\",\"itemListElement\":[{\"@type\":\"ListItem\",\"position\":1,\"name\":\"Startseite\",\"item\":\"https:\/\/schoenborner.com\/\"},{\"@type\":\"ListItem\",\"position\":2,\"name\":\"Leistungen\"}]},{\"@type\":\"WebSite\",\"@id\":\"https:\/\/schoenborner.com\/#website\",\"url\":\"https:\/\/schoenborner.com\/\",\"name\":\"Sch\u00f6nborner Armaturen GmbH\",\"description\":\"Hersteller von Armaturenzubeh\u00f6r f\u00fcr die kommunale Gas-, Wasser- und Abwasserwirtschaft.\",\"potentialAction\":[{\"@type\":\"SearchAction\",\"target\":{\"@type\":\"EntryPoint\",\"urlTemplate\":\"https:\/\/schoenborner.com\/?s={search_term_string}\"},\"query-input\":\"required name=search_term_string\"}],\"inLanguage\":\"en-US\"}]}<\/script>\n<!-- \/ Yoast SEO plugin. -->","yoast_head_json":{"title":"[:de]Leistungen[:en]Services[:] - Sch\u00f6nborner Armaturen GmbH","robots":{"index":"index","follow":"follow","max-snippet":"max-snippet:-1","max-image-preview":"max-image-preview:large","max-video-preview":"max-video-preview:-1"},"canonical":"https:\/\/schoenborner.com\/leistungen\/","og_locale":"en_US","og_type":"article","og_title":"[:de]Leistungen[:en]Services[:] - Sch\u00f6nborner Armaturen GmbH","og_description":"[vc_row][vc_column][vc_column_text][\/vc_column_text][\/vc_column][vc_column][vc_custom_heading text=&#8221;Services&#8221; font_container=&#8221;tag:h1|text_align:center&#8221; use_theme_fonts=&#8221;yes&#8221; css=&#8221;.vc_custom_1678716994925{margin-top: 0px !important;margin-right: 20px !important;margin-left: 20px !important;border-top-width: 10px !important;border-right-width: 10px !important;border-bottom-width: 0px !important;border-left-width: 10px !important;padding-top: 20px !important;padding-right: 10px !important;padding-bottom: 20px !important;padding-left: 10px !important;background-color: #cccccc !important;background-position: center...","og_url":"https:\/\/schoenborner.com\/leistungen\/","og_site_name":"Sch\u00f6nborner Armaturen GmbH","article_modified_time":"2023-03-13T15:22:10+00:00","twitter_card":"summary_large_image","twitter_misc":{"Est. reading time":"3 minutes"},"schema":{"@context":"https:\/\/schema.org","@graph":[{"@type":"WebPage","@id":"https:\/\/schoenborner.com\/leistungen\/","url":"https:\/\/schoenborner.com\/leistungen\/","name":"[:de]Leistungen[:en]Services[:] - Sch\u00f6nborner Armaturen GmbH","isPartOf":{"@id":"https:\/\/schoenborner.com\/#website"},"datePublished":"2023-03-13T12:07:07+00:00","dateModified":"2023-03-13T15:22:10+00:00","breadcrumb":{"@id":"https:\/\/schoenborner.com\/leistungen\/#breadcrumb"},"inLanguage":"en-US","potentialAction":[{"@type":"ReadAction","target":["https:\/\/schoenborner.com\/leistungen\/"]}]},{"@type":"BreadcrumbList","@id":"https:\/\/schoenborner.com\/leistungen\/#breadcrumb","itemListElement":[{"@type":"ListItem","position":1,"name":"Startseite","item":"https:\/\/schoenborner.com\/"},{"@type":"ListItem","position":2,"name":"Leistungen"}]},{"@type":"WebSite","@id":"https:\/\/schoenborner.com\/#website","url":"https:\/\/schoenborner.com\/","name":"Sch\u00f6nborner Armaturen GmbH","description":"Hersteller von Armaturenzubeh\u00f6r f\u00fcr die kommunale Gas-, Wasser- und Abwasserwirtschaft.","potentialAction":[{"@type":"SearchAction","target":{"@type":"EntryPoint","urlTemplate":"https:\/\/schoenborner.com\/?s={search_term_string}"},"query-input":"required name=search_term_string"}],"inLanguage":"en-US"}]}},"_links":{"self":[{"href":"https:\/\/schoenborner.com\/en\/wp-json\/wp\/v2\/pages\/6245"}],"collection":[{"href":"https:\/\/schoenborner.com\/en\/wp-json\/wp\/v2\/pages"}],"about":[{"href":"https:\/\/schoenborner.com\/en\/wp-json\/wp\/v2\/types\/page"}],"author":[{"embeddable":true,"href":"https:\/\/schoenborner.com\/en\/wp-json\/wp\/v2\/users\/4"}],"replies":[{"embeddable":true,"href":"https:\/\/schoenborner.com\/en\/wp-json\/wp\/v2\/comments?post=6245"}],"version-history":[{"count":32,"href":"https:\/\/schoenborner.com\/en\/wp-json\/wp\/v2\/pages\/6245\/revisions"}],"predecessor-version":[{"id":6315,"href":"https:\/\/schoenborner.com\/en\/wp-json\/wp\/v2\/pages\/6245\/revisions\/6315"}],"wp:attachment":[{"href":"https:\/\/schoenborner.com\/en\/wp-json\/wp\/v2\/media?parent=6245"}],"curies":[{"name":"wp","href":"https:\/\/api.w.org\/{rel}","templated":true}]}}