{"id":636,"date":"2020-10-30T07:52:39","date_gmt":"2020-10-30T06:52:39","guid":{"rendered":"https:\/\/schoenborner.com\/Websiteab2020\/?page_id=636"},"modified":"2025-02-13T09:50:45","modified_gmt":"2025-02-13T08:50:45","slug":"konfigurator","status":"publish","type":"page","link":"https:\/\/schoenborner.com\/en\/konfigurator\/","title":{"rendered":"configurators"},"content":{"rendered":"<section class=\"wpb-content-wrapper\"><p>[vc_row][vc_column][vc_column_text][\/vc_column_text][\/vc_column][\/vc_row][vc_row][vc_column][vc_single_image image=&#8221;645&#8243; img_size=&#8221;full&#8221;][vc_column_text]Sie wollen kein Produkt nach Standardvorgaben, sondern eine individuell an Ihre Bed\u00fcrfnisse angepasste und somit personalisierte Produktl\u00f6sung? Dann profitieren Sie von unserem Know-how und testen Sie unseren Konfigurator f\u00fcr Schachtgest\u00e4nge, Einbaugarnituren und Rohrdeckung. Sie werden sehen, einfacher k\u00f6nnen Sie nicht zu Ihrer perfekten L\u00f6sung gelangen.<\/p>\n<p>Ab sofort stellen wir Ihnen als Planer, Ingenieur o.\u00c4. unseren Konfigurator f\u00fcr die Erarbeitung von L\u00f6sungen im Armaturenbereich zur Seite.[\/vc_column_text][\/vc_column][\/vc_row][vc_row][vc_column][vc_empty_space height=&#8221;20px&#8221;][vc_column_text]<\/p>\n<h1 id=\"Fraesen\"><span style=\"color: #737373;\">IHRE VORTEILE<br \/>\n<\/span><\/h1>\n<p>[\/vc_column_text][\/vc_column][\/vc_row][vc_row][vc_column width=&#8221;1\/3&#8243; css=&#8221;.vc_custom_1608103229387{margin-right: 10px !important;margin-bottom: 5px !important;margin-left: -5px !important;border-top-width: 2px !important;border-right-width: 5px !important;border-bottom-width: 3px !important;border-left-width: 5px !important;padding-top: 0px !important;padding-right: 2px !important;padding-bottom: 0px !important;padding-left: 2px !important;background-color: #ffffff !important;border-left-color: #c1c1c1 !important;border-left-style: solid !important;border-right-color: #c1c1c1 !important;border-right-style: solid !important;border-top-color: #c1c1c1 !important;border-top-style: solid !important;border-bottom-color: #c1c1c1 !important;border-bottom-style: solid !important;border-radius: 35px !important;}&#8221;][vc_single_image image=&#8221;651&#8243; alignment=&#8221;center&#8221; css=&#8221;.vc_custom_1604043209364{margin-top: 13px !important;}&#8221;][vc_column_text css=&#8221;.vc_custom_1608558053009{margin-right: 5px !important;margin-bottom: 10px !important;margin-left: 5px !important;border-bottom-width: 3px !important;padding-right: 0px !important;padding-bottom: 10px !important;padding-left: 5px !important;background-color: #ffffff !important;border-radius: 5px !important;}&#8221;]<\/p>\n<p style=\"text-align: center;\"><strong><span style=\"color: #029f9e;\">Personalisierte Produktl\u00f6sung<\/span><\/strong><\/p>\n<p style=\"text-align: justify;\">Der Konfigurator bietet Ihnen eine personalisiert auf Ihre Aufgabenstellung zugeschnittene L\u00f6sung an. Sie erstellen Ihr eigenes Produkt und w\u00e4hlen nicht aus einer eingeschr\u00e4nkten Produktauflistung aus. Dabei sind sogar Sonderl\u00e4ngen und spezifische Beschichtungen m\u00f6glich.<\/p>\n<p>[\/vc_column_text][\/vc_column][vc_column width=&#8221;1\/3&#8243; css=&#8221;.vc_custom_1608558106223{margin-right: 10px !important;margin-bottom: 20px !important;border-top-width: 2px !important;border-right-width: 5px !important;border-bottom-width: 2px !important;border-left-width: 5px !important;padding-top: 2px !important;padding-right: 2px !important;padding-bottom: 0px !important;padding-left: 2px !important;background-color: #ffffff !important;border-left-color: #c1c1c1 !important;border-left-style: solid !important;border-right-color: #c1c1c1 !important;border-right-style: solid !important;border-top-color: #c1c1c1 !important;border-top-style: solid !important;border-bottom-color: #c1c1c1 !important;border-bottom-style: solid !important;border-radius: 35px !important;}&#8221;][vc_single_image image=&#8221;655&#8243; alignment=&#8221;center&#8221; css=&#8221;.vc_custom_1604042708724{margin-top: 10px !important;}&#8221;][vc_column_text css=&#8221;.vc_custom_1608558186830{margin-bottom: 55px !important;padding-right: 5px !important;padding-left: 5px !important;}&#8221;]<\/p>\n<p style=\"text-align: center;\"><span style=\"color: #029f9e;\"><strong>Flexibler Konfigurationsprozess<\/strong><\/span><\/p>\n<p style=\"text-align: justify;\">Bei jeder Informationseingabe pr\u00fcft der intelligente Konfigurator die Parameter auf ihre realistische Umsetzbarkeit und schl\u00e4gt Ihnen daraufhin passende Produktfeatures vor. Der Konfigurator steht dem Nutzer somit als hilfreicher Assistent mit ausgepr\u00e4gtem Expertenwissen zur Seite.<\/p>\n<p>[\/vc_column_text][\/vc_column][vc_column width=&#8221;1\/3&#8243; css=&#8221;.vc_custom_1608103195979{margin-left: 5px !important;border-top-width: 2px !important;border-right-width: 5px !important;border-bottom-width: 3px !important;border-left-width: 5px !important;padding-top: 2px !important;padding-right: 2px !important;padding-left: 2px !important;background-color: #ffffff !important;border-left-color: #c1c1c1 !important;border-left-style: solid !important;border-right-color: #c1c1c1 !important;border-right-style: solid !important;border-top-color: #c1c1c1 !important;border-top-style: solid !important;border-bottom-color: #c1c1c1 !important;border-bottom-style: solid !important;border-radius: 35px !important;}&#8221;][vc_single_image image=&#8221;654&#8243; alignment=&#8221;center&#8221; css=&#8221;.vc_custom_1604042717065{margin-top: 10px !important;}&#8221;][vc_column_text css=&#8221;.vc_custom_1608558269091{margin-bottom: 88px !important;padding-right: 5px !important;padding-left: 5px !important;}&#8221;]<\/p>\n<p style=\"text-align: center;\"><span style=\"color: #029f9e;\"><strong>Dynamische 3D-Visualisierung<\/strong><\/span><\/p>\n<p style=\"text-align: justify;\">W\u00e4hrend der Konfiguration veranschaulicht eine wachsende 3D-Visualisierung den Entstehungsprozess Ihrer personalisierten Produktl\u00f6sung. Sie passt sich dabei flexibel den angegebenen Parametern an und das in Echtzeit.<\/p>\n<p>[\/vc_column_text][\/vc_column][\/vc_row][vc_row css=&#8221;.vc_custom_1608103516336{margin-top: 10px !important;margin-bottom: 10px !important;}&#8221;][vc_column width=&#8221;1\/2&#8243; css=&#8221;.vc_custom_1608103608599{margin-top: 10px !important;margin-right: 30px !important;margin-bottom: 5px !important;margin-left: -5px !important;border-top-width: 2px !important;border-right-width: 5px !important;border-bottom-width: 3px !important;border-left-width: 5px !important;padding-top: 2px !important;padding-right: 2px !important;padding-bottom: 0px !important;padding-left: 2px !important;border-left-color: #c1c1c1 !important;border-left-style: solid !important;border-right-color: #c1c1c1 !important;border-right-style: solid !important;border-top-color: #c1c1c1 !important;border-top-style: solid !important;border-bottom-color: #c1c1c1 !important;border-bottom-style: solid !important;border-radius: 35px !important;}&#8221;][vc_single_image image=&#8221;653&#8243; alignment=&#8221;center&#8221; css=&#8221;.vc_custom_1604043884035{margin-top: 10px !important;margin-bottom: 28px !important;}&#8221;][vc_column_text css=&#8221;.vc_custom_1608104268305{margin-top: -20px !important;margin-bottom: 10px !important;padding-right: 5px !important;padding-bottom: -10px !important;padding-left: 5px !important;}&#8221;]<\/p>\n<p style=\"text-align: center;\"><span style=\"color: #029f9e;\"><strong>Genormt nach DIN und ISO<\/strong><\/span><\/p>\n<p style=\"text-align: justify;\">Im Konfigurator ist in Normen gefasstes Wissen integriert, sodass Ihr Pr\u00fcfaufwand f\u00fcr Planung, Konzeption, Konstruktion etc. auf ein Minimum reduziert wird. Der Konfigurator bietet Ihnen nur tats\u00e4chlich realisierbare Produktfeatures an und weist Sie auf Unstimmigkeiten hin.<\/p>\n<p>[\/vc_column_text][\/vc_column][vc_column width=&#8221;1\/2&#8243; css=&#8221;.vc_custom_1604043942091{margin-top: 10px !important;margin-right: 30px !important;margin-left: 2px !important;border-top-width: 2px !important;border-right-width: 5px !important;border-bottom-width: 2px !important;border-left-width: 5px !important;padding-top: 2px !important;padding-right: 2px !important;padding-left: 2px !important;border-left-color: #c1c1c1 !important;border-left-style: solid !important;border-right-color: #c1c1c1 !important;border-right-style: solid !important;border-top-color: #c1c1c1 !important;border-top-style: solid !important;border-bottom-color: #c1c1c1 !important;border-bottom-style: solid !important;border-radius: 35px !important;}&#8221;][vc_single_image image=&#8221;652&#8243; alignment=&#8221;center&#8221; css=&#8221;.vc_custom_1604043530922{margin-top: 10px !important;}&#8221;][vc_column_text css=&#8221;.vc_custom_1608558306584{margin-top: -20px !important;margin-bottom: 45px !important;padding-right: 5px !important;padding-left: 5px !important;}&#8221;]<\/p>\n<p style=\"text-align: center;\"><strong><span style=\"color: #029f9e;\">Schritt-f\u00fcr-Schritt-Anleitung<\/span> <\/strong><\/p>\n<p style=\"text-align: justify;\">Um den Prozess der Konfiguration zu unterst\u00fctzen, stehen Ihnen Produktvideos zur Verf\u00fcgung, die die einzelnen Schritte w\u00e4hrend der Konfiguration nachvollziehbar und verst\u00e4ndlich erl\u00e4utern.<\/p>\n<p>[\/vc_column_text][\/vc_column][\/vc_row][vc_row][vc_column width=&#8221;1\/2&#8243; css=&#8221;.vc_custom_1604044906706{margin-top: 0px !important;}&#8221;][vc_video link=&#8221;https:\/\/www.youtube.com\/watch?v=eNGA10wuQ4o&#8221;][\/vc_column][vc_column width=&#8221;1\/2&#8243; css=&#8221;.vc_custom_1604044891282{margin-top: 0px !important;}&#8221;][vc_video link=&#8221;https:\/\/www.youtube.com\/watch?v=Oa8il-Y-IS8&#8243;][\/vc_column][\/vc_row][vc_row][vc_column][vc_column_text]<\/p>\n<h2><span style=\"color: #024f9e;\">Und so gehen sie vor:<\/span><\/h2>\n<p>[\/vc_column_text][vc_column_text]<\/p>\n<div class=\"wpb_text_column wpb_content_element \">\n<div class=\"wpb_wrapper\">\n<ol>\n<li>Beschreiben Sie Ihre zu l\u00f6sende Situation.<\/li>\n<li>Schauen Sie zu, wie der Konfigurator w\u00e4hrenddessen seine Berechnungen durchf\u00fchrt und verschiedene Produktfeatures kombiniert. Anhand der eingegebenen Informationen erstellt er einen personalisierten, aber auch tats\u00e4chlich realisierbaren L\u00f6sungsvorschlag.<\/li>\n<li>Betrachten Sie Ihr Ergebnis in einer innovativen 3D-Visualisierung. Bei \u00c4nderungen passt der Konfi gurator die Produktl\u00f6sung entsprechend Ihrer eingegebenen Parameter einfach an.<\/li>\n<li>Senden Sie Ihr konfi guriertes Ergebnis an uns.<\/li>\n<li>Erhalten Sie ein attraktives Angebot f\u00fcr Ihr eigens zusammengestelltes Produkt.<\/li>\n<\/ol>\n<\/div>\n<\/div>\n<p>[\/vc_column_text][vc_separator border_width=&#8221;4&#8243;][\/vc_column][\/vc_row][vc_row][vc_column][vc_column_text]<strong>Klicken sie folgende Button um auf die Seite zu gelangen:<\/strong>[\/vc_column_text][\/vc_column][\/vc_row][vc_row][vc_column width=&#8221;1\/3&#8243;][vc_btn title=&#8221;Konfigurator Schachtgest\u00e4nge&#8221; color=&#8221;inverse&#8221; align=&#8221;center&#8221; button_block=&#8221;true&#8221; link=&#8221;url:https%3A%2F%2Fschoenborner.com%2Fschachtgestaenge%2F|target:_blank&#8221;][\/vc_column][vc_column width=&#8221;1\/3&#8243;][vc_btn title=&#8221;Konfigurator Rohrdeckung&#8221; color=&#8221;inverse&#8221; align=&#8221;center&#8221; button_block=&#8221;true&#8221; link=&#8221;url:https%3A%2F%2Fschoenborner.com%2Frohrdeckung%2F|target:_blank&#8221;][\/vc_column][vc_column width=&#8221;1\/3&#8243;][vc_btn title=&#8221;Konfigurator Einbaugarnituren&#8221; color=&#8221;inverse&#8221; align=&#8221;center&#8221; button_block=&#8221;true&#8221; link=&#8221;url:%20https%3A%2F%2Fschoenborner.com%2Feinbaugarnituren_konfigurator%2F|target:_blank&#8221;][\/vc_column][\/vc_row][vc_row][vc_column][vc_column_text]<\/p>\n<div class=\"vc_row wpb_row vc_row-fluid vc_custom_1532677329115\">\n<div class=\"wpb_column vc_column_container vc_col-sm-12\">\n<div class=\"vc_column-inner\">\n<div class=\"wpb_wrapper\">\n<div class=\"wpb_text_column wpb_content_element \">\n<div class=\"wpb_wrapper\">\n<p>Haben wir Ihr Interesse geweckt?<\/p>\n<p>Dann versuchen Sie es doch einfach selbst und konfigurieren Sie Ihre eigene Produktl\u00f6sung!<\/p>\n<\/div>\n<\/div>\n<\/div>\n<\/div>\n<\/div>\n<\/div>\n<div class=\"vc_row wpb_row vc_row-fluid vc_custom_1532676646842\">\n<div class=\"wpb_column vc_column_container vc_col-sm-12\">\n<div class=\"vc_column-inner\">\n<div class=\"wpb_wrapper\">\n<div class=\"wpb_text_column wpb_content_element \">\n<div class=\"wpb_wrapper\">\n<p>Bei Fragen oder f\u00fcr zus\u00e4tzliche Informationen wenden Sie sich bitte an den unten genannten Ansprechpartner.<br \/>\nAuch bei W\u00fcnschen bez\u00fcglich einer Schulung zu den Themen Konfigurator oder Konfiguration stehen wir Ihnen gern beratend zur Seite.<\/p>\n<\/div>\n<\/div>\n<\/div>\n<\/div>\n<\/div>\n<\/div>\n<div class=\"vc_row wpb_row vc_row-fluid vc_custom_1532676646842\">\n<div class=\"wpb_column vc_column_container vc_col-sm-12\">\n<div class=\"vc_column-inner\">\n<div class=\"wpb_wrapper\">\n<div class=\"wpb_text_column wpb_content_element \">\n<div class=\"wpb_wrapper\">\n<p><strong>\u00a0<\/strong><\/p>\n<\/div>\n<\/div>\n<\/div>\n<\/div>\n<\/div>\n<\/div>\n<p>[\/vc_column_text][\/vc_column][\/vc_row][vc_row css=&#8221;.vc_custom_1604051546020{padding-left: 10px !important;}&#8221;][vc_column][vc_btn title=&#8221;\u00dcbersicht Konfigurator PDF Download&#8221; style=&#8221;classic&#8221; color=&#8221;inverse&#8221; size=&#8221;sm&#8221; align=&#8221;left&#8221; i_icon_fontawesome=&#8221;far fa-file-pdf&#8221; css_animation=&#8221;zoomIn&#8221; add_icon=&#8221;true&#8221; link=&#8221;url:https%3A%2F%2Fschoenborner.com%2Fwp-content%2Fuploads%2F2021%2F07%2FDownload_PDF_Konfigurator_07-2021.pdf|target:_blank&#8221;][\/vc_column][\/vc_row][vc_row][vc_column width=&#8221;1\/3&#8243; css=&#8221;.vc_custom_1604050076442{margin-top: 0px !important;margin-bottom: 5px !important;margin-left: 5px !important;border-top-width: 2px !important;border-right-width: 7px !important;border-bottom-width: 2px !important;border-left-width: 7px !important;padding-top: 0px !important;padding-right: 0px !important;padding-bottom: 0px !important;padding-left: 0px !important;border-left-color: #00338d !important;border-left-style: solid !important;border-right-color: #00338d !important;border-right-style: solid !important;border-top-color: #00338d !important;border-top-style: solid !important;border-bottom-color: #00338d !important;border-bottom-style: solid !important;border-radius: 35px !important;}&#8221;][vc_column_text css=&#8221;.vc_custom_1637070213846{margin-top: 15px !important;margin-bottom: 10px !important;margin-left: 15px !important;}&#8221;]<\/p>\n<h3><span style=\"color: #737373;\"><strong>Ihre Kontaktperson:<\/strong><\/span><\/h3>\n<h4>Herr David Budschulowski<\/h4>\n<h4>E-Mail: Konfigurator@schoenborner.com<\/h4>\n<p>[\/vc_column_text][\/vc_column][\/vc_row][vc_row][vc_column][vc_column_text][\/vc_column_text][\/vc_column][\/vc_row][vc_row gap=&#8221;20&#8243; content_placement=&#8221;top&#8221; css=&#8221;.vc_custom_1637001044248{margin-bottom: -100px !important;padding-top: 10px !important;padding-right: 30px !important;padding-bottom: 10px !important;padding-left: 30px !important;background-color: #f2f2f2 !important;border-radius: 3px !important;}&#8221; el_class=&#8221;schatten&#8221;][vc_column width=&#8221;1\/5&#8243;][vc_icon icon_fontawesome=&#8221;far fa-envelope-open&#8221; color=&#8221;custom&#8221; size=&#8221;xl&#8221; align=&#8221;center&#8221; custom_color=&#8221;#9ea7d8&#8243; el_class=&#8221;icon&#8221;][\/vc_column][vc_column width=&#8221;2\/5&#8243;][vc_column_text el_class=&#8221;text&#8221;]<\/p>\n<h2><strong>Sch\u00f6nborner &#8211; Newsletter<\/strong><\/h2>\n<p>Immer gut informiert auf dem neuesten Stand: Erfahren Sie als erster von innovativen Produkten und exklusiven Aktionen. Melden Sie sich zu unserem Newsletter an![\/vc_column_text][\/vc_column][vc_column width=&#8221;2\/5&#8243;]\n<div class=\"wpcf7 no-js\" id=\"wpcf7-f3198-o1\" lang=\"de-DE\" dir=\"ltr\">\n<div class=\"screen-reader-response\"><p role=\"status\" aria-live=\"polite\" aria-atomic=\"true\"><\/p> <ul><\/ul><\/div>\n<form action=\"\/en\/wp-json\/wp\/v2\/pages\/636#wpcf7-f3198-o1\" method=\"post\" class=\"wpcf7-form init\" aria-label=\"Kontaktformular\" novalidate=\"novalidate\" data-status=\"init\">\n<div style=\"display: none;\">\n<input type=\"hidden\" name=\"_wpcf7\" value=\"3198\" \/>\n<input type=\"hidden\" name=\"_wpcf7_version\" value=\"5.7.4\" \/>\n<input type=\"hidden\" name=\"_wpcf7_locale\" value=\"de_DE\" \/>\n<input type=\"hidden\" name=\"_wpcf7_unit_tag\" value=\"wpcf7-f3198-o1\" \/>\n<input type=\"hidden\" name=\"_wpcf7_container_post\" value=\"0\" \/>\n<input type=\"hidden\" name=\"_wpcf7_posted_data_hash\" value=\"\" \/>\n<\/div>\n<p><label>E-Mail Adresse:<br \/>\n<span class=\"wpcf7-form-control-wrap\" data-name=\"your-email\"><input size=\"40\" class=\"wpcf7-form-control wpcf7-text wpcf7-email wpcf7-validates-as-required wpcf7-validates-as-email\" aria-required=\"true\" aria-invalid=\"false\" value=\"\" type=\"email\" name=\"your-email\" \/><\/span> <\/label>\n<\/p>\n<p><input class=\"wpcf7-form-control has-spinner wpcf7-submit\" id=\"button1\" type=\"submit\" value=\"Senden\" \/>\n<\/p><div class=\"wpcf7-response-output\" aria-hidden=\"true\"><\/div>\n<\/form>\n<\/div>\n[\/vc_column][\/vc_row]<\/p>\n<\/section>","protected":false},"excerpt":{"rendered":"<p>[vc_row][vc_column][vc_column_text][\/vc_column_text][\/vc_column][\/vc_row][vc_row][vc_column][vc_single_image image=&#8221;645&#8243; img_size=&#8221;full&#8221;][vc_column_text]Sie wollen kein Produkt nach Standardvorgaben, sondern eine individuell an Ihre Bed\u00fcrfnisse angepasste und somit personalisierte Produktl\u00f6sung? Dann profitieren Sie von unserem Know-how und testen Sie unseren Konfigurator&#8230;<\/p>\n","protected":false},"author":4,"featured_media":0,"parent":0,"menu_order":0,"comment_status":"closed","ping_status":"closed","template":"","meta":{"_themeisle_gutenberg_block_has_review":false},"yoast_head":"<!-- This site is optimized with the Yoast SEO plugin v21.0 - https:\/\/yoast.com\/wordpress\/plugins\/seo\/ -->\n<title>configurators - Sch\u00f6nborner Armaturen GmbH<\/title>\n<meta name=\"robots\" content=\"index, follow, max-snippet:-1, max-image-preview:large, max-video-preview:-1\" \/>\n<link rel=\"canonical\" href=\"https:\/\/schoenborner.com\/konfigurator\/\" \/>\n<meta property=\"og:locale\" content=\"en_US\" \/>\n<meta property=\"og:type\" content=\"article\" \/>\n<meta property=\"og:title\" content=\"[:de]Konfiguratoren[:en]configurators[:] - Sch\u00f6nborner Armaturen GmbH\" \/>\n<meta property=\"og:description\" content=\"[vc_row][vc_column][vc_column_text][\/vc_column_text][\/vc_column][\/vc_row][vc_row][vc_column][vc_single_image image=&#8221;645&#8243; img_size=&#8221;full&#8221;][vc_column_text]Sie wollen kein Produkt nach Standardvorgaben, sondern eine individuell an Ihre Bed\u00fcrfnisse angepasste und somit personalisierte Produktl\u00f6sung? Dann profitieren Sie von unserem Know-how und testen Sie unseren Konfigurator...\" \/>\n<meta property=\"og:url\" content=\"https:\/\/schoenborner.com\/konfigurator\/\" \/>\n<meta property=\"og:site_name\" content=\"Sch\u00f6nborner Armaturen GmbH\" \/>\n<meta property=\"article:modified_time\" content=\"2025-02-13T08:50:45+00:00\" \/>\n<meta name=\"twitter:card\" content=\"summary_large_image\" \/>\n<meta name=\"twitter:label1\" content=\"Est. reading time\" \/>\n\t<meta name=\"twitter:data1\" content=\"5 minutes\" \/>\n<script type=\"application\/ld+json\" class=\"yoast-schema-graph\">{\"@context\":\"https:\/\/schema.org\",\"@graph\":[{\"@type\":\"WebPage\",\"@id\":\"https:\/\/schoenborner.com\/konfigurator\/\",\"url\":\"https:\/\/schoenborner.com\/konfigurator\/\",\"name\":\"[:de]Konfiguratoren[:en]configurators[:] - Sch\u00f6nborner Armaturen GmbH\",\"isPartOf\":{\"@id\":\"https:\/\/schoenborner.com\/#website\"},\"datePublished\":\"2020-10-30T06:52:39+00:00\",\"dateModified\":\"2025-02-13T08:50:45+00:00\",\"breadcrumb\":{\"@id\":\"https:\/\/schoenborner.com\/konfigurator\/#breadcrumb\"},\"inLanguage\":\"en-US\",\"potentialAction\":[{\"@type\":\"ReadAction\",\"target\":[\"https:\/\/schoenborner.com\/konfigurator\/\"]}]},{\"@type\":\"BreadcrumbList\",\"@id\":\"https:\/\/schoenborner.com\/konfigurator\/#breadcrumb\",\"itemListElement\":[{\"@type\":\"ListItem\",\"position\":1,\"name\":\"Startseite\",\"item\":\"https:\/\/schoenborner.com\/\"},{\"@type\":\"ListItem\",\"position\":2,\"name\":\"Konfiguratoren\"}]},{\"@type\":\"WebSite\",\"@id\":\"https:\/\/schoenborner.com\/#website\",\"url\":\"https:\/\/schoenborner.com\/\",\"name\":\"Sch\u00f6nborner Armaturen GmbH\",\"description\":\"Hersteller von Armaturenzubeh\u00f6r f\u00fcr die kommunale Gas-, Wasser- und Abwasserwirtschaft.\",\"potentialAction\":[{\"@type\":\"SearchAction\",\"target\":{\"@type\":\"EntryPoint\",\"urlTemplate\":\"https:\/\/schoenborner.com\/?s={search_term_string}\"},\"query-input\":\"required name=search_term_string\"}],\"inLanguage\":\"en-US\"}]}<\/script>\n<!-- \/ Yoast SEO plugin. -->","yoast_head_json":{"title":"[:de]Konfiguratoren[:en]configurators[:] - Sch\u00f6nborner Armaturen GmbH","robots":{"index":"index","follow":"follow","max-snippet":"max-snippet:-1","max-image-preview":"max-image-preview:large","max-video-preview":"max-video-preview:-1"},"canonical":"https:\/\/schoenborner.com\/konfigurator\/","og_locale":"en_US","og_type":"article","og_title":"[:de]Konfiguratoren[:en]configurators[:] - Sch\u00f6nborner Armaturen GmbH","og_description":"[vc_row][vc_column][vc_column_text][\/vc_column_text][\/vc_column][\/vc_row][vc_row][vc_column][vc_single_image image=&#8221;645&#8243; img_size=&#8221;full&#8221;][vc_column_text]Sie wollen kein Produkt nach Standardvorgaben, sondern eine individuell an Ihre Bed\u00fcrfnisse angepasste und somit personalisierte Produktl\u00f6sung? Dann profitieren Sie von unserem Know-how und testen Sie unseren Konfigurator...","og_url":"https:\/\/schoenborner.com\/konfigurator\/","og_site_name":"Sch\u00f6nborner Armaturen GmbH","article_modified_time":"2025-02-13T08:50:45+00:00","twitter_card":"summary_large_image","twitter_misc":{"Est. reading time":"5 minutes"},"schema":{"@context":"https:\/\/schema.org","@graph":[{"@type":"WebPage","@id":"https:\/\/schoenborner.com\/konfigurator\/","url":"https:\/\/schoenborner.com\/konfigurator\/","name":"[:de]Konfiguratoren[:en]configurators[:] - Sch\u00f6nborner Armaturen GmbH","isPartOf":{"@id":"https:\/\/schoenborner.com\/#website"},"datePublished":"2020-10-30T06:52:39+00:00","dateModified":"2025-02-13T08:50:45+00:00","breadcrumb":{"@id":"https:\/\/schoenborner.com\/konfigurator\/#breadcrumb"},"inLanguage":"en-US","potentialAction":[{"@type":"ReadAction","target":["https:\/\/schoenborner.com\/konfigurator\/"]}]},{"@type":"BreadcrumbList","@id":"https:\/\/schoenborner.com\/konfigurator\/#breadcrumb","itemListElement":[{"@type":"ListItem","position":1,"name":"Startseite","item":"https:\/\/schoenborner.com\/"},{"@type":"ListItem","position":2,"name":"Konfiguratoren"}]},{"@type":"WebSite","@id":"https:\/\/schoenborner.com\/#website","url":"https:\/\/schoenborner.com\/","name":"Sch\u00f6nborner Armaturen GmbH","description":"Hersteller von Armaturenzubeh\u00f6r f\u00fcr die kommunale Gas-, Wasser- und Abwasserwirtschaft.","potentialAction":[{"@type":"SearchAction","target":{"@type":"EntryPoint","urlTemplate":"https:\/\/schoenborner.com\/?s={search_term_string}"},"query-input":"required name=search_term_string"}],"inLanguage":"en-US"}]}},"_links":{"self":[{"href":"https:\/\/schoenborner.com\/en\/wp-json\/wp\/v2\/pages\/636"}],"collection":[{"href":"https:\/\/schoenborner.com\/en\/wp-json\/wp\/v2\/pages"}],"about":[{"href":"https:\/\/schoenborner.com\/en\/wp-json\/wp\/v2\/types\/page"}],"author":[{"embeddable":true,"href":"https:\/\/schoenborner.com\/en\/wp-json\/wp\/v2\/users\/4"}],"replies":[{"embeddable":true,"href":"https:\/\/schoenborner.com\/en\/wp-json\/wp\/v2\/comments?post=636"}],"version-history":[{"count":81,"href":"https:\/\/schoenborner.com\/en\/wp-json\/wp\/v2\/pages\/636\/revisions"}],"predecessor-version":[{"id":8527,"href":"https:\/\/schoenborner.com\/en\/wp-json\/wp\/v2\/pages\/636\/revisions\/8527"}],"wp:attachment":[{"href":"https:\/\/schoenborner.com\/en\/wp-json\/wp\/v2\/media?parent=636"}],"curies":[{"name":"wp","href":"https:\/\/api.w.org\/{rel}","templated":true}]}}