{"id":6718,"date":"2023-04-27T09:42:48","date_gmt":"2023-04-27T07:42:48","guid":{"rendered":"https:\/\/schoenborner.com\/?page_id=6718"},"modified":"2025-05-06T11:35:25","modified_gmt":"2025-05-06T09:35:25","slug":"ausbildungsplaetze","status":"publish","type":"page","link":"https:\/\/schoenborner.com\/en\/ausbildungsplaetze\/","title":{"rendered":"Training places"},"content":{"rendered":"<section class=\"wpb-content-wrapper\"><p>[vc_row][vc_column][vc_column_text][\/vc_column_text][\/vc_column][\/vc_row][vc_row css=&#8221;.vc_custom_1686834449879{margin-right: 10px !important;margin-left: 10px !important;}&#8221;][vc_column][vc_custom_heading text=&#8221;Training places&#8221; font_container=&#8221;tag:h1|text_align:center&#8221; use_theme_fonts=&#8221;yes&#8221; css=&#8221;.vc_custom_1688556979083{margin-top: 0px !important;border-top-width: 10px !important;border-right-width: 10px !important;border-bottom-width: 0px !important;border-left-width: 10px !important;padding-top: 20px !important;padding-right: 10px !important;padding-bottom: 20px !important;padding-left: 10px !important;background-color: #cccccc !important;background-position: center !important;background-repeat: no-repeat !important;background-size: cover !important;border-radius: 10px !important;}&#8221;][vc_empty_space height=&#8221;60&#8243;][\/vc_column][\/vc_row][vc_row css=&#8221;.vc_custom_1686834420082{margin-right: 10px !important;margin-left: 10px !important;}&#8221;][vc_column][vc_custom_heading text=&#8221;Your start into a safe future!&#8221; font_container=&#8221;tag:h2|text_align:left|color:%23020202&#8243; use_theme_fonts=&#8221;yes&#8221; link=&#8221;url:https%3A%2F%2Fschoenborner.com%2Fteleskopierbare-einbaugarnituren_%2F&#8221;][vc_column_text]With us, you will receive qualified and future-proof training from specialist personnel who will help you reach your goal through commitment and knowledge.[\/vc_column_text][\/vc_column][\/vc_row][vc_row][vc_column][vc_empty_space height=&#8221;12&#8243;][\/vc_column][\/vc_row][vc_row css=&#8221;.vc_custom_1688039548341{margin-right: 10px !important;margin-left: 10px !important;}&#8221;][vc_column width=&#8221;1\/2&#8243;][vc_single_image image=&#8221;6857&#8243; img_size=&#8221;large&#8221; alignment=&#8221;center&#8221; style=&#8221;vc_box_rounded&#8221;][\/vc_column][vc_column width=&#8221;1\/2&#8243;][vc_column_text]Take a look at our training opportunities!<\/p>\n<p>&nbsp;<\/p>\n<ul>\n<li><a href=\"https:\/\/schoenborner.com\/wp-content\/uploads\/2022\/04\/Ausbildung_Zerspanungsmechaniker.pdf\">CNC cutting machine operator (m\/f\/d)<\/a><\/li>\n<li><a href=\"https:\/\/schoenborner.com\/wp-content\/uploads\/2022\/04\/Ausbildung_Industriemechaniker.pdf\">Industrial mechanic (m\/f\/d)<\/a><\/li>\n<li><a href=\"https:\/\/schoenborner.com\/wp-content\/uploads\/2022\/11\/Ausbildung_Maschinen-und-Anlagenfuehrer.pdf\">Machine and plant operator (m\/f\/d)<\/a><\/li>\n<li><a href=\"https:\/\/schoenborner.com\/wp-content\/uploads\/2023\/10\/Ausbildung_Kunststoff-und-Kautschuktechnologe.pdf\">Plastics and rubber technologist (m\/f\/d)<\/a><\/li>\n<li><a href=\"https:\/\/schoenborner.com\/wp-content\/uploads\/2025\/04\/Ausbildung_Industriekaufmann.pdf\">Industrial business management assistant<\/a><\/li>\n<\/ul>\n<p>&nbsp;<\/p>\n<p>Simply apply by e-mail at: karriere(at)schoenborner.com![\/vc_column_text][\/vc_column][\/vc_row][vc_row][vc_column][vc_empty_space height=&#8221;32&#8243;][\/vc_column][\/vc_row][vc_row css=&#8221;.vc_custom_1686834612668{margin-right: 10px !important;margin-left: 10px !important;}&#8221;][vc_column][vc_column_text]<\/p>\n<h2>Videos about the apprenticeship professions:<\/h2>\n<p>[\/vc_column_text][vc_empty_space height=&#8221;32&#8243;][\/vc_column][\/vc_row][vc_row css=&#8221;.vc_custom_1686834563652{margin-right: 10px !important;margin-left: 10px !important;}&#8221;][vc_column width=&#8221;1\/2&#8243;][vc_column_text]<strong>Electronics technician for automation technology (m\/w\/d)<\/strong>[\/vc_column_text][vc_video link=&#8221;https:\/\/www.youtube.com\/watch?v=Od8IWZc0LkI&#8221; css=&#8221;.vc_custom_1743511164188{border-radius: 10px !important;}&#8221;][vc_column_text]<strong>CNC cutting machine operator (m\/f\/d)<\/strong>[\/vc_column_text][vc_video link=&#8221;https:\/\/www.youtube.com\/watch?v=oebBZs-znDE&#8221; css=&#8221;.vc_custom_1728299090270{border-radius: 10px !important;}&#8221;][vc_column_text]<strong>Machine and system operator (m\/f\/d)<\/strong>[\/vc_column_text][vc_video link=&#8221;https:\/\/www.youtube.com\/watch?v=puSO02JNBF4&#8243;][\/vc_column][vc_column width=&#8221;1\/2&#8243;][vc_column_text]<strong>Industrial business management assistant (m\/f\/d)<\/strong>[\/vc_column_text][vc_video link=&#8221;https:\/\/www.youtube.com\/watch?v=t00ttcaESMk&#8221; css=&#8221;.vc_custom_1743511729893{border-radius: 10px !important;}&#8221;][vc_column_text]<strong>Industrial mechanic (m\/f\/d)<\/strong>[\/vc_column_text][vc_video link=&#8221;https:\/\/www.youtube.com\/embed\/EMXFiyabmng&#8221; css=&#8221;.vc_custom_1683809918284{border-radius: 10px !important;}&#8221;][vc_column_text]<strong>Plastics and rubber technologist(m\/f\/d)<\/strong>[\/vc_column_text][vc_video link=&#8221;https:\/\/www.youtube.com\/watch?v=Fhw-L_Zcek8&#8243; css=&#8221;.vc_custom_1698237162748{border-radius: 10px !important;}&#8221;][\/vc_column][vc_column][vc_empty_space height=&#8221;50px&#8221;][\/vc_column][\/vc_row][vc_row css=&#8221;.vc_custom_1686834676430{margin-right: 10px !important;margin-left: 10px !important;}&#8221;][vc_column][vc_column_text]We offer our apprentices:<\/p>\n<ul>\n<li>Opportunities for further training after successful completion of the apprenticeship<\/li>\n<li>cooperation in projects from the 2nd year of apprenticeship<\/li>\n<li>accompaniment on customer visits and trade fairs from the 2nd year of apprenticeship onwards<\/li>\n<li>apprentice exchange with other companies to get to know other process types in the plastics industry in a practical way<\/li>\n<\/ul>\n<p>[\/vc_column_text][\/vc_column][\/vc_row][vc_row][vc_column][vc_empty_space height=&#8221;32&#8243;][vc_single_image image=&#8221;7915&#8243; img_size=&#8221;full&#8221; add_caption=&#8221;yes&#8221;][\/vc_column][\/vc_row][vc_row][vc_column][vc_single_image image=&#8221;7548&#8243; img_size=&#8221;full&#8221;][\/vc_column][\/vc_row][vc_row][vc_column][vc_empty_space height=&#8221;32&#8243;][\/vc_column][\/vc_row][vc_row css=&#8221;.vc_custom_1604563099203{margin-right: 170px !important;}&#8221;][vc_column width=&#8221;1\/2&#8243; css=&#8221;.vc_custom_1687180103640{margin-left: 30px !important;border-top-width: 1px !important;border-right-width: 5px !important;border-bottom-width: 1px !important;border-left-width: 5px !important;background-color: #ffffff !important;border-left-color: #00338d !important;border-left-style: solid !important;border-right-color: #00338d !important;border-right-style: solid !important;border-top-color: #00338d !important;border-top-style: solid !important;border-bottom-color: #00338d !important;border-bottom-style: solid !important;border-radius: 35px !important;}&#8221;][vc_column_text css=&#8221;.vc_custom_1688622840688{margin-left: 30px !important;}&#8221;]<\/p>\n<h3><strong>Your contact person:<\/strong><\/h3>\n<p>Mr. Thomas Ebert<\/p>\n<p>Sch\u00f6nborner Armatures GmbH<br \/>\nFinsterwalder Chaussee 17a<br \/>\n03253 Doberlug-Kirchhain OT Hennersdorf<\/p>\n<p>karriere(at)schoenborner.com[\/vc_column_text][\/vc_column][vc_column width=&#8221;1\/2&#8243;][\/vc_column][\/vc_row][vc_row][vc_column][vc_column_text][\/vc_column_text][\/vc_column][\/vc_row][vc_row gap=&#8221;20&#8243; content_placement=&#8221;top&#8221; css=&#8221;.vc_custom_1637001044248{margin-bottom: -100px !important;padding-top: 10px !important;padding-right: 30px !important;padding-bottom: 10px !important;padding-left: 30px !important;background-color: #f2f2f2 !important;border-radius: 3px !important;}&#8221; el_class=&#8221;schatten&#8221;][vc_column width=&#8221;1\/5&#8243;][vc_icon icon_fontawesome=&#8221;far fa-envelope-open&#8221; color=&#8221;custom&#8221; size=&#8221;xl&#8221; align=&#8221;center&#8221; custom_color=&#8221;#9ea7d8&#8243; el_class=&#8221;icon&#8221;][\/vc_column][vc_column width=&#8221;2\/5&#8243;][vc_column_text el_class=&#8221;text&#8221;]<\/p>\n<h2><strong>Sch\u00f6nborner &#8211; Newsletter<\/strong><\/h2>\n<p>Immer gut informiert auf dem neuesten Stand: Erfahren Sie als erster von innovativen Produkten und exklusiven Aktionen. Melden Sie sich zu unserem Newsletter an![\/vc_column_text][\/vc_column][vc_column width=&#8221;2\/5&#8243;]\n<div class=\"wpcf7 no-js\" id=\"wpcf7-f3198-o1\" lang=\"de-DE\" dir=\"ltr\">\n<div class=\"screen-reader-response\"><p role=\"status\" aria-live=\"polite\" aria-atomic=\"true\"><\/p> <ul><\/ul><\/div>\n<form action=\"\/en\/wp-json\/wp\/v2\/pages\/6718#wpcf7-f3198-o1\" method=\"post\" class=\"wpcf7-form init\" aria-label=\"Kontaktformular\" novalidate=\"novalidate\" data-status=\"init\">\n<div style=\"display: none;\">\n<input type=\"hidden\" name=\"_wpcf7\" value=\"3198\" \/>\n<input type=\"hidden\" name=\"_wpcf7_version\" value=\"5.7.4\" \/>\n<input type=\"hidden\" name=\"_wpcf7_locale\" value=\"de_DE\" \/>\n<input type=\"hidden\" name=\"_wpcf7_unit_tag\" value=\"wpcf7-f3198-o1\" \/>\n<input type=\"hidden\" name=\"_wpcf7_container_post\" value=\"0\" \/>\n<input type=\"hidden\" name=\"_wpcf7_posted_data_hash\" value=\"\" \/>\n<\/div>\n<p><label>E-Mail Adresse:<br \/>\n<span class=\"wpcf7-form-control-wrap\" data-name=\"your-email\"><input size=\"40\" class=\"wpcf7-form-control wpcf7-text wpcf7-email wpcf7-validates-as-required wpcf7-validates-as-email\" aria-required=\"true\" aria-invalid=\"false\" value=\"\" type=\"email\" name=\"your-email\" \/><\/span> <\/label>\n<\/p>\n<p><input class=\"wpcf7-form-control has-spinner wpcf7-submit\" id=\"button1\" type=\"submit\" value=\"Senden\" \/>\n<\/p><div class=\"wpcf7-response-output\" aria-hidden=\"true\"><\/div>\n<\/form>\n<\/div>\n[\/vc_column][\/vc_row][vc_column][\/vc_column][vc_row][vc_column][\/vc_column][\/vc_row]<\/p>\n<\/section>","protected":false},"excerpt":{"rendered":"<p>[vc_row][vc_column][vc_column_text][\/vc_column_text][\/vc_column][\/vc_row][vc_row css=&#8221;.vc_custom_1686834449879{margin-right: 10px !important;margin-left: 10px !important;}&#8221;][vc_column][vc_custom_heading text=&#8221;Training places&#8221; font_container=&#8221;tag:h1|text_align:center&#8221; use_theme_fonts=&#8221;yes&#8221; css=&#8221;.vc_custom_1688556979083{margin-top: 0px !important;border-top-width: 10px !important;border-right-width: 10px !important;border-bottom-width: 0px !important;border-left-width: 10px !important;padding-top: 20px !important;padding-right: 10px !important;padding-bottom: 20px !important;padding-left: 10px !important;background-color: #cccccc&#8230;<\/p>\n","protected":false},"author":4,"featured_media":0,"parent":0,"menu_order":0,"comment_status":"closed","ping_status":"closed","template":"","meta":{"_themeisle_gutenberg_block_has_review":false},"yoast_head":"<!-- This site is optimized with the Yoast SEO plugin v21.0 - https:\/\/yoast.com\/wordpress\/plugins\/seo\/ -->\n<title>Training places - Sch\u00f6nborner Armaturen GmbH<\/title>\n<meta name=\"description\" content=\"Schau dir unsere Ausbildungsangebote an und starte mit uns. Bewirb dich ganz einfach per E-Mail unter karriere(at)schoenborner.com.\" \/>\n<meta name=\"robots\" content=\"index, follow, max-snippet:-1, max-image-preview:large, max-video-preview:-1\" \/>\n<link rel=\"canonical\" href=\"https:\/\/schoenborner.com\/ausbildungsplaetze\/\" \/>\n<meta property=\"og:locale\" content=\"en_US\" \/>\n<meta property=\"og:type\" content=\"article\" \/>\n<meta property=\"og:title\" content=\"[:de]Ausbildungspl\u00e4tze[:en]Training places[:] - Sch\u00f6nborner Armaturen GmbH\" \/>\n<meta property=\"og:description\" content=\"Schau dir unsere Ausbildungsangebote an und starte mit uns. Bewirb dich ganz einfach per E-Mail unter karriere(at)schoenborner.com.\" \/>\n<meta property=\"og:url\" content=\"https:\/\/schoenborner.com\/ausbildungsplaetze\/\" \/>\n<meta property=\"og:site_name\" content=\"Sch\u00f6nborner Armaturen GmbH\" \/>\n<meta property=\"article:modified_time\" content=\"2025-05-06T09:35:25+00:00\" \/>\n<meta name=\"twitter:card\" content=\"summary_large_image\" \/>\n<meta name=\"twitter:label1\" content=\"Est. reading time\" \/>\n\t<meta name=\"twitter:data1\" content=\"4 minutes\" \/>\n<script type=\"application\/ld+json\" class=\"yoast-schema-graph\">{\"@context\":\"https:\/\/schema.org\",\"@graph\":[{\"@type\":\"WebPage\",\"@id\":\"https:\/\/schoenborner.com\/ausbildungsplaetze\/\",\"url\":\"https:\/\/schoenborner.com\/ausbildungsplaetze\/\",\"name\":\"[:de]Ausbildungspl\u00e4tze[:en]Training places[:] - Sch\u00f6nborner Armaturen GmbH\",\"isPartOf\":{\"@id\":\"https:\/\/schoenborner.com\/#website\"},\"datePublished\":\"2023-04-27T07:42:48+00:00\",\"dateModified\":\"2025-05-06T09:35:25+00:00\",\"description\":\"Schau dir unsere Ausbildungsangebote an und starte mit uns. Bewirb dich ganz einfach per E-Mail unter karriere(at)schoenborner.com.\",\"breadcrumb\":{\"@id\":\"https:\/\/schoenborner.com\/ausbildungsplaetze\/#breadcrumb\"},\"inLanguage\":\"en-US\",\"potentialAction\":[{\"@type\":\"ReadAction\",\"target\":[\"https:\/\/schoenborner.com\/ausbildungsplaetze\/\"]}]},{\"@type\":\"BreadcrumbList\",\"@id\":\"https:\/\/schoenborner.com\/ausbildungsplaetze\/#breadcrumb\",\"itemListElement\":[{\"@type\":\"ListItem\",\"position\":1,\"name\":\"Startseite\",\"item\":\"https:\/\/schoenborner.com\/\"},{\"@type\":\"ListItem\",\"position\":2,\"name\":\"Ausbildungspl\u00e4tze\"}]},{\"@type\":\"WebSite\",\"@id\":\"https:\/\/schoenborner.com\/#website\",\"url\":\"https:\/\/schoenborner.com\/\",\"name\":\"Sch\u00f6nborner Armaturen GmbH\",\"description\":\"Hersteller von Armaturenzubeh\u00f6r f\u00fcr die kommunale Gas-, Wasser- und Abwasserwirtschaft.\",\"potentialAction\":[{\"@type\":\"SearchAction\",\"target\":{\"@type\":\"EntryPoint\",\"urlTemplate\":\"https:\/\/schoenborner.com\/?s={search_term_string}\"},\"query-input\":\"required name=search_term_string\"}],\"inLanguage\":\"en-US\"}]}<\/script>\n<!-- \/ Yoast SEO plugin. -->","yoast_head_json":{"title":"[:de]Ausbildungspl\u00e4tze[:en]Training places[:] - Sch\u00f6nborner Armaturen GmbH","description":"Schau dir unsere Ausbildungsangebote an und starte mit uns. Bewirb dich ganz einfach per E-Mail unter karriere(at)schoenborner.com.","robots":{"index":"index","follow":"follow","max-snippet":"max-snippet:-1","max-image-preview":"max-image-preview:large","max-video-preview":"max-video-preview:-1"},"canonical":"https:\/\/schoenborner.com\/ausbildungsplaetze\/","og_locale":"en_US","og_type":"article","og_title":"[:de]Ausbildungspl\u00e4tze[:en]Training places[:] - Sch\u00f6nborner Armaturen GmbH","og_description":"Schau dir unsere Ausbildungsangebote an und starte mit uns. Bewirb dich ganz einfach per E-Mail unter karriere(at)schoenborner.com.","og_url":"https:\/\/schoenborner.com\/ausbildungsplaetze\/","og_site_name":"Sch\u00f6nborner Armaturen GmbH","article_modified_time":"2025-05-06T09:35:25+00:00","twitter_card":"summary_large_image","twitter_misc":{"Est. reading time":"4 minutes"},"schema":{"@context":"https:\/\/schema.org","@graph":[{"@type":"WebPage","@id":"https:\/\/schoenborner.com\/ausbildungsplaetze\/","url":"https:\/\/schoenborner.com\/ausbildungsplaetze\/","name":"[:de]Ausbildungspl\u00e4tze[:en]Training places[:] - Sch\u00f6nborner Armaturen GmbH","isPartOf":{"@id":"https:\/\/schoenborner.com\/#website"},"datePublished":"2023-04-27T07:42:48+00:00","dateModified":"2025-05-06T09:35:25+00:00","description":"Schau dir unsere Ausbildungsangebote an und starte mit uns. Bewirb dich ganz einfach per E-Mail unter karriere(at)schoenborner.com.","breadcrumb":{"@id":"https:\/\/schoenborner.com\/ausbildungsplaetze\/#breadcrumb"},"inLanguage":"en-US","potentialAction":[{"@type":"ReadAction","target":["https:\/\/schoenborner.com\/ausbildungsplaetze\/"]}]},{"@type":"BreadcrumbList","@id":"https:\/\/schoenborner.com\/ausbildungsplaetze\/#breadcrumb","itemListElement":[{"@type":"ListItem","position":1,"name":"Startseite","item":"https:\/\/schoenborner.com\/"},{"@type":"ListItem","position":2,"name":"Ausbildungspl\u00e4tze"}]},{"@type":"WebSite","@id":"https:\/\/schoenborner.com\/#website","url":"https:\/\/schoenborner.com\/","name":"Sch\u00f6nborner Armaturen GmbH","description":"Hersteller von Armaturenzubeh\u00f6r f\u00fcr die kommunale Gas-, Wasser- und Abwasserwirtschaft.","potentialAction":[{"@type":"SearchAction","target":{"@type":"EntryPoint","urlTemplate":"https:\/\/schoenborner.com\/?s={search_term_string}"},"query-input":"required name=search_term_string"}],"inLanguage":"en-US"}]}},"_links":{"self":[{"href":"https:\/\/schoenborner.com\/en\/wp-json\/wp\/v2\/pages\/6718"}],"collection":[{"href":"https:\/\/schoenborner.com\/en\/wp-json\/wp\/v2\/pages"}],"about":[{"href":"https:\/\/schoenborner.com\/en\/wp-json\/wp\/v2\/types\/page"}],"author":[{"embeddable":true,"href":"https:\/\/schoenborner.com\/en\/wp-json\/wp\/v2\/users\/4"}],"replies":[{"embeddable":true,"href":"https:\/\/schoenborner.com\/en\/wp-json\/wp\/v2\/comments?post=6718"}],"version-history":[{"count":196,"href":"https:\/\/schoenborner.com\/en\/wp-json\/wp\/v2\/pages\/6718\/revisions"}],"predecessor-version":[{"id":8857,"href":"https:\/\/schoenborner.com\/en\/wp-json\/wp\/v2\/pages\/6718\/revisions\/8857"}],"wp:attachment":[{"href":"https:\/\/schoenborner.com\/en\/wp-json\/wp\/v2\/media?parent=6718"}],"curies":[{"name":"wp","href":"https:\/\/api.w.org\/{rel}","templated":true}]}}