{"id":7132,"date":"2023-06-29T14:07:14","date_gmt":"2023-06-29T12:07:14","guid":{"rendered":"https:\/\/schoenborner.com\/?page_id=7132"},"modified":"2023-11-07T10:27:44","modified_gmt":"2023-11-07T09:27:44","slug":"praktika-aller-art","status":"publish","type":"page","link":"https:\/\/schoenborner.com\/en\/praktika-aller-art\/","title":{"rendered":"Internships of all kinds"},"content":{"rendered":"<section class=\"wpb-content-wrapper\"><p>[vc_row][vc_column][vc_column_text][\/vc_column_text][\/vc_column][\/vc_row][vc_row css=&#8221;.vc_custom_1688039907355{margin-right: 10px !important;margin-left: 10px !important;}&#8221;][vc_column][vc_custom_heading text=&#8221;Internships of all kinds&#8221; font_container=&#8221;tag:h1|text_align:center&#8221; use_theme_fonts=&#8221;yes&#8221; css=&#8221;.vc_custom_1688558963328{margin-top: 0px !important;border-top-width: 10px !important;border-right-width: 10px !important;border-bottom-width: 0px !important;border-left-width: 10px !important;padding-top: 20px !important;padding-right: 10px !important;padding-bottom: 20px !important;padding-left: 10px !important;background-color: #cccccc !important;background-position: center !important;background-repeat: no-repeat !important;background-size: cover !important;border-radius: 10px !important;}&#8221;][vc_empty_space height=&#8221;60&#8243;][\/vc_column][\/vc_row][vc_row css=&#8221;.vc_custom_1687256379645{margin-right: 10px !important;margin-left: 10px !important;}&#8221;][vc_column][vc_custom_heading text=&#8221;Your start in the working world!&#8221; font_container=&#8221;tag:h2|text_align:left|color:%23020202&#8243; use_theme_fonts=&#8221;yes&#8221;][vc_column_text]Gain experience in the working world. With a school, student or voluntary internship. Among other things, you can expect a varied and broad working environment and a nice working atmosphere.[\/vc_column_text][\/vc_column][\/vc_row][vc_row content_placement=&#8221;bottom&#8221; css=&#8221;.vc_custom_1688040356724{margin-top: 12px !important;margin-right: 10px !important;margin-left: 10px !important;}&#8221;][vc_column width=&#8221;1\/2&#8243;][vc_single_image image=&#8221;6754&#8243; img_size=&#8221;large&#8221;][\/vc_column][vc_column width=&#8221;1\/2&#8243;][vc_column_text]Check out our internship opportunities.<\/p>\n<p>&nbsp;<\/p>\n<ul>\n<li><strong><span style=\"color: #024f9c;\">A school internship<\/span><\/strong><\/li>\n<li><strong><span style=\"color: #024f9c;\">A student internship (also working students)<\/span><\/strong><\/li>\n<li><strong><span style=\"color: #024f9c;\">A voluntary internship<\/span><\/strong><\/li>\n<\/ul>\n<p>&nbsp;<\/p>\n<p>Simply apply by e-mail to: karriere(at)schoenborner.com.[\/vc_column_text][\/vc_column][\/vc_row][vc_row][vc_column][vc_empty_space height=&#8221;32&#8243;][\/vc_column][\/vc_row][vc_row][vc_column][vc_custom_heading text=&#8221;SCHOOL INTERNSHIP&#8221; font_container=&#8221;tag:h2|text_align:left|color:%23004a9c&#8221; use_theme_fonts=&#8221;yes&#8221; css=&#8221;.vc_custom_1688559364615{margin-top: 0px !important;margin-right: 10px !important;border-top-width: 10px !important;border-right-width: 10px !important;border-bottom-width: 0px !important;border-left-width: 10px !important;padding-top: 20px !important;padding-right: 10px !important;padding-bottom: 20px !important;padding-left: 10px !important;background-position: center !important;background-repeat: no-repeat !important;background-size: cover !important;border-radius: 10px !important;}&#8221;][vc_column_text css=&#8221;.vc_custom_1688559438826{margin-right: 10px !important;margin-left: 10px !important;}&#8221;]Your internship period is coming up at school and you are looking for a suitable position? Then you are welcome to complete an internship with us in production.[\/vc_column_text][\/vc_column][\/vc_row][vc_row][vc_column][vc_custom_heading text=&#8221;STUDENT INTERNSHIP&#8221; font_container=&#8221;tag:h2|text_align:left|color:%23004a9c&#8221; use_theme_fonts=&#8221;yes&#8221; css=&#8221;.vc_custom_1688559280675{margin-top: 0px !important;margin-right: 10px !important;border-top-width: 10px !important;border-right-width: 10px !important;border-bottom-width: 0px !important;border-left-width: 10px !important;padding-top: 20px !important;padding-right: 10px !important;padding-bottom: 20px !important;padding-left: 10px !important;background-position: center !important;background-repeat: no-repeat !important;background-size: cover !important;border-radius: 10px !important;}&#8221;][vc_column_text css=&#8221;.vc_custom_1688559503617{margin-right: 10px !important;margin-left: 10px !important;}&#8221;]DESIGN\/ TOOLMAKING\/ INDUSTRIAL ENGINEER<\/p>\n<p>You can complete your final thesis (Bachelor\/Master\/Diploma) with us. But you are also welcome as a working student.[\/vc_column_text][\/vc_column][\/vc_row][vc_row][vc_column][vc_custom_heading text=&#8221;VOLUNTARY INTERNSHIP&#8221; font_container=&#8221;tag:h2|text_align:left|color:%23004a9c&#8221; use_theme_fonts=&#8221;yes&#8221; css=&#8221;.vc_custom_1688559396827{margin-top: 0px !important;margin-right: 10px !important;border-top-width: 10px !important;border-right-width: 10px !important;border-bottom-width: 0px !important;border-left-width: 10px !important;padding-top: 20px !important;padding-right: 10px !important;padding-bottom: 20px !important;padding-left: 10px !important;background-position: center !important;background-repeat: no-repeat !important;background-size: cover !important;border-radius: 10px !important;}&#8221;][vc_column_text css=&#8221;.vc_custom_1688559536234{margin-right: 10px !important;margin-left: 10px !important;}&#8221;]You need a change from school or your studies and want to use your vacation to get to know the working world? Do you need inspiration to find a suitable apprenticeship for yourself? Then you are welcome to work in our production.[\/vc_column_text][\/vc_column][\/vc_row][vc_row][vc_column][vc_empty_space height=&#8221;32&#8243;][\/vc_column][\/vc_row][vc_row css=&#8221;.vc_custom_1604563099203{margin-right: 170px !important;}&#8221;][vc_column width=&#8221;1\/2&#8243; css=&#8221;.vc_custom_1687180103640{margin-left: 30px !important;border-top-width: 1px !important;border-right-width: 5px !important;border-bottom-width: 1px !important;border-left-width: 5px !important;background-color: #ffffff !important;border-left-color: #00338d !important;border-left-style: solid !important;border-right-color: #00338d !important;border-right-style: solid !important;border-top-color: #00338d !important;border-top-style: solid !important;border-bottom-color: #00338d !important;border-bottom-style: solid !important;border-radius: 35px !important;}&#8221;][vc_column_text css=&#8221;.vc_custom_1688561215232{margin-left: 30px !important;}&#8221;]<\/p>\n<h3><span style=\"color: #737373;\"><strong>Your contact person:<\/strong><\/span><\/h3>\n<p>Mr. Thomas Ebert<\/p>\n<p>Sch\u00f6nborner Armatures GmbH<br \/>\nFinsterwalder Chaussee 17a<br \/>\n03253 Doberlug-Kirchhain OT Hennersdorf<\/p>\n<p>karriere(at)schoenborner.com[\/vc_column_text][\/vc_column][vc_column width=&#8221;1\/2&#8243;][\/vc_column][\/vc_row][vc_row][vc_column][vc_column_text][\/vc_column_text][\/vc_column][\/vc_row][vc_row gap=&#8221;20&#8243; content_placement=&#8221;top&#8221; css=&#8221;.vc_custom_1637001044248{margin-bottom: -100px !important;padding-top: 10px !important;padding-right: 30px !important;padding-bottom: 10px !important;padding-left: 30px !important;background-color: #f2f2f2 !important;border-radius: 3px !important;}&#8221; el_class=&#8221;schatten&#8221;][vc_column width=&#8221;1\/5&#8243;][vc_icon icon_fontawesome=&#8221;far fa-envelope-open&#8221; color=&#8221;custom&#8221; size=&#8221;xl&#8221; align=&#8221;center&#8221; custom_color=&#8221;#9ea7d8&#8243; el_class=&#8221;icon&#8221;][\/vc_column][vc_column width=&#8221;2\/5&#8243;][vc_column_text el_class=&#8221;text&#8221;]<\/p>\n<h2><strong>Sch\u00f6nborner &#8211; Newsletter<\/strong><\/h2>\n<p>Immer gut informiert auf dem neuesten Stand: Erfahren Sie als erster von innovativen Produkten und exklusiven Aktionen. Melden Sie sich zu unserem Newsletter an![\/vc_column_text][\/vc_column][vc_column width=&#8221;2\/5&#8243;]\n<div class=\"wpcf7 no-js\" id=\"wpcf7-f3198-o1\" lang=\"de-DE\" dir=\"ltr\">\n<div class=\"screen-reader-response\"><p role=\"status\" aria-live=\"polite\" aria-atomic=\"true\"><\/p> <ul><\/ul><\/div>\n<form action=\"\/en\/wp-json\/wp\/v2\/pages\/7132#wpcf7-f3198-o1\" method=\"post\" class=\"wpcf7-form init\" aria-label=\"Kontaktformular\" novalidate=\"novalidate\" data-status=\"init\">\n<div style=\"display: none;\">\n<input type=\"hidden\" name=\"_wpcf7\" value=\"3198\" \/>\n<input type=\"hidden\" name=\"_wpcf7_version\" value=\"5.7.4\" \/>\n<input type=\"hidden\" name=\"_wpcf7_locale\" value=\"de_DE\" \/>\n<input type=\"hidden\" name=\"_wpcf7_unit_tag\" value=\"wpcf7-f3198-o1\" \/>\n<input type=\"hidden\" name=\"_wpcf7_container_post\" value=\"0\" \/>\n<input type=\"hidden\" name=\"_wpcf7_posted_data_hash\" value=\"\" \/>\n<\/div>\n<p><label>E-Mail Adresse:<br \/>\n<span class=\"wpcf7-form-control-wrap\" data-name=\"your-email\"><input size=\"40\" class=\"wpcf7-form-control wpcf7-text wpcf7-email wpcf7-validates-as-required wpcf7-validates-as-email\" aria-required=\"true\" aria-invalid=\"false\" value=\"\" type=\"email\" name=\"your-email\" \/><\/span> <\/label>\n<\/p>\n<p><input class=\"wpcf7-form-control has-spinner wpcf7-submit\" id=\"button1\" type=\"submit\" value=\"Senden\" \/>\n<\/p><div class=\"wpcf7-response-output\" aria-hidden=\"true\"><\/div>\n<\/form>\n<\/div>\n[\/vc_column][\/vc_row]<\/p>\n<\/section>","protected":false},"excerpt":{"rendered":"<p>[vc_row][vc_column][vc_column_text][\/vc_column_text][\/vc_column][\/vc_row][vc_row css=&#8221;.vc_custom_1688039907355{margin-right: 10px !important;margin-left: 10px !important;}&#8221;][vc_column][vc_custom_heading text=&#8221;Internships of all kinds&#8221; font_container=&#8221;tag:h1|text_align:center&#8221; use_theme_fonts=&#8221;yes&#8221; css=&#8221;.vc_custom_1688558963328{margin-top: 0px !important;border-top-width: 10px !important;border-right-width: 10px !important;border-bottom-width: 0px !important;border-left-width: 10px !important;padding-top: 20px !important;padding-right: 10px !important;padding-bottom: 20px !important;padding-left: 10px&#8230;<\/p>\n","protected":false},"author":4,"featured_media":0,"parent":0,"menu_order":0,"comment_status":"closed","ping_status":"closed","template":"","meta":{"_themeisle_gutenberg_block_has_review":false},"yoast_head":"<!-- This site is optimized with the Yoast SEO plugin v21.0 - https:\/\/yoast.com\/wordpress\/plugins\/seo\/ -->\n<title>Internships of all kinds - Sch\u00f6nborner Armaturen GmbH<\/title>\n<meta name=\"robots\" content=\"index, follow, max-snippet:-1, max-image-preview:large, max-video-preview:-1\" \/>\n<link rel=\"canonical\" href=\"https:\/\/schoenborner.com\/praktika-aller-art\/\" \/>\n<meta property=\"og:locale\" content=\"en_US\" \/>\n<meta property=\"og:type\" content=\"article\" \/>\n<meta property=\"og:title\" content=\"[:de]Praktika aller Art[:en]Internships of all kinds[:] - Sch\u00f6nborner Armaturen GmbH\" \/>\n<meta property=\"og:description\" content=\"[vc_row][vc_column][vc_column_text][\/vc_column_text][\/vc_column][\/vc_row][vc_row css=&#8221;.vc_custom_1688039907355{margin-right: 10px !important;margin-left: 10px !important;}&#8221;][vc_column][vc_custom_heading text=&#8221;Internships of all kinds&#8221; font_container=&#8221;tag:h1|text_align:center&#8221; use_theme_fonts=&#8221;yes&#8221; css=&#8221;.vc_custom_1688558963328{margin-top: 0px !important;border-top-width: 10px !important;border-right-width: 10px !important;border-bottom-width: 0px !important;border-left-width: 10px !important;padding-top: 20px !important;padding-right: 10px !important;padding-bottom: 20px !important;padding-left: 10px...\" \/>\n<meta property=\"og:url\" content=\"https:\/\/schoenborner.com\/praktika-aller-art\/\" \/>\n<meta property=\"og:site_name\" content=\"Sch\u00f6nborner Armaturen GmbH\" \/>\n<meta property=\"article:modified_time\" content=\"2023-11-07T09:27:44+00:00\" \/>\n<meta name=\"twitter:card\" content=\"summary_large_image\" \/>\n<meta name=\"twitter:label1\" content=\"Est. reading time\" \/>\n\t<meta name=\"twitter:data1\" content=\"5 minutes\" \/>\n<script type=\"application\/ld+json\" class=\"yoast-schema-graph\">{\"@context\":\"https:\/\/schema.org\",\"@graph\":[{\"@type\":\"WebPage\",\"@id\":\"https:\/\/schoenborner.com\/praktika-aller-art\/\",\"url\":\"https:\/\/schoenborner.com\/praktika-aller-art\/\",\"name\":\"[:de]Praktika aller Art[:en]Internships of all kinds[:] - Sch\u00f6nborner Armaturen GmbH\",\"isPartOf\":{\"@id\":\"https:\/\/schoenborner.com\/#website\"},\"datePublished\":\"2023-06-29T12:07:14+00:00\",\"dateModified\":\"2023-11-07T09:27:44+00:00\",\"breadcrumb\":{\"@id\":\"https:\/\/schoenborner.com\/praktika-aller-art\/#breadcrumb\"},\"inLanguage\":\"en-US\",\"potentialAction\":[{\"@type\":\"ReadAction\",\"target\":[\"https:\/\/schoenborner.com\/praktika-aller-art\/\"]}]},{\"@type\":\"BreadcrumbList\",\"@id\":\"https:\/\/schoenborner.com\/praktika-aller-art\/#breadcrumb\",\"itemListElement\":[{\"@type\":\"ListItem\",\"position\":1,\"name\":\"Startseite\",\"item\":\"https:\/\/schoenborner.com\/\"},{\"@type\":\"ListItem\",\"position\":2,\"name\":\"[:de]Praktika aller Art[:en]Internships of all kinds[:]\"}]},{\"@type\":\"WebSite\",\"@id\":\"https:\/\/schoenborner.com\/#website\",\"url\":\"https:\/\/schoenborner.com\/\",\"name\":\"Sch\u00f6nborner Armaturen GmbH\",\"description\":\"Hersteller von Armaturenzubeh\u00f6r f\u00fcr die kommunale Gas-, Wasser- und Abwasserwirtschaft.\",\"potentialAction\":[{\"@type\":\"SearchAction\",\"target\":{\"@type\":\"EntryPoint\",\"urlTemplate\":\"https:\/\/schoenborner.com\/?s={search_term_string}\"},\"query-input\":\"required name=search_term_string\"}],\"inLanguage\":\"en-US\"}]}<\/script>\n<!-- \/ Yoast SEO plugin. -->","yoast_head_json":{"title":"[:de]Praktika aller Art[:en]Internships of all kinds[:] - Sch\u00f6nborner Armaturen GmbH","robots":{"index":"index","follow":"follow","max-snippet":"max-snippet:-1","max-image-preview":"max-image-preview:large","max-video-preview":"max-video-preview:-1"},"canonical":"https:\/\/schoenborner.com\/praktika-aller-art\/","og_locale":"en_US","og_type":"article","og_title":"[:de]Praktika aller Art[:en]Internships of all kinds[:] - Sch\u00f6nborner Armaturen GmbH","og_description":"[vc_row][vc_column][vc_column_text][\/vc_column_text][\/vc_column][\/vc_row][vc_row css=&#8221;.vc_custom_1688039907355{margin-right: 10px !important;margin-left: 10px !important;}&#8221;][vc_column][vc_custom_heading text=&#8221;Internships of all kinds&#8221; font_container=&#8221;tag:h1|text_align:center&#8221; use_theme_fonts=&#8221;yes&#8221; css=&#8221;.vc_custom_1688558963328{margin-top: 0px !important;border-top-width: 10px !important;border-right-width: 10px !important;border-bottom-width: 0px !important;border-left-width: 10px !important;padding-top: 20px !important;padding-right: 10px !important;padding-bottom: 20px !important;padding-left: 10px...","og_url":"https:\/\/schoenborner.com\/praktika-aller-art\/","og_site_name":"Sch\u00f6nborner Armaturen GmbH","article_modified_time":"2023-11-07T09:27:44+00:00","twitter_card":"summary_large_image","twitter_misc":{"Est. reading time":"5 minutes"},"schema":{"@context":"https:\/\/schema.org","@graph":[{"@type":"WebPage","@id":"https:\/\/schoenborner.com\/praktika-aller-art\/","url":"https:\/\/schoenborner.com\/praktika-aller-art\/","name":"[:de]Praktika aller Art[:en]Internships of all kinds[:] - Sch\u00f6nborner Armaturen GmbH","isPartOf":{"@id":"https:\/\/schoenborner.com\/#website"},"datePublished":"2023-06-29T12:07:14+00:00","dateModified":"2023-11-07T09:27:44+00:00","breadcrumb":{"@id":"https:\/\/schoenborner.com\/praktika-aller-art\/#breadcrumb"},"inLanguage":"en-US","potentialAction":[{"@type":"ReadAction","target":["https:\/\/schoenborner.com\/praktika-aller-art\/"]}]},{"@type":"BreadcrumbList","@id":"https:\/\/schoenborner.com\/praktika-aller-art\/#breadcrumb","itemListElement":[{"@type":"ListItem","position":1,"name":"Startseite","item":"https:\/\/schoenborner.com\/"},{"@type":"ListItem","position":2,"name":"[:de]Praktika aller Art[:en]Internships of all kinds[:]"}]},{"@type":"WebSite","@id":"https:\/\/schoenborner.com\/#website","url":"https:\/\/schoenborner.com\/","name":"Sch\u00f6nborner Armaturen GmbH","description":"Hersteller von Armaturenzubeh\u00f6r f\u00fcr die kommunale Gas-, Wasser- und Abwasserwirtschaft.","potentialAction":[{"@type":"SearchAction","target":{"@type":"EntryPoint","urlTemplate":"https:\/\/schoenborner.com\/?s={search_term_string}"},"query-input":"required name=search_term_string"}],"inLanguage":"en-US"}]}},"_links":{"self":[{"href":"https:\/\/schoenborner.com\/en\/wp-json\/wp\/v2\/pages\/7132"}],"collection":[{"href":"https:\/\/schoenborner.com\/en\/wp-json\/wp\/v2\/pages"}],"about":[{"href":"https:\/\/schoenborner.com\/en\/wp-json\/wp\/v2\/types\/page"}],"author":[{"embeddable":true,"href":"https:\/\/schoenborner.com\/en\/wp-json\/wp\/v2\/users\/4"}],"replies":[{"embeddable":true,"href":"https:\/\/schoenborner.com\/en\/wp-json\/wp\/v2\/comments?post=7132"}],"version-history":[{"count":19,"href":"https:\/\/schoenborner.com\/en\/wp-json\/wp\/v2\/pages\/7132\/revisions"}],"predecessor-version":[{"id":7199,"href":"https:\/\/schoenborner.com\/en\/wp-json\/wp\/v2\/pages\/7132\/revisions\/7199"}],"wp:attachment":[{"href":"https:\/\/schoenborner.com\/en\/wp-json\/wp\/v2\/media?parent=7132"}],"curies":[{"name":"wp","href":"https:\/\/api.w.org\/{rel}","templated":true}]}}