{"id":734,"date":"2020-11-04T12:00:15","date_gmt":"2020-11-04T11:00:15","guid":{"rendered":"https:\/\/schoenborner.com\/Websiteab2020\/?page_id=734"},"modified":"2023-01-23T11:44:43","modified_gmt":"2023-01-23T10:44:43","slug":"unternehmen","status":"publish","type":"page","link":"https:\/\/schoenborner.com\/en\/unternehmen\/","title":{"rendered":"Company"},"content":{"rendered":"<section class=\"wpb-content-wrapper\"><p>[vc_row][vc_column][vc_column_text][\/vc_column_text][\/vc_column][\/vc_row][vc_row css=&#8221;.vc_custom_1604491628905{margin-bottom: 0px !important;padding-top: 0px !important;}&#8221;][vc_column width=&#8221;1\/2&#8243; css=&#8221;.vc_custom_1608530654148{padding-top: 60px !important;padding-bottom: 37px !important;background-color: #cccccc !important;border-radius: 4px !important;}&#8221;][vc_column_text css=&#8221;.vc_custom_1608530393094{margin-top: 0px !important;padding-top: 45px !important;padding-right: 5px !important;padding-bottom: 20px !important;padding-left: 10px !important;background-color: #cccccc !important;border-radius: 4px !important;}&#8221;]<\/p>\n<h2 class=\"av-special-heading-tag\" style=\"text-align: justify;\"><span style=\"color: #024f9c;\"><strong>ABOUT US:<\/strong><\/span><\/h2>\n<p>We, Sch\u00f6nborner Armaturen GmbH, are a medium-sized family business based in Doberlug-Kirchhain\/ South Brandenburg. Since 1992, we have developed from a small two-man operation into a company operating throughout Europe with our own <em><strong>Schoenborner<\/strong><\/em> brand products.<br \/>\nWith our extensive machinery and approx. 40 experienced employees, we manufacture actuating elements for fittings in the municipal gas, water and sewage industry &#8211; and this far above standard. As a service provider, we also realise orders in the field of contract manufacturing.<\/p>\n<p>Precision, quality and short delivery times are our plus for you. Reliability, good service and personal contact are the basis for a trusting cooperation. We offer you individual-flexible and economic solutions from product development to order processing. In cooperation with various established research institutions, we have also solved many tasks for our customers through innovative proposals and their implementation:<\/p>\n<p>We attach great importance to continuous technical and professional development.<\/p>\n<p><strong>Because business and science go hand in hand for us.<\/strong>[\/vc_column_text][\/vc_column][vc_column width=&#8221;1\/2&#8243; css=&#8221;.vc_custom_1604491654260{padding-top: 0px !important;border-radius: 4px !important;}&#8221;][vc_gallery type=&#8221;image_grid&#8221; images=&#8221;737,736,744&#8243; img_size=&#8221;500&#215;300&#8243; css=&#8221;.vc_custom_1604491603419{padding-top: 30px !important;padding-right: 0px !important;padding-bottom: 45px !important;padding-left: 40px !important;background-color: #cccccc !important;border-radius: 4px !important;}&#8221;][\/vc_column][\/vc_row][vc_row][vc_column][vc_column_text][\/vc_column_text][\/vc_column][\/vc_row][vc_row gap=&#8221;20&#8243; content_placement=&#8221;top&#8221; css=&#8221;.vc_custom_1637001044248{margin-bottom: -100px !important;padding-top: 10px !important;padding-right: 30px !important;padding-bottom: 10px !important;padding-left: 30px !important;background-color: #f2f2f2 !important;border-radius: 3px !important;}&#8221; el_class=&#8221;schatten&#8221;][vc_column width=&#8221;1\/5&#8243;][vc_icon icon_fontawesome=&#8221;far fa-envelope-open&#8221; color=&#8221;custom&#8221; size=&#8221;xl&#8221; align=&#8221;center&#8221; custom_color=&#8221;#9ea7d8&#8243; el_class=&#8221;icon&#8221;][\/vc_column][vc_column width=&#8221;2\/5&#8243;][vc_column_text el_class=&#8221;text&#8221;]<\/p>\n<h2><strong>Sch\u00f6nborner &#8211; Newsletter<\/strong><\/h2>\n<p>Immer gut informiert auf dem neuesten Stand: Erfahren Sie als erster von innovativen Produkten und exklusiven Aktionen. Melden Sie sich zu unserem Newsletter an![\/vc_column_text][\/vc_column][vc_column width=&#8221;2\/5&#8243;]\n<div class=\"wpcf7 no-js\" id=\"wpcf7-f3198-o1\" lang=\"de-DE\" dir=\"ltr\">\n<div class=\"screen-reader-response\"><p role=\"status\" aria-live=\"polite\" aria-atomic=\"true\"><\/p> <ul><\/ul><\/div>\n<form action=\"\/en\/wp-json\/wp\/v2\/pages\/734#wpcf7-f3198-o1\" method=\"post\" class=\"wpcf7-form init\" aria-label=\"Kontaktformular\" novalidate=\"novalidate\" data-status=\"init\">\n<div style=\"display: none;\">\n<input type=\"hidden\" name=\"_wpcf7\" value=\"3198\" \/>\n<input type=\"hidden\" name=\"_wpcf7_version\" value=\"5.7.4\" \/>\n<input type=\"hidden\" name=\"_wpcf7_locale\" value=\"de_DE\" \/>\n<input type=\"hidden\" name=\"_wpcf7_unit_tag\" value=\"wpcf7-f3198-o1\" \/>\n<input type=\"hidden\" name=\"_wpcf7_container_post\" value=\"0\" \/>\n<input type=\"hidden\" name=\"_wpcf7_posted_data_hash\" value=\"\" \/>\n<\/div>\n<p><label>E-Mail Adresse:<br \/>\n<span class=\"wpcf7-form-control-wrap\" data-name=\"your-email\"><input size=\"40\" class=\"wpcf7-form-control wpcf7-text wpcf7-email wpcf7-validates-as-required wpcf7-validates-as-email\" aria-required=\"true\" aria-invalid=\"false\" value=\"\" type=\"email\" name=\"your-email\" \/><\/span> <\/label>\n<\/p>\n<p><input class=\"wpcf7-form-control has-spinner wpcf7-submit\" id=\"button1\" type=\"submit\" value=\"Senden\" \/>\n<\/p><div class=\"wpcf7-response-output\" aria-hidden=\"true\"><\/div>\n<\/form>\n<\/div>\n[\/vc_column][\/vc_row]<\/p>\n<\/section>","protected":false},"excerpt":{"rendered":"<p>[vc_row][vc_column][vc_column_text][\/vc_column_text][\/vc_column][\/vc_row][vc_row css=&#8221;.vc_custom_1604491628905{margin-bottom: 0px !important;padding-top: 0px !important;}&#8221;][vc_column width=&#8221;1\/2&#8243; css=&#8221;.vc_custom_1608530654148{padding-top: 60px !important;padding-bottom: 37px !important;background-color: #cccccc !important;border-radius: 4px !important;}&#8221;][vc_column_text css=&#8221;.vc_custom_1608530393094{margin-top: 0px !important;padding-top: 45px !important;padding-right: 5px !important;padding-bottom: 20px !important;padding-left: 10px !important;background-color: #cccccc !important;border-radius: 4px&#8230;<\/p>\n","protected":false},"author":4,"featured_media":0,"parent":0,"menu_order":0,"comment_status":"closed","ping_status":"closed","template":"","meta":{"_themeisle_gutenberg_block_has_review":false},"yoast_head":"<!-- This site is optimized with the Yoast SEO plugin v21.0 - https:\/\/yoast.com\/wordpress\/plugins\/seo\/ -->\n<title>Company - Sch\u00f6nborner Armaturen GmbH<\/title>\n<meta name=\"robots\" content=\"index, follow, max-snippet:-1, max-image-preview:large, max-video-preview:-1\" \/>\n<link rel=\"canonical\" href=\"https:\/\/schoenborner.com\/unternehmen\/\" \/>\n<meta property=\"og:locale\" content=\"en_US\" \/>\n<meta property=\"og:type\" content=\"article\" \/>\n<meta property=\"og:title\" content=\"[:de]Unternehmen[:en]Company[:] - Sch\u00f6nborner Armaturen GmbH\" \/>\n<meta property=\"og:description\" content=\"[vc_row][vc_column][vc_column_text][\/vc_column_text][\/vc_column][\/vc_row][vc_row css=&#8221;.vc_custom_1604491628905{margin-bottom: 0px !important;padding-top: 0px !important;}&#8221;][vc_column width=&#8221;1\/2&#8243; css=&#8221;.vc_custom_1608530654148{padding-top: 60px !important;padding-bottom: 37px !important;background-color: #cccccc !important;border-radius: 4px !important;}&#8221;][vc_column_text css=&#8221;.vc_custom_1608530393094{margin-top: 0px !important;padding-top: 45px !important;padding-right: 5px !important;padding-bottom: 20px !important;padding-left: 10px !important;background-color: #cccccc !important;border-radius: 4px...\" \/>\n<meta property=\"og:url\" content=\"https:\/\/schoenborner.com\/unternehmen\/\" \/>\n<meta property=\"og:site_name\" content=\"Sch\u00f6nborner Armaturen GmbH\" \/>\n<meta property=\"article:modified_time\" content=\"2023-01-23T10:44:43+00:00\" \/>\n<meta name=\"twitter:card\" content=\"summary_large_image\" \/>\n<meta name=\"twitter:label1\" content=\"Est. reading time\" \/>\n\t<meta name=\"twitter:data1\" content=\"3 minutes\" \/>\n<script type=\"application\/ld+json\" class=\"yoast-schema-graph\">{\"@context\":\"https:\/\/schema.org\",\"@graph\":[{\"@type\":\"WebPage\",\"@id\":\"https:\/\/schoenborner.com\/unternehmen\/\",\"url\":\"https:\/\/schoenborner.com\/unternehmen\/\",\"name\":\"[:de]Unternehmen[:en]Company[:] - Sch\u00f6nborner Armaturen GmbH\",\"isPartOf\":{\"@id\":\"https:\/\/schoenborner.com\/#website\"},\"datePublished\":\"2020-11-04T11:00:15+00:00\",\"dateModified\":\"2023-01-23T10:44:43+00:00\",\"breadcrumb\":{\"@id\":\"https:\/\/schoenborner.com\/unternehmen\/#breadcrumb\"},\"inLanguage\":\"en-US\",\"potentialAction\":[{\"@type\":\"ReadAction\",\"target\":[\"https:\/\/schoenborner.com\/unternehmen\/\"]}]},{\"@type\":\"BreadcrumbList\",\"@id\":\"https:\/\/schoenborner.com\/unternehmen\/#breadcrumb\",\"itemListElement\":[{\"@type\":\"ListItem\",\"position\":1,\"name\":\"Startseite\",\"item\":\"https:\/\/schoenborner.com\/\"},{\"@type\":\"ListItem\",\"position\":2,\"name\":\"Unternehmen\"}]},{\"@type\":\"WebSite\",\"@id\":\"https:\/\/schoenborner.com\/#website\",\"url\":\"https:\/\/schoenborner.com\/\",\"name\":\"Sch\u00f6nborner Armaturen GmbH\",\"description\":\"Hersteller von Armaturenzubeh\u00f6r f\u00fcr die kommunale Gas-, Wasser- und Abwasserwirtschaft.\",\"potentialAction\":[{\"@type\":\"SearchAction\",\"target\":{\"@type\":\"EntryPoint\",\"urlTemplate\":\"https:\/\/schoenborner.com\/?s={search_term_string}\"},\"query-input\":\"required name=search_term_string\"}],\"inLanguage\":\"en-US\"}]}<\/script>\n<!-- \/ Yoast SEO plugin. -->","yoast_head_json":{"title":"[:de]Unternehmen[:en]Company[:] - Sch\u00f6nborner Armaturen GmbH","robots":{"index":"index","follow":"follow","max-snippet":"max-snippet:-1","max-image-preview":"max-image-preview:large","max-video-preview":"max-video-preview:-1"},"canonical":"https:\/\/schoenborner.com\/unternehmen\/","og_locale":"en_US","og_type":"article","og_title":"[:de]Unternehmen[:en]Company[:] - Sch\u00f6nborner Armaturen GmbH","og_description":"[vc_row][vc_column][vc_column_text][\/vc_column_text][\/vc_column][\/vc_row][vc_row css=&#8221;.vc_custom_1604491628905{margin-bottom: 0px !important;padding-top: 0px !important;}&#8221;][vc_column width=&#8221;1\/2&#8243; css=&#8221;.vc_custom_1608530654148{padding-top: 60px !important;padding-bottom: 37px !important;background-color: #cccccc !important;border-radius: 4px !important;}&#8221;][vc_column_text css=&#8221;.vc_custom_1608530393094{margin-top: 0px !important;padding-top: 45px !important;padding-right: 5px !important;padding-bottom: 20px !important;padding-left: 10px !important;background-color: #cccccc !important;border-radius: 4px...","og_url":"https:\/\/schoenborner.com\/unternehmen\/","og_site_name":"Sch\u00f6nborner Armaturen GmbH","article_modified_time":"2023-01-23T10:44:43+00:00","twitter_card":"summary_large_image","twitter_misc":{"Est. reading time":"3 minutes"},"schema":{"@context":"https:\/\/schema.org","@graph":[{"@type":"WebPage","@id":"https:\/\/schoenborner.com\/unternehmen\/","url":"https:\/\/schoenborner.com\/unternehmen\/","name":"[:de]Unternehmen[:en]Company[:] - Sch\u00f6nborner Armaturen GmbH","isPartOf":{"@id":"https:\/\/schoenborner.com\/#website"},"datePublished":"2020-11-04T11:00:15+00:00","dateModified":"2023-01-23T10:44:43+00:00","breadcrumb":{"@id":"https:\/\/schoenborner.com\/unternehmen\/#breadcrumb"},"inLanguage":"en-US","potentialAction":[{"@type":"ReadAction","target":["https:\/\/schoenborner.com\/unternehmen\/"]}]},{"@type":"BreadcrumbList","@id":"https:\/\/schoenborner.com\/unternehmen\/#breadcrumb","itemListElement":[{"@type":"ListItem","position":1,"name":"Startseite","item":"https:\/\/schoenborner.com\/"},{"@type":"ListItem","position":2,"name":"Unternehmen"}]},{"@type":"WebSite","@id":"https:\/\/schoenborner.com\/#website","url":"https:\/\/schoenborner.com\/","name":"Sch\u00f6nborner Armaturen GmbH","description":"Hersteller von Armaturenzubeh\u00f6r f\u00fcr die kommunale Gas-, Wasser- und Abwasserwirtschaft.","potentialAction":[{"@type":"SearchAction","target":{"@type":"EntryPoint","urlTemplate":"https:\/\/schoenborner.com\/?s={search_term_string}"},"query-input":"required name=search_term_string"}],"inLanguage":"en-US"}]}},"_links":{"self":[{"href":"https:\/\/schoenborner.com\/en\/wp-json\/wp\/v2\/pages\/734"}],"collection":[{"href":"https:\/\/schoenborner.com\/en\/wp-json\/wp\/v2\/pages"}],"about":[{"href":"https:\/\/schoenborner.com\/en\/wp-json\/wp\/v2\/types\/page"}],"author":[{"embeddable":true,"href":"https:\/\/schoenborner.com\/en\/wp-json\/wp\/v2\/users\/4"}],"replies":[{"embeddable":true,"href":"https:\/\/schoenborner.com\/en\/wp-json\/wp\/v2\/comments?post=734"}],"version-history":[{"count":27,"href":"https:\/\/schoenborner.com\/en\/wp-json\/wp\/v2\/pages\/734\/revisions"}],"predecessor-version":[{"id":5567,"href":"https:\/\/schoenborner.com\/en\/wp-json\/wp\/v2\/pages\/734\/revisions\/5567"}],"wp:attachment":[{"href":"https:\/\/schoenborner.com\/en\/wp-json\/wp\/v2\/media?parent=734"}],"curies":[{"name":"wp","href":"https:\/\/api.w.org\/{rel}","templated":true}]}}